{"id":1092,"date":"2024-11-17T12:12:43","date_gmt":"2024-11-17T12:12:43","guid":{"rendered":"https:\/\/www.klo.ee\/?page_id=1092"},"modified":"2025-05-27T12:45:13","modified_gmt":"2025-05-27T12:45:13","slug":"rebitavad-etiketid","status":"publish","type":"page","link":"https:\/\/www.klo.ee\/?page_id=1092","title":{"rendered":"Rebitavad etiketid"},"content":{"rendered":"<h3>Prinditavad rebitavad etiketid, \u00fchekordsed garderoobinumbrid.<\/h3>\n<p><img loading=\"lazy\" decoding=\"async\" class=\"alignnone size-full wp-image-1095\" src=\"https:\/\/www.klo.ee\/wp-content\/uploads\/2024\/11\/rebitavad-markeeringud2.jpg\" alt=\"\" width=\"520\" height=\"390\" srcset=\"https:\/\/www.klo.ee\/wp-content\/uploads\/2024\/11\/rebitavad-markeeringud2.jpg 520w, https:\/\/www.klo.ee\/wp-content\/uploads\/2024\/11\/rebitavad-markeeringud2-300x225.jpg 300w\" sizes=\"auto, (max-width: 520px) 100vw, 520px\" \/><\/p>\n<h3>\u00dchekordsed paberist garderoobinumbrid tr\u00fckitavate A4 lehtedena. Telli <a href=\"https:\/\/kohver.com\/product_details.php?search_string=garderoob&amp;item_id=1021\">SIIT.<\/a><\/h3>\n<p>\u00dchel A4 lehel on 15 prinditavat garderoobinumbrit.<br \/>\nSobib kasutamiseks tavalistes kontoriprinterites mis t\u00f6\u00f6tavad tindiga ning suunavad paberi otse masinast l\u00e4bi + millega saab printida 225g paberit (laserprinterite printeri sisene automaatika v\u00f5ib siiski teile printimist takistada, kuna paberis on augud sees).<br \/>\nT\u00fchjad blanketid printimiseks (paki hinnad ilma k\u00e4ibemaksuta):<br \/>\n15 lehte pakk 31.05+km (225tk pk), 50 lehte pakk 85.89+km (750tk pk), 100 lehte pakk 156.15+km (1500tk pakis).<\/p>\n<p><strong>V\u00f5imalik tellida meilt ka must-valge v\u00f5i v\u00e4rviline pealetr\u00fckk teie s\u00fcmboolika v\u00f5i kujundatud numbritega. K\u00fcsi pakkumist.<\/strong><\/p>\n<p><img loading=\"lazy\" decoding=\"async\" class=\"alignnone size-full wp-image-1094\" src=\"https:\/\/www.klo.ee\/wp-content\/uploads\/2024\/11\/rebitavad-markeeringud.jpg\" alt=\"\" width=\"520\" height=\"390\" srcset=\"https:\/\/www.klo.ee\/wp-content\/uploads\/2024\/11\/rebitavad-markeeringud.jpg 520w, https:\/\/www.klo.ee\/wp-content\/uploads\/2024\/11\/rebitavad-markeeringud-300x225.jpg 300w\" sizes=\"auto, (max-width: 520px) 100vw, 520px\" \/> \u00a0<img loading=\"lazy\" decoding=\"async\" class=\"alignnone wp-image-1093 size-medium\" src=\"https:\/\/www.klo.ee\/wp-content\/uploads\/2024\/11\/garderoobi-numbrid-300x147.png\" alt=\"\" width=\"300\" height=\"147\" srcset=\"https:\/\/www.klo.ee\/wp-content\/uploads\/2024\/11\/garderoobi-numbrid-300x147.png 300w, https:\/\/www.klo.ee\/wp-content\/uploads\/2024\/11\/garderoobi-numbrid.png 710w\" sizes=\"auto, (max-width: 300px) 100vw, 300px\" \/><\/p>\n","protected":false},"excerpt":{"rendered":"<p>Prinditavad rebitavad etiketid, \u00fchekordsed garderoobinumbrid. \u00dchekordsed paberist garderoobinumbrid tr\u00fckitavate A4 lehtedena. Telli SIIT. \u00dchel A4 lehel on 15 prinditavat garderoobinumbrit. Sobib kasutamiseks tavalistes kontoriprinterites mis [&#8230;]<\/p>\n","protected":false},"author":2,"featured_media":0,"parent":0,"menu_order":0,"comment_status":"closed","ping_status":"closed","template":"","meta":{"footnotes":""},"class_list":["post-1092","page","type-page","status-publish","hentry"],"yoast_head":"<!-- This site is optimized with the Yoast SEO plugin v27.4 - https:\/\/yoast.com\/product\/yoast-seo-wordpress\/ -->\n<title>Rebitavad etiketid - Kolm L\u00f5vi Ohutus<\/title>\n<meta name=\"description\" content=\"Rebitavad etiketid Kolm L\u00f5vi Ohutus\" \/>\n<meta name=\"robots\" content=\"index, follow, max-snippet:-1, max-image-preview:large, max-video-preview:-1\" \/>\n<link rel=\"canonical\" href=\"https:\/\/www.klo.ee\/?page_id=1092\" \/>\n<meta property=\"og:locale\" content=\"et_EE\" \/>\n<meta property=\"og:type\" content=\"article\" \/>\n<meta property=\"og:title\" content=\"Rebitavad etiketid - Kolm L\u00f5vi Ohutus\" \/>\n<meta property=\"og:description\" content=\"Rebitavad etiketid Kolm L\u00f5vi Ohutus\" \/>\n<meta property=\"og:url\" content=\"https:\/\/www.klo.ee\/?page_id=1092\" \/>\n<meta property=\"og:site_name\" content=\"Kolm L\u00f5vi Ohutus\" \/>\n<meta property=\"article:publisher\" content=\"https:\/\/www.facebook.com\/kloprof\" \/>\n<meta property=\"article:modified_time\" content=\"2025-05-27T12:45:13+00:00\" \/>\n<meta property=\"og:image\" content=\"https:\/\/www.klo.ee\/wp-content\/uploads\/2024\/11\/rebitavad-markeeringud2.jpg\" \/>\n\t<meta property=\"og:image:width\" content=\"520\" \/>\n\t<meta property=\"og:image:height\" content=\"390\" \/>\n\t<meta property=\"og:image:type\" content=\"image\/jpeg\" \/>\n<meta name=\"twitter:card\" content=\"summary_large_image\" \/>\n<meta name=\"twitter:label1\" content=\"Est. reading time\" \/>\n\t<meta name=\"twitter:data1\" content=\"2 minutit\" \/>\n<script type=\"application\/ld+json\" class=\"yoast-schema-graph\">{\"@context\":\"https:\\\/\\\/schema.org\",\"@graph\":[{\"@type\":\"WebPage\",\"@id\":\"https:\\\/\\\/www.klo.ee\\\/?page_id=1092\",\"url\":\"https:\\\/\\\/www.klo.ee\\\/?page_id=1092\",\"name\":\"Rebitavad etiketid - Kolm L\u00f5vi Ohutus\",\"isPartOf\":{\"@id\":\"https:\\\/\\\/www.klo.ee\\\/#website\"},\"primaryImageOfPage\":{\"@id\":\"https:\\\/\\\/www.klo.ee\\\/?page_id=1092#primaryimage\"},\"image\":{\"@id\":\"https:\\\/\\\/www.klo.ee\\\/?page_id=1092#primaryimage\"},\"thumbnailUrl\":\"https:\\\/\\\/www.klo.ee\\\/wp-content\\\/uploads\\\/2024\\\/11\\\/rebitavad-markeeringud2.jpg\",\"datePublished\":\"2024-11-17T12:12:43+00:00\",\"dateModified\":\"2025-05-27T12:45:13+00:00\",\"description\":\"Rebitavad etiketid Kolm L\u00f5vi Ohutus\",\"breadcrumb\":{\"@id\":\"https:\\\/\\\/www.klo.ee\\\/?page_id=1092#breadcrumb\"},\"inLanguage\":\"et\",\"potentialAction\":[{\"@type\":\"ReadAction\",\"target\":[\"https:\\\/\\\/www.klo.ee\\\/?page_id=1092\"]}]},{\"@type\":\"ImageObject\",\"inLanguage\":\"et\",\"@id\":\"https:\\\/\\\/www.klo.ee\\\/?page_id=1092#primaryimage\",\"url\":\"https:\\\/\\\/www.klo.ee\\\/wp-content\\\/uploads\\\/2024\\\/11\\\/rebitavad-markeeringud2.jpg\",\"contentUrl\":\"https:\\\/\\\/www.klo.ee\\\/wp-content\\\/uploads\\\/2024\\\/11\\\/rebitavad-markeeringud2.jpg\",\"width\":520,\"height\":390},{\"@type\":\"BreadcrumbList\",\"@id\":\"https:\\\/\\\/www.klo.ee\\\/?page_id=1092#breadcrumb\",\"itemListElement\":[{\"@type\":\"ListItem\",\"position\":1,\"name\":\"Home\",\"item\":\"https:\\\/\\\/www.klo.ee\\\/\"},{\"@type\":\"ListItem\",\"position\":2,\"name\":\"Rebitavad etiketid\"}]},{\"@type\":\"WebSite\",\"@id\":\"https:\\\/\\\/www.klo.ee\\\/#website\",\"url\":\"https:\\\/\\\/www.klo.ee\\\/\",\"name\":\"Kolm L\u00f5vi Ohutus\",\"description\":\"Ohutusm\u00e4rkide leht\",\"publisher\":{\"@id\":\"https:\\\/\\\/www.klo.ee\\\/#organization\"},\"potentialAction\":[{\"@type\":\"SearchAction\",\"target\":{\"@type\":\"EntryPoint\",\"urlTemplate\":\"https:\\\/\\\/www.klo.ee\\\/?s={search_term_string}\"},\"query-input\":{\"@type\":\"PropertyValueSpecification\",\"valueRequired\":true,\"valueName\":\"search_term_string\"}}],\"inLanguage\":\"et\"},{\"@type\":\"Organization\",\"@id\":\"https:\\\/\\\/www.klo.ee\\\/#organization\",\"name\":\"Kolm L\u00f5vi Ohutus\",\"url\":\"https:\\\/\\\/www.klo.ee\\\/\",\"logo\":{\"@type\":\"ImageObject\",\"inLanguage\":\"et\",\"@id\":\"https:\\\/\\\/www.klo.ee\\\/#\\\/schema\\\/logo\\\/image\\\/\",\"url\":\"https:\\\/\\\/www.klo.ee\\\/wp-content\\\/uploads\\\/2024\\\/09\\\/ohutusmarkheader.jpg\",\"contentUrl\":\"https:\\\/\\\/www.klo.ee\\\/wp-content\\\/uploads\\\/2024\\\/09\\\/ohutusmarkheader.jpg\",\"width\":863,\"height\":162,\"caption\":\"Kolm L\u00f5vi Ohutus\"},\"image\":{\"@id\":\"https:\\\/\\\/www.klo.ee\\\/#\\\/schema\\\/logo\\\/image\\\/\"},\"sameAs\":[\"https:\\\/\\\/www.facebook.com\\\/kloprof\"]}]}<\/script>\n<!-- \/ Yoast SEO plugin. -->","yoast_head_json":{"title":"Rebitavad etiketid - Kolm L\u00f5vi Ohutus","description":"Rebitavad etiketid Kolm L\u00f5vi Ohutus","robots":{"index":"index","follow":"follow","max-snippet":"max-snippet:-1","max-image-preview":"max-image-preview:large","max-video-preview":"max-video-preview:-1"},"canonical":"https:\/\/www.klo.ee\/?page_id=1092","og_locale":"et_EE","og_type":"article","og_title":"Rebitavad etiketid - Kolm L\u00f5vi Ohutus","og_description":"Rebitavad etiketid Kolm L\u00f5vi Ohutus","og_url":"https:\/\/www.klo.ee\/?page_id=1092","og_site_name":"Kolm L\u00f5vi Ohutus","article_publisher":"https:\/\/www.facebook.com\/kloprof","article_modified_time":"2025-05-27T12:45:13+00:00","og_image":[{"width":520,"height":390,"url":"https:\/\/www.klo.ee\/wp-content\/uploads\/2024\/11\/rebitavad-markeeringud2.jpg","type":"image\/jpeg"}],"twitter_card":"summary_large_image","twitter_misc":{"Est. reading time":"2 minutit"},"schema":{"@context":"https:\/\/schema.org","@graph":[{"@type":"WebPage","@id":"https:\/\/www.klo.ee\/?page_id=1092","url":"https:\/\/www.klo.ee\/?page_id=1092","name":"Rebitavad etiketid - Kolm L\u00f5vi Ohutus","isPartOf":{"@id":"https:\/\/www.klo.ee\/#website"},"primaryImageOfPage":{"@id":"https:\/\/www.klo.ee\/?page_id=1092#primaryimage"},"image":{"@id":"https:\/\/www.klo.ee\/?page_id=1092#primaryimage"},"thumbnailUrl":"https:\/\/www.klo.ee\/wp-content\/uploads\/2024\/11\/rebitavad-markeeringud2.jpg","datePublished":"2024-11-17T12:12:43+00:00","dateModified":"2025-05-27T12:45:13+00:00","description":"Rebitavad etiketid Kolm L\u00f5vi Ohutus","breadcrumb":{"@id":"https:\/\/www.klo.ee\/?page_id=1092#breadcrumb"},"inLanguage":"et","potentialAction":[{"@type":"ReadAction","target":["https:\/\/www.klo.ee\/?page_id=1092"]}]},{"@type":"ImageObject","inLanguage":"et","@id":"https:\/\/www.klo.ee\/?page_id=1092#primaryimage","url":"https:\/\/www.klo.ee\/wp-content\/uploads\/2024\/11\/rebitavad-markeeringud2.jpg","contentUrl":"https:\/\/www.klo.ee\/wp-content\/uploads\/2024\/11\/rebitavad-markeeringud2.jpg","width":520,"height":390},{"@type":"BreadcrumbList","@id":"https:\/\/www.klo.ee\/?page_id=1092#breadcrumb","itemListElement":[{"@type":"ListItem","position":1,"name":"Home","item":"https:\/\/www.klo.ee\/"},{"@type":"ListItem","position":2,"name":"Rebitavad etiketid"}]},{"@type":"WebSite","@id":"https:\/\/www.klo.ee\/#website","url":"https:\/\/www.klo.ee\/","name":"Kolm L\u00f5vi Ohutus","description":"Ohutusm\u00e4rkide leht","publisher":{"@id":"https:\/\/www.klo.ee\/#organization"},"potentialAction":[{"@type":"SearchAction","target":{"@type":"EntryPoint","urlTemplate":"https:\/\/www.klo.ee\/?s={search_term_string}"},"query-input":{"@type":"PropertyValueSpecification","valueRequired":true,"valueName":"search_term_string"}}],"inLanguage":"et"},{"@type":"Organization","@id":"https:\/\/www.klo.ee\/#organization","name":"Kolm L\u00f5vi Ohutus","url":"https:\/\/www.klo.ee\/","logo":{"@type":"ImageObject","inLanguage":"et","@id":"https:\/\/www.klo.ee\/#\/schema\/logo\/image\/","url":"https:\/\/www.klo.ee\/wp-content\/uploads\/2024\/09\/ohutusmarkheader.jpg","contentUrl":"https:\/\/www.klo.ee\/wp-content\/uploads\/2024\/09\/ohutusmarkheader.jpg","width":863,"height":162,"caption":"Kolm L\u00f5vi Ohutus"},"image":{"@id":"https:\/\/www.klo.ee\/#\/schema\/logo\/image\/"},"sameAs":["https:\/\/www.facebook.com\/kloprof"]}]}},"_links":{"self":[{"href":"https:\/\/www.klo.ee\/index.php?rest_route=\/wp\/v2\/pages\/1092","targetHints":{"allow":["GET"]}}],"collection":[{"href":"https:\/\/www.klo.ee\/index.php?rest_route=\/wp\/v2\/pages"}],"about":[{"href":"https:\/\/www.klo.ee\/index.php?rest_route=\/wp\/v2\/types\/page"}],"author":[{"embeddable":true,"href":"https:\/\/www.klo.ee\/index.php?rest_route=\/wp\/v2\/users\/2"}],"replies":[{"embeddable":true,"href":"https:\/\/www.klo.ee\/index.php?rest_route=%2Fwp%2Fv2%2Fcomments&post=1092"}],"version-history":[{"count":3,"href":"https:\/\/www.klo.ee\/index.php?rest_route=\/wp\/v2\/pages\/1092\/revisions"}],"predecessor-version":[{"id":3012,"href":"https:\/\/www.klo.ee\/index.php?rest_route=\/wp\/v2\/pages\/1092\/revisions\/3012"}],"wp:attachment":[{"href":"https:\/\/www.klo.ee\/index.php?rest_route=%2Fwp%2Fv2%2Fmedia&parent=1092"}],"curies":[{"name":"wp","href":"https:\/\/api.w.org\/{rel}","templated":true}]}}