{"id":1098,"date":"2024-11-17T12:22:35","date_gmt":"2024-11-17T12:22:35","guid":{"rendered":"https:\/\/www.klo.ee\/?page_id=1098"},"modified":"2025-05-27T12:08:14","modified_gmt":"2025-05-27T12:08:14","slug":"jaaohutus","status":"publish","type":"page","link":"https:\/\/www.klo.ee\/?page_id=1098","title":{"rendered":"J\u00e4\u00e4ohutus"},"content":{"rendered":"<h2>J\u00e4\u00e4ohutus ohutusm\u00e4rgised<\/h2>\n<p><img loading=\"lazy\" decoding=\"async\" class=\"aligncenter wp-image-1099\" src=\"https:\/\/www.klo.ee\/wp-content\/uploads\/2024\/11\/nork-jaa-ohutus620px.png\" alt=\"\" width=\"1024\" height=\"552\" srcset=\"https:\/\/www.klo.ee\/wp-content\/uploads\/2024\/11\/nork-jaa-ohutus620px.png 620w, https:\/\/www.klo.ee\/wp-content\/uploads\/2024\/11\/nork-jaa-ohutus620px-300x162.png 300w\" sizes=\"auto, (max-width: 1024px) 100vw, 1024px\" \/><\/p>\n<p>M\u00e4rgised on 600&#215;200 ja 400x600mm m\u00f5\u00f5tudes.<\/p>\n<p><img loading=\"lazy\" decoding=\"async\" class=\"alignnone wp-image-1100 size-medium\" src=\"https:\/\/www.klo.ee\/wp-content\/uploads\/2024\/11\/torulekinnitused-300x196.jpg\" alt=\"\" width=\"300\" height=\"196\" srcset=\"https:\/\/www.klo.ee\/wp-content\/uploads\/2024\/11\/torulekinnitused-300x196.jpg 300w, https:\/\/www.klo.ee\/wp-content\/uploads\/2024\/11\/torulekinnitused.jpg 520w\" sizes=\"auto, (max-width: 300px) 100vw, 300px\" \/>\u00a0 <img loading=\"lazy\" decoding=\"async\" class=\"alignnone wp-image-1101 \" src=\"https:\/\/www.klo.ee\/wp-content\/uploads\/2024\/11\/toru60mm-150x150.png\" alt=\"\" width=\"203\" height=\"203\" srcset=\"https:\/\/www.klo.ee\/wp-content\/uploads\/2024\/11\/toru60mm-150x150.png 150w, https:\/\/www.klo.ee\/wp-content\/uploads\/2024\/11\/toru60mm.png 250w\" sizes=\"auto, (max-width: 203px) 100vw, 203px\" \/><\/p>\n<p>Kinnitusklambrid p\u00f6\u00f6ratud servaga metallm\u00e4rgile ja tsingist \u00f860mm \u00fcmartoru koos otsakorgiga <a href=\"https:\/\/kolmlovi.eu\/kohver_com\/product_details.php?item_id=1549\"><img loading=\"lazy\" decoding=\"async\" class=\"alignnone size-full wp-image-555\" src=\"https:\/\/www.klo.ee\/wp-content\/uploads\/2024\/10\/ostukorv-1.png\" alt=\"\" width=\"29\" height=\"19\" \/><\/a><\/p>\n<p>Vaata ka e-poes olemasolevaid variante <a href=\"https:\/\/kohver.com\/products_search.php?pb_id=1504&amp;category_id=0&amp;search_string=j%C3%A4%C3%A4&amp;search=+Mine+\">SIIT<\/a><\/p>\n<p>Veekogu kattev j\u00e4\u00e4 ei r\u00fcnda inimest. J\u00e4\u00e4\u00f5nnetuses on s\u00fc\u00fcdi valesti k\u00e4itunud inimene, kes pole osanud ohtu hinnata ja on olnud liiga enesekindel.<\/p>\n<p>Inimest kannab \u201eterve\u201c j\u00e4\u00e4. Selles puuduvad l\u00f5hed v\u00f5i praod, v\u00e4ljan\u00e4gemine on \u00fchtlane ja sile. Pikipragu v\u00e4hendab j\u00e4\u00e4 tugevust ligi 25%, ristipragu ligi 40%.<br \/>\nJ\u00e4\u00e4 paksus peab olema v\u00e4hemalt 7 cm. Kevadel ja s\u00fcgisel ei pruugi isegi see j\u00e4\u00e4 olla turvaline. P\u00f5hjamaade p\u00e4\u00e4stjad soovitavad minna j\u00e4\u00e4le, mille paksus on v\u00e4hemalt 10 cm.<\/p>\n<h4>Ole eriti t\u00e4helepanelik:<\/h4>\n<ul>\n<li>k\u00f5rkjate kasvukohtades;<\/li>\n<li>madalikul;<\/li>\n<li>allikate juures (lumekatteta j\u00e4\u00e4l on allikakohad n\u00e4ha tumedamate laikudena);<\/li>\n<li>kanalisatsiooni, j\u00f5e, oja v\u00f5i kraavi suudmekohas;<\/li>\n<li>koolmekohtades;<\/li>\n<li>j\u00f5e kitsenemis- v\u00f5i p\u00f6\u00f6rdekohas;<\/li>\n<li>laevateedel.<\/li>\n<\/ul>\n<p>NB! Vooluveekogul, nt j\u00f5el on j\u00e4\u00e4 alati n\u00f5rgem kui j\u00e4rvel v\u00f5i tiigil;<\/p>\n<h4>Kuidas liikuda talvisel veekogul?<\/h4>\n<ul style=\"list-style-type: disc;\">\n<li>\u00c4ra kanna kummikuid. Vette kukkudes ei saa neid jalast \u00e4ra ja siis on raske j\u00e4\u00e4august v\u00e4lja ronida.<\/li>\n<li>V\u00f5ta kaasa j\u00e4\u00e4naasklid. Pane need kaela v\u00f5i mujale kergesti k\u00e4ttesaadavasse kohta.<\/li>\n<li>P\u00e4\u00e4stevesti asendab ka seljakott veekindlasse kilekotti pakitud vahetusriietega. Kott hoiab sind pinnal ja \u00f5nnetuse juhtudes saad r\u00f5ivad vahetada.<\/li>\n<li>J\u00e4\u00e4 tugevust saab m\u00f5\u00f5ta koputades. V\u00f5ta selleks kaasa tugev, u kahe meetri pikkune otsast terav tokk. L\u00e4bi j\u00e4\u00e4 vajudes saab selle ulatada abivajajale v\u00f5i p\u00e4\u00e4stjale. \u00dcksi liikudes saab selle toel j\u00e4\u00e4august v\u00e4lja ronida.<\/li>\n<li>Mida tormakamalt j\u00e4\u00e4l liigud, seda hiljem avastad, et j\u00e4\u00e4 sind enam ei kanna.<\/li>\n<\/ul>\n<h4>Vajusid l\u00e4bi j\u00e4\u00e4?<\/h4>\n<ul>\n<li>Aja k\u00e4ed laiali ja kalluta end taha. Nii pidurdad hoo ja peatad vajumise.<\/li>\n<li>Mida rutem v\u00e4lja saad, seda v\u00e4hem kulub j\u00f5udu ja seda kuivemaks j\u00e4\u00e4vad riided.<\/li>\n<\/ul>\n<h4>Kuidas veest v\u00e4lja saad?<\/h4>\n<ul>\n<li>Kutsu kaaslasi \u2011 h\u00fc\u00fca v\u00f5i vilista.<\/li>\n<li>P\u00f6\u00f6ra n\u00e4oga tuldud suunda.<\/li>\n<li>Toeta harali s\u00f5rmedega peopesad koos randmetega \u00f5lgade laiuselt j\u00e4\u00e4le nii, et ka k\u00fc\u00fcnarnukid toetuks j\u00e4\u00e4le.<\/li>\n<li>T\u00f5sta jalad v\u00f5imalikult veepinnale. K\u00f5ige kergemini vajub vee alla p\u00fcstiasendis, seega ole pikali.<\/li>\n<li>Kui sul on j\u00e4\u00e4naasklid, suru nende teravikud j\u00e4\u00e4sse ja toeta keha raskus j\u00e4\u00e4le suunaga taha, mitte suunaga otse alla. L\u00fckka end tugevate jalal\u00f6\u00f6kidega edasi. Toetu k\u00e4tega j\u00e4\u00e4le ja t\u00f5mba end j\u00e4\u00e4 peale.<\/li>\n<li>J\u00e4\u00e4 murdub surudes. Hoia surve nii v\u00e4ike kui saad. P\u00fc\u00fca end j\u00e4\u00e4le libistades haarata keha alla v\u00f5imalikult suur j\u00e4\u00e4pind.<\/li>\n<li>Katsu hoida \u00f5lad ja pea kuivad.<\/li>\n<li>J\u00e4\u00e4le saades \u00e4ra t\u00f5use. Rooma v\u00f5i rulli end tuldud teed tagasi, sest seal on j\u00e4\u00e4 kandev\u00f5ime juba teada.<\/li>\n<li>Kui sul on vahetusriided, vaheta need tuulevarjus.<\/li>\n<li>Mine ruttu kusagile sooja.<\/li>\n<\/ul>\n<h4>Kui kehatemperatuur on langenud alla normi<\/h4>\n<ul>\n<li>Hinga sooja \u00f5hku. Joo sooja, kuid mitte soojemat kui 40kraadist vett.<\/li>\n<li>K\u00fclmunud inimest ei tohi asjatult t\u00f5sta ega liigutada. See teeb valu. J\u00e4semete suurtes veresoontes liikuma hakanud veri v\u00f5ib p\u00f5hjustada k\u00fclma\u0161oki.<\/li>\n<li>Alajahtunud inimene tuleb isoleerida maapinnast ja v\u00e4liskeskkonnast. K\u00f5ige parem oleks pakkida ta tekkidesse ja termolinadesse.<\/li>\n<li>Keha \u00fcles soojendamiseks kasutatakse teisi inimesi. K\u00fclmunud inimene pannakse paljalt \u00fche v\u00f5i kahe palja inimese vahele tekkide alla.<\/li>\n<\/ul>\n<h4>L\u00e4bi j\u00e4\u00e4 vajunud inimest p\u00e4\u00e4stes:<\/h4>\n<ul>\n<li>pea meeles, et enda ohutus on k\u00f5ige t\u00e4htsam;<\/li>\n<li>hinda olukorda \u2011 mis on juhtunud, mis on \u00f5nnetuse p\u00f5hjus;<\/li>\n<li>kutsu abi \u2011 h\u00fc\u00fca appi ja helista 112;<\/li>\n<li>l\u00e4hene l\u00e4bi j\u00e4\u00e4 vajunud inimesele m\u00f6\u00f6da tema j\u00e4lgi, viimased 10 m rooma v\u00f5i kasuta oma toetuspinna suurendamiseks abivahendeid (suusad, kelk, kepp jne);<\/li>\n<li>j\u00e4ta enda ja j\u00e4\u00e4augu serva vahele umbes enda pikkune vahemaa, kuhu saad t\u00f5mmata abivajaja;<\/li>\n<li>ulata abivajajale k\u00e4epikendus (jope, n\u00f6\u00f6r, kepp, suusk jms);<\/li>\n<li>\u00e4ra anna mingil juhul uppujale k\u00e4tt \u2011 \u0161okis inimene v\u00f5ib abistaja suure j\u00f5uga vee alla t\u00f5mmata;<\/li>\n<li>kui oled kannatanu j\u00e4\u00e4le aidanud, j\u00e4ta tema ja enda vahele kuni tugevale j\u00e4\u00e4le v\u00f5i pinnasele j\u00f5udmiseni inimese pikkune vahemaa. Kahe k\u00f5rvuti liikuva inimese raskuse all v\u00f5ib j\u00e4\u00e4 murduda.<\/li>\n<\/ul>\n","protected":false},"excerpt":{"rendered":"<p>J\u00e4\u00e4ohutus ohutusm\u00e4rgised M\u00e4rgised on 600&#215;200 ja 400x600mm m\u00f5\u00f5tudes. \u00a0 Kinnitusklambrid p\u00f6\u00f6ratud servaga metallm\u00e4rgile ja tsingist \u00f860mm \u00fcmartoru koos otsakorgiga Vaata ka e-poes olemasolevaid variante SIIT [&#8230;]<\/p>\n","protected":false},"author":2,"featured_media":0,"parent":0,"menu_order":0,"comment_status":"closed","ping_status":"closed","template":"","meta":{"footnotes":""},"class_list":["post-1098","page","type-page","status-publish","hentry"],"yoast_head":"<!-- This site is optimized with the Yoast SEO plugin v27.5 - https:\/\/yoast.com\/product\/yoast-seo-wordpress\/ -->\n<title>J\u00e4\u00e4ohutus - Kolm L\u00f5vi Ohutus<\/title>\n<meta name=\"description\" content=\"J\u00e4\u00e4ohutus Kolm L\u00f5vi Ohutus\" \/>\n<meta name=\"robots\" content=\"index, follow, max-snippet:-1, max-image-preview:large, max-video-preview:-1\" \/>\n<link rel=\"canonical\" href=\"https:\/\/www.klo.ee\/?page_id=1098\" \/>\n<meta property=\"og:locale\" content=\"et_EE\" \/>\n<meta property=\"og:type\" content=\"article\" \/>\n<meta property=\"og:title\" content=\"J\u00e4\u00e4ohutus - Kolm L\u00f5vi Ohutus\" \/>\n<meta property=\"og:description\" content=\"J\u00e4\u00e4ohutus Kolm L\u00f5vi Ohutus\" \/>\n<meta property=\"og:url\" content=\"https:\/\/www.klo.ee\/?page_id=1098\" \/>\n<meta property=\"og:site_name\" content=\"Kolm L\u00f5vi Ohutus\" \/>\n<meta property=\"article:publisher\" content=\"https:\/\/www.facebook.com\/kloprof\" \/>\n<meta property=\"article:modified_time\" content=\"2025-05-27T12:08:14+00:00\" \/>\n<meta property=\"og:image\" content=\"https:\/\/www.klo.ee\/wp-content\/uploads\/2024\/11\/nork-jaa-ohutus620px.png\" \/>\n\t<meta property=\"og:image:width\" content=\"620\" \/>\n\t<meta property=\"og:image:height\" content=\"334\" \/>\n\t<meta property=\"og:image:type\" content=\"image\/png\" \/>\n<meta name=\"twitter:card\" content=\"summary_large_image\" \/>\n<meta name=\"twitter:label1\" content=\"Est. reading time\" \/>\n\t<meta name=\"twitter:data1\" content=\"4 minutit\" \/>\n<script type=\"application\/ld+json\" class=\"yoast-schema-graph\">{\"@context\":\"https:\\\/\\\/schema.org\",\"@graph\":[{\"@type\":\"WebPage\",\"@id\":\"https:\\\/\\\/www.klo.ee\\\/?page_id=1098\",\"url\":\"https:\\\/\\\/www.klo.ee\\\/?page_id=1098\",\"name\":\"J\u00e4\u00e4ohutus - Kolm L\u00f5vi Ohutus\",\"isPartOf\":{\"@id\":\"https:\\\/\\\/www.klo.ee\\\/#website\"},\"primaryImageOfPage\":{\"@id\":\"https:\\\/\\\/www.klo.ee\\\/?page_id=1098#primaryimage\"},\"image\":{\"@id\":\"https:\\\/\\\/www.klo.ee\\\/?page_id=1098#primaryimage\"},\"thumbnailUrl\":\"https:\\\/\\\/www.klo.ee\\\/wp-content\\\/uploads\\\/2024\\\/11\\\/nork-jaa-ohutus620px.png\",\"datePublished\":\"2024-11-17T12:22:35+00:00\",\"dateModified\":\"2025-05-27T12:08:14+00:00\",\"description\":\"J\u00e4\u00e4ohutus Kolm L\u00f5vi Ohutus\",\"breadcrumb\":{\"@id\":\"https:\\\/\\\/www.klo.ee\\\/?page_id=1098#breadcrumb\"},\"inLanguage\":\"et\",\"potentialAction\":[{\"@type\":\"ReadAction\",\"target\":[\"https:\\\/\\\/www.klo.ee\\\/?page_id=1098\"]}]},{\"@type\":\"ImageObject\",\"inLanguage\":\"et\",\"@id\":\"https:\\\/\\\/www.klo.ee\\\/?page_id=1098#primaryimage\",\"url\":\"https:\\\/\\\/www.klo.ee\\\/wp-content\\\/uploads\\\/2024\\\/11\\\/nork-jaa-ohutus620px.png\",\"contentUrl\":\"https:\\\/\\\/www.klo.ee\\\/wp-content\\\/uploads\\\/2024\\\/11\\\/nork-jaa-ohutus620px.png\",\"width\":620,\"height\":334},{\"@type\":\"BreadcrumbList\",\"@id\":\"https:\\\/\\\/www.klo.ee\\\/?page_id=1098#breadcrumb\",\"itemListElement\":[{\"@type\":\"ListItem\",\"position\":1,\"name\":\"Home\",\"item\":\"https:\\\/\\\/www.klo.ee\\\/\"},{\"@type\":\"ListItem\",\"position\":2,\"name\":\"J\u00e4\u00e4ohutus\"}]},{\"@type\":\"WebSite\",\"@id\":\"https:\\\/\\\/www.klo.ee\\\/#website\",\"url\":\"https:\\\/\\\/www.klo.ee\\\/\",\"name\":\"Kolm L\u00f5vi Ohutus\",\"description\":\"Ohutusm\u00e4rkide leht\",\"publisher\":{\"@id\":\"https:\\\/\\\/www.klo.ee\\\/#organization\"},\"potentialAction\":[{\"@type\":\"SearchAction\",\"target\":{\"@type\":\"EntryPoint\",\"urlTemplate\":\"https:\\\/\\\/www.klo.ee\\\/?s={search_term_string}\"},\"query-input\":{\"@type\":\"PropertyValueSpecification\",\"valueRequired\":true,\"valueName\":\"search_term_string\"}}],\"inLanguage\":\"et\"},{\"@type\":\"Organization\",\"@id\":\"https:\\\/\\\/www.klo.ee\\\/#organization\",\"name\":\"Kolm L\u00f5vi Ohutus\",\"url\":\"https:\\\/\\\/www.klo.ee\\\/\",\"logo\":{\"@type\":\"ImageObject\",\"inLanguage\":\"et\",\"@id\":\"https:\\\/\\\/www.klo.ee\\\/#\\\/schema\\\/logo\\\/image\\\/\",\"url\":\"https:\\\/\\\/www.klo.ee\\\/wp-content\\\/uploads\\\/2024\\\/09\\\/ohutusmarkheader.jpg\",\"contentUrl\":\"https:\\\/\\\/www.klo.ee\\\/wp-content\\\/uploads\\\/2024\\\/09\\\/ohutusmarkheader.jpg\",\"width\":863,\"height\":162,\"caption\":\"Kolm L\u00f5vi Ohutus\"},\"image\":{\"@id\":\"https:\\\/\\\/www.klo.ee\\\/#\\\/schema\\\/logo\\\/image\\\/\"},\"sameAs\":[\"https:\\\/\\\/www.facebook.com\\\/kloprof\"]}]}<\/script>\n<!-- \/ Yoast SEO plugin. -->","yoast_head_json":{"title":"J\u00e4\u00e4ohutus - Kolm L\u00f5vi Ohutus","description":"J\u00e4\u00e4ohutus Kolm L\u00f5vi Ohutus","robots":{"index":"index","follow":"follow","max-snippet":"max-snippet:-1","max-image-preview":"max-image-preview:large","max-video-preview":"max-video-preview:-1"},"canonical":"https:\/\/www.klo.ee\/?page_id=1098","og_locale":"et_EE","og_type":"article","og_title":"J\u00e4\u00e4ohutus - Kolm L\u00f5vi Ohutus","og_description":"J\u00e4\u00e4ohutus Kolm L\u00f5vi Ohutus","og_url":"https:\/\/www.klo.ee\/?page_id=1098","og_site_name":"Kolm L\u00f5vi Ohutus","article_publisher":"https:\/\/www.facebook.com\/kloprof","article_modified_time":"2025-05-27T12:08:14+00:00","og_image":[{"width":620,"height":334,"url":"https:\/\/www.klo.ee\/wp-content\/uploads\/2024\/11\/nork-jaa-ohutus620px.png","type":"image\/png"}],"twitter_card":"summary_large_image","twitter_misc":{"Est. reading time":"4 minutit"},"schema":{"@context":"https:\/\/schema.org","@graph":[{"@type":"WebPage","@id":"https:\/\/www.klo.ee\/?page_id=1098","url":"https:\/\/www.klo.ee\/?page_id=1098","name":"J\u00e4\u00e4ohutus - Kolm L\u00f5vi Ohutus","isPartOf":{"@id":"https:\/\/www.klo.ee\/#website"},"primaryImageOfPage":{"@id":"https:\/\/www.klo.ee\/?page_id=1098#primaryimage"},"image":{"@id":"https:\/\/www.klo.ee\/?page_id=1098#primaryimage"},"thumbnailUrl":"https:\/\/www.klo.ee\/wp-content\/uploads\/2024\/11\/nork-jaa-ohutus620px.png","datePublished":"2024-11-17T12:22:35+00:00","dateModified":"2025-05-27T12:08:14+00:00","description":"J\u00e4\u00e4ohutus Kolm L\u00f5vi Ohutus","breadcrumb":{"@id":"https:\/\/www.klo.ee\/?page_id=1098#breadcrumb"},"inLanguage":"et","potentialAction":[{"@type":"ReadAction","target":["https:\/\/www.klo.ee\/?page_id=1098"]}]},{"@type":"ImageObject","inLanguage":"et","@id":"https:\/\/www.klo.ee\/?page_id=1098#primaryimage","url":"https:\/\/www.klo.ee\/wp-content\/uploads\/2024\/11\/nork-jaa-ohutus620px.png","contentUrl":"https:\/\/www.klo.ee\/wp-content\/uploads\/2024\/11\/nork-jaa-ohutus620px.png","width":620,"height":334},{"@type":"BreadcrumbList","@id":"https:\/\/www.klo.ee\/?page_id=1098#breadcrumb","itemListElement":[{"@type":"ListItem","position":1,"name":"Home","item":"https:\/\/www.klo.ee\/"},{"@type":"ListItem","position":2,"name":"J\u00e4\u00e4ohutus"}]},{"@type":"WebSite","@id":"https:\/\/www.klo.ee\/#website","url":"https:\/\/www.klo.ee\/","name":"Kolm L\u00f5vi Ohutus","description":"Ohutusm\u00e4rkide leht","publisher":{"@id":"https:\/\/www.klo.ee\/#organization"},"potentialAction":[{"@type":"SearchAction","target":{"@type":"EntryPoint","urlTemplate":"https:\/\/www.klo.ee\/?s={search_term_string}"},"query-input":{"@type":"PropertyValueSpecification","valueRequired":true,"valueName":"search_term_string"}}],"inLanguage":"et"},{"@type":"Organization","@id":"https:\/\/www.klo.ee\/#organization","name":"Kolm L\u00f5vi Ohutus","url":"https:\/\/www.klo.ee\/","logo":{"@type":"ImageObject","inLanguage":"et","@id":"https:\/\/www.klo.ee\/#\/schema\/logo\/image\/","url":"https:\/\/www.klo.ee\/wp-content\/uploads\/2024\/09\/ohutusmarkheader.jpg","contentUrl":"https:\/\/www.klo.ee\/wp-content\/uploads\/2024\/09\/ohutusmarkheader.jpg","width":863,"height":162,"caption":"Kolm L\u00f5vi Ohutus"},"image":{"@id":"https:\/\/www.klo.ee\/#\/schema\/logo\/image\/"},"sameAs":["https:\/\/www.facebook.com\/kloprof"]}]}},"_links":{"self":[{"href":"https:\/\/www.klo.ee\/index.php?rest_route=\/wp\/v2\/pages\/1098","targetHints":{"allow":["GET"]}}],"collection":[{"href":"https:\/\/www.klo.ee\/index.php?rest_route=\/wp\/v2\/pages"}],"about":[{"href":"https:\/\/www.klo.ee\/index.php?rest_route=\/wp\/v2\/types\/page"}],"author":[{"embeddable":true,"href":"https:\/\/www.klo.ee\/index.php?rest_route=\/wp\/v2\/users\/2"}],"replies":[{"embeddable":true,"href":"https:\/\/www.klo.ee\/index.php?rest_route=%2Fwp%2Fv2%2Fcomments&post=1098"}],"version-history":[{"count":5,"href":"https:\/\/www.klo.ee\/index.php?rest_route=\/wp\/v2\/pages\/1098\/revisions"}],"predecessor-version":[{"id":2997,"href":"https:\/\/www.klo.ee\/index.php?rest_route=\/wp\/v2\/pages\/1098\/revisions\/2997"}],"wp:attachment":[{"href":"https:\/\/www.klo.ee\/index.php?rest_route=%2Fwp%2Fv2%2Fmedia&parent=1098"}],"curies":[{"name":"wp","href":"https:\/\/api.w.org\/{rel}","templated":true}]}}