{"id":1155,"date":"2024-11-17T13:46:37","date_gmt":"2024-11-17T13:46:37","guid":{"rendered":"https:\/\/www.klo.ee\/?page_id=1155"},"modified":"2025-05-27T12:46:38","modified_gmt":"2025-05-27T12:46:38","slug":"riputusmargid","status":"publish","type":"page","link":"https:\/\/www.klo.ee\/?page_id=1155","title":{"rendered":"Riputusm\u00e4rgid"},"content":{"rendered":"<h2>RIPUTATAVAD M\u00c4RGID PLASTIKUST ja LAMINEERITUD KARTONGIST. Seadmete lukustusm\u00e4rgistus. Kleebitavad riputuskonksud.<\/h2>\n<p><img loading=\"lazy\" decoding=\"async\" class=\"alignnone wp-image-1168\" src=\"https:\/\/www.klo.ee\/wp-content\/uploads\/2024\/11\/lipikud-657px.png\" alt=\"\" width=\"900\" height=\"416\" srcset=\"https:\/\/www.klo.ee\/wp-content\/uploads\/2024\/11\/lipikud-657px.png 657w, https:\/\/www.klo.ee\/wp-content\/uploads\/2024\/11\/lipikud-657px-300x139.png 300w\" sizes=\"auto, (max-width: 900px) 100vw, 900px\" \/><br \/>\nriputused, riputusm\u00e4rgid, riputatavad m\u00e4rgised, lipikud<\/p>\n<p>1.6mm plastikust v\u00e4ikesed riputusm\u00e4rgistused riputatavad kuulketi, kaablikinnituse, traadi, n\u00f6\u00f6riga, juurde v\u00f5imalik tellida v\u00f5tmer\u00f5ngad. T\u00fchjad lipikud m\u00fc\u00fcgil pakkidega. Samuti v\u00f5imalik tellida v\u00e4ikeseeriaid spetsiaaltekstidega vastavalt kliendinimekirjadele. \u00dchelt poolelt valge ja tagak\u00fclg on must. Eritellimusel v\u00f5imalik ka valge+must+valge. <strong>A:<\/strong> romb k\u00fcljega 40x40mm, <strong>B:<\/strong> 60x30mm, <strong>C:<\/strong> 30x30mm, <strong>D:<\/strong> 60x30mm, <strong>E:<\/strong> 40x47mm, <strong>F:<\/strong> 30x51mm, <strong>D:<\/strong> kolnnurk k\u00fcljega 40x40x40mm.<\/p>\n<table style=\"border-collapse: collapse; width: 100%;\">\n<tbody>\n<tr>\n<td style=\"width: 33.3333%; text-align: center;\">pakk 25tk<\/td>\n<td style=\"width: 33.3333%; text-align: center;\">pakk 50tk<\/td>\n<td style=\"width: 33.3333%; text-align: center;\">pakk 100tk<\/td>\n<\/tr>\n<tr>\n<td style=\"width: 33.3333%; text-align: center;\">silt + 10cm kuulketiga<\/td>\n<td style=\"width: 33.3333%; text-align: center;\">silt + 10cm kuulketiga<\/td>\n<td style=\"width: 33.3333%; text-align: center;\">silt + 10cm kuulketiga<\/td>\n<\/tr>\n<tr>\n<td style=\"width: 33.3333%; text-align: center;\">56.55+km<\/td>\n<td style=\"width: 33.3333%; text-align: center;\">90.48+km<\/td>\n<td style=\"width: 33.3333%; text-align: center;\">127.40+km<\/td>\n<\/tr>\n<\/tbody>\n<\/table>\n<p>Lisana v\u00f5imalik tellida m\u00e4rgised graveeritud tekstidega (\u00fchepoolne) hinnad siin koos alusplastiku ja 10cm kuulketiga: 25tk 98,99+km, 50tk 182,00+km, 100tk 303,00+km, 200tk 496,00+km. Indikatiivne hind.<\/p>\n<hr \/>\n<p>Erinevate v\u00f5reriiulite, -kastide jms t\u00e4histamiseks riputis 120x165mm. Plastik m\u00e4rk (valge 0.5mm PP v\u00f5i 1.2mm, v\u00e4rvlilised 0.8mm). REF:41653.<br \/>\nErinevat v\u00e4rvi t\u00e4histuskleebised. V\u00f5imalik tellida juba oma tekstiga..<br \/>\n<strong>PLASTIK VALGE TEKSTITA (materjal 0.5mm) riputised pakis 10tk 16.55+km.<\/strong><br \/>\n<strong>PLASTIK VALGE TEKSTITA (materjal 1.2mm) riputised pakis 10tk 22.50+km.<\/strong><br \/>\n<strong>V\u00c4RVILINE PLASTIK PUNANE, ROHELINE, SININE, KOLLANE TEKSTITA<br \/>\n<\/strong><strong>(materjal 0.8mm) riputised pakis 10tk 22.50+km (100+ kogustele k\u00fcsipakkumist).<\/strong><\/p>\n<p>Lisaks saab osta lihtsad <strong>v\u00e4rvilised kleebised (110x95mm)<\/strong> 10tk pakis 3.94+km. ETTETELLITAVAD.<br \/>\nV\u00e4rvilistele kleebistele saab ise teksti kirjutada ja kui enam vaja pole saab kleebise aluselt eemaldada.<br \/>\nKleebiste v\u00e4rvid (roheline, punane, kollane, valge). Muud toonid eritellimus.<\/p>\n<p><img loading=\"lazy\" decoding=\"async\" class=\"alignnone wp-image-1167\" src=\"https:\/\/www.klo.ee\/wp-content\/uploads\/2024\/11\/riputus120x165.png\" alt=\"\" width=\"688\" height=\"248\" srcset=\"https:\/\/www.klo.ee\/wp-content\/uploads\/2024\/11\/riputus120x165.png 416w, https:\/\/www.klo.ee\/wp-content\/uploads\/2024\/11\/riputus120x165-300x108.png 300w\" sizes=\"auto, (max-width: 688px) 100vw, 688px\" \/><br \/>\nriputus, riputatavm\u00e4rk, hangrer<\/p>\n<p><span style=\"text-decoration: underline;\"><strong>Oma tekstiga<\/strong> <\/span>v\u00e4ikesed kogused min 10 kaupa tellides saame valmistada kleebised ning need kleepida riputustele.<br \/>\n<strong>Spetsiaalsed kleebised kliendi valitud teksti ja s\u00fcmboliga hi-tack liimi ja kaitsekilega:<\/strong><br \/>\n&#8211; minimaalne kogus 10 kleebist kogumaksumusega: 44,89+km + riputise aluse maksumused (hinnad \u00fclalpool)<br \/>\n&#8211; 20 kleebist kogumaksumusega: 48,70+km + riputise aluse maksumused (hinnad \u00fclalpool)<br \/>\n&#8211; 40 kleebiste kogumaksumusega: 55,09+km + riputise aluse maksumused (hinnad \u00fclalpool)<br \/>\nSuuremate koguste puhul k\u00fcsihinnapakkumist. Valmistamine 3-4 t\u00f6\u00f6p\u00e4evaga.<\/p>\n<p><img loading=\"lazy\" decoding=\"async\" class=\"alignnone wp-image-1166\" src=\"https:\/\/www.klo.ee\/wp-content\/uploads\/2024\/11\/riputused-kleebistega.png\" alt=\"\" width=\"297\" height=\"197\" \/>\u00a0 \u00a0 N\u00e4idis<\/p>\n<p><strong>SUUREMA VASTUPIDAVUSE PUHUL VALI OTSE PLASTIKULE TR\u00dcKITUD VARIANT.<\/strong><br \/>\n<span style=\"text-decoration: underline;\">Materjal 0.5mm &#8211; \u00fchepoolsed tr\u00fckitud m\u00e4rgised 1-2v\u00e4rviline s\u00fcmbol ja tekst: 20tk tk hinnaga 6.30+km.<\/span><br \/>\n<span style=\"text-decoration: underline;\">Materjal 1.2mm &#8211; \u00fchepoolsed tr\u00fckitud m\u00e4rgised 1-2v\u00e4rviline s\u00fcmbol ja tekst: 20tk tk hinnaga 7,50+km.<\/span><br \/>\n<strong>TR\u00dcKITUD KOGUSED 100tk puhul.<\/strong><br \/>\nTiraaziga 10 pakki (100tk) 0.5mm plastiku puhul tk hinnaga 3.08+km ja<br \/>\n1.2mm plastiku puhul tk hinnaga 3.71+km<br \/>\nSuuremate koguste puhul k\u00fcsi hinnapakkumist. Valmistame circa 7 t\u00f6\u00f6p\u00e4evaga.<\/p>\n<p>&nbsp;<\/p>\n<p><strong>RIPUTUSM\u00c4RKE ON V\u00d5IMALIK TEHA KARTONGIST, PVC ja PP plastikust.<\/strong><\/p>\n<p><img loading=\"lazy\" decoding=\"async\" class=\"alignnone size-full wp-image-1165\" src=\"https:\/\/www.klo.ee\/wp-content\/uploads\/2024\/11\/ohutusriputusPA106878.jpg\" alt=\"\" width=\"657\" height=\"859\" srcset=\"https:\/\/www.klo.ee\/wp-content\/uploads\/2024\/11\/ohutusriputusPA106878.jpg 657w, https:\/\/www.klo.ee\/wp-content\/uploads\/2024\/11\/ohutusriputusPA106878-229x300.jpg 229w\" sizes=\"auto, (max-width: 657px) 100vw, 657px\" \/><\/p>\n<hr \/>\n<p><strong>Lihtsamad lamineeritud kartongist riputusm\u00e4rgid<\/strong><span style=\"text-decoration: underline;\"> (V\u00d5MALIK TELLIDA OMA TEKSTIGA)<\/span> 95x200mm<br \/>\nauk 41mm, lamineeritud v\u00f5imalik valmistada v\u00e4ikestes kogustes.<\/p>\n<p><img loading=\"lazy\" decoding=\"async\" class=\"alignnone wp-image-1164\" src=\"https:\/\/www.klo.ee\/wp-content\/uploads\/2024\/11\/riputus95x200mm.png\" alt=\"\" width=\"900\" height=\"637\" srcset=\"https:\/\/www.klo.ee\/wp-content\/uploads\/2024\/11\/riputus95x200mm.png 550w, https:\/\/www.klo.ee\/wp-content\/uploads\/2024\/11\/riputus95x200mm-300x212.png 300w\" sizes=\"auto, (max-width: 900px) 100vw, 900px\" \/><\/p>\n<p>Neid lihtsaid riputusm\u00e4rke saab tellida juba alates <strong>5tk oma tekstiga.<\/strong><\/p>\n<hr \/>\n<p><strong>N\u00f6\u00f6riga riputusm\u00e4rgid<\/strong> 130x184mm (eriv\u00e4rviliste signaalpaeltega valge, punane, oran\u017e).<\/p>\n<p><img loading=\"lazy\" decoding=\"async\" class=\" wp-image-1163\" src=\"https:\/\/www.klo.ee\/wp-content\/uploads\/2024\/11\/riputusmark.jpg\" alt=\"\" width=\"901\" height=\"576\" srcset=\"https:\/\/www.klo.ee\/wp-content\/uploads\/2024\/11\/riputusmark.jpg 657w, https:\/\/www.klo.ee\/wp-content\/uploads\/2024\/11\/riputusmark-300x192.jpg 300w\" sizes=\"auto, (max-width: 901px) 100vw, 901px\" \/><\/p>\n<hr \/>\n<p>Riputatavad plastikust etiketid \u00f6\u00f6situd kinnitusavadega. Suurused 54&#215;86 v\u00f5i 60x110mm.<br \/>\nV\u00f5imalik lisada kuulkett kinnitus.<\/p>\n<p><img loading=\"lazy\" decoding=\"async\" class=\" wp-image-1162\" src=\"https:\/\/www.klo.ee\/wp-content\/uploads\/2024\/11\/plastiketiketid.jpg\" alt=\"\" width=\"911\" height=\"918\" srcset=\"https:\/\/www.klo.ee\/wp-content\/uploads\/2024\/11\/plastiketiketid.jpg 657w, https:\/\/www.klo.ee\/wp-content\/uploads\/2024\/11\/plastiketiketid-298x300.jpg 298w, https:\/\/www.klo.ee\/wp-content\/uploads\/2024\/11\/plastiketiketid-150x150.jpg 150w\" sizes=\"auto, (max-width: 911px) 100vw, 911px\" \/><\/p>\n<p><img loading=\"lazy\" decoding=\"async\" class=\"alignnone wp-image-1161\" src=\"https:\/\/www.klo.ee\/wp-content\/uploads\/2024\/11\/plastikriputusedPA176938.jpg\" alt=\"\" width=\"900\" height=\"344\" srcset=\"https:\/\/www.klo.ee\/wp-content\/uploads\/2024\/11\/plastikriputusedPA176938.jpg 657w, https:\/\/www.klo.ee\/wp-content\/uploads\/2024\/11\/plastikriputusedPA176938-300x115.jpg 300w\" sizes=\"auto, (max-width: 900px) 100vw, 900px\" \/><br \/>\nriputatavad etiketid, kemikaalilipikud plastikust, plastikust \u00f6\u00f6situ riputusm\u00e4rgistus kuulketiga<\/p>\n<p><strong>Lukustusm\u00e4rgised plastikust,<\/strong> \u00f6\u00f6situd metall\u00f6\u00f6siga &#8211; 50x110mm. V\u00f5imalik tellida kliendile sobiva tekstiga.<\/p>\n<p><img loading=\"lazy\" decoding=\"async\" class=\"alignnone wp-image-1160\" src=\"https:\/\/www.klo.ee\/wp-content\/uploads\/2024\/11\/lukustusmark.jpg\" alt=\"\" width=\"900\" height=\"756\" srcset=\"https:\/\/www.klo.ee\/wp-content\/uploads\/2024\/11\/lukustusmark.jpg 657w, https:\/\/www.klo.ee\/wp-content\/uploads\/2024\/11\/lukustusmark-300x252.jpg 300w\" sizes=\"auto, (max-width: 900px) 100vw, 900px\" \/><br \/>\nlukustusm\u00e4rgid kolmest l\u00f5vist. Fotol olev n\u00e4idis on kahepoolne<\/p>\n<hr \/>\n<h2>Avatud-Suletud sildid<\/h2>\n<p>(vaata rohkem <a href=\"https:\/\/www.klo.ee\/?page_id=1800\" target=\"_blank\" rel=\"noopener\">SIIT<\/a>)<\/p>\n<p><img loading=\"lazy\" decoding=\"async\" class=\"alignnone wp-image-1159\" src=\"https:\/\/www.klo.ee\/wp-content\/uploads\/2024\/11\/avatud-suletuddetail.jpg\" alt=\"\" width=\"900\" height=\"256\" srcset=\"https:\/\/www.klo.ee\/wp-content\/uploads\/2024\/11\/avatud-suletuddetail.jpg 657w, https:\/\/www.klo.ee\/wp-content\/uploads\/2024\/11\/avatud-suletuddetail-300x85.jpg 300w\" sizes=\"auto, (max-width: 900px) 100vw, 900px\" \/><\/p>\n<p>Tellida saab <a href=\"https:\/\/kohver.com\/product_details.php?search_string=avatud&amp;item_id=762\">SIIT.\u00a0<\/a><\/p>\n<hr \/>\n<h2>Riputatavad elektriohutusm\u00e4rgid leiad<a href=\"https:\/\/www.klo.ee\/?page_id=753\" target=\"_blank\" rel=\"noopener\"> siit.<\/a><\/h2>\n<p>M\u00e4rkidele saab tellida lisaks riputuskummid v\u00f5i suurematele signaalpaelad.<\/p>\n<p><img loading=\"lazy\" decoding=\"async\" class=\"alignnone wp-image-1158\" src=\"https:\/\/www.klo.ee\/wp-content\/uploads\/2024\/11\/elektriohutus-riputatavad187.jpg\" alt=\"\" width=\"900\" height=\"256\" srcset=\"https:\/\/www.klo.ee\/wp-content\/uploads\/2024\/11\/elektriohutus-riputatavad187.jpg 657w, https:\/\/www.klo.ee\/wp-content\/uploads\/2024\/11\/elektriohutus-riputatavad187-300x85.jpg 300w\" sizes=\"auto, (max-width: 900px) 100vw, 900px\" \/><br \/>\nelektriohutusm\u00e4rgid riputatavad<\/p>\n<hr \/>\n<h2>Plastikust kleebitavad riputuskonksud<\/h2>\n<p><img loading=\"lazy\" decoding=\"async\" class=\"alignnone wp-image-1157\" src=\"https:\/\/www.klo.ee\/wp-content\/uploads\/2024\/11\/plastikriputus.png\" alt=\"\" width=\"900\" height=\"497\" srcset=\"https:\/\/www.klo.ee\/wp-content\/uploads\/2024\/11\/plastikriputus.png 655w, https:\/\/www.klo.ee\/wp-content\/uploads\/2024\/11\/plastikriputus-300x166.png 300w\" sizes=\"auto, (max-width: 900px) 100vw, 900px\" \/><\/p>\n<p>Plastikust riputuskonksud kleebitavad. Plastiku paksus 0,8 v\u00f5i 1,2mm. \u00d5hemad materjalid valmistatakse vastavalt vastavalt kliendi soovidele.<\/p>\n<p><strong>V\u00c4IKSEMAD KONSKUD<\/strong><br \/>\n<span style=\"text-decoration: underline;\">PPR12-66-41-TEIP (laos)<br \/>\n<\/span><span style=\"text-decoration: underline;\">PPR08-66-41-TEIP (tellimisel)<\/span><\/p>\n<p><strong>SUUREMAD KONKSUD<\/strong><br \/>\n<span style=\"text-decoration: underline;\">PPR12-85-41-TEIP (laos)<br \/>\n<\/span><span style=\"text-decoration: underline;\">PPR08-85-41-TEIP (tellimisel)<\/span><\/p>\n<p>Kleepuva osa pikkus suuremal 75mm, v\u00e4iksemal 57mm.\u00a0 (INS_05-2023)<\/p>\n<p>Telli Kohver.com <a href=\"https:\/\/kohver.com\/product_details.php?item_id=1022\" target=\"_blank\" rel=\"noopener\">e-poest<\/a><\/p>\n","protected":false},"excerpt":{"rendered":"<p>RIPUTATAVAD M\u00c4RGID PLASTIKUST ja LAMINEERITUD KARTONGIST. Seadmete lukustusm\u00e4rgistus. Kleebitavad riputuskonksud. riputused, riputusm\u00e4rgid, riputatavad m\u00e4rgised, lipikud 1.6mm plastikust v\u00e4ikesed riputusm\u00e4rgistused riputatavad kuulketi, kaablikinnituse, traadi, n\u00f6\u00f6riga, juurde [&#8230;]<\/p>\n","protected":false},"author":2,"featured_media":0,"parent":0,"menu_order":0,"comment_status":"closed","ping_status":"closed","template":"","meta":{"footnotes":""},"class_list":["post-1155","page","type-page","status-publish","hentry"],"yoast_head":"<!-- This site is optimized with the Yoast SEO plugin v27.5 - https:\/\/yoast.com\/product\/yoast-seo-wordpress\/ -->\n<title>Riputusm\u00e4rgid - Kolm L\u00f5vi Ohutus<\/title>\n<meta name=\"description\" content=\"Riputusm\u00e4rgid Kolm L\u00f5vi Ohutus\" \/>\n<meta name=\"robots\" content=\"index, follow, max-snippet:-1, max-image-preview:large, max-video-preview:-1\" \/>\n<link rel=\"canonical\" href=\"https:\/\/www.klo.ee\/?page_id=1155\" \/>\n<meta property=\"og:locale\" content=\"et_EE\" \/>\n<meta property=\"og:type\" content=\"article\" \/>\n<meta property=\"og:title\" content=\"Riputusm\u00e4rgid - Kolm L\u00f5vi Ohutus\" \/>\n<meta property=\"og:description\" content=\"Riputusm\u00e4rgid Kolm L\u00f5vi Ohutus\" \/>\n<meta property=\"og:url\" content=\"https:\/\/www.klo.ee\/?page_id=1155\" \/>\n<meta property=\"og:site_name\" content=\"Kolm L\u00f5vi Ohutus\" \/>\n<meta property=\"article:publisher\" content=\"https:\/\/www.facebook.com\/kloprof\" \/>\n<meta property=\"article:modified_time\" content=\"2025-05-27T12:46:38+00:00\" \/>\n<meta property=\"og:image\" content=\"https:\/\/www.klo.ee\/wp-content\/uploads\/2024\/11\/lipikud-657px.png\" \/>\n\t<meta property=\"og:image:width\" content=\"657\" \/>\n\t<meta property=\"og:image:height\" content=\"304\" \/>\n\t<meta property=\"og:image:type\" content=\"image\/png\" \/>\n<meta name=\"twitter:card\" content=\"summary_large_image\" \/>\n<meta name=\"twitter:label1\" content=\"Est. reading time\" \/>\n\t<meta name=\"twitter:data1\" content=\"6 minutit\" \/>\n<script type=\"application\/ld+json\" class=\"yoast-schema-graph\">{\"@context\":\"https:\\\/\\\/schema.org\",\"@graph\":[{\"@type\":\"WebPage\",\"@id\":\"https:\\\/\\\/www.klo.ee\\\/?page_id=1155\",\"url\":\"https:\\\/\\\/www.klo.ee\\\/?page_id=1155\",\"name\":\"Riputusm\u00e4rgid - Kolm L\u00f5vi Ohutus\",\"isPartOf\":{\"@id\":\"https:\\\/\\\/www.klo.ee\\\/#website\"},\"primaryImageOfPage\":{\"@id\":\"https:\\\/\\\/www.klo.ee\\\/?page_id=1155#primaryimage\"},\"image\":{\"@id\":\"https:\\\/\\\/www.klo.ee\\\/?page_id=1155#primaryimage\"},\"thumbnailUrl\":\"https:\\\/\\\/www.klo.ee\\\/wp-content\\\/uploads\\\/2024\\\/11\\\/lipikud-657px.png\",\"datePublished\":\"2024-11-17T13:46:37+00:00\",\"dateModified\":\"2025-05-27T12:46:38+00:00\",\"description\":\"Riputusm\u00e4rgid Kolm L\u00f5vi Ohutus\",\"breadcrumb\":{\"@id\":\"https:\\\/\\\/www.klo.ee\\\/?page_id=1155#breadcrumb\"},\"inLanguage\":\"et\",\"potentialAction\":[{\"@type\":\"ReadAction\",\"target\":[\"https:\\\/\\\/www.klo.ee\\\/?page_id=1155\"]}]},{\"@type\":\"ImageObject\",\"inLanguage\":\"et\",\"@id\":\"https:\\\/\\\/www.klo.ee\\\/?page_id=1155#primaryimage\",\"url\":\"https:\\\/\\\/www.klo.ee\\\/wp-content\\\/uploads\\\/2024\\\/11\\\/lipikud-657px.png\",\"contentUrl\":\"https:\\\/\\\/www.klo.ee\\\/wp-content\\\/uploads\\\/2024\\\/11\\\/lipikud-657px.png\",\"width\":657,\"height\":304},{\"@type\":\"BreadcrumbList\",\"@id\":\"https:\\\/\\\/www.klo.ee\\\/?page_id=1155#breadcrumb\",\"itemListElement\":[{\"@type\":\"ListItem\",\"position\":1,\"name\":\"Home\",\"item\":\"https:\\\/\\\/www.klo.ee\\\/\"},{\"@type\":\"ListItem\",\"position\":2,\"name\":\"Riputusm\u00e4rgid\"}]},{\"@type\":\"WebSite\",\"@id\":\"https:\\\/\\\/www.klo.ee\\\/#website\",\"url\":\"https:\\\/\\\/www.klo.ee\\\/\",\"name\":\"Kolm L\u00f5vi Ohutus\",\"description\":\"Ohutusm\u00e4rkide leht\",\"publisher\":{\"@id\":\"https:\\\/\\\/www.klo.ee\\\/#organization\"},\"potentialAction\":[{\"@type\":\"SearchAction\",\"target\":{\"@type\":\"EntryPoint\",\"urlTemplate\":\"https:\\\/\\\/www.klo.ee\\\/?s={search_term_string}\"},\"query-input\":{\"@type\":\"PropertyValueSpecification\",\"valueRequired\":true,\"valueName\":\"search_term_string\"}}],\"inLanguage\":\"et\"},{\"@type\":\"Organization\",\"@id\":\"https:\\\/\\\/www.klo.ee\\\/#organization\",\"name\":\"Kolm L\u00f5vi Ohutus\",\"url\":\"https:\\\/\\\/www.klo.ee\\\/\",\"logo\":{\"@type\":\"ImageObject\",\"inLanguage\":\"et\",\"@id\":\"https:\\\/\\\/www.klo.ee\\\/#\\\/schema\\\/logo\\\/image\\\/\",\"url\":\"https:\\\/\\\/www.klo.ee\\\/wp-content\\\/uploads\\\/2024\\\/09\\\/ohutusmarkheader.jpg\",\"contentUrl\":\"https:\\\/\\\/www.klo.ee\\\/wp-content\\\/uploads\\\/2024\\\/09\\\/ohutusmarkheader.jpg\",\"width\":863,\"height\":162,\"caption\":\"Kolm L\u00f5vi Ohutus\"},\"image\":{\"@id\":\"https:\\\/\\\/www.klo.ee\\\/#\\\/schema\\\/logo\\\/image\\\/\"},\"sameAs\":[\"https:\\\/\\\/www.facebook.com\\\/kloprof\"]}]}<\/script>\n<!-- \/ Yoast SEO plugin. -->","yoast_head_json":{"title":"Riputusm\u00e4rgid - Kolm L\u00f5vi Ohutus","description":"Riputusm\u00e4rgid Kolm L\u00f5vi Ohutus","robots":{"index":"index","follow":"follow","max-snippet":"max-snippet:-1","max-image-preview":"max-image-preview:large","max-video-preview":"max-video-preview:-1"},"canonical":"https:\/\/www.klo.ee\/?page_id=1155","og_locale":"et_EE","og_type":"article","og_title":"Riputusm\u00e4rgid - Kolm L\u00f5vi Ohutus","og_description":"Riputusm\u00e4rgid Kolm L\u00f5vi Ohutus","og_url":"https:\/\/www.klo.ee\/?page_id=1155","og_site_name":"Kolm L\u00f5vi Ohutus","article_publisher":"https:\/\/www.facebook.com\/kloprof","article_modified_time":"2025-05-27T12:46:38+00:00","og_image":[{"width":657,"height":304,"url":"https:\/\/www.klo.ee\/wp-content\/uploads\/2024\/11\/lipikud-657px.png","type":"image\/png"}],"twitter_card":"summary_large_image","twitter_misc":{"Est. reading time":"6 minutit"},"schema":{"@context":"https:\/\/schema.org","@graph":[{"@type":"WebPage","@id":"https:\/\/www.klo.ee\/?page_id=1155","url":"https:\/\/www.klo.ee\/?page_id=1155","name":"Riputusm\u00e4rgid - Kolm L\u00f5vi Ohutus","isPartOf":{"@id":"https:\/\/www.klo.ee\/#website"},"primaryImageOfPage":{"@id":"https:\/\/www.klo.ee\/?page_id=1155#primaryimage"},"image":{"@id":"https:\/\/www.klo.ee\/?page_id=1155#primaryimage"},"thumbnailUrl":"https:\/\/www.klo.ee\/wp-content\/uploads\/2024\/11\/lipikud-657px.png","datePublished":"2024-11-17T13:46:37+00:00","dateModified":"2025-05-27T12:46:38+00:00","description":"Riputusm\u00e4rgid Kolm L\u00f5vi Ohutus","breadcrumb":{"@id":"https:\/\/www.klo.ee\/?page_id=1155#breadcrumb"},"inLanguage":"et","potentialAction":[{"@type":"ReadAction","target":["https:\/\/www.klo.ee\/?page_id=1155"]}]},{"@type":"ImageObject","inLanguage":"et","@id":"https:\/\/www.klo.ee\/?page_id=1155#primaryimage","url":"https:\/\/www.klo.ee\/wp-content\/uploads\/2024\/11\/lipikud-657px.png","contentUrl":"https:\/\/www.klo.ee\/wp-content\/uploads\/2024\/11\/lipikud-657px.png","width":657,"height":304},{"@type":"BreadcrumbList","@id":"https:\/\/www.klo.ee\/?page_id=1155#breadcrumb","itemListElement":[{"@type":"ListItem","position":1,"name":"Home","item":"https:\/\/www.klo.ee\/"},{"@type":"ListItem","position":2,"name":"Riputusm\u00e4rgid"}]},{"@type":"WebSite","@id":"https:\/\/www.klo.ee\/#website","url":"https:\/\/www.klo.ee\/","name":"Kolm L\u00f5vi Ohutus","description":"Ohutusm\u00e4rkide leht","publisher":{"@id":"https:\/\/www.klo.ee\/#organization"},"potentialAction":[{"@type":"SearchAction","target":{"@type":"EntryPoint","urlTemplate":"https:\/\/www.klo.ee\/?s={search_term_string}"},"query-input":{"@type":"PropertyValueSpecification","valueRequired":true,"valueName":"search_term_string"}}],"inLanguage":"et"},{"@type":"Organization","@id":"https:\/\/www.klo.ee\/#organization","name":"Kolm L\u00f5vi Ohutus","url":"https:\/\/www.klo.ee\/","logo":{"@type":"ImageObject","inLanguage":"et","@id":"https:\/\/www.klo.ee\/#\/schema\/logo\/image\/","url":"https:\/\/www.klo.ee\/wp-content\/uploads\/2024\/09\/ohutusmarkheader.jpg","contentUrl":"https:\/\/www.klo.ee\/wp-content\/uploads\/2024\/09\/ohutusmarkheader.jpg","width":863,"height":162,"caption":"Kolm L\u00f5vi Ohutus"},"image":{"@id":"https:\/\/www.klo.ee\/#\/schema\/logo\/image\/"},"sameAs":["https:\/\/www.facebook.com\/kloprof"]}]}},"_links":{"self":[{"href":"https:\/\/www.klo.ee\/index.php?rest_route=\/wp\/v2\/pages\/1155","targetHints":{"allow":["GET"]}}],"collection":[{"href":"https:\/\/www.klo.ee\/index.php?rest_route=\/wp\/v2\/pages"}],"about":[{"href":"https:\/\/www.klo.ee\/index.php?rest_route=\/wp\/v2\/types\/page"}],"author":[{"embeddable":true,"href":"https:\/\/www.klo.ee\/index.php?rest_route=\/wp\/v2\/users\/2"}],"replies":[{"embeddable":true,"href":"https:\/\/www.klo.ee\/index.php?rest_route=%2Fwp%2Fv2%2Fcomments&post=1155"}],"version-history":[{"count":10,"href":"https:\/\/www.klo.ee\/index.php?rest_route=\/wp\/v2\/pages\/1155\/revisions"}],"predecessor-version":[{"id":3013,"href":"https:\/\/www.klo.ee\/index.php?rest_route=\/wp\/v2\/pages\/1155\/revisions\/3013"}],"wp:attachment":[{"href":"https:\/\/www.klo.ee\/index.php?rest_route=%2Fwp%2Fv2%2Fmedia&parent=1155"}],"curies":[{"name":"wp","href":"https:\/\/api.w.org\/{rel}","templated":true}]}}