{"id":1172,"date":"2024-11-17T13:50:40","date_gmt":"2024-11-17T13:50:40","guid":{"rendered":"https:\/\/www.klo.ee\/?page_id=1172"},"modified":"2024-12-27T14:36:43","modified_gmt":"2024-12-27T14:36:43","slug":"etiketid-kleebisetikett","status":"publish","type":"page","link":"https:\/\/www.klo.ee\/?page_id=1172","title":{"rendered":"Etiketid, kleebisetikett"},"content":{"rendered":"<p>Kleebitavad etiketid erinevateks t\u00e4histusteks. Laoaadresside kleebised.<\/p>\n<p><img loading=\"lazy\" decoding=\"async\" class=\"alignnone size-full wp-image-1173\" src=\"https:\/\/www.klo.ee\/wp-content\/uploads\/2024\/11\/laoaadressikleebis.png\" alt=\"\" width=\"656\" height=\"356\" srcset=\"https:\/\/www.klo.ee\/wp-content\/uploads\/2024\/11\/laoaadressikleebis.png 656w, https:\/\/www.klo.ee\/wp-content\/uploads\/2024\/11\/laoaadressikleebis-300x163.png 300w\" sizes=\"auto, (max-width: 656px) 100vw, 656px\" \/><\/p>\n<p>Laoaadresside kleebiste kohta vaata t\u00e4psemalt\u00a0<a href=\"https:\/\/www.ohutusmark.ee\/pages\/ladutransport.html\" target=\"_blank\" rel=\"noopener\">siit<\/a>.<\/p>\n<p>Vin\u00fc\u00fclkleebised on matt pinnaga &#8211; sobivad kirjutamiseks permanent markeriga. P\u00fcsivaliimiga, vee- ja \u00f5likindel 100 etiketti pakis. Hindadele lisandub k\u00e4ibemaks.<\/p>\n","protected":false},"excerpt":{"rendered":"<p>Kleebitavad etiketid erinevateks t\u00e4histusteks. Laoaadresside kleebised. Laoaadresside kleebiste kohta vaata t\u00e4psemalt\u00a0siit. Vin\u00fc\u00fclkleebised on matt pinnaga &#8211; sobivad kirjutamiseks permanent markeriga. P\u00fcsivaliimiga, vee- ja \u00f5likindel 100 [&#8230;]<\/p>\n","protected":false},"author":2,"featured_media":0,"parent":0,"menu_order":0,"comment_status":"closed","ping_status":"closed","template":"","meta":{"footnotes":""},"class_list":["post-1172","page","type-page","status-publish","hentry"],"yoast_head":"<!-- This site is optimized with the Yoast SEO plugin v27.5 - https:\/\/yoast.com\/product\/yoast-seo-wordpress\/ -->\n<title>Etiketid, kleebisetikett - Kolm L\u00f5vi Ohutus<\/title>\n<meta name=\"description\" content=\"Etiketid, kleebisetikett Kolm L\u00f5vi Ohutus\" \/>\n<meta name=\"robots\" content=\"index, follow, max-snippet:-1, max-image-preview:large, max-video-preview:-1\" \/>\n<link rel=\"canonical\" href=\"https:\/\/www.klo.ee\/?page_id=1172\" \/>\n<meta property=\"og:locale\" content=\"et_EE\" \/>\n<meta property=\"og:type\" content=\"article\" \/>\n<meta property=\"og:title\" content=\"Etiketid, kleebisetikett - Kolm L\u00f5vi Ohutus\" \/>\n<meta property=\"og:description\" content=\"Etiketid, kleebisetikett Kolm L\u00f5vi Ohutus\" \/>\n<meta property=\"og:url\" content=\"https:\/\/www.klo.ee\/?page_id=1172\" \/>\n<meta property=\"og:site_name\" content=\"Kolm L\u00f5vi Ohutus\" \/>\n<meta property=\"article:publisher\" content=\"https:\/\/www.facebook.com\/kloprof\" \/>\n<meta property=\"article:modified_time\" content=\"2024-12-27T14:36:43+00:00\" \/>\n<meta property=\"og:image\" content=\"https:\/\/www.klo.ee\/wp-content\/uploads\/2024\/11\/laoaadressikleebis.png\" \/>\n\t<meta property=\"og:image:width\" content=\"656\" \/>\n\t<meta property=\"og:image:height\" content=\"356\" \/>\n\t<meta property=\"og:image:type\" content=\"image\/png\" \/>\n<meta name=\"twitter:card\" content=\"summary_large_image\" \/>\n<meta name=\"twitter:label1\" content=\"Est. reading time\" \/>\n\t<meta name=\"twitter:data1\" content=\"1 minut\" \/>\n<script type=\"application\/ld+json\" class=\"yoast-schema-graph\">{\"@context\":\"https:\\\/\\\/schema.org\",\"@graph\":[{\"@type\":\"WebPage\",\"@id\":\"https:\\\/\\\/www.klo.ee\\\/?page_id=1172\",\"url\":\"https:\\\/\\\/www.klo.ee\\\/?page_id=1172\",\"name\":\"Etiketid, kleebisetikett - Kolm L\u00f5vi Ohutus\",\"isPartOf\":{\"@id\":\"https:\\\/\\\/www.klo.ee\\\/#website\"},\"primaryImageOfPage\":{\"@id\":\"https:\\\/\\\/www.klo.ee\\\/?page_id=1172#primaryimage\"},\"image\":{\"@id\":\"https:\\\/\\\/www.klo.ee\\\/?page_id=1172#primaryimage\"},\"thumbnailUrl\":\"https:\\\/\\\/www.klo.ee\\\/wp-content\\\/uploads\\\/2024\\\/11\\\/laoaadressikleebis.png\",\"datePublished\":\"2024-11-17T13:50:40+00:00\",\"dateModified\":\"2024-12-27T14:36:43+00:00\",\"description\":\"Etiketid, kleebisetikett Kolm L\u00f5vi Ohutus\",\"breadcrumb\":{\"@id\":\"https:\\\/\\\/www.klo.ee\\\/?page_id=1172#breadcrumb\"},\"inLanguage\":\"et\",\"potentialAction\":[{\"@type\":\"ReadAction\",\"target\":[\"https:\\\/\\\/www.klo.ee\\\/?page_id=1172\"]}]},{\"@type\":\"ImageObject\",\"inLanguage\":\"et\",\"@id\":\"https:\\\/\\\/www.klo.ee\\\/?page_id=1172#primaryimage\",\"url\":\"https:\\\/\\\/www.klo.ee\\\/wp-content\\\/uploads\\\/2024\\\/11\\\/laoaadressikleebis.png\",\"contentUrl\":\"https:\\\/\\\/www.klo.ee\\\/wp-content\\\/uploads\\\/2024\\\/11\\\/laoaadressikleebis.png\",\"width\":656,\"height\":356},{\"@type\":\"BreadcrumbList\",\"@id\":\"https:\\\/\\\/www.klo.ee\\\/?page_id=1172#breadcrumb\",\"itemListElement\":[{\"@type\":\"ListItem\",\"position\":1,\"name\":\"Home\",\"item\":\"https:\\\/\\\/www.klo.ee\\\/\"},{\"@type\":\"ListItem\",\"position\":2,\"name\":\"Etiketid, kleebisetikett\"}]},{\"@type\":\"WebSite\",\"@id\":\"https:\\\/\\\/www.klo.ee\\\/#website\",\"url\":\"https:\\\/\\\/www.klo.ee\\\/\",\"name\":\"Kolm L\u00f5vi Ohutus\",\"description\":\"Ohutusm\u00e4rkide leht\",\"publisher\":{\"@id\":\"https:\\\/\\\/www.klo.ee\\\/#organization\"},\"potentialAction\":[{\"@type\":\"SearchAction\",\"target\":{\"@type\":\"EntryPoint\",\"urlTemplate\":\"https:\\\/\\\/www.klo.ee\\\/?s={search_term_string}\"},\"query-input\":{\"@type\":\"PropertyValueSpecification\",\"valueRequired\":true,\"valueName\":\"search_term_string\"}}],\"inLanguage\":\"et\"},{\"@type\":\"Organization\",\"@id\":\"https:\\\/\\\/www.klo.ee\\\/#organization\",\"name\":\"Kolm L\u00f5vi Ohutus\",\"url\":\"https:\\\/\\\/www.klo.ee\\\/\",\"logo\":{\"@type\":\"ImageObject\",\"inLanguage\":\"et\",\"@id\":\"https:\\\/\\\/www.klo.ee\\\/#\\\/schema\\\/logo\\\/image\\\/\",\"url\":\"https:\\\/\\\/www.klo.ee\\\/wp-content\\\/uploads\\\/2024\\\/09\\\/ohutusmarkheader.jpg\",\"contentUrl\":\"https:\\\/\\\/www.klo.ee\\\/wp-content\\\/uploads\\\/2024\\\/09\\\/ohutusmarkheader.jpg\",\"width\":863,\"height\":162,\"caption\":\"Kolm L\u00f5vi Ohutus\"},\"image\":{\"@id\":\"https:\\\/\\\/www.klo.ee\\\/#\\\/schema\\\/logo\\\/image\\\/\"},\"sameAs\":[\"https:\\\/\\\/www.facebook.com\\\/kloprof\"]}]}<\/script>\n<!-- \/ Yoast SEO plugin. -->","yoast_head_json":{"title":"Etiketid, kleebisetikett - Kolm L\u00f5vi Ohutus","description":"Etiketid, kleebisetikett Kolm L\u00f5vi Ohutus","robots":{"index":"index","follow":"follow","max-snippet":"max-snippet:-1","max-image-preview":"max-image-preview:large","max-video-preview":"max-video-preview:-1"},"canonical":"https:\/\/www.klo.ee\/?page_id=1172","og_locale":"et_EE","og_type":"article","og_title":"Etiketid, kleebisetikett - Kolm L\u00f5vi Ohutus","og_description":"Etiketid, kleebisetikett Kolm L\u00f5vi Ohutus","og_url":"https:\/\/www.klo.ee\/?page_id=1172","og_site_name":"Kolm L\u00f5vi Ohutus","article_publisher":"https:\/\/www.facebook.com\/kloprof","article_modified_time":"2024-12-27T14:36:43+00:00","og_image":[{"width":656,"height":356,"url":"https:\/\/www.klo.ee\/wp-content\/uploads\/2024\/11\/laoaadressikleebis.png","type":"image\/png"}],"twitter_card":"summary_large_image","twitter_misc":{"Est. reading time":"1 minut"},"schema":{"@context":"https:\/\/schema.org","@graph":[{"@type":"WebPage","@id":"https:\/\/www.klo.ee\/?page_id=1172","url":"https:\/\/www.klo.ee\/?page_id=1172","name":"Etiketid, kleebisetikett - Kolm L\u00f5vi Ohutus","isPartOf":{"@id":"https:\/\/www.klo.ee\/#website"},"primaryImageOfPage":{"@id":"https:\/\/www.klo.ee\/?page_id=1172#primaryimage"},"image":{"@id":"https:\/\/www.klo.ee\/?page_id=1172#primaryimage"},"thumbnailUrl":"https:\/\/www.klo.ee\/wp-content\/uploads\/2024\/11\/laoaadressikleebis.png","datePublished":"2024-11-17T13:50:40+00:00","dateModified":"2024-12-27T14:36:43+00:00","description":"Etiketid, kleebisetikett Kolm L\u00f5vi Ohutus","breadcrumb":{"@id":"https:\/\/www.klo.ee\/?page_id=1172#breadcrumb"},"inLanguage":"et","potentialAction":[{"@type":"ReadAction","target":["https:\/\/www.klo.ee\/?page_id=1172"]}]},{"@type":"ImageObject","inLanguage":"et","@id":"https:\/\/www.klo.ee\/?page_id=1172#primaryimage","url":"https:\/\/www.klo.ee\/wp-content\/uploads\/2024\/11\/laoaadressikleebis.png","contentUrl":"https:\/\/www.klo.ee\/wp-content\/uploads\/2024\/11\/laoaadressikleebis.png","width":656,"height":356},{"@type":"BreadcrumbList","@id":"https:\/\/www.klo.ee\/?page_id=1172#breadcrumb","itemListElement":[{"@type":"ListItem","position":1,"name":"Home","item":"https:\/\/www.klo.ee\/"},{"@type":"ListItem","position":2,"name":"Etiketid, kleebisetikett"}]},{"@type":"WebSite","@id":"https:\/\/www.klo.ee\/#website","url":"https:\/\/www.klo.ee\/","name":"Kolm L\u00f5vi Ohutus","description":"Ohutusm\u00e4rkide leht","publisher":{"@id":"https:\/\/www.klo.ee\/#organization"},"potentialAction":[{"@type":"SearchAction","target":{"@type":"EntryPoint","urlTemplate":"https:\/\/www.klo.ee\/?s={search_term_string}"},"query-input":{"@type":"PropertyValueSpecification","valueRequired":true,"valueName":"search_term_string"}}],"inLanguage":"et"},{"@type":"Organization","@id":"https:\/\/www.klo.ee\/#organization","name":"Kolm L\u00f5vi Ohutus","url":"https:\/\/www.klo.ee\/","logo":{"@type":"ImageObject","inLanguage":"et","@id":"https:\/\/www.klo.ee\/#\/schema\/logo\/image\/","url":"https:\/\/www.klo.ee\/wp-content\/uploads\/2024\/09\/ohutusmarkheader.jpg","contentUrl":"https:\/\/www.klo.ee\/wp-content\/uploads\/2024\/09\/ohutusmarkheader.jpg","width":863,"height":162,"caption":"Kolm L\u00f5vi Ohutus"},"image":{"@id":"https:\/\/www.klo.ee\/#\/schema\/logo\/image\/"},"sameAs":["https:\/\/www.facebook.com\/kloprof"]}]}},"_links":{"self":[{"href":"https:\/\/www.klo.ee\/index.php?rest_route=\/wp\/v2\/pages\/1172","targetHints":{"allow":["GET"]}}],"collection":[{"href":"https:\/\/www.klo.ee\/index.php?rest_route=\/wp\/v2\/pages"}],"about":[{"href":"https:\/\/www.klo.ee\/index.php?rest_route=\/wp\/v2\/types\/page"}],"author":[{"embeddable":true,"href":"https:\/\/www.klo.ee\/index.php?rest_route=\/wp\/v2\/users\/2"}],"replies":[{"embeddable":true,"href":"https:\/\/www.klo.ee\/index.php?rest_route=%2Fwp%2Fv2%2Fcomments&post=1172"}],"version-history":[{"count":2,"href":"https:\/\/www.klo.ee\/index.php?rest_route=\/wp\/v2\/pages\/1172\/revisions"}],"predecessor-version":[{"id":2693,"href":"https:\/\/www.klo.ee\/index.php?rest_route=\/wp\/v2\/pages\/1172\/revisions\/2693"}],"wp:attachment":[{"href":"https:\/\/www.klo.ee\/index.php?rest_route=%2Fwp%2Fv2%2Fmedia&parent=1172"}],"curies":[{"name":"wp","href":"https:\/\/api.w.org\/{rel}","templated":true}]}}