{"id":1175,"date":"2024-11-17T13:55:20","date_gmt":"2024-11-17T13:55:20","guid":{"rendered":"https:\/\/www.klo.ee\/?page_id=1175"},"modified":"2025-05-27T12:09:26","modified_gmt":"2025-05-27T12:09:26","slug":"kahepoolsed-ohutusmargid","status":"publish","type":"page","link":"https:\/\/www.klo.ee\/?page_id=1175","title":{"rendered":"Kahepoolsed ohutusm\u00e4rgid"},"content":{"rendered":"<h2>Kahepoolsed ohutusm\u00e4rgid (v\u00f5i seestpoolt klaasile kleebitavad ja v\u00e4ljastpoolt loetavad) ja seinast eenduvad ohutusm\u00e4rgid. Eenduvad laologistika infotahvlid. Kolmnurksed alused seinast eenduvatele m\u00e4rgistele. Metallist alustel seinam\u00e4rgid.<\/h2>\n<p>Ohutusm\u00e4rkidele 10&#215;10 ja 20x20cm kleebitav kinnitus (siledatele pindadele). Kleebitavad kinnitused 75mm sobivad 1mm plastik m\u00e4rkidele. Pakis 10 kinnitust: 9.40 (7.83+km).<\/p>\n<p><strong>Kahepoolsed tulekustuti 20x20cm ja kahepoolsed tulet\u00f5rje vesiku 20x20cm<\/strong> ohutusm\u00e4rgised ning \u00fcksikud kleebitavad kinnitused saad tellida <a href=\"https:\/\/kohver.com\/product_details.php?item_id=54\" target=\"_blank\" rel=\"noopener\">siit.<\/a><\/p>\n<p><img loading=\"lazy\" decoding=\"async\" class=\"alignnone wp-image-1182\" src=\"https:\/\/www.klo.ee\/wp-content\/uploads\/2024\/11\/seinasteenduv20ja10cm.jpg\" alt=\"\" width=\"900\" height=\"988\" srcset=\"https:\/\/www.klo.ee\/wp-content\/uploads\/2024\/11\/seinasteenduv20ja10cm.jpg 657w, https:\/\/www.klo.ee\/wp-content\/uploads\/2024\/11\/seinasteenduv20ja10cm-273x300.jpg 273w\" sizes=\"auto, (max-width: 900px) 100vw, 900px\" \/><\/p>\n<h2>Kahepoolsetele ohutusm\u00e4rkidele 30x30mm kruvidega kinnitused.<\/h2>\n<p><img loading=\"lazy\" decoding=\"async\" class=\"alignnone wp-image-2695\" src=\"https:\/\/www.klo.ee\/wp-content\/uploads\/2024\/12\/painutatud-ohutusmarkide-2.jpg\" alt=\"\" width=\"900\" height=\"593\" srcset=\"https:\/\/www.klo.ee\/wp-content\/uploads\/2024\/12\/painutatud-ohutusmarkide-2.jpg 845w, https:\/\/www.klo.ee\/wp-content\/uploads\/2024\/12\/painutatud-ohutusmarkide-2-300x198.jpg 300w, https:\/\/www.klo.ee\/wp-content\/uploads\/2024\/12\/painutatud-ohutusmarkide-2-768x506.jpg 768w\" sizes=\"auto, (max-width: 900px) 100vw, 900px\" \/><br \/>\nseinast eenduvad ohutusm\u00e4rgised. Infotahvlid seinast eenduvad<\/p>\n<p><strong>Kolmnurksed plastikust alused (3DA)<\/strong> ohutusm\u00e4rgistusele, laologistikale v\u00f5i infotahvlitele. Kinnitus kruvidega v\u00f5i kahepoolse teibiga.<\/p>\n<hr \/>\n<p>Alumiinium profiil 3mm alustel 30x30cm m\u00e4rkidele ja nn 3D kolmnurkne \u00f5hemast plastikust painutatud alus.<\/p>\n<p><img loading=\"lazy\" decoding=\"async\" class=\"alignnone wp-image-1180\" src=\"https:\/\/www.klo.ee\/wp-content\/uploads\/2024\/11\/2poolne-seinaseeenduvad-30x30cm.jpg\" alt=\"\" width=\"900\" height=\"874\" srcset=\"https:\/\/www.klo.ee\/wp-content\/uploads\/2024\/11\/2poolne-seinaseeenduvad-30x30cm.jpg 657w, https:\/\/www.klo.ee\/wp-content\/uploads\/2024\/11\/2poolne-seinaseeenduvad-30x30cm-300x291.jpg 300w\" sizes=\"auto, (max-width: 900px) 100vw, 900px\" \/><br \/>\nkahepoolsed ohutusm\u00e4rgid 30x30cm<\/p>\n<p>Kolmnurksed seinast eenduvad kahepoolsed ohutusm\u00e4rgid v\u00f5i alumiiniumprofiiliga t\u00e4isnurga all<br \/>\nkahepoolsed ohutusm\u00e4rgid. Kolmnurksed (3D) ohutusm\u00e4rgised on kahte t\u00fc\u00fcpi 10 ja 20cm m\u00e4rid on<br \/>\nolemas kahepoolse teibiga kinnitatavad ning 10, 20, 30 cm m\u00e4rgid on kruvidega seinale kinnitatavad.<\/p>\n<p><img loading=\"lazy\" decoding=\"async\" class=\"alignnone size-full wp-image-149\" src=\"https:\/\/www.klo.ee\/wp-content\/uploads\/2024\/10\/019-020-3D-ohutusmark.png\" alt=\"\" width=\"450\" height=\"305\" srcset=\"https:\/\/www.klo.ee\/wp-content\/uploads\/2024\/10\/019-020-3D-ohutusmark.png 450w, https:\/\/www.klo.ee\/wp-content\/uploads\/2024\/10\/019-020-3D-ohutusmark-300x203.png 300w\" sizes=\"auto, (max-width: 450px) 100vw, 450px\" \/>\u00a0 \u00a0 \u00a0 \u00a0 \u00a0<img loading=\"lazy\" decoding=\"async\" class=\"alignnone wp-image-1871\" src=\"https:\/\/www.klo.ee\/wp-content\/uploads\/2024\/11\/KLO-3D-logo.png\" alt=\"\" width=\"276\" height=\"150\" \/><\/p>\n<p><strong>Kolmnurksed plastikust m\u00e4rgialused (3DA) kruvidega seinale kinnitatavad.<\/strong> M\u00e4rgisele on puuritud servadesse augud kruvikinnitusele.<\/p>\n<p>3D plastikalused 100mm m\u00e4rkidele 14.50+km (lisandub m\u00e4rkide maksumus)<br \/>\n3D plastikalused 200mm m\u00e4rkidele 18.50+km (lisandub m\u00e4rkide maksumus)<br \/>\n3D plastikalused 300mm m\u00e4rkidele 25.50+km (lisandub m\u00e4rkide maksumus)<br \/>\nKogustele mis on suuremad kui 25tk artikli kohta k\u00fcsige hinnapakkumist.<br \/>\nSiledatele pindadele saab need kinnitada 3M tugeva kahepoolse teibiga (k\u00fcsi hinda).<\/p>\n<p>Tulekul 300x150mm kahepoolsetele m\u00e4rkidele seinale kinnitatavad alused.<\/p>\n<p><img loading=\"lazy\" decoding=\"async\" class=\"alignnone wp-image-1178\" src=\"https:\/\/www.klo.ee\/wp-content\/uploads\/2024\/11\/klo3d-plastalused.png\" alt=\"\" width=\"900\" height=\"349\" srcset=\"https:\/\/www.klo.ee\/wp-content\/uploads\/2024\/11\/klo3d-plastalused.png 560w, https:\/\/www.klo.ee\/wp-content\/uploads\/2024\/11\/klo3d-plastalused-300x116.png 300w\" sizes=\"auto, (max-width: 900px) 100vw, 900px\" \/><br \/>\nkahepoolsetele m\u00e4rgistustele plastikalused<\/p>\n<hr \/>\n<p>Klaasidele kleebitavad ohutusm\u00e4rgid kahepoolste kleebistena (n\u00e4htav seest- ja v\u00e4ljastpoolt)<br \/>\nv\u00f5i seest poolt kleebitavad ja ainult v\u00e4ljastpoolt loetavad ohutusm\u00e4rgid (alumine foto) sisepind valge.<\/p>\n<p><img loading=\"lazy\" decoding=\"async\" class=\"alignnone wp-image-1177\" src=\"https:\/\/www.klo.ee\/wp-content\/uploads\/2024\/11\/insidekleebis.jpg\" alt=\"\" width=\"900\" height=\"745\" srcset=\"https:\/\/www.klo.ee\/wp-content\/uploads\/2024\/11\/insidekleebis.jpg 657w, https:\/\/www.klo.ee\/wp-content\/uploads\/2024\/11\/insidekleebis-300x248.jpg 300w\" sizes=\"auto, (max-width: 900px) 100vw, 900px\" \/>seestpoolt kleebitav ohutusm\u00e4rgis<\/p>\n<hr \/>\n<h3>Metallist alustel seinam\u00e4rgid kleebitavad ja kruvitavad.<\/h3>\n<p>Erinevad suurused, fotodel 150mm k\u00fcljepikkusega.<\/p>\n<p><img loading=\"lazy\" decoding=\"async\" class=\"alignnone wp-image-1176\" src=\"https:\/\/www.klo.ee\/wp-content\/uploads\/2024\/11\/ohutusmark-seinast-eenduv-alumiiniumist.jpg\" alt=\"\" width=\"457\" height=\"435\" srcset=\"https:\/\/www.klo.ee\/wp-content\/uploads\/2024\/11\/ohutusmark-seinast-eenduv-alumiiniumist.jpg 305w, https:\/\/www.klo.ee\/wp-content\/uploads\/2024\/11\/ohutusmark-seinast-eenduv-alumiiniumist-300x285.jpg 300w\" sizes=\"auto, (max-width: 457px) 100vw, 457px\" \/>\u00a0 \u00a0<img loading=\"lazy\" decoding=\"async\" class=\"alignnone wp-image-1183\" src=\"https:\/\/www.klo.ee\/wp-content\/uploads\/2024\/11\/ohutusmark-seinast-eenduv-alumiiniumist2.jpg\" alt=\"\" width=\"416\" height=\"436\" \/><\/p>\n<p>Lauapealseid ohutusm\u00e4rgiseid (catering sildid). N\u00e4iteks &#8220;suitsetamise keeld&#8221;, &#8220;reserveeritud&#8221;, &#8220;piim\/kohvi\/vesi&#8221; sildid.<br \/>\nVaata rohkem <a href=\"https:\/\/www.klo.ee\/?page_id=926\" target=\"_blank\" rel=\"noopener\">siit.<\/a><\/p>\n","protected":false},"excerpt":{"rendered":"<p>Kahepoolsed ohutusm\u00e4rgid (v\u00f5i seestpoolt klaasile kleebitavad ja v\u00e4ljastpoolt loetavad) ja seinast eenduvad ohutusm\u00e4rgid. Eenduvad laologistika infotahvlid. Kolmnurksed alused seinast eenduvatele m\u00e4rgistele. Metallist alustel seinam\u00e4rgid. Ohutusm\u00e4rkidele [&#8230;]<\/p>\n","protected":false},"author":2,"featured_media":0,"parent":0,"menu_order":0,"comment_status":"closed","ping_status":"closed","template":"","meta":{"footnotes":""},"class_list":["post-1175","page","type-page","status-publish","hentry"],"yoast_head":"<!-- This site is optimized with the Yoast SEO plugin v27.4 - https:\/\/yoast.com\/product\/yoast-seo-wordpress\/ -->\n<title>Kahepoolsed ohutusm\u00e4rgid - Kolm L\u00f5vi Ohutus<\/title>\n<meta name=\"description\" content=\"Kahepoolsed ohutusm\u00e4rgid Kolm L\u00f5vi Ohutus\" \/>\n<meta name=\"robots\" content=\"index, follow, max-snippet:-1, max-image-preview:large, max-video-preview:-1\" \/>\n<link rel=\"canonical\" href=\"https:\/\/www.klo.ee\/?page_id=1175\" \/>\n<meta property=\"og:locale\" content=\"et_EE\" \/>\n<meta property=\"og:type\" content=\"article\" \/>\n<meta property=\"og:title\" content=\"Kahepoolsed ohutusm\u00e4rgid - Kolm L\u00f5vi Ohutus\" \/>\n<meta property=\"og:description\" content=\"Kahepoolsed ohutusm\u00e4rgid Kolm L\u00f5vi Ohutus\" \/>\n<meta property=\"og:url\" content=\"https:\/\/www.klo.ee\/?page_id=1175\" \/>\n<meta property=\"og:site_name\" content=\"Kolm L\u00f5vi Ohutus\" \/>\n<meta property=\"article:publisher\" content=\"https:\/\/www.facebook.com\/kloprof\" \/>\n<meta property=\"article:modified_time\" content=\"2025-05-27T12:09:26+00:00\" \/>\n<meta property=\"og:image\" content=\"https:\/\/www.klo.ee\/wp-content\/uploads\/2024\/11\/seinasteenduv20ja10cm.jpg\" \/>\n\t<meta property=\"og:image:width\" content=\"657\" \/>\n\t<meta property=\"og:image:height\" content=\"721\" \/>\n\t<meta property=\"og:image:type\" content=\"image\/jpeg\" \/>\n<meta name=\"twitter:card\" content=\"summary_large_image\" \/>\n<meta name=\"twitter:label1\" content=\"Est. reading time\" \/>\n\t<meta name=\"twitter:data1\" content=\"4 minutit\" \/>\n<script type=\"application\/ld+json\" class=\"yoast-schema-graph\">{\"@context\":\"https:\\\/\\\/schema.org\",\"@graph\":[{\"@type\":\"WebPage\",\"@id\":\"https:\\\/\\\/www.klo.ee\\\/?page_id=1175\",\"url\":\"https:\\\/\\\/www.klo.ee\\\/?page_id=1175\",\"name\":\"Kahepoolsed ohutusm\u00e4rgid - Kolm L\u00f5vi Ohutus\",\"isPartOf\":{\"@id\":\"https:\\\/\\\/www.klo.ee\\\/#website\"},\"primaryImageOfPage\":{\"@id\":\"https:\\\/\\\/www.klo.ee\\\/?page_id=1175#primaryimage\"},\"image\":{\"@id\":\"https:\\\/\\\/www.klo.ee\\\/?page_id=1175#primaryimage\"},\"thumbnailUrl\":\"https:\\\/\\\/www.klo.ee\\\/wp-content\\\/uploads\\\/2024\\\/11\\\/seinasteenduv20ja10cm.jpg\",\"datePublished\":\"2024-11-17T13:55:20+00:00\",\"dateModified\":\"2025-05-27T12:09:26+00:00\",\"description\":\"Kahepoolsed ohutusm\u00e4rgid Kolm L\u00f5vi Ohutus\",\"breadcrumb\":{\"@id\":\"https:\\\/\\\/www.klo.ee\\\/?page_id=1175#breadcrumb\"},\"inLanguage\":\"et\",\"potentialAction\":[{\"@type\":\"ReadAction\",\"target\":[\"https:\\\/\\\/www.klo.ee\\\/?page_id=1175\"]}]},{\"@type\":\"ImageObject\",\"inLanguage\":\"et\",\"@id\":\"https:\\\/\\\/www.klo.ee\\\/?page_id=1175#primaryimage\",\"url\":\"https:\\\/\\\/www.klo.ee\\\/wp-content\\\/uploads\\\/2024\\\/11\\\/seinasteenduv20ja10cm.jpg\",\"contentUrl\":\"https:\\\/\\\/www.klo.ee\\\/wp-content\\\/uploads\\\/2024\\\/11\\\/seinasteenduv20ja10cm.jpg\",\"width\":657,\"height\":721},{\"@type\":\"BreadcrumbList\",\"@id\":\"https:\\\/\\\/www.klo.ee\\\/?page_id=1175#breadcrumb\",\"itemListElement\":[{\"@type\":\"ListItem\",\"position\":1,\"name\":\"Home\",\"item\":\"https:\\\/\\\/www.klo.ee\\\/\"},{\"@type\":\"ListItem\",\"position\":2,\"name\":\"Kahepoolsed ohutusm\u00e4rgid\"}]},{\"@type\":\"WebSite\",\"@id\":\"https:\\\/\\\/www.klo.ee\\\/#website\",\"url\":\"https:\\\/\\\/www.klo.ee\\\/\",\"name\":\"Kolm L\u00f5vi Ohutus\",\"description\":\"Ohutusm\u00e4rkide leht\",\"publisher\":{\"@id\":\"https:\\\/\\\/www.klo.ee\\\/#organization\"},\"potentialAction\":[{\"@type\":\"SearchAction\",\"target\":{\"@type\":\"EntryPoint\",\"urlTemplate\":\"https:\\\/\\\/www.klo.ee\\\/?s={search_term_string}\"},\"query-input\":{\"@type\":\"PropertyValueSpecification\",\"valueRequired\":true,\"valueName\":\"search_term_string\"}}],\"inLanguage\":\"et\"},{\"@type\":\"Organization\",\"@id\":\"https:\\\/\\\/www.klo.ee\\\/#organization\",\"name\":\"Kolm L\u00f5vi Ohutus\",\"url\":\"https:\\\/\\\/www.klo.ee\\\/\",\"logo\":{\"@type\":\"ImageObject\",\"inLanguage\":\"et\",\"@id\":\"https:\\\/\\\/www.klo.ee\\\/#\\\/schema\\\/logo\\\/image\\\/\",\"url\":\"https:\\\/\\\/www.klo.ee\\\/wp-content\\\/uploads\\\/2024\\\/09\\\/ohutusmarkheader.jpg\",\"contentUrl\":\"https:\\\/\\\/www.klo.ee\\\/wp-content\\\/uploads\\\/2024\\\/09\\\/ohutusmarkheader.jpg\",\"width\":863,\"height\":162,\"caption\":\"Kolm L\u00f5vi Ohutus\"},\"image\":{\"@id\":\"https:\\\/\\\/www.klo.ee\\\/#\\\/schema\\\/logo\\\/image\\\/\"},\"sameAs\":[\"https:\\\/\\\/www.facebook.com\\\/kloprof\"]}]}<\/script>\n<!-- \/ Yoast SEO plugin. -->","yoast_head_json":{"title":"Kahepoolsed ohutusm\u00e4rgid - Kolm L\u00f5vi Ohutus","description":"Kahepoolsed ohutusm\u00e4rgid Kolm L\u00f5vi Ohutus","robots":{"index":"index","follow":"follow","max-snippet":"max-snippet:-1","max-image-preview":"max-image-preview:large","max-video-preview":"max-video-preview:-1"},"canonical":"https:\/\/www.klo.ee\/?page_id=1175","og_locale":"et_EE","og_type":"article","og_title":"Kahepoolsed ohutusm\u00e4rgid - Kolm L\u00f5vi Ohutus","og_description":"Kahepoolsed ohutusm\u00e4rgid Kolm L\u00f5vi Ohutus","og_url":"https:\/\/www.klo.ee\/?page_id=1175","og_site_name":"Kolm L\u00f5vi Ohutus","article_publisher":"https:\/\/www.facebook.com\/kloprof","article_modified_time":"2025-05-27T12:09:26+00:00","og_image":[{"width":657,"height":721,"url":"https:\/\/www.klo.ee\/wp-content\/uploads\/2024\/11\/seinasteenduv20ja10cm.jpg","type":"image\/jpeg"}],"twitter_card":"summary_large_image","twitter_misc":{"Est. reading time":"4 minutit"},"schema":{"@context":"https:\/\/schema.org","@graph":[{"@type":"WebPage","@id":"https:\/\/www.klo.ee\/?page_id=1175","url":"https:\/\/www.klo.ee\/?page_id=1175","name":"Kahepoolsed ohutusm\u00e4rgid - Kolm L\u00f5vi Ohutus","isPartOf":{"@id":"https:\/\/www.klo.ee\/#website"},"primaryImageOfPage":{"@id":"https:\/\/www.klo.ee\/?page_id=1175#primaryimage"},"image":{"@id":"https:\/\/www.klo.ee\/?page_id=1175#primaryimage"},"thumbnailUrl":"https:\/\/www.klo.ee\/wp-content\/uploads\/2024\/11\/seinasteenduv20ja10cm.jpg","datePublished":"2024-11-17T13:55:20+00:00","dateModified":"2025-05-27T12:09:26+00:00","description":"Kahepoolsed ohutusm\u00e4rgid Kolm L\u00f5vi Ohutus","breadcrumb":{"@id":"https:\/\/www.klo.ee\/?page_id=1175#breadcrumb"},"inLanguage":"et","potentialAction":[{"@type":"ReadAction","target":["https:\/\/www.klo.ee\/?page_id=1175"]}]},{"@type":"ImageObject","inLanguage":"et","@id":"https:\/\/www.klo.ee\/?page_id=1175#primaryimage","url":"https:\/\/www.klo.ee\/wp-content\/uploads\/2024\/11\/seinasteenduv20ja10cm.jpg","contentUrl":"https:\/\/www.klo.ee\/wp-content\/uploads\/2024\/11\/seinasteenduv20ja10cm.jpg","width":657,"height":721},{"@type":"BreadcrumbList","@id":"https:\/\/www.klo.ee\/?page_id=1175#breadcrumb","itemListElement":[{"@type":"ListItem","position":1,"name":"Home","item":"https:\/\/www.klo.ee\/"},{"@type":"ListItem","position":2,"name":"Kahepoolsed ohutusm\u00e4rgid"}]},{"@type":"WebSite","@id":"https:\/\/www.klo.ee\/#website","url":"https:\/\/www.klo.ee\/","name":"Kolm L\u00f5vi Ohutus","description":"Ohutusm\u00e4rkide leht","publisher":{"@id":"https:\/\/www.klo.ee\/#organization"},"potentialAction":[{"@type":"SearchAction","target":{"@type":"EntryPoint","urlTemplate":"https:\/\/www.klo.ee\/?s={search_term_string}"},"query-input":{"@type":"PropertyValueSpecification","valueRequired":true,"valueName":"search_term_string"}}],"inLanguage":"et"},{"@type":"Organization","@id":"https:\/\/www.klo.ee\/#organization","name":"Kolm L\u00f5vi Ohutus","url":"https:\/\/www.klo.ee\/","logo":{"@type":"ImageObject","inLanguage":"et","@id":"https:\/\/www.klo.ee\/#\/schema\/logo\/image\/","url":"https:\/\/www.klo.ee\/wp-content\/uploads\/2024\/09\/ohutusmarkheader.jpg","contentUrl":"https:\/\/www.klo.ee\/wp-content\/uploads\/2024\/09\/ohutusmarkheader.jpg","width":863,"height":162,"caption":"Kolm L\u00f5vi Ohutus"},"image":{"@id":"https:\/\/www.klo.ee\/#\/schema\/logo\/image\/"},"sameAs":["https:\/\/www.facebook.com\/kloprof"]}]}},"_links":{"self":[{"href":"https:\/\/www.klo.ee\/index.php?rest_route=\/wp\/v2\/pages\/1175","targetHints":{"allow":["GET"]}}],"collection":[{"href":"https:\/\/www.klo.ee\/index.php?rest_route=\/wp\/v2\/pages"}],"about":[{"href":"https:\/\/www.klo.ee\/index.php?rest_route=\/wp\/v2\/types\/page"}],"author":[{"embeddable":true,"href":"https:\/\/www.klo.ee\/index.php?rest_route=\/wp\/v2\/users\/2"}],"replies":[{"embeddable":true,"href":"https:\/\/www.klo.ee\/index.php?rest_route=%2Fwp%2Fv2%2Fcomments&post=1175"}],"version-history":[{"count":5,"href":"https:\/\/www.klo.ee\/index.php?rest_route=\/wp\/v2\/pages\/1175\/revisions"}],"predecessor-version":[{"id":2998,"href":"https:\/\/www.klo.ee\/index.php?rest_route=\/wp\/v2\/pages\/1175\/revisions\/2998"}],"wp:attachment":[{"href":"https:\/\/www.klo.ee\/index.php?rest_route=%2Fwp%2Fv2%2Fmedia&parent=1175"}],"curies":[{"name":"wp","href":"https:\/\/api.w.org\/{rel}","templated":true}]}}