{"id":1185,"date":"2024-11-18T07:02:24","date_gmt":"2024-11-18T07:02:24","guid":{"rendered":"https:\/\/www.klo.ee\/?page_id=1185"},"modified":"2024-12-27T14:58:44","modified_gmt":"2024-12-27T14:58:44","slug":"prugimajandus","status":"publish","type":"page","link":"https:\/\/www.klo.ee\/?page_id=1185","title":{"rendered":"Pr\u00fcgimajandus"},"content":{"rendered":"<h2>Konteinerite t\u00e4histuskleebised pr\u00fcgimajanduses. J\u00e4\u00e4tmete ja taaskasutatava materjali juhendav m\u00e4rgistus. Pr\u00fcgi mahapanek keelatud. Pr\u00fcgi (j\u00e4\u00e4tmete) liigiti kogumine. Pr\u00fcgi sorteerimine. J\u00e4\u00e4tmete sortimine.<\/h2>\n<p><img loading=\"lazy\" decoding=\"async\" class=\"alignnone wp-image-1198\" src=\"https:\/\/www.klo.ee\/wp-content\/uploads\/2024\/11\/klo-657-veebipilt-prygiklb.png\" alt=\"\" width=\"900\" height=\"416\" srcset=\"https:\/\/www.klo.ee\/wp-content\/uploads\/2024\/11\/klo-657-veebipilt-prygiklb.png 657w, https:\/\/www.klo.ee\/wp-content\/uploads\/2024\/11\/klo-657-veebipilt-prygiklb-300x139.png 300w\" sizes=\"auto, (max-width: 900px) 100vw, 900px\" \/><br \/>\npr\u00fcgisorteerimiskleebised, pr\u00fcgikleebised, ohutuskleebised, pr\u00fcgisorteerimine<\/p>\n<p>Kavandatavate j\u00e4\u00e4tmeseaduse muudatuste alusel peavad kogumiskohtadesse paigaldatud pr\u00fcgkastid oleme visuaalselt selgelt eristatavad.<br \/>\nPaberi- ja kartongi, pakendij\u00e4\u00e4tmed SINISED, klaaspakendi j\u00e4\u00e4tmete mahutid ROHELISED, segapakendid \u00e4\u00e4tmed KOLLASED.<br \/>\nVanu mahuteid eeldatavasti \u00fcle v\u00e4rvima ei pea aga paigaldatud sildid kleebised v\u00f5iks olla \u00f5igete v\u00e4rvidega (nov-2017).<\/p>\n<p>Suurused 600&#215;200, 300x150mm. T\u00e4psed tekstid tellimisel.<\/p>\n<p><img loading=\"lazy\" decoding=\"async\" class=\"alignnone wp-image-1197\" src=\"https:\/\/www.klo.ee\/wp-content\/uploads\/2024\/11\/prygivarvikoodid.png\" alt=\"\" width=\"900\" height=\"432\" srcset=\"https:\/\/www.klo.ee\/wp-content\/uploads\/2024\/11\/prygivarvikoodid.png 657w, https:\/\/www.klo.ee\/wp-content\/uploads\/2024\/11\/prygivarvikoodid-300x144.png 300w\" sizes=\"auto, (max-width: 900px) 100vw, 900px\" \/><br \/>\npr\u00fcgi sorteerimise v\u00e4rvikoodid<\/p>\n<p>Allpool m\u00f5ned n\u00e4idised kasutamisest<\/p>\n<hr \/>\n<h2>Metallj\u00e4\u00e4tmed<\/h2>\n<p><img loading=\"lazy\" decoding=\"async\" class=\"alignnone wp-image-1196\" src=\"https:\/\/www.klo.ee\/wp-content\/uploads\/2024\/11\/metall-pakend.png\" alt=\"\" width=\"900\" height=\"678\" srcset=\"https:\/\/www.klo.ee\/wp-content\/uploads\/2024\/11\/metall-pakend.png 657w, https:\/\/www.klo.ee\/wp-content\/uploads\/2024\/11\/metall-pakend-300x226.png 300w\" sizes=\"auto, (max-width: 900px) 100vw, 900px\" \/><\/p>\n<p>metallj\u00e4\u00e4tmed metallpakend<\/p>\n<h2>Autoj\u00e4\u00e4tmed<\/h2>\n<p><img loading=\"lazy\" decoding=\"async\" class=\"alignnone wp-image-1195\" src=\"https:\/\/www.klo.ee\/wp-content\/uploads\/2024\/11\/autojaatmed.png\" alt=\"\" width=\"900\" height=\"410\" srcset=\"https:\/\/www.klo.ee\/wp-content\/uploads\/2024\/11\/autojaatmed.png 657w, https:\/\/www.klo.ee\/wp-content\/uploads\/2024\/11\/autojaatmed-300x137.png 300w\" sizes=\"auto, (max-width: 900px) 100vw, 900px\" \/><\/p>\n<p>autoj\u00e4\u00e4tmed<\/p>\n<h2>Plastikj\u00e4\u00e4tmed<\/h2>\n<p><img loading=\"lazy\" decoding=\"async\" class=\"alignnone wp-image-1194\" src=\"https:\/\/www.klo.ee\/wp-content\/uploads\/2024\/11\/plastik.png\" alt=\"\" width=\"900\" height=\"845\" srcset=\"https:\/\/www.klo.ee\/wp-content\/uploads\/2024\/11\/plastik.png 657w, https:\/\/www.klo.ee\/wp-content\/uploads\/2024\/11\/plastik-300x282.png 300w\" sizes=\"auto, (max-width: 900px) 100vw, 900px\" \/><\/p>\n<p>plastik, plastikj\u00e4\u00e4tmed<\/p>\n<h2>Tekstiil j\u00e4\u00e4tmed<\/h2>\n<p><img loading=\"lazy\" decoding=\"async\" class=\"alignnone wp-image-1193\" src=\"https:\/\/www.klo.ee\/wp-content\/uploads\/2024\/11\/tekstiil.png\" alt=\"\" width=\"900\" height=\"421\" srcset=\"https:\/\/www.klo.ee\/wp-content\/uploads\/2024\/11\/tekstiil.png 657w, https:\/\/www.klo.ee\/wp-content\/uploads\/2024\/11\/tekstiil-300x140.png 300w\" sizes=\"auto, (max-width: 900px) 100vw, 900px\" \/><\/p>\n<p>tekstiilij\u00e4\u00e4tmed<\/p>\n<p>K\u00fcsi ka teiste m\u00e4rgiste kohta.<\/p>\n<hr \/>\n<h2>TEKSTILISED PR\u00dcGISORTEERIMISE M\u00c4RGISED. Tekstidega j\u00e4\u00e4tmekleebised.<\/h2>\n<p>Vajalik tekst tellimisel. Saada p\u00e4ring\/tellimus ohutus @ kolmlovi.ee.<\/p>\n<p><img loading=\"lazy\" decoding=\"async\" class=\"alignnone size-full wp-image-1192\" src=\"https:\/\/www.klo.ee\/wp-content\/uploads\/2024\/11\/ohtlikudjaamted_olemjaatmed.jpg\" alt=\"\" width=\"1000\" height=\"889\" srcset=\"https:\/\/www.klo.ee\/wp-content\/uploads\/2024\/11\/ohtlikudjaamted_olemjaatmed.jpg 1000w, https:\/\/www.klo.ee\/wp-content\/uploads\/2024\/11\/ohtlikudjaamted_olemjaatmed-300x267.jpg 300w, https:\/\/www.klo.ee\/wp-content\/uploads\/2024\/11\/ohtlikudjaamted_olemjaatmed-768x683.jpg 768w\" sizes=\"auto, (max-width: 1000px) 100vw, 1000px\" \/><\/p>\n<p>Siit n\u00e4eb kuidas s\u00f5nad erinevates suurustes kleebistele mahutuvad.<\/p>\n<p><img loading=\"lazy\" decoding=\"async\" class=\"alignnone wp-image-1133\" src=\"https:\/\/www.klo.ee\/wp-content\/uploads\/2024\/11\/tekstigajaatmekleebised.png\" alt=\"\" width=\"658\" height=\"459\" srcset=\"https:\/\/www.klo.ee\/wp-content\/uploads\/2024\/11\/tekstigajaatmekleebised.png 400w, https:\/\/www.klo.ee\/wp-content\/uploads\/2024\/11\/tekstigajaatmekleebised-300x209.png 300w\" sizes=\"auto, (max-width: 658px) 100vw, 658px\" \/><\/p>\n<p>Tekstiga j\u00e4\u00e4tmekleebised<\/p>\n<p><strong>Taaskasutatavate materjalide ladustamist juhendav m\u00e4rgistus.<\/strong><br \/>\nKonteinerisse panne pressi k\u00f5ik mahulised papp pakendid kokku. Konteinerisse pannes v\u00f5ta karbid lahti ja pressi lamedaks.<\/p>\n<p><img loading=\"lazy\" decoding=\"async\" class=\"alignnone wp-image-1190\" src=\"https:\/\/www.klo.ee\/wp-content\/uploads\/2024\/11\/vajuta-pakendid-lamededaks_pressi-karbid-kokku.png\" alt=\"\" width=\"900\" height=\"719\" srcset=\"https:\/\/www.klo.ee\/wp-content\/uploads\/2024\/11\/vajuta-pakendid-lamededaks_pressi-karbid-kokku.png 657w, https:\/\/www.klo.ee\/wp-content\/uploads\/2024\/11\/vajuta-pakendid-lamededaks_pressi-karbid-kokku-300x240.png 300w\" sizes=\"auto, (max-width: 900px) 100vw, 900px\" \/><br \/>\npr\u00fcgimajandus, papppakend, taaskasutamine, ohutusm\u00e4rk<\/p>\n<hr \/>\n<p><strong>Pr\u00fcgi mahapanek keelatud<\/strong> (ART974). Pr\u00fcgikonteinerid asuvad, pr\u00fcgikastid asuvad (ART975-&#8230;).<br \/>\nSuurused 300&#215;200 ja 300&#215;400 v\u00f5i siis suurendus samas proportsioonis. Kliendi tekst rohelisele alale.<\/p>\n<p><img loading=\"lazy\" decoding=\"async\" class=\"alignnone wp-image-1189\" src=\"https:\/\/www.klo.ee\/wp-content\/uploads\/2024\/11\/prygi-mahapanek-keelatud657px.png\" alt=\"\" width=\"900\" height=\"335\" srcset=\"https:\/\/www.klo.ee\/wp-content\/uploads\/2024\/11\/prygi-mahapanek-keelatud657px.png 655w, https:\/\/www.klo.ee\/wp-content\/uploads\/2024\/11\/prygi-mahapanek-keelatud657px-300x112.png 300w\" sizes=\"auto, (max-width: 900px) 100vw, 900px\" \/><br \/>\npr\u00fcgi mahapanek keelatud! Pr\u00fcgikastid asuvad<\/p>\n<hr \/>\n<p>PR\u00dcGI LIIGITI KOGUMISE-, PR\u00dcGISORTEERIMISE KLEEBISED &#8211; INFOTAHVLID (600&#215;200, 300x100mm).<\/p>\n<p><img loading=\"lazy\" decoding=\"async\" class=\"alignnone wp-image-1188\" src=\"https:\/\/www.klo.ee\/wp-content\/uploads\/2024\/11\/prygisorteerimisekleebised.jpg\" alt=\"\" width=\"900\" height=\"553\" srcset=\"https:\/\/www.klo.ee\/wp-content\/uploads\/2024\/11\/prygisorteerimisekleebised.jpg 657w, https:\/\/www.klo.ee\/wp-content\/uploads\/2024\/11\/prygisorteerimisekleebised-300x184.jpg 300w\" sizes=\"auto, (max-width: 900px) 100vw, 900px\" \/><br \/>\npr\u00fcgisorteerimise kleebised<\/p>\n<p>J\u00e4\u00e4tmejaama tehniline varustatus peab tagama allj\u00e4rgnevate olmej\u00e4\u00e4tmeliikide vastuv\u00f5tmise elanikkonnalt:<br \/>\n1) paber ja kartong (20 01 01);<br \/>\n2) plastid (20 01 39);<br \/>\n3) metallid (20 01 40);<br \/>\n4) klaas (20 01 02);<br \/>\n5) biolagunevad aia- ja haljastuj\u00e4\u00e4tmed (20 02 01);<br \/>\n6) bioloogiliselt mittelagunevad aia- ja haljastuj\u00e4\u00e4tmed (20 02 02, 20 02 03);<br \/>\n7) puit (20 01 38);<br \/>\n8) tekstiil (20 01 10, 20 01 11);<br \/>\n9) suurj\u00e4\u00e4tmed (20 03 07);<br \/>\n10) k\u00e4esolevas l\u00f5ikes nimetamata ohtlikud j\u00e4\u00e4tmed (j\u00e4\u00e4tmenimistu alajaotises 20 01 t\u00e4rniga \u201e*\u201d t\u00e4histatud j\u00e4\u00e4tmed) ning olmes tekkinud ohtlikke aineid sisaldavad v\u00f5i nendega saastunud pakendid j\u00e4\u00e4tmekoodiga 15 01 10*.<\/p>\n<p><a href=\"https:\/\/www.keskkonnateenused.ee\/kodukliendile\/j%C3%A4%C3%A4tmejaamad\/\" target=\"_blank\" rel=\"noopener\">J\u00e4\u00e4tmejaamad<\/a><\/p>\n","protected":false},"excerpt":{"rendered":"<p>Konteinerite t\u00e4histuskleebised pr\u00fcgimajanduses. J\u00e4\u00e4tmete ja taaskasutatava materjali juhendav m\u00e4rgistus. Pr\u00fcgi mahapanek keelatud. Pr\u00fcgi (j\u00e4\u00e4tmete) liigiti kogumine. Pr\u00fcgi sorteerimine. J\u00e4\u00e4tmete sortimine. pr\u00fcgisorteerimiskleebised, pr\u00fcgikleebised, ohutuskleebised, pr\u00fcgisorteerimine Kavandatavate [&#8230;]<\/p>\n","protected":false},"author":2,"featured_media":0,"parent":0,"menu_order":0,"comment_status":"closed","ping_status":"closed","template":"","meta":{"footnotes":""},"class_list":["post-1185","page","type-page","status-publish","hentry"],"yoast_head":"<!-- This site is optimized with the Yoast SEO plugin v27.5 - https:\/\/yoast.com\/product\/yoast-seo-wordpress\/ -->\n<title>Pr\u00fcgimajandus - Kolm L\u00f5vi Ohutus<\/title>\n<meta name=\"description\" content=\"Pr\u00fcgimajandus Kolm L\u00f5vi Ohutus\" \/>\n<meta name=\"robots\" content=\"index, follow, max-snippet:-1, max-image-preview:large, max-video-preview:-1\" \/>\n<link rel=\"canonical\" href=\"https:\/\/www.klo.ee\/?page_id=1185\" \/>\n<meta property=\"og:locale\" content=\"et_EE\" \/>\n<meta property=\"og:type\" content=\"article\" \/>\n<meta property=\"og:title\" content=\"Pr\u00fcgimajandus - Kolm L\u00f5vi Ohutus\" \/>\n<meta property=\"og:description\" content=\"Pr\u00fcgimajandus Kolm L\u00f5vi Ohutus\" \/>\n<meta property=\"og:url\" content=\"https:\/\/www.klo.ee\/?page_id=1185\" \/>\n<meta property=\"og:site_name\" content=\"Kolm L\u00f5vi Ohutus\" \/>\n<meta property=\"article:publisher\" content=\"https:\/\/www.facebook.com\/kloprof\" \/>\n<meta property=\"article:modified_time\" content=\"2024-12-27T14:58:44+00:00\" \/>\n<meta property=\"og:image\" content=\"https:\/\/www.klo.ee\/wp-content\/uploads\/2024\/11\/klo-657-veebipilt-prygiklb.png\" \/>\n\t<meta property=\"og:image:width\" content=\"657\" \/>\n\t<meta property=\"og:image:height\" content=\"304\" \/>\n\t<meta property=\"og:image:type\" content=\"image\/png\" \/>\n<meta name=\"twitter:card\" content=\"summary_large_image\" \/>\n<meta name=\"twitter:label1\" content=\"Est. reading time\" \/>\n\t<meta name=\"twitter:data1\" content=\"4 minutit\" \/>\n<script type=\"application\/ld+json\" class=\"yoast-schema-graph\">{\"@context\":\"https:\\\/\\\/schema.org\",\"@graph\":[{\"@type\":\"WebPage\",\"@id\":\"https:\\\/\\\/www.klo.ee\\\/?page_id=1185\",\"url\":\"https:\\\/\\\/www.klo.ee\\\/?page_id=1185\",\"name\":\"Pr\u00fcgimajandus - Kolm L\u00f5vi Ohutus\",\"isPartOf\":{\"@id\":\"https:\\\/\\\/www.klo.ee\\\/#website\"},\"primaryImageOfPage\":{\"@id\":\"https:\\\/\\\/www.klo.ee\\\/?page_id=1185#primaryimage\"},\"image\":{\"@id\":\"https:\\\/\\\/www.klo.ee\\\/?page_id=1185#primaryimage\"},\"thumbnailUrl\":\"https:\\\/\\\/www.klo.ee\\\/wp-content\\\/uploads\\\/2024\\\/11\\\/klo-657-veebipilt-prygiklb.png\",\"datePublished\":\"2024-11-18T07:02:24+00:00\",\"dateModified\":\"2024-12-27T14:58:44+00:00\",\"description\":\"Pr\u00fcgimajandus Kolm L\u00f5vi Ohutus\",\"breadcrumb\":{\"@id\":\"https:\\\/\\\/www.klo.ee\\\/?page_id=1185#breadcrumb\"},\"inLanguage\":\"et\",\"potentialAction\":[{\"@type\":\"ReadAction\",\"target\":[\"https:\\\/\\\/www.klo.ee\\\/?page_id=1185\"]}]},{\"@type\":\"ImageObject\",\"inLanguage\":\"et\",\"@id\":\"https:\\\/\\\/www.klo.ee\\\/?page_id=1185#primaryimage\",\"url\":\"https:\\\/\\\/www.klo.ee\\\/wp-content\\\/uploads\\\/2024\\\/11\\\/klo-657-veebipilt-prygiklb.png\",\"contentUrl\":\"https:\\\/\\\/www.klo.ee\\\/wp-content\\\/uploads\\\/2024\\\/11\\\/klo-657-veebipilt-prygiklb.png\",\"width\":657,\"height\":304},{\"@type\":\"BreadcrumbList\",\"@id\":\"https:\\\/\\\/www.klo.ee\\\/?page_id=1185#breadcrumb\",\"itemListElement\":[{\"@type\":\"ListItem\",\"position\":1,\"name\":\"Home\",\"item\":\"https:\\\/\\\/www.klo.ee\\\/\"},{\"@type\":\"ListItem\",\"position\":2,\"name\":\"Pr\u00fcgimajandus\"}]},{\"@type\":\"WebSite\",\"@id\":\"https:\\\/\\\/www.klo.ee\\\/#website\",\"url\":\"https:\\\/\\\/www.klo.ee\\\/\",\"name\":\"Kolm L\u00f5vi Ohutus\",\"description\":\"Ohutusm\u00e4rkide leht\",\"publisher\":{\"@id\":\"https:\\\/\\\/www.klo.ee\\\/#organization\"},\"potentialAction\":[{\"@type\":\"SearchAction\",\"target\":{\"@type\":\"EntryPoint\",\"urlTemplate\":\"https:\\\/\\\/www.klo.ee\\\/?s={search_term_string}\"},\"query-input\":{\"@type\":\"PropertyValueSpecification\",\"valueRequired\":true,\"valueName\":\"search_term_string\"}}],\"inLanguage\":\"et\"},{\"@type\":\"Organization\",\"@id\":\"https:\\\/\\\/www.klo.ee\\\/#organization\",\"name\":\"Kolm L\u00f5vi Ohutus\",\"url\":\"https:\\\/\\\/www.klo.ee\\\/\",\"logo\":{\"@type\":\"ImageObject\",\"inLanguage\":\"et\",\"@id\":\"https:\\\/\\\/www.klo.ee\\\/#\\\/schema\\\/logo\\\/image\\\/\",\"url\":\"https:\\\/\\\/www.klo.ee\\\/wp-content\\\/uploads\\\/2024\\\/09\\\/ohutusmarkheader.jpg\",\"contentUrl\":\"https:\\\/\\\/www.klo.ee\\\/wp-content\\\/uploads\\\/2024\\\/09\\\/ohutusmarkheader.jpg\",\"width\":863,\"height\":162,\"caption\":\"Kolm L\u00f5vi Ohutus\"},\"image\":{\"@id\":\"https:\\\/\\\/www.klo.ee\\\/#\\\/schema\\\/logo\\\/image\\\/\"},\"sameAs\":[\"https:\\\/\\\/www.facebook.com\\\/kloprof\"]}]}<\/script>\n<!-- \/ Yoast SEO plugin. -->","yoast_head_json":{"title":"Pr\u00fcgimajandus - Kolm L\u00f5vi Ohutus","description":"Pr\u00fcgimajandus Kolm L\u00f5vi Ohutus","robots":{"index":"index","follow":"follow","max-snippet":"max-snippet:-1","max-image-preview":"max-image-preview:large","max-video-preview":"max-video-preview:-1"},"canonical":"https:\/\/www.klo.ee\/?page_id=1185","og_locale":"et_EE","og_type":"article","og_title":"Pr\u00fcgimajandus - Kolm L\u00f5vi Ohutus","og_description":"Pr\u00fcgimajandus Kolm L\u00f5vi Ohutus","og_url":"https:\/\/www.klo.ee\/?page_id=1185","og_site_name":"Kolm L\u00f5vi Ohutus","article_publisher":"https:\/\/www.facebook.com\/kloprof","article_modified_time":"2024-12-27T14:58:44+00:00","og_image":[{"width":657,"height":304,"url":"https:\/\/www.klo.ee\/wp-content\/uploads\/2024\/11\/klo-657-veebipilt-prygiklb.png","type":"image\/png"}],"twitter_card":"summary_large_image","twitter_misc":{"Est. reading time":"4 minutit"},"schema":{"@context":"https:\/\/schema.org","@graph":[{"@type":"WebPage","@id":"https:\/\/www.klo.ee\/?page_id=1185","url":"https:\/\/www.klo.ee\/?page_id=1185","name":"Pr\u00fcgimajandus - Kolm L\u00f5vi Ohutus","isPartOf":{"@id":"https:\/\/www.klo.ee\/#website"},"primaryImageOfPage":{"@id":"https:\/\/www.klo.ee\/?page_id=1185#primaryimage"},"image":{"@id":"https:\/\/www.klo.ee\/?page_id=1185#primaryimage"},"thumbnailUrl":"https:\/\/www.klo.ee\/wp-content\/uploads\/2024\/11\/klo-657-veebipilt-prygiklb.png","datePublished":"2024-11-18T07:02:24+00:00","dateModified":"2024-12-27T14:58:44+00:00","description":"Pr\u00fcgimajandus Kolm L\u00f5vi Ohutus","breadcrumb":{"@id":"https:\/\/www.klo.ee\/?page_id=1185#breadcrumb"},"inLanguage":"et","potentialAction":[{"@type":"ReadAction","target":["https:\/\/www.klo.ee\/?page_id=1185"]}]},{"@type":"ImageObject","inLanguage":"et","@id":"https:\/\/www.klo.ee\/?page_id=1185#primaryimage","url":"https:\/\/www.klo.ee\/wp-content\/uploads\/2024\/11\/klo-657-veebipilt-prygiklb.png","contentUrl":"https:\/\/www.klo.ee\/wp-content\/uploads\/2024\/11\/klo-657-veebipilt-prygiklb.png","width":657,"height":304},{"@type":"BreadcrumbList","@id":"https:\/\/www.klo.ee\/?page_id=1185#breadcrumb","itemListElement":[{"@type":"ListItem","position":1,"name":"Home","item":"https:\/\/www.klo.ee\/"},{"@type":"ListItem","position":2,"name":"Pr\u00fcgimajandus"}]},{"@type":"WebSite","@id":"https:\/\/www.klo.ee\/#website","url":"https:\/\/www.klo.ee\/","name":"Kolm L\u00f5vi Ohutus","description":"Ohutusm\u00e4rkide leht","publisher":{"@id":"https:\/\/www.klo.ee\/#organization"},"potentialAction":[{"@type":"SearchAction","target":{"@type":"EntryPoint","urlTemplate":"https:\/\/www.klo.ee\/?s={search_term_string}"},"query-input":{"@type":"PropertyValueSpecification","valueRequired":true,"valueName":"search_term_string"}}],"inLanguage":"et"},{"@type":"Organization","@id":"https:\/\/www.klo.ee\/#organization","name":"Kolm L\u00f5vi Ohutus","url":"https:\/\/www.klo.ee\/","logo":{"@type":"ImageObject","inLanguage":"et","@id":"https:\/\/www.klo.ee\/#\/schema\/logo\/image\/","url":"https:\/\/www.klo.ee\/wp-content\/uploads\/2024\/09\/ohutusmarkheader.jpg","contentUrl":"https:\/\/www.klo.ee\/wp-content\/uploads\/2024\/09\/ohutusmarkheader.jpg","width":863,"height":162,"caption":"Kolm L\u00f5vi Ohutus"},"image":{"@id":"https:\/\/www.klo.ee\/#\/schema\/logo\/image\/"},"sameAs":["https:\/\/www.facebook.com\/kloprof"]}]}},"_links":{"self":[{"href":"https:\/\/www.klo.ee\/index.php?rest_route=\/wp\/v2\/pages\/1185","targetHints":{"allow":["GET"]}}],"collection":[{"href":"https:\/\/www.klo.ee\/index.php?rest_route=\/wp\/v2\/pages"}],"about":[{"href":"https:\/\/www.klo.ee\/index.php?rest_route=\/wp\/v2\/types\/page"}],"author":[{"embeddable":true,"href":"https:\/\/www.klo.ee\/index.php?rest_route=\/wp\/v2\/users\/2"}],"replies":[{"embeddable":true,"href":"https:\/\/www.klo.ee\/index.php?rest_route=%2Fwp%2Fv2%2Fcomments&post=1185"}],"version-history":[{"count":6,"href":"https:\/\/www.klo.ee\/index.php?rest_route=\/wp\/v2\/pages\/1185\/revisions"}],"predecessor-version":[{"id":2700,"href":"https:\/\/www.klo.ee\/index.php?rest_route=\/wp\/v2\/pages\/1185\/revisions\/2700"}],"wp:attachment":[{"href":"https:\/\/www.klo.ee\/index.php?rest_route=%2Fwp%2Fv2%2Fmedia&parent=1185"}],"curies":[{"name":"wp","href":"https:\/\/api.w.org\/{rel}","templated":true}]}}