{"id":1200,"date":"2024-11-18T07:07:04","date_gmt":"2024-11-18T07:07:04","guid":{"rendered":"https:\/\/www.klo.ee\/?page_id=1200"},"modified":"2024-12-27T15:02:11","modified_gmt":"2024-12-27T15:02:11","slug":"kaeshoitavad-ohutusmargised","status":"publish","type":"page","link":"https:\/\/www.klo.ee\/?page_id=1200","title":{"rendered":"K\u00e4eshoitavad ohutusm\u00e4rgised"},"content":{"rendered":"<h2>Liiklusreguleerija, liikluskorraldaja k\u00e4eshoitav m\u00e4rgis.<\/h2>\n<p><img loading=\"lazy\" decoding=\"async\" class=\"alignnone wp-image-82\" src=\"https:\/\/www.klo.ee\/wp-content\/uploads\/2024\/09\/reguleerijamark.jpg\" alt=\"\" width=\"1024\" height=\"723\" srcset=\"https:\/\/www.klo.ee\/wp-content\/uploads\/2024\/09\/reguleerijamark.jpg 657w, https:\/\/www.klo.ee\/wp-content\/uploads\/2024\/09\/reguleerijamark-300x212.jpg 300w\" sizes=\"auto, (max-width: 1024px) 100vw, 1024px\" \/><br \/>\nreguleerijam\u00e4rgis, liiklusreguleerija, k\u00e4eshoitav ohutusm\u00e4rk<\/p>\n<p>K\u00e4eshoitav kahepoolne liikluskorraldaja, liiklusreguleerija m\u00e4rgis tekstiga STOPP, saadaval kolmes erinevad suuruses.<br \/>\n\u00dclemise osa l\u00e4bim\u00f5\u00f5t 180, 200, 225mm.<\/p>\n<p>Lisaks on v\u00f5imalik lisaks tellida varrele pehmendav teip. <strong>M\u00e4rgised on v\u00f5imalik teha helkurpinnaga.<\/strong><\/p>\n<p>Teiste tekstidega k\u00e4eshoitavad ohutusm\u00e4rgised.<\/p>\n<hr \/>\n<p><strong>Liiklusreguleerija peab olema l\u00e4binud vastava koolituse: <a href=\"https:\/\/www.riigiteataja.ee\/akt\/128062011035\" target=\"_blank\" rel=\"noopener\">www.riigiteataja.ee\/akt\/128062011035<\/a>.<\/strong><br \/>\nV\u00e4ljav\u00f5te majandus- ja kommunikatsiooni ministri m\u00e4\u00e4rusest &#8220;Reguleerija koolitamise kord, reguleerija tunnistuse vorm ja selle v\u00e4ljaandmise kord&#8221; nr56, \u00a7 3. Koolituse liigid<br \/>\n(1) K\u00e4esolevas m\u00e4\u00e4ruses kasutatakse j\u00e4rgmist koolituse liigitust:<br \/>\n1) I p\u00e4devuskoolitus \u2013 \u201eLiiklusseaduse\u201d \u00a7 8 l\u00f5ike 3 punktis 10 nimetatud isikutele (laster\u00fchma saatja laste ohutuse tagamisel);<br \/>\n2) II p\u00e4devuskoolitus \u2013 \u201eLiiklusseaduse\u201d \u00a7 8 l\u00f5ike 3 punktides 1\u20137 ja 11 nimetatud isikutele (Kaitsev\u00e4e ja Kaitseliidu reguleerija Kaitsev\u00e4e ja Kaitseliidu s\u00f5idukite kolonni liikluses osalemise korral; p\u00e4\u00e4steteenistuja p\u00e4\u00e4stet\u00f6\u00f6del; looduskaitset\u00f6\u00f6taja kaitsealal \u201eLooduskaitseseaduse\u201d t\u00e4henduses, hoiualal, p\u00fcsielupaigas v\u00f5i kaitstava loodusobjekti piiranguv\u00f6\u00f6ndis ning selleni viivatel teedel; riigimetsa majandamist korraldav isik v\u00f5i riigiasutuse t\u00f6\u00f6taja metsateedel; raudteet\u00f6\u00f6taja raudtee\u00fcles\u00f5idukohal; parv\u00fcleveo korraldaja sadamas; parkimise korraldaja parklas; kiirabibrigaadi liige s\u00fcndmuskohal kannatanute ja kiirabibrigaadi ohutuse tagamisel);<br \/>\n3) III p\u00e4devuskoolitus \u2013 \u201eLiiklusseaduse\u201d \u00a7 8 l\u00f5ike 3 punktis 8 nimetatud isikutele (teeomaniku v\u00f5i haldusorgani poolt ajutiselt liiklust reguleerima m\u00e4\u00e4ratud isik seoses teet\u00f6\u00f6dega ja etten\u00e4htud korras koosk\u00f5lastatud \u00fcrituste ajal v\u00f5i muudel juhtudel, kui liiklus on h\u00e4iritud v\u00f5i tee on ajutiselt \u00fcldiseks liikluseks suletud);<br \/>\n4) IV p\u00e4devuskoolitus \u2013 \u201eLiiklusseaduse\u201d \u00a7 8 l\u00f5ike 3 punktis 9 nimetatud isikutele (suurt v\u00f5i rasket veost saatev isik, kui liiklus on veose suuruse v\u00f5i raskuse t\u00f5ttu h\u00e4iritud v\u00f5i ohustatud);<br \/>\n5) III p\u00e4devuskoolituse t\u00e4ienduskoolitus \u2013 reguleerija III p\u00e4devuskoolituse l\u00e4binud isikutele juhul, kui viimasest koolitusest ei ole m\u00f6\u00f6dunud rohkem kui viis aastat;<br \/>\n6) IV p\u00e4devuskoolituse t\u00e4ienduskoolitus \u2013 reguleerija IV p\u00e4devuskoolituse l\u00e4binud isikutele juhul, kui viimasest koolitusest ei ole m\u00f6\u00f6dunud rohkem kui viis aastat.<br \/>\n(2) III p\u00e4devuskoolituse l\u00e4bimine ja teadmiste kontrolli sooritamine annab \u00f5iguse liiklust reguleerida ka \u201eLiiklusseaduse\u201d \u00a7 8 l\u00f5ike 3 punktides 1\u20137 ja 11 nimetatud juhtudel.<br \/>\n(3) IV p\u00e4devuskoolituse l\u00e4bimine ja teadmiste kontrolli sooritamine annab \u00f5iguse liiklust reguleerida ka \u201eLiiklusseaduse\u201d \u00a7 8 l\u00f5ike 3 punktides 1\u20138 ja 11 nimetatud juhtudel.<\/p>\n","protected":false},"excerpt":{"rendered":"<p>Liiklusreguleerija, liikluskorraldaja k\u00e4eshoitav m\u00e4rgis. reguleerijam\u00e4rgis, liiklusreguleerija, k\u00e4eshoitav ohutusm\u00e4rk K\u00e4eshoitav kahepoolne liikluskorraldaja, liiklusreguleerija m\u00e4rgis tekstiga STOPP, saadaval kolmes erinevad suuruses. \u00dclemise osa l\u00e4bim\u00f5\u00f5t 180, 200, 225mm. [&#8230;]<\/p>\n","protected":false},"author":2,"featured_media":0,"parent":0,"menu_order":0,"comment_status":"closed","ping_status":"closed","template":"","meta":{"footnotes":""},"class_list":["post-1200","page","type-page","status-publish","hentry"],"yoast_head":"<!-- This site is optimized with the Yoast SEO plugin v27.5 - https:\/\/yoast.com\/product\/yoast-seo-wordpress\/ -->\n<title>K\u00e4eshoitavad ohutusm\u00e4rgised - Kolm L\u00f5vi Ohutus<\/title>\n<meta name=\"description\" content=\"K\u00e4eshoitavad ohutusm\u00e4rgised Kolm L\u00f5vi Ohutus\" \/>\n<meta name=\"robots\" content=\"index, follow, max-snippet:-1, max-image-preview:large, max-video-preview:-1\" \/>\n<link rel=\"canonical\" href=\"https:\/\/www.klo.ee\/?page_id=1200\" \/>\n<meta property=\"og:locale\" content=\"et_EE\" \/>\n<meta property=\"og:type\" content=\"article\" \/>\n<meta property=\"og:title\" content=\"K\u00e4eshoitavad ohutusm\u00e4rgised - Kolm L\u00f5vi Ohutus\" \/>\n<meta property=\"og:description\" content=\"K\u00e4eshoitavad ohutusm\u00e4rgised Kolm L\u00f5vi Ohutus\" \/>\n<meta property=\"og:url\" content=\"https:\/\/www.klo.ee\/?page_id=1200\" \/>\n<meta property=\"og:site_name\" content=\"Kolm L\u00f5vi Ohutus\" \/>\n<meta property=\"article:publisher\" content=\"https:\/\/www.facebook.com\/kloprof\" \/>\n<meta property=\"article:modified_time\" content=\"2024-12-27T15:02:11+00:00\" \/>\n<meta property=\"og:image\" content=\"https:\/\/www.klo.ee\/wp-content\/uploads\/2024\/09\/reguleerijamark.jpg\" \/>\n\t<meta property=\"og:image:width\" content=\"657\" \/>\n\t<meta property=\"og:image:height\" content=\"464\" \/>\n\t<meta property=\"og:image:type\" content=\"image\/jpeg\" \/>\n<meta name=\"twitter:card\" content=\"summary_large_image\" \/>\n<meta name=\"twitter:label1\" content=\"Est. reading time\" \/>\n\t<meta name=\"twitter:data1\" content=\"2 minutit\" \/>\n<script type=\"application\/ld+json\" class=\"yoast-schema-graph\">{\"@context\":\"https:\\\/\\\/schema.org\",\"@graph\":[{\"@type\":\"WebPage\",\"@id\":\"https:\\\/\\\/www.klo.ee\\\/?page_id=1200\",\"url\":\"https:\\\/\\\/www.klo.ee\\\/?page_id=1200\",\"name\":\"K\u00e4eshoitavad ohutusm\u00e4rgised - Kolm L\u00f5vi Ohutus\",\"isPartOf\":{\"@id\":\"https:\\\/\\\/www.klo.ee\\\/#website\"},\"primaryImageOfPage\":{\"@id\":\"https:\\\/\\\/www.klo.ee\\\/?page_id=1200#primaryimage\"},\"image\":{\"@id\":\"https:\\\/\\\/www.klo.ee\\\/?page_id=1200#primaryimage\"},\"thumbnailUrl\":\"https:\\\/\\\/www.klo.ee\\\/wp-content\\\/uploads\\\/2024\\\/09\\\/reguleerijamark.jpg\",\"datePublished\":\"2024-11-18T07:07:04+00:00\",\"dateModified\":\"2024-12-27T15:02:11+00:00\",\"description\":\"K\u00e4eshoitavad ohutusm\u00e4rgised Kolm L\u00f5vi Ohutus\",\"breadcrumb\":{\"@id\":\"https:\\\/\\\/www.klo.ee\\\/?page_id=1200#breadcrumb\"},\"inLanguage\":\"et\",\"potentialAction\":[{\"@type\":\"ReadAction\",\"target\":[\"https:\\\/\\\/www.klo.ee\\\/?page_id=1200\"]}]},{\"@type\":\"ImageObject\",\"inLanguage\":\"et\",\"@id\":\"https:\\\/\\\/www.klo.ee\\\/?page_id=1200#primaryimage\",\"url\":\"https:\\\/\\\/www.klo.ee\\\/wp-content\\\/uploads\\\/2024\\\/09\\\/reguleerijamark.jpg\",\"contentUrl\":\"https:\\\/\\\/www.klo.ee\\\/wp-content\\\/uploads\\\/2024\\\/09\\\/reguleerijamark.jpg\",\"width\":657,\"height\":464},{\"@type\":\"BreadcrumbList\",\"@id\":\"https:\\\/\\\/www.klo.ee\\\/?page_id=1200#breadcrumb\",\"itemListElement\":[{\"@type\":\"ListItem\",\"position\":1,\"name\":\"Home\",\"item\":\"https:\\\/\\\/www.klo.ee\\\/\"},{\"@type\":\"ListItem\",\"position\":2,\"name\":\"K\u00e4eshoitavad ohutusm\u00e4rgised\"}]},{\"@type\":\"WebSite\",\"@id\":\"https:\\\/\\\/www.klo.ee\\\/#website\",\"url\":\"https:\\\/\\\/www.klo.ee\\\/\",\"name\":\"Kolm L\u00f5vi Ohutus\",\"description\":\"Ohutusm\u00e4rkide leht\",\"publisher\":{\"@id\":\"https:\\\/\\\/www.klo.ee\\\/#organization\"},\"potentialAction\":[{\"@type\":\"SearchAction\",\"target\":{\"@type\":\"EntryPoint\",\"urlTemplate\":\"https:\\\/\\\/www.klo.ee\\\/?s={search_term_string}\"},\"query-input\":{\"@type\":\"PropertyValueSpecification\",\"valueRequired\":true,\"valueName\":\"search_term_string\"}}],\"inLanguage\":\"et\"},{\"@type\":\"Organization\",\"@id\":\"https:\\\/\\\/www.klo.ee\\\/#organization\",\"name\":\"Kolm L\u00f5vi Ohutus\",\"url\":\"https:\\\/\\\/www.klo.ee\\\/\",\"logo\":{\"@type\":\"ImageObject\",\"inLanguage\":\"et\",\"@id\":\"https:\\\/\\\/www.klo.ee\\\/#\\\/schema\\\/logo\\\/image\\\/\",\"url\":\"https:\\\/\\\/www.klo.ee\\\/wp-content\\\/uploads\\\/2024\\\/09\\\/ohutusmarkheader.jpg\",\"contentUrl\":\"https:\\\/\\\/www.klo.ee\\\/wp-content\\\/uploads\\\/2024\\\/09\\\/ohutusmarkheader.jpg\",\"width\":863,\"height\":162,\"caption\":\"Kolm L\u00f5vi Ohutus\"},\"image\":{\"@id\":\"https:\\\/\\\/www.klo.ee\\\/#\\\/schema\\\/logo\\\/image\\\/\"},\"sameAs\":[\"https:\\\/\\\/www.facebook.com\\\/kloprof\"]}]}<\/script>\n<!-- \/ Yoast SEO plugin. -->","yoast_head_json":{"title":"K\u00e4eshoitavad ohutusm\u00e4rgised - Kolm L\u00f5vi Ohutus","description":"K\u00e4eshoitavad ohutusm\u00e4rgised Kolm L\u00f5vi Ohutus","robots":{"index":"index","follow":"follow","max-snippet":"max-snippet:-1","max-image-preview":"max-image-preview:large","max-video-preview":"max-video-preview:-1"},"canonical":"https:\/\/www.klo.ee\/?page_id=1200","og_locale":"et_EE","og_type":"article","og_title":"K\u00e4eshoitavad ohutusm\u00e4rgised - Kolm L\u00f5vi Ohutus","og_description":"K\u00e4eshoitavad ohutusm\u00e4rgised Kolm L\u00f5vi Ohutus","og_url":"https:\/\/www.klo.ee\/?page_id=1200","og_site_name":"Kolm L\u00f5vi Ohutus","article_publisher":"https:\/\/www.facebook.com\/kloprof","article_modified_time":"2024-12-27T15:02:11+00:00","og_image":[{"width":657,"height":464,"url":"https:\/\/www.klo.ee\/wp-content\/uploads\/2024\/09\/reguleerijamark.jpg","type":"image\/jpeg"}],"twitter_card":"summary_large_image","twitter_misc":{"Est. reading time":"2 minutit"},"schema":{"@context":"https:\/\/schema.org","@graph":[{"@type":"WebPage","@id":"https:\/\/www.klo.ee\/?page_id=1200","url":"https:\/\/www.klo.ee\/?page_id=1200","name":"K\u00e4eshoitavad ohutusm\u00e4rgised - Kolm L\u00f5vi Ohutus","isPartOf":{"@id":"https:\/\/www.klo.ee\/#website"},"primaryImageOfPage":{"@id":"https:\/\/www.klo.ee\/?page_id=1200#primaryimage"},"image":{"@id":"https:\/\/www.klo.ee\/?page_id=1200#primaryimage"},"thumbnailUrl":"https:\/\/www.klo.ee\/wp-content\/uploads\/2024\/09\/reguleerijamark.jpg","datePublished":"2024-11-18T07:07:04+00:00","dateModified":"2024-12-27T15:02:11+00:00","description":"K\u00e4eshoitavad ohutusm\u00e4rgised Kolm L\u00f5vi Ohutus","breadcrumb":{"@id":"https:\/\/www.klo.ee\/?page_id=1200#breadcrumb"},"inLanguage":"et","potentialAction":[{"@type":"ReadAction","target":["https:\/\/www.klo.ee\/?page_id=1200"]}]},{"@type":"ImageObject","inLanguage":"et","@id":"https:\/\/www.klo.ee\/?page_id=1200#primaryimage","url":"https:\/\/www.klo.ee\/wp-content\/uploads\/2024\/09\/reguleerijamark.jpg","contentUrl":"https:\/\/www.klo.ee\/wp-content\/uploads\/2024\/09\/reguleerijamark.jpg","width":657,"height":464},{"@type":"BreadcrumbList","@id":"https:\/\/www.klo.ee\/?page_id=1200#breadcrumb","itemListElement":[{"@type":"ListItem","position":1,"name":"Home","item":"https:\/\/www.klo.ee\/"},{"@type":"ListItem","position":2,"name":"K\u00e4eshoitavad ohutusm\u00e4rgised"}]},{"@type":"WebSite","@id":"https:\/\/www.klo.ee\/#website","url":"https:\/\/www.klo.ee\/","name":"Kolm L\u00f5vi Ohutus","description":"Ohutusm\u00e4rkide leht","publisher":{"@id":"https:\/\/www.klo.ee\/#organization"},"potentialAction":[{"@type":"SearchAction","target":{"@type":"EntryPoint","urlTemplate":"https:\/\/www.klo.ee\/?s={search_term_string}"},"query-input":{"@type":"PropertyValueSpecification","valueRequired":true,"valueName":"search_term_string"}}],"inLanguage":"et"},{"@type":"Organization","@id":"https:\/\/www.klo.ee\/#organization","name":"Kolm L\u00f5vi Ohutus","url":"https:\/\/www.klo.ee\/","logo":{"@type":"ImageObject","inLanguage":"et","@id":"https:\/\/www.klo.ee\/#\/schema\/logo\/image\/","url":"https:\/\/www.klo.ee\/wp-content\/uploads\/2024\/09\/ohutusmarkheader.jpg","contentUrl":"https:\/\/www.klo.ee\/wp-content\/uploads\/2024\/09\/ohutusmarkheader.jpg","width":863,"height":162,"caption":"Kolm L\u00f5vi Ohutus"},"image":{"@id":"https:\/\/www.klo.ee\/#\/schema\/logo\/image\/"},"sameAs":["https:\/\/www.facebook.com\/kloprof"]}]}},"_links":{"self":[{"href":"https:\/\/www.klo.ee\/index.php?rest_route=\/wp\/v2\/pages\/1200","targetHints":{"allow":["GET"]}}],"collection":[{"href":"https:\/\/www.klo.ee\/index.php?rest_route=\/wp\/v2\/pages"}],"about":[{"href":"https:\/\/www.klo.ee\/index.php?rest_route=\/wp\/v2\/types\/page"}],"author":[{"embeddable":true,"href":"https:\/\/www.klo.ee\/index.php?rest_route=\/wp\/v2\/users\/2"}],"replies":[{"embeddable":true,"href":"https:\/\/www.klo.ee\/index.php?rest_route=%2Fwp%2Fv2%2Fcomments&post=1200"}],"version-history":[{"count":6,"href":"https:\/\/www.klo.ee\/index.php?rest_route=\/wp\/v2\/pages\/1200\/revisions"}],"predecessor-version":[{"id":2701,"href":"https:\/\/www.klo.ee\/index.php?rest_route=\/wp\/v2\/pages\/1200\/revisions\/2701"}],"wp:attachment":[{"href":"https:\/\/www.klo.ee\/index.php?rest_route=%2Fwp%2Fv2%2Fmedia&parent=1200"}],"curies":[{"name":"wp","href":"https:\/\/api.w.org\/{rel}","templated":true}]}}