{"id":123,"date":"2024-10-04T16:12:30","date_gmt":"2024-10-04T16:12:30","guid":{"rendered":"https:\/\/www.klo.ee\/?page_id=123"},"modified":"2025-03-05T12:38:36","modified_gmt":"2025-03-05T12:38:36","slug":"ohutusmargid-uldiselt","status":"publish","type":"page","link":"https:\/\/www.klo.ee\/?page_id=123","title":{"rendered":"OHUTUSM\u00c4RGID \u00dcLDISELT"},"content":{"rendered":"<h1>OHUTUSM\u00c4RGID ERINEVATELE VALDKONDADELE<\/h1>\n<figure id=\"attachment_125\" aria-describedby=\"caption-attachment-125\" style=\"width: 1024px\" class=\"wp-caption alignnone\"><img loading=\"lazy\" decoding=\"async\" class=\"wp-image-125\" src=\"https:\/\/www.klo.ee\/wp-content\/uploads\/2024\/09\/suitsetamisejatulekeeld.jpg\" alt=\"\" width=\"1024\" height=\"617\" srcset=\"https:\/\/www.klo.ee\/wp-content\/uploads\/2024\/09\/suitsetamisejatulekeeld.jpg 657w, https:\/\/www.klo.ee\/wp-content\/uploads\/2024\/09\/suitsetamisejatulekeeld-300x181.jpg 300w\" sizes=\"auto, (max-width: 1024px) 100vw, 1024px\" \/><figcaption id=\"caption-attachment-125\" class=\"wp-caption-text\">suitsetamise keeld ja lahtise tule keeld<\/figcaption><\/figure>\n<h4>PAKUME j\u00e4rgnevaid tooteseeriaid:<\/h4>\n<p>1. Tuleohutusm\u00e4rgised- seeria 000, 2000<br \/>\n2. T\u00f6\u00f6ohutusm\u00e4rgised &#8211; seeria 100, 2000<br \/>\n3. Elektriohutus, logistika ja laomajandus, kontrollkleebised, kinnitusteibid &#8211; seeria 200, 2000<br \/>\n4. Kemikaalid, mahutite ja torustike t\u00e4histamine, ohtlike ainete transport &#8211; seeria 300, 3000<br \/>\n5. Transpordim\u00e4rgid &#8211; seeria 400<br \/>\n6. Rahvusvaheliste ohutusm\u00e4rkide laiendus &#8211; seeria 600, 6000<br \/>\n7. Merendus ja meretranspordi m\u00e4rgid &#8211; seeria 700, 7000, 8000<br \/>\n8. Liitm\u00e4rgid, ehitusterritooriumim\u00e4rgid ja m\u00e4rkide komplektid &#8211; seeria 800 ja 1000, 2000<br \/>\n9. Olmem\u00e4rgid &#8211; seeria 900 ja 9000<br \/>\n10. Militaarohutus ja kaitsev\u00e4e logistika &#8211; seeria 5000<br \/>\n11. Masinaohutus &#8211; seeria 4000<\/p>\n<figure id=\"attachment_133\" aria-describedby=\"caption-attachment-133\" style=\"width: 1024px\" class=\"wp-caption alignnone\"><img loading=\"lazy\" decoding=\"async\" class=\"wp-image-133\" src=\"https:\/\/www.klo.ee\/wp-content\/uploads\/2024\/10\/adr-kleebised-autol.jpg\" alt=\"\" width=\"1024\" height=\"287\" srcset=\"https:\/\/www.klo.ee\/wp-content\/uploads\/2024\/10\/adr-kleebised-autol.jpg 657w, https:\/\/www.klo.ee\/wp-content\/uploads\/2024\/10\/adr-kleebised-autol-300x84.jpg 300w\" sizes=\"auto, (max-width: 1024px) 100vw, 1024px\" \/><figcaption id=\"caption-attachment-133\" class=\"wp-caption-text\">adr kleebised autol<\/figcaption><\/figure>\n<figure id=\"attachment_134\" aria-describedby=\"caption-attachment-134\" style=\"width: 1024px\" class=\"wp-caption alignnone\"><img loading=\"lazy\" decoding=\"async\" class=\"wp-image-134\" src=\"https:\/\/www.klo.ee\/wp-content\/uploads\/2024\/10\/tulekustutiasukohatahistus6.jpg\" alt=\"\" width=\"1024\" height=\"868\" srcset=\"https:\/\/www.klo.ee\/wp-content\/uploads\/2024\/10\/tulekustutiasukohatahistus6.jpg 657w, https:\/\/www.klo.ee\/wp-content\/uploads\/2024\/10\/tulekustutiasukohatahistus6-300x254.jpg 300w\" sizes=\"auto, (max-width: 1024px) 100vw, 1024px\" \/><figcaption id=\"caption-attachment-134\" class=\"wp-caption-text\">tulekustuti asukoha t\u00e4histamine<\/figcaption><\/figure>\n<p>\u00dclal oleval pildil on montaa\u017eiliimiga kleebitud plastikust ohutusm\u00e4rgid kleebitud kiviseinale.<br \/>\nKahepoolsete (seinast eenduvate) plastikust ohutusm\u00e4rkide kinnituste pildid <a href=\"https:\/\/www.klo.ee\/?page_id=1883\" target=\"_blank\" rel=\"noopener\">SIIN<\/a>.<\/p>\n<p><a href=\"https:\/\/kolmlovi.eu\/kohver_com\/\"><img loading=\"lazy\" decoding=\"async\" class=\"wp-image-135 size-full aligncenter\" src=\"https:\/\/www.klo.ee\/wp-content\/uploads\/2024\/10\/klokast300px.gif\" alt=\"\" width=\"300\" height=\"304\" \/><\/a>M\u00e4rgid saadaval Kohver.com e-poes\u00a0 \u00a0 <a href=\"https:\/\/kohver.com\/\" target=\"_blank\" rel=\"noopener\"><img loading=\"lazy\" decoding=\"async\" class=\"alignnone size-full wp-image-1981\" src=\"https:\/\/www.klo.ee\/wp-content\/uploads\/2024\/11\/www.gif\" alt=\"\" width=\"53\" height=\"20\" \/><\/a>.<\/p>\n<p>&nbsp;<\/p>\n<ol>\n<li>Soovitame kasutada pikaajalisi kaitsekilega m\u00e4rgiseid, kuna kaitsekile takistab ilmastiku p\u00f5hjustatud kulumist.<\/li>\n<li>M\u00e4rgise alusmaterjal tuleks valida vastavalt sellele, kuidas soovite m\u00e4rgiseid kinnitada ning kui pikaks ajaks neid paigaldada.<\/li>\n<li>Suurus tuleks valida selle j\u00e4rgi, kui kaugelt peab tekst olema loetav ja hoiatuss\u00fcmbol n\u00e4htav ning \u00e4ratuntav.<\/li>\n<\/ol>\n","protected":false},"excerpt":{"rendered":"<p>OHUTUSM\u00c4RGID ERINEVATELE VALDKONDADELE PAKUME j\u00e4rgnevaid tooteseeriaid: 1. Tuleohutusm\u00e4rgised- seeria 000, 2000 2. T\u00f6\u00f6ohutusm\u00e4rgised &#8211; seeria 100, 2000 3. Elektriohutus, logistika ja laomajandus, kontrollkleebised, kinnitusteibid &#8211; [&#8230;]<\/p>\n","protected":false},"author":2,"featured_media":0,"parent":0,"menu_order":0,"comment_status":"closed","ping_status":"closed","template":"","meta":{"footnotes":""},"class_list":["post-123","page","type-page","status-publish","hentry"],"yoast_head":"<!-- This site is optimized with the Yoast SEO plugin v27.5 - https:\/\/yoast.com\/product\/yoast-seo-wordpress\/ -->\n<title>OHUTUSM\u00c4RGID \u00dcLDISELT - Kolm L\u00f5vi Ohutus<\/title>\n<meta name=\"description\" content=\"OHUTUSM\u00c4RGID \u00dcLDISELT Kolm L\u00f5vi Ohutus kleeps, kleepsud, ohutusm\u00e4rgid, kohver.com, tr\u00fckiteenused, tr\u00fckikoda, printimine, print\" \/>\n<meta name=\"robots\" content=\"index, follow, max-snippet:-1, max-image-preview:large, max-video-preview:-1\" \/>\n<link rel=\"canonical\" href=\"https:\/\/www.klo.ee\/?page_id=123\" \/>\n<meta property=\"og:locale\" content=\"et_EE\" \/>\n<meta property=\"og:type\" content=\"article\" \/>\n<meta property=\"og:title\" content=\"OHUTUSM\u00c4RGID \u00dcLDISELT - Kolm L\u00f5vi Ohutus\" \/>\n<meta property=\"og:description\" content=\"OHUTUSM\u00c4RGID \u00dcLDISELT Kolm L\u00f5vi Ohutus kleeps, kleepsud, ohutusm\u00e4rgid, kohver.com, tr\u00fckiteenused, tr\u00fckikoda, printimine, print\" \/>\n<meta property=\"og:url\" content=\"https:\/\/www.klo.ee\/?page_id=123\" \/>\n<meta property=\"og:site_name\" content=\"Kolm L\u00f5vi Ohutus\" \/>\n<meta property=\"article:publisher\" content=\"https:\/\/www.facebook.com\/kloprof\" \/>\n<meta property=\"article:modified_time\" content=\"2025-03-05T12:38:36+00:00\" \/>\n<meta property=\"og:image\" content=\"https:\/\/www.klo.ee\/wp-content\/uploads\/2024\/09\/suitsetamisejatulekeeld.jpg\" \/>\n\t<meta property=\"og:image:width\" content=\"657\" \/>\n\t<meta property=\"og:image:height\" content=\"396\" \/>\n\t<meta property=\"og:image:type\" content=\"image\/jpeg\" \/>\n<meta name=\"twitter:card\" content=\"summary_large_image\" \/>\n<meta name=\"twitter:label1\" content=\"Est. reading time\" \/>\n\t<meta name=\"twitter:data1\" content=\"2 minutit\" \/>\n<script type=\"application\/ld+json\" class=\"yoast-schema-graph\">{\"@context\":\"https:\\\/\\\/schema.org\",\"@graph\":[{\"@type\":\"WebPage\",\"@id\":\"https:\\\/\\\/www.klo.ee\\\/?page_id=123\",\"url\":\"https:\\\/\\\/www.klo.ee\\\/?page_id=123\",\"name\":\"OHUTUSM\u00c4RGID \u00dcLDISELT - Kolm L\u00f5vi Ohutus\",\"isPartOf\":{\"@id\":\"https:\\\/\\\/www.klo.ee\\\/#website\"},\"primaryImageOfPage\":{\"@id\":\"https:\\\/\\\/www.klo.ee\\\/?page_id=123#primaryimage\"},\"image\":{\"@id\":\"https:\\\/\\\/www.klo.ee\\\/?page_id=123#primaryimage\"},\"thumbnailUrl\":\"https:\\\/\\\/www.klo.ee\\\/wp-content\\\/uploads\\\/2024\\\/09\\\/suitsetamisejatulekeeld.jpg\",\"datePublished\":\"2024-10-04T16:12:30+00:00\",\"dateModified\":\"2025-03-05T12:38:36+00:00\",\"description\":\"OHUTUSM\u00c4RGID \u00dcLDISELT Kolm L\u00f5vi Ohutus kleeps, kleepsud, ohutusm\u00e4rgid, kohver.com, tr\u00fckiteenused, tr\u00fckikoda, printimine, print\",\"breadcrumb\":{\"@id\":\"https:\\\/\\\/www.klo.ee\\\/?page_id=123#breadcrumb\"},\"inLanguage\":\"et\",\"potentialAction\":[{\"@type\":\"ReadAction\",\"target\":[\"https:\\\/\\\/www.klo.ee\\\/?page_id=123\"]}]},{\"@type\":\"ImageObject\",\"inLanguage\":\"et\",\"@id\":\"https:\\\/\\\/www.klo.ee\\\/?page_id=123#primaryimage\",\"url\":\"https:\\\/\\\/www.klo.ee\\\/wp-content\\\/uploads\\\/2024\\\/09\\\/suitsetamisejatulekeeld.jpg\",\"contentUrl\":\"https:\\\/\\\/www.klo.ee\\\/wp-content\\\/uploads\\\/2024\\\/09\\\/suitsetamisejatulekeeld.jpg\",\"width\":657,\"height\":396,\"caption\":\"OLYMPUS DIGITAL CAMERA\"},{\"@type\":\"BreadcrumbList\",\"@id\":\"https:\\\/\\\/www.klo.ee\\\/?page_id=123#breadcrumb\",\"itemListElement\":[{\"@type\":\"ListItem\",\"position\":1,\"name\":\"Home\",\"item\":\"https:\\\/\\\/www.klo.ee\\\/\"},{\"@type\":\"ListItem\",\"position\":2,\"name\":\"OHUTUSM\u00c4RGID \u00dcLDISELT\"}]},{\"@type\":\"WebSite\",\"@id\":\"https:\\\/\\\/www.klo.ee\\\/#website\",\"url\":\"https:\\\/\\\/www.klo.ee\\\/\",\"name\":\"Kolm L\u00f5vi Ohutus\",\"description\":\"Ohutusm\u00e4rkide leht\",\"publisher\":{\"@id\":\"https:\\\/\\\/www.klo.ee\\\/#organization\"},\"potentialAction\":[{\"@type\":\"SearchAction\",\"target\":{\"@type\":\"EntryPoint\",\"urlTemplate\":\"https:\\\/\\\/www.klo.ee\\\/?s={search_term_string}\"},\"query-input\":{\"@type\":\"PropertyValueSpecification\",\"valueRequired\":true,\"valueName\":\"search_term_string\"}}],\"inLanguage\":\"et\"},{\"@type\":\"Organization\",\"@id\":\"https:\\\/\\\/www.klo.ee\\\/#organization\",\"name\":\"Kolm L\u00f5vi Ohutus\",\"url\":\"https:\\\/\\\/www.klo.ee\\\/\",\"logo\":{\"@type\":\"ImageObject\",\"inLanguage\":\"et\",\"@id\":\"https:\\\/\\\/www.klo.ee\\\/#\\\/schema\\\/logo\\\/image\\\/\",\"url\":\"https:\\\/\\\/www.klo.ee\\\/wp-content\\\/uploads\\\/2024\\\/09\\\/ohutusmarkheader.jpg\",\"contentUrl\":\"https:\\\/\\\/www.klo.ee\\\/wp-content\\\/uploads\\\/2024\\\/09\\\/ohutusmarkheader.jpg\",\"width\":863,\"height\":162,\"caption\":\"Kolm L\u00f5vi Ohutus\"},\"image\":{\"@id\":\"https:\\\/\\\/www.klo.ee\\\/#\\\/schema\\\/logo\\\/image\\\/\"},\"sameAs\":[\"https:\\\/\\\/www.facebook.com\\\/kloprof\"]}]}<\/script>\n<!-- \/ Yoast SEO plugin. -->","yoast_head_json":{"title":"OHUTUSM\u00c4RGID \u00dcLDISELT - Kolm L\u00f5vi Ohutus","description":"OHUTUSM\u00c4RGID \u00dcLDISELT Kolm L\u00f5vi Ohutus kleeps, kleepsud, ohutusm\u00e4rgid, kohver.com, tr\u00fckiteenused, tr\u00fckikoda, printimine, print","robots":{"index":"index","follow":"follow","max-snippet":"max-snippet:-1","max-image-preview":"max-image-preview:large","max-video-preview":"max-video-preview:-1"},"canonical":"https:\/\/www.klo.ee\/?page_id=123","og_locale":"et_EE","og_type":"article","og_title":"OHUTUSM\u00c4RGID \u00dcLDISELT - Kolm L\u00f5vi Ohutus","og_description":"OHUTUSM\u00c4RGID \u00dcLDISELT Kolm L\u00f5vi Ohutus kleeps, kleepsud, ohutusm\u00e4rgid, kohver.com, tr\u00fckiteenused, tr\u00fckikoda, printimine, print","og_url":"https:\/\/www.klo.ee\/?page_id=123","og_site_name":"Kolm L\u00f5vi Ohutus","article_publisher":"https:\/\/www.facebook.com\/kloprof","article_modified_time":"2025-03-05T12:38:36+00:00","og_image":[{"width":657,"height":396,"url":"https:\/\/www.klo.ee\/wp-content\/uploads\/2024\/09\/suitsetamisejatulekeeld.jpg","type":"image\/jpeg"}],"twitter_card":"summary_large_image","twitter_misc":{"Est. reading time":"2 minutit"},"schema":{"@context":"https:\/\/schema.org","@graph":[{"@type":"WebPage","@id":"https:\/\/www.klo.ee\/?page_id=123","url":"https:\/\/www.klo.ee\/?page_id=123","name":"OHUTUSM\u00c4RGID \u00dcLDISELT - Kolm L\u00f5vi Ohutus","isPartOf":{"@id":"https:\/\/www.klo.ee\/#website"},"primaryImageOfPage":{"@id":"https:\/\/www.klo.ee\/?page_id=123#primaryimage"},"image":{"@id":"https:\/\/www.klo.ee\/?page_id=123#primaryimage"},"thumbnailUrl":"https:\/\/www.klo.ee\/wp-content\/uploads\/2024\/09\/suitsetamisejatulekeeld.jpg","datePublished":"2024-10-04T16:12:30+00:00","dateModified":"2025-03-05T12:38:36+00:00","description":"OHUTUSM\u00c4RGID \u00dcLDISELT Kolm L\u00f5vi Ohutus kleeps, kleepsud, ohutusm\u00e4rgid, kohver.com, tr\u00fckiteenused, tr\u00fckikoda, printimine, print","breadcrumb":{"@id":"https:\/\/www.klo.ee\/?page_id=123#breadcrumb"},"inLanguage":"et","potentialAction":[{"@type":"ReadAction","target":["https:\/\/www.klo.ee\/?page_id=123"]}]},{"@type":"ImageObject","inLanguage":"et","@id":"https:\/\/www.klo.ee\/?page_id=123#primaryimage","url":"https:\/\/www.klo.ee\/wp-content\/uploads\/2024\/09\/suitsetamisejatulekeeld.jpg","contentUrl":"https:\/\/www.klo.ee\/wp-content\/uploads\/2024\/09\/suitsetamisejatulekeeld.jpg","width":657,"height":396,"caption":"OLYMPUS DIGITAL CAMERA"},{"@type":"BreadcrumbList","@id":"https:\/\/www.klo.ee\/?page_id=123#breadcrumb","itemListElement":[{"@type":"ListItem","position":1,"name":"Home","item":"https:\/\/www.klo.ee\/"},{"@type":"ListItem","position":2,"name":"OHUTUSM\u00c4RGID \u00dcLDISELT"}]},{"@type":"WebSite","@id":"https:\/\/www.klo.ee\/#website","url":"https:\/\/www.klo.ee\/","name":"Kolm L\u00f5vi Ohutus","description":"Ohutusm\u00e4rkide leht","publisher":{"@id":"https:\/\/www.klo.ee\/#organization"},"potentialAction":[{"@type":"SearchAction","target":{"@type":"EntryPoint","urlTemplate":"https:\/\/www.klo.ee\/?s={search_term_string}"},"query-input":{"@type":"PropertyValueSpecification","valueRequired":true,"valueName":"search_term_string"}}],"inLanguage":"et"},{"@type":"Organization","@id":"https:\/\/www.klo.ee\/#organization","name":"Kolm L\u00f5vi Ohutus","url":"https:\/\/www.klo.ee\/","logo":{"@type":"ImageObject","inLanguage":"et","@id":"https:\/\/www.klo.ee\/#\/schema\/logo\/image\/","url":"https:\/\/www.klo.ee\/wp-content\/uploads\/2024\/09\/ohutusmarkheader.jpg","contentUrl":"https:\/\/www.klo.ee\/wp-content\/uploads\/2024\/09\/ohutusmarkheader.jpg","width":863,"height":162,"caption":"Kolm L\u00f5vi Ohutus"},"image":{"@id":"https:\/\/www.klo.ee\/#\/schema\/logo\/image\/"},"sameAs":["https:\/\/www.facebook.com\/kloprof"]}]}},"_links":{"self":[{"href":"https:\/\/www.klo.ee\/index.php?rest_route=\/wp\/v2\/pages\/123","targetHints":{"allow":["GET"]}}],"collection":[{"href":"https:\/\/www.klo.ee\/index.php?rest_route=\/wp\/v2\/pages"}],"about":[{"href":"https:\/\/www.klo.ee\/index.php?rest_route=\/wp\/v2\/types\/page"}],"author":[{"embeddable":true,"href":"https:\/\/www.klo.ee\/index.php?rest_route=\/wp\/v2\/users\/2"}],"replies":[{"embeddable":true,"href":"https:\/\/www.klo.ee\/index.php?rest_route=%2Fwp%2Fv2%2Fcomments&post=123"}],"version-history":[{"count":12,"href":"https:\/\/www.klo.ee\/index.php?rest_route=\/wp\/v2\/pages\/123\/revisions"}],"predecessor-version":[{"id":2915,"href":"https:\/\/www.klo.ee\/index.php?rest_route=\/wp\/v2\/pages\/123\/revisions\/2915"}],"wp:attachment":[{"href":"https:\/\/www.klo.ee\/index.php?rest_route=%2Fwp%2Fv2%2Fmedia&parent=123"}],"curies":[{"name":"wp","href":"https:\/\/api.w.org\/{rel}","templated":true}]}}