{"id":1238,"date":"2024-11-18T07:53:34","date_gmt":"2024-11-18T07:53:34","guid":{"rendered":"https:\/\/www.klo.ee\/?page_id=1238"},"modified":"2025-07-24T12:14:31","modified_gmt":"2025-07-24T12:14:31","slug":"metallmargid","status":"publish","type":"page","link":"https:\/\/www.klo.ee\/?page_id=1238","title":{"rendered":"Metallm\u00e4rgid &#8211; Kolm L\u00f5vi Ohutus"},"content":{"rendered":"<ul>\n<li><strong><span style=\"font-size: 14pt;\">Uksekella t\u00e4his<\/span><\/strong><\/li>\n<li><strong><span style=\"font-size: 14pt;\">Ukset\u00e4histus<\/span><\/strong><\/li>\n<li><strong><span style=\"font-size: 14pt;\">Korterite t\u00e4histused<\/span><\/strong><\/li>\n<li><strong><span style=\"font-size: 14pt;\">Postkasti t\u00e4histused<\/span><\/strong><\/li>\n<li><strong><span style=\"font-size: 14pt;\">Metallpinnaga nimesilt<\/span><\/strong><\/li>\n<li><strong><span style=\"font-size: 14pt;\">Logo metallkleebisena<\/span><\/strong><\/li>\n<li><strong><span style=\"font-size: 14pt;\">Metallpinnaga magnet<\/span><\/strong><\/li>\n<li><strong><span style=\"font-size: 14pt;\">Painutatud universaalsed jalad lauasiltidele<\/span><\/strong><\/li>\n<li><strong><span style=\"font-size: 14pt;\">Metallist ohutust\u00e4histus<\/span><\/strong><\/li>\n<li><strong><span style=\"font-size: 14pt;\">Seinale kinnitatav kolmnurkne eenduv ohutust\u00e4histus<\/span><\/strong>\n<ul>\n<li><span style=\"font-size: 14pt;\">Juhendavad m\u00e4rgid ja sildid<\/span><\/li>\n<\/ul>\n<\/li>\n<li><strong><span style=\"font-size: 14pt;\">Lauasildid ja reserveeringu sildid<\/span><\/strong><\/li>\n<li><strong><span style=\"font-size: 14pt;\">P\u00f6\u00f6ratud servadega metallist m\u00e4rgid<\/span><\/strong>\n<ul>\n<li><span style=\"font-size: 14pt;\">Torukinnituse klambrid<\/span><\/li>\n<\/ul>\n<\/li>\n<\/ul>\n<hr \/>\n<h3 style=\"text-align: center;\">Alumiiniumist p\u00f5hjal kleebitavad ohutusm\u00e4rgised. Fotol kolm p\u00f5hilist suurust.<\/h3>\n<figure id=\"attachment_1260\" aria-describedby=\"caption-attachment-1260\" style=\"width: 657px\" class=\"wp-caption aligncenter\"><img loading=\"lazy\" decoding=\"async\" class=\"wp-image-1260 size-full\" src=\"https:\/\/www.klo.ee\/wp-content\/uploads\/2024\/11\/metallmargid-kolm-suurust.jpg\" alt=\"\" width=\"657\" height=\"655\" srcset=\"https:\/\/www.klo.ee\/wp-content\/uploads\/2024\/11\/metallmargid-kolm-suurust.jpg 657w, https:\/\/www.klo.ee\/wp-content\/uploads\/2024\/11\/metallmargid-kolm-suurust-300x300.jpg 300w, https:\/\/www.klo.ee\/wp-content\/uploads\/2024\/11\/metallmargid-kolm-suurust-150x150.jpg 150w\" sizes=\"auto, (max-width: 657px) 100vw, 657px\" \/><figcaption id=\"caption-attachment-1260\" class=\"wp-caption-text\">metallist m\u00e4rgid ustele 3M kahepoolse teibiga<\/figcaption><\/figure>\n<h3>M\u00f5ningad valmis laotooted ja v\u00e4lja t\u00f6\u00f6tatud lahendused<\/h3>\n<p><img loading=\"lazy\" decoding=\"async\" class=\"alignnone wp-image-1258\" src=\"https:\/\/www.klo.ee\/wp-content\/uploads\/2024\/11\/6metallmargid21-12-2018.jpg\" alt=\"\" width=\"432\" height=\"265\" srcset=\"https:\/\/www.klo.ee\/wp-content\/uploads\/2024\/11\/6metallmargid21-12-2018.jpg 657w, https:\/\/www.klo.ee\/wp-content\/uploads\/2024\/11\/6metallmargid21-12-2018-300x184.jpg 300w\" sizes=\"auto, (max-width: 432px) 100vw, 432px\" \/>\u00a0 \u00a0<img loading=\"lazy\" decoding=\"async\" class=\"alignnone wp-image-1259\" src=\"https:\/\/www.klo.ee\/wp-content\/uploads\/2024\/11\/2metallmargid21-12-2018.jpg\" alt=\"\" width=\"433\" height=\"266\" srcset=\"https:\/\/www.klo.ee\/wp-content\/uploads\/2024\/11\/2metallmargid21-12-2018.jpg 657w, https:\/\/www.klo.ee\/wp-content\/uploads\/2024\/11\/2metallmargid21-12-2018-300x184.jpg 300w\" sizes=\"auto, (max-width: 433px) 100vw, 433px\" \/><br \/>\nl\u00fckka-t\u00f5mba sildid, vertikaalne variant<\/p>\n<p><img loading=\"lazy\" decoding=\"async\" class=\"alignnone wp-image-1257\" src=\"https:\/\/www.klo.ee\/wp-content\/uploads\/2024\/11\/4metallmargid21-12-2018.jpg\" alt=\"\" width=\"435\" height=\"267\" srcset=\"https:\/\/www.klo.ee\/wp-content\/uploads\/2024\/11\/4metallmargid21-12-2018.jpg 657w, https:\/\/www.klo.ee\/wp-content\/uploads\/2024\/11\/4metallmargid21-12-2018-300x184.jpg 300w\" sizes=\"auto, (max-width: 435px) 100vw, 435px\" \/>\u00a0 \u00a0<img loading=\"lazy\" decoding=\"async\" class=\"alignnone wp-image-1256\" src=\"https:\/\/www.klo.ee\/wp-content\/uploads\/2024\/11\/5metallmargid21-12-2018.jpg\" alt=\"\" width=\"436\" height=\"268\" srcset=\"https:\/\/www.klo.ee\/wp-content\/uploads\/2024\/11\/5metallmargid21-12-2018.jpg 657w, https:\/\/www.klo.ee\/wp-content\/uploads\/2024\/11\/5metallmargid21-12-2018-300x184.jpg 300w\" sizes=\"auto, (max-width: 436px) 100vw, 436px\" \/><\/p>\n<p><img loading=\"lazy\" decoding=\"async\" class=\"alignnone wp-image-1253\" src=\"https:\/\/www.klo.ee\/wp-content\/uploads\/2024\/11\/klo-office-silverline.png\" alt=\"\" width=\"880\" height=\"482\" srcset=\"https:\/\/www.klo.ee\/wp-content\/uploads\/2024\/11\/klo-office-silverline.png 657w, https:\/\/www.klo.ee\/wp-content\/uploads\/2024\/11\/klo-office-silverline-300x164.png 300w\" sizes=\"auto, (max-width: 880px) 100vw, 880px\" \/><\/p>\n<p><img loading=\"lazy\" decoding=\"async\" class=\"alignnone wp-image-1255\" src=\"https:\/\/www.klo.ee\/wp-content\/uploads\/2024\/11\/7metallmargid21-12-2018.jpg\" alt=\"\" width=\"900\" height=\"553\" srcset=\"https:\/\/www.klo.ee\/wp-content\/uploads\/2024\/11\/7metallmargid21-12-2018.jpg 657w, https:\/\/www.klo.ee\/wp-content\/uploads\/2024\/11\/7metallmargid21-12-2018-300x184.jpg 300w\" sizes=\"auto, (max-width: 900px) 100vw, 900px\" \/><br \/>\nmetallist painutatud sildid lauale erinevate tekstidega ja erinevate m\u00f5\u00f5tudega <span style=\"color: #999999;\">(HP33114)<\/span><\/p>\n<p><img loading=\"lazy\" decoding=\"async\" class=\"alignnone wp-image-78\" src=\"https:\/\/www.klo.ee\/wp-content\/uploads\/2024\/09\/ohutusmark-metallil2.jpg\" alt=\"\" width=\"900\" height=\"462\" srcset=\"https:\/\/www.klo.ee\/wp-content\/uploads\/2024\/09\/ohutusmark-metallil2.jpg 657w, https:\/\/www.klo.ee\/wp-content\/uploads\/2024\/09\/ohutusmark-metallil2-300x154.jpg 300w\" sizes=\"auto, (max-width: 900px) 100vw, 900px\" \/><br \/>\nohutusm\u00e4rgistus alumiiniumist p\u00f5hjal 150x150mm. Kujunduses ilma raamita versioon h\u00f5bedasel p\u00f5hjal.<br \/>\nSamad m\u00e4rgid on v\u00f5imalik tellida ka kuldsel taustal.<\/p>\n<p><img loading=\"lazy\" decoding=\"async\" class=\"alignnone wp-image-77\" src=\"https:\/\/www.klo.ee\/wp-content\/uploads\/2024\/09\/metallmargistus-kolmlovi3.jpg\" alt=\"\" width=\"900\" height=\"610\" srcset=\"https:\/\/www.klo.ee\/wp-content\/uploads\/2024\/09\/metallmargistus-kolmlovi3.jpg 657w, https:\/\/www.klo.ee\/wp-content\/uploads\/2024\/09\/metallmargistus-kolmlovi3-300x203.jpg 300w\" sizes=\"auto, (max-width: 900px) 100vw, 900px\" \/><br \/>\npainutatud metallist alustel m\u00e4rgised<\/p>\n<p><img loading=\"lazy\" decoding=\"async\" class=\"alignnone wp-image-1251\" src=\"https:\/\/www.klo.ee\/wp-content\/uploads\/2024\/11\/metall-ohutusmark.jpg\" alt=\"\" width=\"900\" height=\"547\" srcset=\"https:\/\/www.klo.ee\/wp-content\/uploads\/2024\/11\/metall-ohutusmark.jpg 657w, https:\/\/www.klo.ee\/wp-content\/uploads\/2024\/11\/metall-ohutusmark-300x182.jpg 300w\" sizes=\"auto, (max-width: 900px) 100vw, 900px\" \/><br \/>\nvasakpoolne on valgele alusele tehtud metallm\u00e4rk, parempoolne on harjatud h\u00f5bedasele alusele<\/p>\n<hr \/>\n<h3>Needitavad pulberv\u00e4rvitud ja siiditr\u00fckitud ohutusm\u00e4rgised<\/h3>\n<p><img loading=\"lazy\" decoding=\"async\" class=\"alignnone wp-image-54\" src=\"https:\/\/www.klo.ee\/wp-content\/uploads\/2024\/09\/metallmark-kolmloviohutus.jpg\" alt=\"\" width=\"900\" height=\"512\" srcset=\"https:\/\/www.klo.ee\/wp-content\/uploads\/2024\/09\/metallmark-kolmloviohutus.jpg 520w, https:\/\/www.klo.ee\/wp-content\/uploads\/2024\/09\/metallmark-kolmloviohutus-300x171.jpg 300w\" sizes=\"auto, (max-width: 900px) 100vw, 900px\" \/><\/p>\n<p><img loading=\"lazy\" decoding=\"async\" class=\"alignnone wp-image-933\" src=\"https:\/\/www.klo.ee\/wp-content\/uploads\/2024\/11\/postkastisildid657px.jpg\" alt=\"\" width=\"900\" height=\"426\" srcset=\"https:\/\/www.klo.ee\/wp-content\/uploads\/2024\/11\/postkastisildid657px.jpg 657w, https:\/\/www.klo.ee\/wp-content\/uploads\/2024\/11\/postkastisildid657px-300x142.jpg 300w\" sizes=\"auto, (max-width: 900px) 100vw, 900px\" \/><br \/>\npostkasti sildid, postkasti numbrid<\/p>\n<p><img loading=\"lazy\" decoding=\"async\" class=\"alignnone wp-image-55\" src=\"https:\/\/www.klo.ee\/wp-content\/uploads\/2024\/09\/lykka-tomba-657-small.jpg\" alt=\"\" width=\"900\" height=\"233\" srcset=\"https:\/\/www.klo.ee\/wp-content\/uploads\/2024\/09\/lykka-tomba-657-small.jpg 657w, https:\/\/www.klo.ee\/wp-content\/uploads\/2024\/09\/lykka-tomba-657-small-300x78.jpg 300w\" sizes=\"auto, (max-width: 900px) 100vw, 900px\" \/><\/p>\n<p><img loading=\"lazy\" decoding=\"async\" class=\"alignnone wp-image-66\" src=\"https:\/\/www.klo.ee\/wp-content\/uploads\/2024\/09\/olemamargid657px.png\" alt=\"\" width=\"900\" height=\"523\" srcset=\"https:\/\/www.klo.ee\/wp-content\/uploads\/2024\/09\/olemamargid657px.png 657w, https:\/\/www.klo.ee\/wp-content\/uploads\/2024\/09\/olemamargid657px-300x174.png 300w\" sizes=\"auto, (max-width: 900px) 100vw, 900px\" \/><\/p>\n<hr \/>\n<h3>Metallist universaalne tugijalg siltidele (lauale, riiulile).<\/h3>\n<p>Erinevad variandid, erinevas paksuses materjalidele.<br \/>\nFotol on jalg 3mm materjali jaoks. Universaalne metallist tugijalg siltidele www.ohutusmark.ee<\/p>\n<p><img loading=\"lazy\" decoding=\"async\" class=\"wp-image-1248 aligncenter\" src=\"https:\/\/www.klo.ee\/wp-content\/uploads\/2024\/11\/universaalne-tugijalg-klo756.jpg\" alt=\"\" width=\"539\" height=\"538\" srcset=\"https:\/\/www.klo.ee\/wp-content\/uploads\/2024\/11\/universaalne-tugijalg-klo756.jpg 657w, https:\/\/www.klo.ee\/wp-content\/uploads\/2024\/11\/universaalne-tugijalg-klo756-300x300.jpg 300w, https:\/\/www.klo.ee\/wp-content\/uploads\/2024\/11\/universaalne-tugijalg-klo756-150x150.jpg 150w\" sizes=\"auto, (max-width: 539px) 100vw, 539px\" \/><\/p>\n<hr \/>\n<h3>M\u00c4RGIS UKSEKELL METALLKLEEBISENA<br \/>\n(suurus 50&#215;100 ja \u00fcmmargune l\u00e4bim\u00f5\u00f5duga 50mm).<\/h3>\n<p>Kandilisi m\u00e4rke saame valmistada erinevates m\u00f5\u00f5tudes. Saadaval kuldne ja h\u00f5bedane taust.<\/p>\n<p><img loading=\"lazy\" decoding=\"async\" class=\"alignnone wp-image-1247\" src=\"https:\/\/www.klo.ee\/wp-content\/uploads\/2024\/11\/1metallmargid21-12-2018.jpg\" alt=\"\" width=\"900\" height=\"553\" srcset=\"https:\/\/www.klo.ee\/wp-content\/uploads\/2024\/11\/1metallmargid21-12-2018.jpg 657w, https:\/\/www.klo.ee\/wp-content\/uploads\/2024\/11\/1metallmargid21-12-2018-300x184.jpg 300w\" sizes=\"auto, (max-width: 900px) 100vw, 900px\" \/><br \/>\nuksekella metallsilt<\/p>\n<p><img loading=\"lazy\" decoding=\"async\" class=\"alignnone wp-image-1246\" src=\"https:\/\/www.klo.ee\/wp-content\/uploads\/2024\/11\/uksekell-metallkleebis.png\" alt=\"\" width=\"900\" height=\"349\" srcset=\"https:\/\/www.klo.ee\/wp-content\/uploads\/2024\/11\/uksekell-metallkleebis.png 655w, https:\/\/www.klo.ee\/wp-content\/uploads\/2024\/11\/uksekell-metallkleebis-300x116.png 300w\" sizes=\"auto, (max-width: 900px) 100vw, 900px\" \/><br \/>\nm\u00e4rkidel olevad suunad ja tekstid saab muuta vastavalt kliendi tellimusele<\/p>\n<p><img loading=\"lazy\" decoding=\"async\" class=\"alignnone wp-image-1245\" src=\"https:\/\/www.klo.ee\/wp-content\/uploads\/2024\/11\/3metallmargid21-12-2018.jpg\" alt=\"\" width=\"900\" height=\"553\" srcset=\"https:\/\/www.klo.ee\/wp-content\/uploads\/2024\/11\/3metallmargid21-12-2018.jpg 657w, https:\/\/www.klo.ee\/wp-content\/uploads\/2024\/11\/3metallmargid21-12-2018-300x184.jpg 300w\" sizes=\"auto, (max-width: 900px) 100vw, 900px\" \/><\/p>\n<hr \/>\n<p><img loading=\"lazy\" decoding=\"async\" class=\"alignnone wp-image-1244\" src=\"https:\/\/www.klo.ee\/wp-content\/uploads\/2024\/11\/cateringsildid.jpg\" alt=\"\" width=\"900\" height=\"636\" srcset=\"https:\/\/www.klo.ee\/wp-content\/uploads\/2024\/11\/cateringsildid.jpg 657w, https:\/\/www.klo.ee\/wp-content\/uploads\/2024\/11\/cateringsildid-300x212.jpg 300w\" sizes=\"auto, (max-width: 900px) 100vw, 900px\" \/><br \/>\nsildid lauale ehk catering sildid &#8211; serveeritud toitude \/ jookide \/ maitseainete juurde<\/p>\n<h3>M\u00f5ned kirjastiilide valikud oma tekstiga siltide jaoks<\/h3>\n<p><img loading=\"lazy\" decoding=\"async\" class=\"alignnone wp-image-1243\" src=\"https:\/\/www.klo.ee\/wp-content\/uploads\/2024\/11\/sublifondid.png\" alt=\"\" width=\"900\" height=\"727\" srcset=\"https:\/\/www.klo.ee\/wp-content\/uploads\/2024\/11\/sublifondid.png 657w, https:\/\/www.klo.ee\/wp-content\/uploads\/2024\/11\/sublifondid-300x242.png 300w\" sizes=\"auto, (max-width: 900px) 100vw, 900px\" \/><\/p>\n<hr \/>\n<h3>NIMESIINID LAUDADELE<\/h3>\n<p><img loading=\"lazy\" decoding=\"async\" class=\"alignnone wp-image-1242\" src=\"https:\/\/www.klo.ee\/wp-content\/uploads\/2024\/11\/nimesiinid-lauale.jpg\" alt=\"\" width=\"900\" height=\"553\" srcset=\"https:\/\/www.klo.ee\/wp-content\/uploads\/2024\/11\/nimesiinid-lauale.jpg 657w, https:\/\/www.klo.ee\/wp-content\/uploads\/2024\/11\/nimesiinid-lauale-300x184.jpg 300w\" sizes=\"auto, (max-width: 900px) 100vw, 900px\" \/><br \/>\nnimesiinid laudadele<\/p>\n<h3>Majajuhid<\/h3>\n<h4>MAJAJUHIS METALLSIINIDEL, ERINEVAD LAHENDUSED JA SUURUSED<\/h4>\n<p><img loading=\"lazy\" decoding=\"async\" class=\"alignnone wp-image-1241\" src=\"https:\/\/www.klo.ee\/wp-content\/uploads\/2024\/11\/majajuhid.jpg\" alt=\"\" width=\"900\" height=\"553\" srcset=\"https:\/\/www.klo.ee\/wp-content\/uploads\/2024\/11\/majajuhid.jpg 657w, https:\/\/www.klo.ee\/wp-content\/uploads\/2024\/11\/majajuhid-300x184.jpg 300w\" sizes=\"auto, (max-width: 900px) 100vw, 900px\" \/><\/p>\n<hr \/>\n<h3>P\u00f6\u00f6ratud servadega metallist m\u00e4rgistus. Kinnitus postile toruklambritega. Lisaks vt <a href=\"https:\/\/www.klo.ee\/?page_id=1751\">SIIT<\/a><\/h3>\n<p><img loading=\"lazy\" decoding=\"async\" class=\"alignnone wp-image-1240\" src=\"https:\/\/www.klo.ee\/wp-content\/uploads\/2024\/11\/metallmarkkinnitus.jpg\" alt=\"\" width=\"900\" height=\"553\" srcset=\"https:\/\/www.klo.ee\/wp-content\/uploads\/2024\/11\/metallmarkkinnitus.jpg 657w, https:\/\/www.klo.ee\/wp-content\/uploads\/2024\/11\/metallmarkkinnitus-300x184.jpg 300w\" sizes=\"auto, (max-width: 900px) 100vw, 900px\" \/><\/p>\n<p>Toruklamber, p\u00f6\u00f6ratud servadega m\u00e4rgialus<\/p>\n","protected":false},"excerpt":{"rendered":"<p>Uksekella t\u00e4his Ukset\u00e4histus Korterite t\u00e4histused Postkasti t\u00e4histused Metallpinnaga nimesilt Logo metallkleebisena Metallpinnaga magnet Painutatud universaalsed jalad lauasiltidele Metallist ohutust\u00e4histus Seinale kinnitatav kolmnurkne eenduv ohutust\u00e4histus Juhendavad [&#8230;]<\/p>\n","protected":false},"author":2,"featured_media":0,"parent":0,"menu_order":0,"comment_status":"closed","ping_status":"closed","template":"","meta":{"footnotes":""},"class_list":["post-1238","page","type-page","status-publish","hentry"],"yoast_head":"<!-- This site is optimized with the Yoast SEO plugin v27.5 - https:\/\/yoast.com\/product\/yoast-seo-wordpress\/ -->\n<title>Metallm\u00e4rgid - Kolm L\u00f5vi Ohutus - Kolm L\u00f5vi Ohutus<\/title>\n<meta name=\"description\" content=\"Metallm\u00e4rgid - Kolm L\u00f5vi Ohutus Kolm L\u00f5vi Ohutus kontorit\u00e4histus WC uste t\u00e4histus ruumide t\u00e4histus kabinettide t\u00e4histus majajuhid\" \/>\n<meta name=\"robots\" content=\"index, follow, max-snippet:-1, max-image-preview:large, max-video-preview:-1\" \/>\n<link rel=\"canonical\" href=\"https:\/\/www.klo.ee\/?page_id=1238\" \/>\n<meta property=\"og:locale\" content=\"et_EE\" \/>\n<meta property=\"og:type\" content=\"article\" \/>\n<meta property=\"og:title\" content=\"Metallm\u00e4rgid - Kolm L\u00f5vi Ohutus - Kolm L\u00f5vi Ohutus\" \/>\n<meta property=\"og:description\" content=\"Metallm\u00e4rgid - Kolm L\u00f5vi Ohutus Kolm L\u00f5vi Ohutus kontorit\u00e4histus WC uste t\u00e4histus ruumide t\u00e4histus kabinettide t\u00e4histus majajuhid\" \/>\n<meta property=\"og:url\" content=\"https:\/\/www.klo.ee\/?page_id=1238\" \/>\n<meta property=\"og:site_name\" content=\"Kolm L\u00f5vi Ohutus\" \/>\n<meta property=\"article:publisher\" content=\"https:\/\/www.facebook.com\/kloprof\" \/>\n<meta property=\"article:modified_time\" content=\"2025-07-24T12:14:31+00:00\" \/>\n<meta property=\"og:image\" content=\"https:\/\/www.klo.ee\/wp-content\/uploads\/2024\/11\/metallmargid-kolm-suurust.jpg\" \/>\n\t<meta property=\"og:image:width\" content=\"657\" \/>\n\t<meta property=\"og:image:height\" content=\"655\" \/>\n\t<meta property=\"og:image:type\" content=\"image\/jpeg\" \/>\n<meta name=\"twitter:card\" content=\"summary_large_image\" \/>\n<meta name=\"twitter:label1\" content=\"Est. reading time\" \/>\n\t<meta name=\"twitter:data1\" content=\"6 minutit\" \/>\n<script type=\"application\/ld+json\" class=\"yoast-schema-graph\">{\"@context\":\"https:\\\/\\\/schema.org\",\"@graph\":[{\"@type\":\"WebPage\",\"@id\":\"https:\\\/\\\/www.klo.ee\\\/?page_id=1238\",\"url\":\"https:\\\/\\\/www.klo.ee\\\/?page_id=1238\",\"name\":\"Metallm\u00e4rgid - Kolm L\u00f5vi Ohutus - Kolm L\u00f5vi Ohutus\",\"isPartOf\":{\"@id\":\"https:\\\/\\\/www.klo.ee\\\/#website\"},\"primaryImageOfPage\":{\"@id\":\"https:\\\/\\\/www.klo.ee\\\/?page_id=1238#primaryimage\"},\"image\":{\"@id\":\"https:\\\/\\\/www.klo.ee\\\/?page_id=1238#primaryimage\"},\"thumbnailUrl\":\"https:\\\/\\\/www.klo.ee\\\/wp-content\\\/uploads\\\/2024\\\/11\\\/metallmargid-kolm-suurust.jpg\",\"datePublished\":\"2024-11-18T07:53:34+00:00\",\"dateModified\":\"2025-07-24T12:14:31+00:00\",\"description\":\"Metallm\u00e4rgid - Kolm L\u00f5vi Ohutus Kolm L\u00f5vi Ohutus kontorit\u00e4histus WC uste t\u00e4histus ruumide t\u00e4histus kabinettide t\u00e4histus majajuhid\",\"breadcrumb\":{\"@id\":\"https:\\\/\\\/www.klo.ee\\\/?page_id=1238#breadcrumb\"},\"inLanguage\":\"et\",\"potentialAction\":[{\"@type\":\"ReadAction\",\"target\":[\"https:\\\/\\\/www.klo.ee\\\/?page_id=1238\"]}]},{\"@type\":\"ImageObject\",\"inLanguage\":\"et\",\"@id\":\"https:\\\/\\\/www.klo.ee\\\/?page_id=1238#primaryimage\",\"url\":\"https:\\\/\\\/www.klo.ee\\\/wp-content\\\/uploads\\\/2024\\\/11\\\/metallmargid-kolm-suurust.jpg\",\"contentUrl\":\"https:\\\/\\\/www.klo.ee\\\/wp-content\\\/uploads\\\/2024\\\/11\\\/metallmargid-kolm-suurust.jpg\",\"width\":657,\"height\":655},{\"@type\":\"BreadcrumbList\",\"@id\":\"https:\\\/\\\/www.klo.ee\\\/?page_id=1238#breadcrumb\",\"itemListElement\":[{\"@type\":\"ListItem\",\"position\":1,\"name\":\"Home\",\"item\":\"https:\\\/\\\/www.klo.ee\\\/\"},{\"@type\":\"ListItem\",\"position\":2,\"name\":\"Metallm\u00e4rgid &#8211; Kolm L\u00f5vi Ohutus\"}]},{\"@type\":\"WebSite\",\"@id\":\"https:\\\/\\\/www.klo.ee\\\/#website\",\"url\":\"https:\\\/\\\/www.klo.ee\\\/\",\"name\":\"Kolm L\u00f5vi Ohutus\",\"description\":\"Ohutusm\u00e4rkide leht\",\"publisher\":{\"@id\":\"https:\\\/\\\/www.klo.ee\\\/#organization\"},\"potentialAction\":[{\"@type\":\"SearchAction\",\"target\":{\"@type\":\"EntryPoint\",\"urlTemplate\":\"https:\\\/\\\/www.klo.ee\\\/?s={search_term_string}\"},\"query-input\":{\"@type\":\"PropertyValueSpecification\",\"valueRequired\":true,\"valueName\":\"search_term_string\"}}],\"inLanguage\":\"et\"},{\"@type\":\"Organization\",\"@id\":\"https:\\\/\\\/www.klo.ee\\\/#organization\",\"name\":\"Kolm L\u00f5vi Ohutus\",\"url\":\"https:\\\/\\\/www.klo.ee\\\/\",\"logo\":{\"@type\":\"ImageObject\",\"inLanguage\":\"et\",\"@id\":\"https:\\\/\\\/www.klo.ee\\\/#\\\/schema\\\/logo\\\/image\\\/\",\"url\":\"https:\\\/\\\/www.klo.ee\\\/wp-content\\\/uploads\\\/2024\\\/09\\\/ohutusmarkheader.jpg\",\"contentUrl\":\"https:\\\/\\\/www.klo.ee\\\/wp-content\\\/uploads\\\/2024\\\/09\\\/ohutusmarkheader.jpg\",\"width\":863,\"height\":162,\"caption\":\"Kolm L\u00f5vi Ohutus\"},\"image\":{\"@id\":\"https:\\\/\\\/www.klo.ee\\\/#\\\/schema\\\/logo\\\/image\\\/\"},\"sameAs\":[\"https:\\\/\\\/www.facebook.com\\\/kloprof\"]}]}<\/script>\n<!-- \/ Yoast SEO plugin. -->","yoast_head_json":{"title":"Metallm\u00e4rgid - Kolm L\u00f5vi Ohutus - Kolm L\u00f5vi Ohutus","description":"Metallm\u00e4rgid - Kolm L\u00f5vi Ohutus Kolm L\u00f5vi Ohutus kontorit\u00e4histus WC uste t\u00e4histus ruumide t\u00e4histus kabinettide t\u00e4histus majajuhid","robots":{"index":"index","follow":"follow","max-snippet":"max-snippet:-1","max-image-preview":"max-image-preview:large","max-video-preview":"max-video-preview:-1"},"canonical":"https:\/\/www.klo.ee\/?page_id=1238","og_locale":"et_EE","og_type":"article","og_title":"Metallm\u00e4rgid - Kolm L\u00f5vi Ohutus - Kolm L\u00f5vi Ohutus","og_description":"Metallm\u00e4rgid - Kolm L\u00f5vi Ohutus Kolm L\u00f5vi Ohutus kontorit\u00e4histus WC uste t\u00e4histus ruumide t\u00e4histus kabinettide t\u00e4histus majajuhid","og_url":"https:\/\/www.klo.ee\/?page_id=1238","og_site_name":"Kolm L\u00f5vi Ohutus","article_publisher":"https:\/\/www.facebook.com\/kloprof","article_modified_time":"2025-07-24T12:14:31+00:00","og_image":[{"width":657,"height":655,"url":"https:\/\/www.klo.ee\/wp-content\/uploads\/2024\/11\/metallmargid-kolm-suurust.jpg","type":"image\/jpeg"}],"twitter_card":"summary_large_image","twitter_misc":{"Est. reading time":"6 minutit"},"schema":{"@context":"https:\/\/schema.org","@graph":[{"@type":"WebPage","@id":"https:\/\/www.klo.ee\/?page_id=1238","url":"https:\/\/www.klo.ee\/?page_id=1238","name":"Metallm\u00e4rgid - Kolm L\u00f5vi Ohutus - Kolm L\u00f5vi Ohutus","isPartOf":{"@id":"https:\/\/www.klo.ee\/#website"},"primaryImageOfPage":{"@id":"https:\/\/www.klo.ee\/?page_id=1238#primaryimage"},"image":{"@id":"https:\/\/www.klo.ee\/?page_id=1238#primaryimage"},"thumbnailUrl":"https:\/\/www.klo.ee\/wp-content\/uploads\/2024\/11\/metallmargid-kolm-suurust.jpg","datePublished":"2024-11-18T07:53:34+00:00","dateModified":"2025-07-24T12:14:31+00:00","description":"Metallm\u00e4rgid - Kolm L\u00f5vi Ohutus Kolm L\u00f5vi Ohutus kontorit\u00e4histus WC uste t\u00e4histus ruumide t\u00e4histus kabinettide t\u00e4histus majajuhid","breadcrumb":{"@id":"https:\/\/www.klo.ee\/?page_id=1238#breadcrumb"},"inLanguage":"et","potentialAction":[{"@type":"ReadAction","target":["https:\/\/www.klo.ee\/?page_id=1238"]}]},{"@type":"ImageObject","inLanguage":"et","@id":"https:\/\/www.klo.ee\/?page_id=1238#primaryimage","url":"https:\/\/www.klo.ee\/wp-content\/uploads\/2024\/11\/metallmargid-kolm-suurust.jpg","contentUrl":"https:\/\/www.klo.ee\/wp-content\/uploads\/2024\/11\/metallmargid-kolm-suurust.jpg","width":657,"height":655},{"@type":"BreadcrumbList","@id":"https:\/\/www.klo.ee\/?page_id=1238#breadcrumb","itemListElement":[{"@type":"ListItem","position":1,"name":"Home","item":"https:\/\/www.klo.ee\/"},{"@type":"ListItem","position":2,"name":"Metallm\u00e4rgid &#8211; Kolm L\u00f5vi Ohutus"}]},{"@type":"WebSite","@id":"https:\/\/www.klo.ee\/#website","url":"https:\/\/www.klo.ee\/","name":"Kolm L\u00f5vi Ohutus","description":"Ohutusm\u00e4rkide leht","publisher":{"@id":"https:\/\/www.klo.ee\/#organization"},"potentialAction":[{"@type":"SearchAction","target":{"@type":"EntryPoint","urlTemplate":"https:\/\/www.klo.ee\/?s={search_term_string}"},"query-input":{"@type":"PropertyValueSpecification","valueRequired":true,"valueName":"search_term_string"}}],"inLanguage":"et"},{"@type":"Organization","@id":"https:\/\/www.klo.ee\/#organization","name":"Kolm L\u00f5vi Ohutus","url":"https:\/\/www.klo.ee\/","logo":{"@type":"ImageObject","inLanguage":"et","@id":"https:\/\/www.klo.ee\/#\/schema\/logo\/image\/","url":"https:\/\/www.klo.ee\/wp-content\/uploads\/2024\/09\/ohutusmarkheader.jpg","contentUrl":"https:\/\/www.klo.ee\/wp-content\/uploads\/2024\/09\/ohutusmarkheader.jpg","width":863,"height":162,"caption":"Kolm L\u00f5vi Ohutus"},"image":{"@id":"https:\/\/www.klo.ee\/#\/schema\/logo\/image\/"},"sameAs":["https:\/\/www.facebook.com\/kloprof"]}]}},"_links":{"self":[{"href":"https:\/\/www.klo.ee\/index.php?rest_route=\/wp\/v2\/pages\/1238","targetHints":{"allow":["GET"]}}],"collection":[{"href":"https:\/\/www.klo.ee\/index.php?rest_route=\/wp\/v2\/pages"}],"about":[{"href":"https:\/\/www.klo.ee\/index.php?rest_route=\/wp\/v2\/types\/page"}],"author":[{"embeddable":true,"href":"https:\/\/www.klo.ee\/index.php?rest_route=\/wp\/v2\/users\/2"}],"replies":[{"embeddable":true,"href":"https:\/\/www.klo.ee\/index.php?rest_route=%2Fwp%2Fv2%2Fcomments&post=1238"}],"version-history":[{"count":58,"href":"https:\/\/www.klo.ee\/index.php?rest_route=\/wp\/v2\/pages\/1238\/revisions"}],"predecessor-version":[{"id":3036,"href":"https:\/\/www.klo.ee\/index.php?rest_route=\/wp\/v2\/pages\/1238\/revisions\/3036"}],"wp:attachment":[{"href":"https:\/\/www.klo.ee\/index.php?rest_route=%2Fwp%2Fv2%2Fmedia&parent=1238"}],"curies":[{"name":"wp","href":"https:\/\/api.w.org\/{rel}","templated":true}]}}