{"id":1516,"date":"2024-11-27T14:58:44","date_gmt":"2024-11-27T14:58:44","guid":{"rendered":"https:\/\/www.klo.ee\/?page_id=1516"},"modified":"2025-03-05T12:26:28","modified_gmt":"2025-03-05T12:26:28","slug":"fosformargid","status":"publish","type":"page","link":"https:\/\/www.klo.ee\/?page_id=1516","title":{"rendered":"PIMEDAS HELENDAVAD &#8211; FOSFORM\u00c4RGID"},"content":{"rendered":"<h1>Pimedas helenduvad &#8211; fosform\u00e4rgid<\/h1>\n<p>Fosformaterjalid jagunevad erineva tugevusega helendavateks materjalideks. Materjali heledust m\u00f5\u00f5detakse peale 10 minutit pimedas ja samuti m\u00f5\u00f5detakse 60 minuti m\u00f6\u00f6dumisel pimedas. M\u00f5\u00f5tmis\u00fchikuteks on millikandelates ruutmeeri kohta.<\/p>\n<p>M\u00e4rkide valmistamisel kasutame materjale mis vastavad standardile DIN 67510:2008-02. Helendus peale 10 minutit: 35 mcd\/m\u00b2, peale 60 minutit 5 mcd\/m\u00b2 ja peale 750 minutit 0.3 mcd\/m\u00b2.<\/p>\n<p>MEREOHUTUSM\u00c4RKIDE KOHTA INFO <a href=\"https:\/\/www.klo.ee\/?page_id=1267\" target=\"_blank\" rel=\"noopener\">SIIN.<\/a><\/p>\n<p>EVAKUATSIOONIM\u00c4RKIDE KOHTA INFO <a href=\"https:\/\/www.klo.ee\/?page_id=540\" target=\"_blank\" rel=\"noopener\">SIIN.<\/a><\/p>\n<hr \/>\n<h3 style=\"text-align: center;\">Suunavad m\u00e4rgised ustele<\/h3>\n<p><img loading=\"lazy\" decoding=\"async\" class=\" wp-image-1518 aligncenter\" src=\"https:\/\/www.klo.ee\/wp-content\/uploads\/2024\/11\/uksetahistuskleebised300.jpg\" alt=\"\" width=\"499\" height=\"616\" srcset=\"https:\/\/www.klo.ee\/wp-content\/uploads\/2024\/11\/uksetahistuskleebised300.jpg 300w, https:\/\/www.klo.ee\/wp-content\/uploads\/2024\/11\/uksetahistuskleebised300-243x300.jpg 243w\" sizes=\"auto, (max-width: 499px) 100vw, 499px\" \/><\/p>\n<p><img loading=\"lazy\" decoding=\"async\" class=\"wp-image-1519 aligncenter\" src=\"https:\/\/www.klo.ee\/wp-content\/uploads\/2024\/11\/uksetahistus-02-1.jpg\" alt=\"\" width=\"500\" height=\"225\" srcset=\"https:\/\/www.klo.ee\/wp-content\/uploads\/2024\/11\/uksetahistus-02-1.jpg 657w, https:\/\/www.klo.ee\/wp-content\/uploads\/2024\/11\/uksetahistus-02-1-300x135.jpg 300w\" sizes=\"auto, (max-width: 500px) 100vw, 500px\" \/>\u00a0 \u00a0<img loading=\"lazy\" decoding=\"async\" class=\"wp-image-2398 aligncenter\" src=\"https:\/\/www.klo.ee\/wp-content\/uploads\/2024\/12\/uksetahistus-01.jpg\" alt=\"\" width=\"500\" height=\"462\" srcset=\"https:\/\/www.klo.ee\/wp-content\/uploads\/2024\/12\/uksetahistus-01.jpg 657w, https:\/\/www.klo.ee\/wp-content\/uploads\/2024\/12\/uksetahistus-01-300x277.jpg 300w\" sizes=\"auto, (max-width: 500px) 100vw, 500px\" \/><\/p>\n<p style=\"text-align: center;\">Evakuatsiooni tee m\u00e4rgistamine ja ukse avade m\u00e4rgistamine fosforkleebistega.<br \/>\nUkse t\u00e4histus kleebis on 1200x45mm, pimedas helenduv fosforkleebis.<br \/>\nNurga saab l\u00f5igata t\u00e4pselt \u00fchendatavaks.<\/p>\n<p>Kleebis on valmistatud fosformaterjalist. Sobib ruumidesse kus p\u00fcsivalt on valgustus ning ootamatu elektri katkestuse puhul l\u00fclitub valgustus v\u00e4lja, siis on uste asukohad \u00fcle ruumi kenasti m\u00e4rgatavad ning v\u00f5imaldavad turvalist v\u00e4ljumist.<\/p>\n<hr \/>\n<h3>Fosformummud ja helkurmummud 48mm (osta <a href=\"https:\/\/kohver.com\/product_details.php?item_id=959\" target=\"_blank\" rel=\"noopener\">siit<\/a>)<\/h3>\n<p><img loading=\"lazy\" decoding=\"async\" class=\"alignnone wp-image-1522\" src=\"https:\/\/www.klo.ee\/wp-content\/uploads\/2024\/11\/ohutusmummud657.jpg\" alt=\"\" width=\"900\" height=\"503\" srcset=\"https:\/\/www.klo.ee\/wp-content\/uploads\/2024\/11\/ohutusmummud657.jpg 657w, https:\/\/www.klo.ee\/wp-content\/uploads\/2024\/11\/ohutusmummud657-300x168.jpg 300w\" sizes=\"auto, (max-width: 900px) 100vw, 900px\" \/><\/p>\n<p>Sertifitseeritud fosformummude pakis on 10 ohutusmummu l\u00e4bim\u00f5\u00f5duga 48mm.<br \/>\nK\u00e4sit\u00f6\u00f6 jaoks m\u00f5eldud MINIPICTO fosformummusid\u00a0 on 20tk pakis. K\u00e4sit\u00f6\u00f6komplektis on erineva kvaliteediga materjalid koos.<\/p>\n","protected":false},"excerpt":{"rendered":"<p>Pimedas helenduvad &#8211; fosform\u00e4rgid Fosformaterjalid jagunevad erineva tugevusega helendavateks materjalideks. Materjali heledust m\u00f5\u00f5detakse peale 10 minutit pimedas ja samuti m\u00f5\u00f5detakse 60 minuti m\u00f6\u00f6dumisel pimedas. M\u00f5\u00f5tmis\u00fchikuteks [&#8230;]<\/p>\n","protected":false},"author":2,"featured_media":0,"parent":0,"menu_order":0,"comment_status":"closed","ping_status":"closed","template":"","meta":{"footnotes":""},"class_list":["post-1516","page","type-page","status-publish","hentry"],"yoast_head":"<!-- This site is optimized with the Yoast SEO plugin v27.4 - https:\/\/yoast.com\/product\/yoast-seo-wordpress\/ -->\n<title>PIMEDAS HELENDAVAD - FOSFORM\u00c4RGID - Kolm L\u00f5vi Ohutus<\/title>\n<meta name=\"description\" content=\"PIMEDAS HELENDAVAD - FOSFORM\u00c4RGID Kolm L\u00f5vi Ohutus PIMEDAS HELENDAVAD - FOSFORM\u00c4RGID\" \/>\n<meta name=\"robots\" content=\"index, follow, max-snippet:-1, max-image-preview:large, max-video-preview:-1\" \/>\n<link rel=\"canonical\" href=\"https:\/\/www.klo.ee\/?page_id=1516\" \/>\n<meta property=\"og:locale\" content=\"et_EE\" \/>\n<meta property=\"og:type\" content=\"article\" \/>\n<meta property=\"og:title\" content=\"PIMEDAS HELENDAVAD - FOSFORM\u00c4RGID - Kolm L\u00f5vi Ohutus\" \/>\n<meta property=\"og:description\" content=\"PIMEDAS HELENDAVAD - FOSFORM\u00c4RGID Kolm L\u00f5vi Ohutus PIMEDAS HELENDAVAD - FOSFORM\u00c4RGID\" \/>\n<meta property=\"og:url\" content=\"https:\/\/www.klo.ee\/?page_id=1516\" \/>\n<meta property=\"og:site_name\" content=\"Kolm L\u00f5vi Ohutus\" \/>\n<meta property=\"article:publisher\" content=\"https:\/\/www.facebook.com\/kloprof\" \/>\n<meta property=\"article:modified_time\" content=\"2025-03-05T12:26:28+00:00\" \/>\n<meta property=\"og:image\" content=\"https:\/\/www.klo.ee\/wp-content\/uploads\/2024\/11\/uksetahistuskleebised300.jpg\" \/>\n\t<meta property=\"og:image:width\" content=\"300\" \/>\n\t<meta property=\"og:image:height\" content=\"370\" \/>\n\t<meta property=\"og:image:type\" content=\"image\/jpeg\" \/>\n<meta name=\"twitter:card\" content=\"summary_large_image\" \/>\n<meta name=\"twitter:label1\" content=\"Est. reading time\" \/>\n\t<meta name=\"twitter:data1\" content=\"2 minutit\" \/>\n<script type=\"application\/ld+json\" class=\"yoast-schema-graph\">{\"@context\":\"https:\\\/\\\/schema.org\",\"@graph\":[{\"@type\":\"WebPage\",\"@id\":\"https:\\\/\\\/www.klo.ee\\\/?page_id=1516\",\"url\":\"https:\\\/\\\/www.klo.ee\\\/?page_id=1516\",\"name\":\"PIMEDAS HELENDAVAD - FOSFORM\u00c4RGID - Kolm L\u00f5vi Ohutus\",\"isPartOf\":{\"@id\":\"https:\\\/\\\/www.klo.ee\\\/#website\"},\"primaryImageOfPage\":{\"@id\":\"https:\\\/\\\/www.klo.ee\\\/?page_id=1516#primaryimage\"},\"image\":{\"@id\":\"https:\\\/\\\/www.klo.ee\\\/?page_id=1516#primaryimage\"},\"thumbnailUrl\":\"https:\\\/\\\/www.klo.ee\\\/wp-content\\\/uploads\\\/2024\\\/11\\\/uksetahistuskleebised300.jpg\",\"datePublished\":\"2024-11-27T14:58:44+00:00\",\"dateModified\":\"2025-03-05T12:26:28+00:00\",\"description\":\"PIMEDAS HELENDAVAD - FOSFORM\u00c4RGID Kolm L\u00f5vi Ohutus PIMEDAS HELENDAVAD - FOSFORM\u00c4RGID\",\"breadcrumb\":{\"@id\":\"https:\\\/\\\/www.klo.ee\\\/?page_id=1516#breadcrumb\"},\"inLanguage\":\"et\",\"potentialAction\":[{\"@type\":\"ReadAction\",\"target\":[\"https:\\\/\\\/www.klo.ee\\\/?page_id=1516\"]}]},{\"@type\":\"ImageObject\",\"inLanguage\":\"et\",\"@id\":\"https:\\\/\\\/www.klo.ee\\\/?page_id=1516#primaryimage\",\"url\":\"https:\\\/\\\/www.klo.ee\\\/wp-content\\\/uploads\\\/2024\\\/11\\\/uksetahistuskleebised300.jpg\",\"contentUrl\":\"https:\\\/\\\/www.klo.ee\\\/wp-content\\\/uploads\\\/2024\\\/11\\\/uksetahistuskleebised300.jpg\",\"width\":300,\"height\":370},{\"@type\":\"BreadcrumbList\",\"@id\":\"https:\\\/\\\/www.klo.ee\\\/?page_id=1516#breadcrumb\",\"itemListElement\":[{\"@type\":\"ListItem\",\"position\":1,\"name\":\"Home\",\"item\":\"https:\\\/\\\/www.klo.ee\\\/\"},{\"@type\":\"ListItem\",\"position\":2,\"name\":\"PIMEDAS HELENDAVAD &#8211; FOSFORM\u00c4RGID\"}]},{\"@type\":\"WebSite\",\"@id\":\"https:\\\/\\\/www.klo.ee\\\/#website\",\"url\":\"https:\\\/\\\/www.klo.ee\\\/\",\"name\":\"Kolm L\u00f5vi Ohutus\",\"description\":\"Ohutusm\u00e4rkide leht\",\"publisher\":{\"@id\":\"https:\\\/\\\/www.klo.ee\\\/#organization\"},\"potentialAction\":[{\"@type\":\"SearchAction\",\"target\":{\"@type\":\"EntryPoint\",\"urlTemplate\":\"https:\\\/\\\/www.klo.ee\\\/?s={search_term_string}\"},\"query-input\":{\"@type\":\"PropertyValueSpecification\",\"valueRequired\":true,\"valueName\":\"search_term_string\"}}],\"inLanguage\":\"et\"},{\"@type\":\"Organization\",\"@id\":\"https:\\\/\\\/www.klo.ee\\\/#organization\",\"name\":\"Kolm L\u00f5vi Ohutus\",\"url\":\"https:\\\/\\\/www.klo.ee\\\/\",\"logo\":{\"@type\":\"ImageObject\",\"inLanguage\":\"et\",\"@id\":\"https:\\\/\\\/www.klo.ee\\\/#\\\/schema\\\/logo\\\/image\\\/\",\"url\":\"https:\\\/\\\/www.klo.ee\\\/wp-content\\\/uploads\\\/2024\\\/09\\\/ohutusmarkheader.jpg\",\"contentUrl\":\"https:\\\/\\\/www.klo.ee\\\/wp-content\\\/uploads\\\/2024\\\/09\\\/ohutusmarkheader.jpg\",\"width\":863,\"height\":162,\"caption\":\"Kolm L\u00f5vi Ohutus\"},\"image\":{\"@id\":\"https:\\\/\\\/www.klo.ee\\\/#\\\/schema\\\/logo\\\/image\\\/\"},\"sameAs\":[\"https:\\\/\\\/www.facebook.com\\\/kloprof\"]}]}<\/script>\n<!-- \/ Yoast SEO plugin. -->","yoast_head_json":{"title":"PIMEDAS HELENDAVAD - FOSFORM\u00c4RGID - Kolm L\u00f5vi Ohutus","description":"PIMEDAS HELENDAVAD - FOSFORM\u00c4RGID Kolm L\u00f5vi Ohutus PIMEDAS HELENDAVAD - FOSFORM\u00c4RGID","robots":{"index":"index","follow":"follow","max-snippet":"max-snippet:-1","max-image-preview":"max-image-preview:large","max-video-preview":"max-video-preview:-1"},"canonical":"https:\/\/www.klo.ee\/?page_id=1516","og_locale":"et_EE","og_type":"article","og_title":"PIMEDAS HELENDAVAD - FOSFORM\u00c4RGID - Kolm L\u00f5vi Ohutus","og_description":"PIMEDAS HELENDAVAD - FOSFORM\u00c4RGID Kolm L\u00f5vi Ohutus PIMEDAS HELENDAVAD - FOSFORM\u00c4RGID","og_url":"https:\/\/www.klo.ee\/?page_id=1516","og_site_name":"Kolm L\u00f5vi Ohutus","article_publisher":"https:\/\/www.facebook.com\/kloprof","article_modified_time":"2025-03-05T12:26:28+00:00","og_image":[{"width":300,"height":370,"url":"https:\/\/www.klo.ee\/wp-content\/uploads\/2024\/11\/uksetahistuskleebised300.jpg","type":"image\/jpeg"}],"twitter_card":"summary_large_image","twitter_misc":{"Est. reading time":"2 minutit"},"schema":{"@context":"https:\/\/schema.org","@graph":[{"@type":"WebPage","@id":"https:\/\/www.klo.ee\/?page_id=1516","url":"https:\/\/www.klo.ee\/?page_id=1516","name":"PIMEDAS HELENDAVAD - FOSFORM\u00c4RGID - Kolm L\u00f5vi Ohutus","isPartOf":{"@id":"https:\/\/www.klo.ee\/#website"},"primaryImageOfPage":{"@id":"https:\/\/www.klo.ee\/?page_id=1516#primaryimage"},"image":{"@id":"https:\/\/www.klo.ee\/?page_id=1516#primaryimage"},"thumbnailUrl":"https:\/\/www.klo.ee\/wp-content\/uploads\/2024\/11\/uksetahistuskleebised300.jpg","datePublished":"2024-11-27T14:58:44+00:00","dateModified":"2025-03-05T12:26:28+00:00","description":"PIMEDAS HELENDAVAD - FOSFORM\u00c4RGID Kolm L\u00f5vi Ohutus PIMEDAS HELENDAVAD - FOSFORM\u00c4RGID","breadcrumb":{"@id":"https:\/\/www.klo.ee\/?page_id=1516#breadcrumb"},"inLanguage":"et","potentialAction":[{"@type":"ReadAction","target":["https:\/\/www.klo.ee\/?page_id=1516"]}]},{"@type":"ImageObject","inLanguage":"et","@id":"https:\/\/www.klo.ee\/?page_id=1516#primaryimage","url":"https:\/\/www.klo.ee\/wp-content\/uploads\/2024\/11\/uksetahistuskleebised300.jpg","contentUrl":"https:\/\/www.klo.ee\/wp-content\/uploads\/2024\/11\/uksetahistuskleebised300.jpg","width":300,"height":370},{"@type":"BreadcrumbList","@id":"https:\/\/www.klo.ee\/?page_id=1516#breadcrumb","itemListElement":[{"@type":"ListItem","position":1,"name":"Home","item":"https:\/\/www.klo.ee\/"},{"@type":"ListItem","position":2,"name":"PIMEDAS HELENDAVAD &#8211; FOSFORM\u00c4RGID"}]},{"@type":"WebSite","@id":"https:\/\/www.klo.ee\/#website","url":"https:\/\/www.klo.ee\/","name":"Kolm L\u00f5vi Ohutus","description":"Ohutusm\u00e4rkide leht","publisher":{"@id":"https:\/\/www.klo.ee\/#organization"},"potentialAction":[{"@type":"SearchAction","target":{"@type":"EntryPoint","urlTemplate":"https:\/\/www.klo.ee\/?s={search_term_string}"},"query-input":{"@type":"PropertyValueSpecification","valueRequired":true,"valueName":"search_term_string"}}],"inLanguage":"et"},{"@type":"Organization","@id":"https:\/\/www.klo.ee\/#organization","name":"Kolm L\u00f5vi Ohutus","url":"https:\/\/www.klo.ee\/","logo":{"@type":"ImageObject","inLanguage":"et","@id":"https:\/\/www.klo.ee\/#\/schema\/logo\/image\/","url":"https:\/\/www.klo.ee\/wp-content\/uploads\/2024\/09\/ohutusmarkheader.jpg","contentUrl":"https:\/\/www.klo.ee\/wp-content\/uploads\/2024\/09\/ohutusmarkheader.jpg","width":863,"height":162,"caption":"Kolm L\u00f5vi Ohutus"},"image":{"@id":"https:\/\/www.klo.ee\/#\/schema\/logo\/image\/"},"sameAs":["https:\/\/www.facebook.com\/kloprof"]}]}},"_links":{"self":[{"href":"https:\/\/www.klo.ee\/index.php?rest_route=\/wp\/v2\/pages\/1516","targetHints":{"allow":["GET"]}}],"collection":[{"href":"https:\/\/www.klo.ee\/index.php?rest_route=\/wp\/v2\/pages"}],"about":[{"href":"https:\/\/www.klo.ee\/index.php?rest_route=\/wp\/v2\/types\/page"}],"author":[{"embeddable":true,"href":"https:\/\/www.klo.ee\/index.php?rest_route=\/wp\/v2\/users\/2"}],"replies":[{"embeddable":true,"href":"https:\/\/www.klo.ee\/index.php?rest_route=%2Fwp%2Fv2%2Fcomments&post=1516"}],"version-history":[{"count":14,"href":"https:\/\/www.klo.ee\/index.php?rest_route=\/wp\/v2\/pages\/1516\/revisions"}],"predecessor-version":[{"id":2913,"href":"https:\/\/www.klo.ee\/index.php?rest_route=\/wp\/v2\/pages\/1516\/revisions\/2913"}],"wp:attachment":[{"href":"https:\/\/www.klo.ee\/index.php?rest_route=%2Fwp%2Fv2%2Fmedia&parent=1516"}],"curies":[{"name":"wp","href":"https:\/\/api.w.org\/{rel}","templated":true}]}}