{"id":1707,"date":"2024-11-29T09:33:03","date_gmt":"2024-11-29T09:33:03","guid":{"rendered":"https:\/\/www.klo.ee\/?page_id=1707"},"modified":"2024-12-27T15:56:21","modified_gmt":"2024-12-27T15:56:21","slug":"markmetahvlid","status":"publish","type":"page","link":"https:\/\/www.klo.ee\/?page_id=1707","title":{"rendered":"M\u00e4rkmetahvlid"},"content":{"rendered":"<h1>Magnetiga tahvlid, kirjutustahvlid, etiketihoidjad magnetiga.<\/h1>\n<h4>TAHVLEID valmistame sobivas m\u00f5\u00f5dus tellimisel.<\/h4>\n<p>&#8211; Pehmed magnettahvlid tahvlimarkeriga kirjutamiseks (valge).<br \/>\n+lisaomadus esik\u00fclg magnetiseeritud<\/p>\n<p>&#8211; Pehmed magnettahvlid kriidiga kirjutamiseks (must).<\/p>\n<p>&#8211; 1mm plastik magnettahvlid tahvlimarkeriga kirjutamiseks (valge).<\/p>\n<p>&#8211; 1mm plastik magnettahvlid kriidiga kirjutamiseks (must).<\/p>\n<p><img loading=\"lazy\" decoding=\"async\" class=\"alignnone wp-image-1710\" src=\"https:\/\/www.klo.ee\/wp-content\/uploads\/2024\/11\/markeritahvlid520px.jpg\" alt=\"\" width=\"1024\" height=\"392\" srcset=\"https:\/\/www.klo.ee\/wp-content\/uploads\/2024\/11\/markeritahvlid520px.jpg 520w, https:\/\/www.klo.ee\/wp-content\/uploads\/2024\/11\/markeritahvlid520px-300x115.jpg 300w\" sizes=\"auto, (max-width: 1024px) 100vw, 1024px\" \/><\/p>\n<h4>Magnetiga m\u00e4rkmetahvlid (A4 ehk 300x210mm ja A5 150x210mm) olulisele infole , alus 2mm.<\/h4>\n<ul style=\"list-style-type: circle;\">\n<li>Vertikaalne A5 magnetiga (pakis 10tk)<\/li>\n<li>Horisontaalne A5 magnetiga<\/li>\n<li>Vertikaalne A4 magnetiga (pakis 10tk)<\/li>\n<\/ul>\n<h4>Etiketihoidja magneti ja kleebisega (valmistame ainult tellimisel). Olenevalt tootest on minimaalne valmistamise koguse 2 v\u00f5i 10-20 pakki.<\/h4>\n<p><img loading=\"lazy\" decoding=\"async\" class=\"alignnone wp-image-1709\" src=\"https:\/\/www.klo.ee\/wp-content\/uploads\/2024\/11\/etiketihoidja-magnetiga.png\" alt=\"\" width=\"1024\" height=\"488\" srcset=\"https:\/\/www.klo.ee\/wp-content\/uploads\/2024\/11\/etiketihoidja-magnetiga.png 657w, https:\/\/www.klo.ee\/wp-content\/uploads\/2024\/11\/etiketihoidja-magnetiga-300x143.png 300w\" sizes=\"auto, (max-width: 1024px) 100vw, 1024px\" \/><br \/>\netiketihoidja magnetribaga<\/p>\n<h4>Etikettidehoidikud on v\u00f5imalik kleepida siledatele pindadele v\u00f5i magnetiga metallriiulitele AINULT ETTETELLIMISEL.<\/h4>\n<ul style=\"list-style-type: disc;\">\n<li>Etiketihoidjad kleebisega kinnitatavad 100x26mm (pakk 10tk)<\/li>\n<li>Etiketihoidjad magnetiga kinnitatavad 100x26mm (pakk 10tk)<\/li>\n<li>Etiketihoidjad kleebisega kinnitatavad 210x60mm (pakk 10tk)<\/li>\n<li>Etiketihoidjad \u00fche magnetribaga kinnitatavad 210 x H60mm (pakk 10tk),<br \/>\nfotol variant B (k\u00fcsi olemasolu &#8211; saame kiiresti valmistada)<\/li>\n<li>Etiketihoidjad kahe magnetribaga kinnitatavad 210 x H60mm (pakk 10tk),<br \/>\nfotol variant D (k\u00fcsi olemasolu &#8211; saame kiiresti valmistada)<\/li>\n<li>Etiketihoidjad kahe \u00fcmmarguse 15mm metallmagnetiga kinnitatavad 210 x H60mm (pakk 10tk),<br \/>\nfotol variant A (k\u00fcsi olemasolu &#8211; saame kiiresti valmistada)<\/li>\n<li>Etiketihoidjad nelja \u00fcmmarguse 15mm metallmagnetiga kinnitatavad 210 x H60mm (pakk 10tk),<br \/>\nk\u00fcsi olemasolu &#8211; saame kiiresti valmistada<\/li>\n<li>Etiketihoidjad kahe kleebisriba kinnitatavad 210 x H60mm (pakk 10tk),<br \/>\nk\u00fcsi olemasolu &#8211; saame kiiresti valmistada<\/li>\n<li>v\u00f5imalik tellida erinevaid pikkusega etiketihoidjaid n\u00e4iteks H60mm puhul kuni 1250mm &#8211; k\u00fcsi hinnapakkumist<\/li>\n<\/ul>\n<p><img loading=\"lazy\" decoding=\"async\" class=\"alignnone wp-image-1708\" src=\"https:\/\/www.klo.ee\/wp-content\/uploads\/2024\/11\/magnetitevariandid.png\" alt=\"\" width=\"1024\" height=\"301\" srcset=\"https:\/\/www.klo.ee\/wp-content\/uploads\/2024\/11\/magnetitevariandid.png 657w, https:\/\/www.klo.ee\/wp-content\/uploads\/2024\/11\/magnetitevariandid-300x88.png 300w\" sizes=\"auto, (max-width: 1024px) 100vw, 1024px\" \/><br \/>\netiketihoidjad<\/p>\n<hr \/>\n<p><strong>Etiketihoidjad pehmest magnetist,<\/strong> eest on paberi ja kaitsekile jaoks soon (etikett sees vahetatav). Suurused 40x10x1, 60x20x1mm, 80x30x1mm, 40x100x1mm.<\/p>\n<hr \/>\n<p><strong>Magnetiseeritud etiketilint<\/strong> (tellimisel)<\/p>\n<ul style=\"list-style-type: circle;\">\n<li>Kollane 25x600mm<\/li>\n<li>Valge 25x600mm<\/li>\n<li>Roheline 25x600mm<\/li>\n<\/ul>\n<p>Kleebitav etiketilint<\/p>\n<ul style=\"list-style-type: circle;\">\n<li>Kollane 25x1200mm<\/li>\n<li>Valge 25x1200mm<\/li>\n<li>Roheline 25x1200mm<\/li>\n<\/ul>\n<p>Tahvlimarkeriga kirjutatav kleebitav etiketilint v\u00f5i magnetiseeritud p\u00f5hjaga etiketilint<\/p>\n<ul style=\"list-style-type: circle;\">\n<li>valge etiketilint 25x600mm<\/li>\n<li>kollane etiketilint 25x600mm<\/li>\n<li>roheline etiketilint 25x600mm<\/li>\n<\/ul>\n<p>Vaata ka meie p\u00f5randat\u00e4histusi ja m\u00e4rgistusi<a href=\"https:\/\/www.klo.ee\/?page_id=1754\"> siit.<\/a><\/p>\n","protected":false},"excerpt":{"rendered":"<p>Magnetiga tahvlid, kirjutustahvlid, etiketihoidjad magnetiga. TAHVLEID valmistame sobivas m\u00f5\u00f5dus tellimisel. &#8211; Pehmed magnettahvlid tahvlimarkeriga kirjutamiseks (valge). +lisaomadus esik\u00fclg magnetiseeritud &#8211; Pehmed magnettahvlid kriidiga kirjutamiseks (must). [&#8230;]<\/p>\n","protected":false},"author":2,"featured_media":0,"parent":0,"menu_order":0,"comment_status":"closed","ping_status":"closed","template":"","meta":{"footnotes":""},"class_list":["post-1707","page","type-page","status-publish","hentry"],"yoast_head":"<!-- This site is optimized with the Yoast SEO plugin v27.4 - https:\/\/yoast.com\/product\/yoast-seo-wordpress\/ -->\n<title>M\u00e4rkmetahvlid - Kolm L\u00f5vi Ohutus<\/title>\n<meta name=\"description\" content=\"M\u00e4rkmetahvlid Kolm L\u00f5vi Ohutus\" \/>\n<meta name=\"robots\" content=\"index, follow, max-snippet:-1, max-image-preview:large, max-video-preview:-1\" \/>\n<link rel=\"canonical\" href=\"https:\/\/www.klo.ee\/?page_id=1707\" \/>\n<meta property=\"og:locale\" content=\"et_EE\" \/>\n<meta property=\"og:type\" content=\"article\" \/>\n<meta property=\"og:title\" content=\"M\u00e4rkmetahvlid - Kolm L\u00f5vi Ohutus\" \/>\n<meta property=\"og:description\" content=\"M\u00e4rkmetahvlid Kolm L\u00f5vi Ohutus\" \/>\n<meta property=\"og:url\" content=\"https:\/\/www.klo.ee\/?page_id=1707\" \/>\n<meta property=\"og:site_name\" content=\"Kolm L\u00f5vi Ohutus\" \/>\n<meta property=\"article:publisher\" content=\"https:\/\/www.facebook.com\/kloprof\" \/>\n<meta property=\"article:modified_time\" content=\"2024-12-27T15:56:21+00:00\" \/>\n<meta property=\"og:image\" content=\"https:\/\/www.klo.ee\/wp-content\/uploads\/2024\/11\/markeritahvlid520px.jpg\" \/>\n\t<meta property=\"og:image:width\" content=\"520\" \/>\n\t<meta property=\"og:image:height\" content=\"199\" \/>\n\t<meta property=\"og:image:type\" content=\"image\/jpeg\" \/>\n<meta name=\"twitter:card\" content=\"summary_large_image\" \/>\n<meta name=\"twitter:label1\" content=\"Est. reading time\" \/>\n\t<meta name=\"twitter:data1\" content=\"3 minutit\" \/>\n<script type=\"application\/ld+json\" class=\"yoast-schema-graph\">{\"@context\":\"https:\\\/\\\/schema.org\",\"@graph\":[{\"@type\":\"WebPage\",\"@id\":\"https:\\\/\\\/www.klo.ee\\\/?page_id=1707\",\"url\":\"https:\\\/\\\/www.klo.ee\\\/?page_id=1707\",\"name\":\"M\u00e4rkmetahvlid - Kolm L\u00f5vi Ohutus\",\"isPartOf\":{\"@id\":\"https:\\\/\\\/www.klo.ee\\\/#website\"},\"primaryImageOfPage\":{\"@id\":\"https:\\\/\\\/www.klo.ee\\\/?page_id=1707#primaryimage\"},\"image\":{\"@id\":\"https:\\\/\\\/www.klo.ee\\\/?page_id=1707#primaryimage\"},\"thumbnailUrl\":\"https:\\\/\\\/www.klo.ee\\\/wp-content\\\/uploads\\\/2024\\\/11\\\/markeritahvlid520px.jpg\",\"datePublished\":\"2024-11-29T09:33:03+00:00\",\"dateModified\":\"2024-12-27T15:56:21+00:00\",\"description\":\"M\u00e4rkmetahvlid Kolm L\u00f5vi Ohutus\",\"breadcrumb\":{\"@id\":\"https:\\\/\\\/www.klo.ee\\\/?page_id=1707#breadcrumb\"},\"inLanguage\":\"et\",\"potentialAction\":[{\"@type\":\"ReadAction\",\"target\":[\"https:\\\/\\\/www.klo.ee\\\/?page_id=1707\"]}]},{\"@type\":\"ImageObject\",\"inLanguage\":\"et\",\"@id\":\"https:\\\/\\\/www.klo.ee\\\/?page_id=1707#primaryimage\",\"url\":\"https:\\\/\\\/www.klo.ee\\\/wp-content\\\/uploads\\\/2024\\\/11\\\/markeritahvlid520px.jpg\",\"contentUrl\":\"https:\\\/\\\/www.klo.ee\\\/wp-content\\\/uploads\\\/2024\\\/11\\\/markeritahvlid520px.jpg\",\"width\":520,\"height\":199},{\"@type\":\"BreadcrumbList\",\"@id\":\"https:\\\/\\\/www.klo.ee\\\/?page_id=1707#breadcrumb\",\"itemListElement\":[{\"@type\":\"ListItem\",\"position\":1,\"name\":\"Home\",\"item\":\"https:\\\/\\\/www.klo.ee\\\/\"},{\"@type\":\"ListItem\",\"position\":2,\"name\":\"M\u00e4rkmetahvlid\"}]},{\"@type\":\"WebSite\",\"@id\":\"https:\\\/\\\/www.klo.ee\\\/#website\",\"url\":\"https:\\\/\\\/www.klo.ee\\\/\",\"name\":\"Kolm L\u00f5vi Ohutus\",\"description\":\"Ohutusm\u00e4rkide leht\",\"publisher\":{\"@id\":\"https:\\\/\\\/www.klo.ee\\\/#organization\"},\"potentialAction\":[{\"@type\":\"SearchAction\",\"target\":{\"@type\":\"EntryPoint\",\"urlTemplate\":\"https:\\\/\\\/www.klo.ee\\\/?s={search_term_string}\"},\"query-input\":{\"@type\":\"PropertyValueSpecification\",\"valueRequired\":true,\"valueName\":\"search_term_string\"}}],\"inLanguage\":\"et\"},{\"@type\":\"Organization\",\"@id\":\"https:\\\/\\\/www.klo.ee\\\/#organization\",\"name\":\"Kolm L\u00f5vi Ohutus\",\"url\":\"https:\\\/\\\/www.klo.ee\\\/\",\"logo\":{\"@type\":\"ImageObject\",\"inLanguage\":\"et\",\"@id\":\"https:\\\/\\\/www.klo.ee\\\/#\\\/schema\\\/logo\\\/image\\\/\",\"url\":\"https:\\\/\\\/www.klo.ee\\\/wp-content\\\/uploads\\\/2024\\\/09\\\/ohutusmarkheader.jpg\",\"contentUrl\":\"https:\\\/\\\/www.klo.ee\\\/wp-content\\\/uploads\\\/2024\\\/09\\\/ohutusmarkheader.jpg\",\"width\":863,\"height\":162,\"caption\":\"Kolm L\u00f5vi Ohutus\"},\"image\":{\"@id\":\"https:\\\/\\\/www.klo.ee\\\/#\\\/schema\\\/logo\\\/image\\\/\"},\"sameAs\":[\"https:\\\/\\\/www.facebook.com\\\/kloprof\"]}]}<\/script>\n<!-- \/ Yoast SEO plugin. -->","yoast_head_json":{"title":"M\u00e4rkmetahvlid - Kolm L\u00f5vi Ohutus","description":"M\u00e4rkmetahvlid Kolm L\u00f5vi Ohutus","robots":{"index":"index","follow":"follow","max-snippet":"max-snippet:-1","max-image-preview":"max-image-preview:large","max-video-preview":"max-video-preview:-1"},"canonical":"https:\/\/www.klo.ee\/?page_id=1707","og_locale":"et_EE","og_type":"article","og_title":"M\u00e4rkmetahvlid - Kolm L\u00f5vi Ohutus","og_description":"M\u00e4rkmetahvlid Kolm L\u00f5vi Ohutus","og_url":"https:\/\/www.klo.ee\/?page_id=1707","og_site_name":"Kolm L\u00f5vi Ohutus","article_publisher":"https:\/\/www.facebook.com\/kloprof","article_modified_time":"2024-12-27T15:56:21+00:00","og_image":[{"width":520,"height":199,"url":"https:\/\/www.klo.ee\/wp-content\/uploads\/2024\/11\/markeritahvlid520px.jpg","type":"image\/jpeg"}],"twitter_card":"summary_large_image","twitter_misc":{"Est. reading time":"3 minutit"},"schema":{"@context":"https:\/\/schema.org","@graph":[{"@type":"WebPage","@id":"https:\/\/www.klo.ee\/?page_id=1707","url":"https:\/\/www.klo.ee\/?page_id=1707","name":"M\u00e4rkmetahvlid - Kolm L\u00f5vi Ohutus","isPartOf":{"@id":"https:\/\/www.klo.ee\/#website"},"primaryImageOfPage":{"@id":"https:\/\/www.klo.ee\/?page_id=1707#primaryimage"},"image":{"@id":"https:\/\/www.klo.ee\/?page_id=1707#primaryimage"},"thumbnailUrl":"https:\/\/www.klo.ee\/wp-content\/uploads\/2024\/11\/markeritahvlid520px.jpg","datePublished":"2024-11-29T09:33:03+00:00","dateModified":"2024-12-27T15:56:21+00:00","description":"M\u00e4rkmetahvlid Kolm L\u00f5vi Ohutus","breadcrumb":{"@id":"https:\/\/www.klo.ee\/?page_id=1707#breadcrumb"},"inLanguage":"et","potentialAction":[{"@type":"ReadAction","target":["https:\/\/www.klo.ee\/?page_id=1707"]}]},{"@type":"ImageObject","inLanguage":"et","@id":"https:\/\/www.klo.ee\/?page_id=1707#primaryimage","url":"https:\/\/www.klo.ee\/wp-content\/uploads\/2024\/11\/markeritahvlid520px.jpg","contentUrl":"https:\/\/www.klo.ee\/wp-content\/uploads\/2024\/11\/markeritahvlid520px.jpg","width":520,"height":199},{"@type":"BreadcrumbList","@id":"https:\/\/www.klo.ee\/?page_id=1707#breadcrumb","itemListElement":[{"@type":"ListItem","position":1,"name":"Home","item":"https:\/\/www.klo.ee\/"},{"@type":"ListItem","position":2,"name":"M\u00e4rkmetahvlid"}]},{"@type":"WebSite","@id":"https:\/\/www.klo.ee\/#website","url":"https:\/\/www.klo.ee\/","name":"Kolm L\u00f5vi Ohutus","description":"Ohutusm\u00e4rkide leht","publisher":{"@id":"https:\/\/www.klo.ee\/#organization"},"potentialAction":[{"@type":"SearchAction","target":{"@type":"EntryPoint","urlTemplate":"https:\/\/www.klo.ee\/?s={search_term_string}"},"query-input":{"@type":"PropertyValueSpecification","valueRequired":true,"valueName":"search_term_string"}}],"inLanguage":"et"},{"@type":"Organization","@id":"https:\/\/www.klo.ee\/#organization","name":"Kolm L\u00f5vi Ohutus","url":"https:\/\/www.klo.ee\/","logo":{"@type":"ImageObject","inLanguage":"et","@id":"https:\/\/www.klo.ee\/#\/schema\/logo\/image\/","url":"https:\/\/www.klo.ee\/wp-content\/uploads\/2024\/09\/ohutusmarkheader.jpg","contentUrl":"https:\/\/www.klo.ee\/wp-content\/uploads\/2024\/09\/ohutusmarkheader.jpg","width":863,"height":162,"caption":"Kolm L\u00f5vi Ohutus"},"image":{"@id":"https:\/\/www.klo.ee\/#\/schema\/logo\/image\/"},"sameAs":["https:\/\/www.facebook.com\/kloprof"]}]}},"_links":{"self":[{"href":"https:\/\/www.klo.ee\/index.php?rest_route=\/wp\/v2\/pages\/1707","targetHints":{"allow":["GET"]}}],"collection":[{"href":"https:\/\/www.klo.ee\/index.php?rest_route=\/wp\/v2\/pages"}],"about":[{"href":"https:\/\/www.klo.ee\/index.php?rest_route=\/wp\/v2\/types\/page"}],"author":[{"embeddable":true,"href":"https:\/\/www.klo.ee\/index.php?rest_route=\/wp\/v2\/users\/2"}],"replies":[{"embeddable":true,"href":"https:\/\/www.klo.ee\/index.php?rest_route=%2Fwp%2Fv2%2Fcomments&post=1707"}],"version-history":[{"count":10,"href":"https:\/\/www.klo.ee\/index.php?rest_route=\/wp\/v2\/pages\/1707\/revisions"}],"predecessor-version":[{"id":2711,"href":"https:\/\/www.klo.ee\/index.php?rest_route=\/wp\/v2\/pages\/1707\/revisions\/2711"}],"wp:attachment":[{"href":"https:\/\/www.klo.ee\/index.php?rest_route=%2Fwp%2Fv2%2Fmedia&parent=1707"}],"curies":[{"name":"wp","href":"https:\/\/api.w.org\/{rel}","templated":true}]}}