{"id":1712,"date":"2024-11-29T09:33:40","date_gmt":"2024-11-29T09:33:40","guid":{"rendered":"https:\/\/www.klo.ee\/?page_id=1712"},"modified":"2024-12-27T15:57:53","modified_gmt":"2024-12-27T15:57:53","slug":"transpordimargid","status":"publish","type":"page","link":"https:\/\/www.klo.ee\/?page_id=1712","title":{"rendered":"Transpordim\u00e4rgid"},"content":{"rendered":"<h1>Aeglane s\u00f5iduk, pikk veos, raske veos, raskeveok, autorong, laiveos, v\u00e4ljaulatuv veos, haagise tunnus, autorongi t\u00e4his<\/h1>\n<p><img loading=\"lazy\" decoding=\"async\" class=\"alignnone size-full wp-image-1719\" src=\"https:\/\/www.klo.ee\/wp-content\/uploads\/2024\/11\/pikkveos1200x250mm.jpg\" alt=\"\" width=\"1373\" height=\"344\" srcset=\"https:\/\/www.klo.ee\/wp-content\/uploads\/2024\/11\/pikkveos1200x250mm.jpg 1373w, https:\/\/www.klo.ee\/wp-content\/uploads\/2024\/11\/pikkveos1200x250mm-300x75.jpg 300w, https:\/\/www.klo.ee\/wp-content\/uploads\/2024\/11\/pikkveos1200x250mm-1024x257.jpg 1024w, https:\/\/www.klo.ee\/wp-content\/uploads\/2024\/11\/pikkveos1200x250mm-768x192.jpg 768w\" sizes=\"auto, (max-width: 1373px) 100vw, 1373px\" \/><br \/>\nAutorongi t\u00e4his kollane helkur ja punased neoonservad, 3mm alumiinium komposiitplaadil.<\/p>\n<hr \/>\n<h2>Aeglane s\u00f5iduk<\/h2>\n<p>Pehmemast alumiiniumplekist\u00a0 ja Zn-plekkalusel saadaval k\u00fcljem\u00f5\u00f5duga 365mm:<br \/>\nAeglase s\u00f5iduki kleebism\u00e4rgid eritellimusena.<\/p>\n<p><img loading=\"lazy\" decoding=\"async\" class=\"alignnone wp-image-1718\" src=\"https:\/\/www.klo.ee\/wp-content\/uploads\/2024\/11\/aeglanesoiduk.png\" alt=\"\" width=\"900\" height=\"469\" srcset=\"https:\/\/www.klo.ee\/wp-content\/uploads\/2024\/11\/aeglanesoiduk.png 453w, https:\/\/www.klo.ee\/wp-content\/uploads\/2024\/11\/aeglanesoiduk-300x156.png 300w\" sizes=\"auto, (max-width: 900px) 100vw, 900px\" \/><br \/>\naeglane s\u00f5iduk ohutusm\u00e4rgistus<\/p>\n<hr \/>\n<h2>V\u00e4ljaulatuv veos<\/h2>\n<p>Komplektis 1tk ette paigaldatav + 1tk taha paigaldatav zn-plekk alustel, 3mm alumiiniumkomposiitplaadil v\u00f5i 3mm plastikul.<br \/>\nSama komplekt aga 3mm alumiiniumkomposiit materjalist.<\/p>\n<p><img loading=\"lazy\" decoding=\"async\" class=\"alignnone size-full wp-image-1717\" src=\"https:\/\/www.klo.ee\/wp-content\/uploads\/2024\/11\/valjaulatuvveos.png\" alt=\"\" width=\"522\" height=\"253\" srcset=\"https:\/\/www.klo.ee\/wp-content\/uploads\/2024\/11\/valjaulatuvveos.png 522w, https:\/\/www.klo.ee\/wp-content\/uploads\/2024\/11\/valjaulatuvveos-300x145.png 300w\" sizes=\"auto, (max-width: 522px) 100vw, 522px\" \/><\/p>\n<h2>V\u00e4ljaulatuva veose ohutusm\u00e4rgistus<\/h2>\n<p>V\u00e4ljaulatuva veose t\u00e4histamise m\u00e4rgiste paigutamisel arvestada j\u00e4rgnevaga:<br \/>\nA. Veose ees helgivad valged triibud ja veose taga helgivad punased triibud.<br \/>\nB. S\u00f5idukist, autorongist v\u00f5i masinrongist ette- v\u00f5i tahapoole \u00fcle kahe meetri v\u00e4ljaulatuva veose kaugeim punkt peab olema t\u00e4histatud v\u00e4ljaulatuva veose tunnusm\u00e4rgiga. V\u00e4ljaulatuva veose tunnusm\u00e4rgi \u00fclemise serva k\u00f5rgus ei tohi olla \u00fcle 1,6 m ja alumise serva k\u00f5rgus alla 0,4 m s\u00f5idutees pinnast.<br \/>\nC. V\u00e4ljaulatuva veose tunnusm\u00e4rkide juures peab olema ees valge v\u00f5i kollane ja taga punane latern. V\u00e4ljaulatuva veose tunnusm\u00e4rkide kaldv\u00f6\u00f6tide laius on 1\/8 tunnusm\u00e4rgi k\u00fcljepikkusest. V\u00f6\u00f6did langevad tee telje poole.<\/p>\n<hr \/>\n<h2>Haagise ja autorongi tunnusm\u00e4rk<\/h2>\n<p>Moodul 565x140mm alumiinium komposiitplaadist<\/p>\n<p><img loading=\"lazy\" decoding=\"async\" class=\"alignnone wp-image-1716\" src=\"https:\/\/www.klo.ee\/wp-content\/uploads\/2024\/11\/autorong.png\" alt=\"\" width=\"900\" height=\"403\" srcset=\"https:\/\/www.klo.ee\/wp-content\/uploads\/2024\/11\/autorong.png 909w, https:\/\/www.klo.ee\/wp-content\/uploads\/2024\/11\/autorong-300x134.png 300w, https:\/\/www.klo.ee\/wp-content\/uploads\/2024\/11\/autorong-768x344.png 768w\" sizes=\"auto, (max-width: 900px) 100vw, 900px\" \/><br \/>\nautorong ohutusm\u00e4rgistus<\/p>\n<hr \/>\n<h2>Pikk veos, raske veos, raske veok<\/h2>\n<p>Moodul 565x140mm alumiinium komposiitplaadist<\/p>\n<p><img loading=\"lazy\" decoding=\"async\" class=\"alignnone wp-image-1715\" src=\"https:\/\/www.klo.ee\/wp-content\/uploads\/2024\/11\/pikkraskeveos.png\" alt=\"\" width=\"900\" height=\"366\" srcset=\"https:\/\/www.klo.ee\/wp-content\/uploads\/2024\/11\/pikkraskeveos.png 855w, https:\/\/www.klo.ee\/wp-content\/uploads\/2024\/11\/pikkraskeveos-300x122.png 300w, https:\/\/www.klo.ee\/wp-content\/uploads\/2024\/11\/pikkraskeveos-768x313.png 768w\" sizes=\"auto, (max-width: 900px) 100vw, 900px\" \/><br \/>\npikk veos ohutusm\u00e4rgistus<\/p>\n<hr \/>\n<h2>Lai veos<\/h2>\n<p>Komplekt 2tk esimoodulit ja 2tk tagamoodulit 800x200mm, 2mm alumiiniumkomposiitplaadil\u00a0 [HPK38145].<br \/>\nAlumiiniumil (1mm) komplekt keskmises suuruses 800x200mm [HPK38145].<br \/>\nKleebise komplekt (4tk) keskmises suuruses 800x200mm [HPK38145].<br \/>\nZn-plekkalustel komplekt 2 esi- ja 2 tagamoodulit.<\/p>\n<p>Suuremate ja v\u00e4iksemate moodulite kohta k\u00fcsige eraldi hinnapakkumist. \u00dchekordseks kasutamiseks v\u00f5ib m\u00e4rgised tellida ka 3mm plastikult.<\/p>\n<p><img loading=\"lazy\" decoding=\"async\" class=\"alignnone wp-image-1714\" src=\"https:\/\/www.klo.ee\/wp-content\/uploads\/2024\/11\/laiveos.png\" alt=\"\" width=\"900\" height=\"403\" srcset=\"https:\/\/www.klo.ee\/wp-content\/uploads\/2024\/11\/laiveos.png 826w, https:\/\/www.klo.ee\/wp-content\/uploads\/2024\/11\/laiveos-300x134.png 300w, https:\/\/www.klo.ee\/wp-content\/uploads\/2024\/11\/laiveos-768x344.png 768w\" sizes=\"auto, (max-width: 900px) 100vw, 900px\" \/><br \/>\nlaiveos ohutusm\u00e4rgistus<\/p>\n<p>M\u00e4rgiste kasutamist reguleerib majandus- ja taristuministri 04. septembri 2015. a m\u00e4\u00e4rus nr 114 &#8220;Eriveo tingimused ning eriveo teostamise ja erilubade v\u00e4ljaandmise kord ning tee omanikule tekitatud kulutuste h\u00fcvitamise, eriloa menetlustasu ja eritasu m\u00e4\u00e4rad&#8221; <a href=\"https:\/\/www.riigiteataja.ee\/akt\/109092015002?leiaKehtiv\">(siin)<\/a><\/p>\n","protected":false},"excerpt":{"rendered":"<p>Aeglane s\u00f5iduk, pikk veos, raske veos, raskeveok, autorong, laiveos, v\u00e4ljaulatuv veos, haagise tunnus, autorongi t\u00e4his Autorongi t\u00e4his kollane helkur ja punased neoonservad, 3mm alumiinium komposiitplaadil. [&#8230;]<\/p>\n","protected":false},"author":2,"featured_media":0,"parent":0,"menu_order":0,"comment_status":"closed","ping_status":"closed","template":"","meta":{"footnotes":""},"class_list":["post-1712","page","type-page","status-publish","hentry"],"yoast_head":"<!-- This site is optimized with the Yoast SEO plugin v27.5 - https:\/\/yoast.com\/product\/yoast-seo-wordpress\/ -->\n<title>Transpordim\u00e4rgid - Kolm L\u00f5vi Ohutus<\/title>\n<meta name=\"description\" content=\"Transpordim\u00e4rgid Kolm L\u00f5vi Ohutus\" \/>\n<meta name=\"robots\" content=\"index, follow, max-snippet:-1, max-image-preview:large, max-video-preview:-1\" \/>\n<link rel=\"canonical\" href=\"https:\/\/www.klo.ee\/?page_id=1712\" \/>\n<meta property=\"og:locale\" content=\"et_EE\" \/>\n<meta property=\"og:type\" content=\"article\" \/>\n<meta property=\"og:title\" content=\"Transpordim\u00e4rgid - Kolm L\u00f5vi Ohutus\" \/>\n<meta property=\"og:description\" content=\"Transpordim\u00e4rgid Kolm L\u00f5vi Ohutus\" \/>\n<meta property=\"og:url\" content=\"https:\/\/www.klo.ee\/?page_id=1712\" \/>\n<meta property=\"og:site_name\" content=\"Kolm L\u00f5vi Ohutus\" \/>\n<meta property=\"article:publisher\" content=\"https:\/\/www.facebook.com\/kloprof\" \/>\n<meta property=\"article:modified_time\" content=\"2024-12-27T15:57:53+00:00\" \/>\n<meta property=\"og:image\" content=\"https:\/\/www.klo.ee\/wp-content\/uploads\/2024\/11\/pikkveos1200x250mm.jpg\" \/>\n\t<meta property=\"og:image:width\" content=\"1373\" \/>\n\t<meta property=\"og:image:height\" content=\"344\" \/>\n\t<meta property=\"og:image:type\" content=\"image\/jpeg\" \/>\n<meta name=\"twitter:card\" content=\"summary_large_image\" \/>\n<meta name=\"twitter:label1\" content=\"Est. reading time\" \/>\n\t<meta name=\"twitter:data1\" content=\"3 minutit\" \/>\n<script type=\"application\/ld+json\" class=\"yoast-schema-graph\">{\"@context\":\"https:\\\/\\\/schema.org\",\"@graph\":[{\"@type\":\"WebPage\",\"@id\":\"https:\\\/\\\/www.klo.ee\\\/?page_id=1712\",\"url\":\"https:\\\/\\\/www.klo.ee\\\/?page_id=1712\",\"name\":\"Transpordim\u00e4rgid - Kolm L\u00f5vi Ohutus\",\"isPartOf\":{\"@id\":\"https:\\\/\\\/www.klo.ee\\\/#website\"},\"primaryImageOfPage\":{\"@id\":\"https:\\\/\\\/www.klo.ee\\\/?page_id=1712#primaryimage\"},\"image\":{\"@id\":\"https:\\\/\\\/www.klo.ee\\\/?page_id=1712#primaryimage\"},\"thumbnailUrl\":\"https:\\\/\\\/www.klo.ee\\\/wp-content\\\/uploads\\\/2024\\\/11\\\/pikkveos1200x250mm.jpg\",\"datePublished\":\"2024-11-29T09:33:40+00:00\",\"dateModified\":\"2024-12-27T15:57:53+00:00\",\"description\":\"Transpordim\u00e4rgid Kolm L\u00f5vi Ohutus\",\"breadcrumb\":{\"@id\":\"https:\\\/\\\/www.klo.ee\\\/?page_id=1712#breadcrumb\"},\"inLanguage\":\"et\",\"potentialAction\":[{\"@type\":\"ReadAction\",\"target\":[\"https:\\\/\\\/www.klo.ee\\\/?page_id=1712\"]}]},{\"@type\":\"ImageObject\",\"inLanguage\":\"et\",\"@id\":\"https:\\\/\\\/www.klo.ee\\\/?page_id=1712#primaryimage\",\"url\":\"https:\\\/\\\/www.klo.ee\\\/wp-content\\\/uploads\\\/2024\\\/11\\\/pikkveos1200x250mm.jpg\",\"contentUrl\":\"https:\\\/\\\/www.klo.ee\\\/wp-content\\\/uploads\\\/2024\\\/11\\\/pikkveos1200x250mm.jpg\",\"width\":1373,\"height\":344},{\"@type\":\"BreadcrumbList\",\"@id\":\"https:\\\/\\\/www.klo.ee\\\/?page_id=1712#breadcrumb\",\"itemListElement\":[{\"@type\":\"ListItem\",\"position\":1,\"name\":\"Home\",\"item\":\"https:\\\/\\\/www.klo.ee\\\/\"},{\"@type\":\"ListItem\",\"position\":2,\"name\":\"Transpordim\u00e4rgid\"}]},{\"@type\":\"WebSite\",\"@id\":\"https:\\\/\\\/www.klo.ee\\\/#website\",\"url\":\"https:\\\/\\\/www.klo.ee\\\/\",\"name\":\"Kolm L\u00f5vi Ohutus\",\"description\":\"Ohutusm\u00e4rkide leht\",\"publisher\":{\"@id\":\"https:\\\/\\\/www.klo.ee\\\/#organization\"},\"potentialAction\":[{\"@type\":\"SearchAction\",\"target\":{\"@type\":\"EntryPoint\",\"urlTemplate\":\"https:\\\/\\\/www.klo.ee\\\/?s={search_term_string}\"},\"query-input\":{\"@type\":\"PropertyValueSpecification\",\"valueRequired\":true,\"valueName\":\"search_term_string\"}}],\"inLanguage\":\"et\"},{\"@type\":\"Organization\",\"@id\":\"https:\\\/\\\/www.klo.ee\\\/#organization\",\"name\":\"Kolm L\u00f5vi Ohutus\",\"url\":\"https:\\\/\\\/www.klo.ee\\\/\",\"logo\":{\"@type\":\"ImageObject\",\"inLanguage\":\"et\",\"@id\":\"https:\\\/\\\/www.klo.ee\\\/#\\\/schema\\\/logo\\\/image\\\/\",\"url\":\"https:\\\/\\\/www.klo.ee\\\/wp-content\\\/uploads\\\/2024\\\/09\\\/ohutusmarkheader.jpg\",\"contentUrl\":\"https:\\\/\\\/www.klo.ee\\\/wp-content\\\/uploads\\\/2024\\\/09\\\/ohutusmarkheader.jpg\",\"width\":863,\"height\":162,\"caption\":\"Kolm L\u00f5vi Ohutus\"},\"image\":{\"@id\":\"https:\\\/\\\/www.klo.ee\\\/#\\\/schema\\\/logo\\\/image\\\/\"},\"sameAs\":[\"https:\\\/\\\/www.facebook.com\\\/kloprof\"]}]}<\/script>\n<!-- \/ Yoast SEO plugin. -->","yoast_head_json":{"title":"Transpordim\u00e4rgid - Kolm L\u00f5vi Ohutus","description":"Transpordim\u00e4rgid Kolm L\u00f5vi Ohutus","robots":{"index":"index","follow":"follow","max-snippet":"max-snippet:-1","max-image-preview":"max-image-preview:large","max-video-preview":"max-video-preview:-1"},"canonical":"https:\/\/www.klo.ee\/?page_id=1712","og_locale":"et_EE","og_type":"article","og_title":"Transpordim\u00e4rgid - Kolm L\u00f5vi Ohutus","og_description":"Transpordim\u00e4rgid Kolm L\u00f5vi Ohutus","og_url":"https:\/\/www.klo.ee\/?page_id=1712","og_site_name":"Kolm L\u00f5vi Ohutus","article_publisher":"https:\/\/www.facebook.com\/kloprof","article_modified_time":"2024-12-27T15:57:53+00:00","og_image":[{"width":1373,"height":344,"url":"https:\/\/www.klo.ee\/wp-content\/uploads\/2024\/11\/pikkveos1200x250mm.jpg","type":"image\/jpeg"}],"twitter_card":"summary_large_image","twitter_misc":{"Est. reading time":"3 minutit"},"schema":{"@context":"https:\/\/schema.org","@graph":[{"@type":"WebPage","@id":"https:\/\/www.klo.ee\/?page_id=1712","url":"https:\/\/www.klo.ee\/?page_id=1712","name":"Transpordim\u00e4rgid - Kolm L\u00f5vi Ohutus","isPartOf":{"@id":"https:\/\/www.klo.ee\/#website"},"primaryImageOfPage":{"@id":"https:\/\/www.klo.ee\/?page_id=1712#primaryimage"},"image":{"@id":"https:\/\/www.klo.ee\/?page_id=1712#primaryimage"},"thumbnailUrl":"https:\/\/www.klo.ee\/wp-content\/uploads\/2024\/11\/pikkveos1200x250mm.jpg","datePublished":"2024-11-29T09:33:40+00:00","dateModified":"2024-12-27T15:57:53+00:00","description":"Transpordim\u00e4rgid Kolm L\u00f5vi Ohutus","breadcrumb":{"@id":"https:\/\/www.klo.ee\/?page_id=1712#breadcrumb"},"inLanguage":"et","potentialAction":[{"@type":"ReadAction","target":["https:\/\/www.klo.ee\/?page_id=1712"]}]},{"@type":"ImageObject","inLanguage":"et","@id":"https:\/\/www.klo.ee\/?page_id=1712#primaryimage","url":"https:\/\/www.klo.ee\/wp-content\/uploads\/2024\/11\/pikkveos1200x250mm.jpg","contentUrl":"https:\/\/www.klo.ee\/wp-content\/uploads\/2024\/11\/pikkveos1200x250mm.jpg","width":1373,"height":344},{"@type":"BreadcrumbList","@id":"https:\/\/www.klo.ee\/?page_id=1712#breadcrumb","itemListElement":[{"@type":"ListItem","position":1,"name":"Home","item":"https:\/\/www.klo.ee\/"},{"@type":"ListItem","position":2,"name":"Transpordim\u00e4rgid"}]},{"@type":"WebSite","@id":"https:\/\/www.klo.ee\/#website","url":"https:\/\/www.klo.ee\/","name":"Kolm L\u00f5vi Ohutus","description":"Ohutusm\u00e4rkide leht","publisher":{"@id":"https:\/\/www.klo.ee\/#organization"},"potentialAction":[{"@type":"SearchAction","target":{"@type":"EntryPoint","urlTemplate":"https:\/\/www.klo.ee\/?s={search_term_string}"},"query-input":{"@type":"PropertyValueSpecification","valueRequired":true,"valueName":"search_term_string"}}],"inLanguage":"et"},{"@type":"Organization","@id":"https:\/\/www.klo.ee\/#organization","name":"Kolm L\u00f5vi Ohutus","url":"https:\/\/www.klo.ee\/","logo":{"@type":"ImageObject","inLanguage":"et","@id":"https:\/\/www.klo.ee\/#\/schema\/logo\/image\/","url":"https:\/\/www.klo.ee\/wp-content\/uploads\/2024\/09\/ohutusmarkheader.jpg","contentUrl":"https:\/\/www.klo.ee\/wp-content\/uploads\/2024\/09\/ohutusmarkheader.jpg","width":863,"height":162,"caption":"Kolm L\u00f5vi Ohutus"},"image":{"@id":"https:\/\/www.klo.ee\/#\/schema\/logo\/image\/"},"sameAs":["https:\/\/www.facebook.com\/kloprof"]}]}},"_links":{"self":[{"href":"https:\/\/www.klo.ee\/index.php?rest_route=\/wp\/v2\/pages\/1712","targetHints":{"allow":["GET"]}}],"collection":[{"href":"https:\/\/www.klo.ee\/index.php?rest_route=\/wp\/v2\/pages"}],"about":[{"href":"https:\/\/www.klo.ee\/index.php?rest_route=\/wp\/v2\/types\/page"}],"author":[{"embeddable":true,"href":"https:\/\/www.klo.ee\/index.php?rest_route=\/wp\/v2\/users\/2"}],"replies":[{"embeddable":true,"href":"https:\/\/www.klo.ee\/index.php?rest_route=%2Fwp%2Fv2%2Fcomments&post=1712"}],"version-history":[{"count":9,"href":"https:\/\/www.klo.ee\/index.php?rest_route=\/wp\/v2\/pages\/1712\/revisions"}],"predecessor-version":[{"id":2712,"href":"https:\/\/www.klo.ee\/index.php?rest_route=\/wp\/v2\/pages\/1712\/revisions\/2712"}],"wp:attachment":[{"href":"https:\/\/www.klo.ee\/index.php?rest_route=%2Fwp%2Fv2%2Fmedia&parent=1712"}],"curies":[{"name":"wp","href":"https:\/\/api.w.org\/{rel}","templated":true}]}}