{"id":1725,"date":"2024-11-29T09:40:11","date_gmt":"2024-11-29T09:40:11","guid":{"rendered":"https:\/\/www.klo.ee\/?page_id=1725"},"modified":"2025-05-27T11:57:35","modified_gmt":"2025-05-27T11:57:35","slug":"avalik-ruum","status":"publish","type":"page","link":"https:\/\/www.klo.ee\/?page_id=1725","title":{"rendered":"AVALIK RUUM"},"content":{"rendered":"<h2>AVALIKES RUUMIDES, N\u00c4ITUSTEL, KONTSERTSAALIDES, ESITLUSTEL, KAUBANDUSKESKUSTES, HAIGLATES, S\u00d6\u00d6GIKOHTADES jm avalikel s\u00fcndmustel kasutatavad t\u00e4hised, m\u00e4rgistus, suunavad viidad ja ohutusm\u00e4rgid.<\/h2>\n<h3>Korterinumbrid, uksenumbrid, graveeritud numbrid. Ukseohutus. Pendeluks. Uks avaneb-sulgub automaatselt (automaatne uks). Automaatselt avanev uks. Automaatselt avanev l\u00fckanduks. Kas parkimiskella panid?<\/h3>\n<ol>\n<li>Suunavad viidad, raamid, reklaamid, sildid laudadele (link), riiulitele, seintele.<\/li>\n<li>Suitsetamist keelavad ja lubavad m\u00e4rgid<\/li>\n<li>Ruumide ja eriotstarbeliste alade t\u00e4histamine<\/li>\n<li>Toolide ja istekohtade t\u00e4histuskleebised<\/li>\n<li>Uksenumbrid (link), garderoobi numbrid (link), garderoobi t\u00e4histus (link)<\/li>\n<li>Lamineeritud juhendid t\u00f6\u00f6tajatele ja seintele (KLO poster)<\/li>\n<li>Magnetiseeritud infomaterjalid<\/li>\n<li>Personalile nimesildid, rinnam\u00e4rgid, t\u00f6\u00f6t\u00f5endid, kaelakaardid (link), logodega r\u00f5ivad, ohutusvestid<\/li>\n<li>Juhtmete t\u00e4histamine<\/li>\n<li>Evakuatsiooniteede m\u00e4rgistamine (link)<\/li>\n<li>V\u00e4ljap\u00e4\u00e4sude t\u00e4histamine, ukseohutus, pendeluks<\/li>\n<li>Ohutusm\u00e4rgistus (link) ja parklasildid, parkimist keelavad sildid, klientide parkla sildid (link)<\/li>\n<li>Kokkupandavad esitlusseinad, esitluslauad<\/li>\n<li>Valged esitlustahvlid (tahvlimarkeriga kirjutamiseks) ja mustad kriiditahvlid.<\/li>\n<li>Informatiivsed ajan\u00e4itajad, avatud-suletud sildid (link)<\/li>\n<li>N\u00e4htavusribad ja ohutusmummud, v\u00e4rvilised ohutusringid klaasidele (link)<\/li>\n<li>Linnuohutus kleebised suurtele klaaspindadele, et linnud ei lendaks aknaklaasidesse (link)<\/li>\n<li>Istmeridade-, toolinumbrid, riiulinumbrid ja t\u00e4histamist t\u00e4hed. Kleebitavad suunavad nooled ja jalaj\u00e4ljed (link)<\/li>\n<li>Nimesildid, rinnasildid, t\u00f6\u00f6tajate nimelised m\u00e4rgid (link), t\u00f6\u00f6t\u00f5endid, kaelakaardid (link).<\/li>\n<\/ol>\n<p>Klientide parkla (tekst vastavalt tellija soovile). NB! Tekst m\u00e4rgile kliendi tellimuse j\u00e4rgi.<\/p>\n<p><img loading=\"lazy\" decoding=\"async\" class=\"alignnone wp-image-1739\" src=\"https:\/\/www.klo.ee\/wp-content\/uploads\/2024\/11\/klientideparkla.jpg\" alt=\"\" width=\"900\" height=\"595\" srcset=\"https:\/\/www.klo.ee\/wp-content\/uploads\/2024\/11\/klientideparkla.jpg 657w, https:\/\/www.klo.ee\/wp-content\/uploads\/2024\/11\/klientideparkla-300x198.jpg 300w\" sizes=\"auto, (max-width: 900px) 100vw, 900px\" \/><\/p>\n<p>Alusmaterjaliks saame pakkuda plastikut, alumiiniumkomposiit materjali ja p\u00f6\u00f6ratud servadega metallaluseid.<br \/>\nPlastik- ja alumiiniumkomposiitmaterjal on kinnitatav seinale kruvidega. Plastikut v\u00f5ib panna ka montaa\u017ei liimiga poorsematele pindadele.<br \/>\nP\u00f6\u00f6ratud servadega Zn-plekist alused on m\u00f5eldud postile kinnitamiseks. Lisana pakume juurde toruklambreid, mis sobivad 60mm torudele.<br \/>\nZn-plekkalused on saadaval 400&#215;200, 600&#215;200, 600x400mm (parkimiskoha t\u00e4histuseks 300x200mm m\u00f5\u00f5dus). M\u00e4rgist saab tellida helkurpinnaga, kui ka mittehelkiva pinnaga.<\/p>\n<p><img loading=\"lazy\" decoding=\"async\" class=\"alignnone size-full wp-image-1100\" src=\"https:\/\/www.klo.ee\/wp-content\/uploads\/2024\/11\/torulekinnitused.jpg\" alt=\"\" width=\"520\" height=\"339\" srcset=\"https:\/\/www.klo.ee\/wp-content\/uploads\/2024\/11\/torulekinnitused.jpg 520w, https:\/\/www.klo.ee\/wp-content\/uploads\/2024\/11\/torulekinnitused-300x196.jpg 300w\" sizes=\"auto, (max-width: 520px) 100vw, 520px\" \/><br \/>\ntoruklambreid, mis sobivad 60mm torudele<\/p>\n<hr \/>\n<h3>Kas parkimiskella panid?<\/h3>\n<p>Parkimiskella kasutamise kohustuse meenutamise kleebis v\u00f5i silt (ART493).<\/p>\n<p>Kleebised v\u00f5i sildid suuruses 180x300mm ja parempoolne 300x200mm.<\/p>\n<p><img loading=\"lazy\" decoding=\"async\" class=\"alignnone wp-image-1738\" src=\"https:\/\/www.klo.ee\/wp-content\/uploads\/2024\/11\/art493-parkimiskellapanid.png\" alt=\"\" width=\"900\" height=\"351\" srcset=\"https:\/\/www.klo.ee\/wp-content\/uploads\/2024\/11\/art493-parkimiskellapanid.png 656w, https:\/\/www.klo.ee\/wp-content\/uploads\/2024\/11\/art493-parkimiskellapanid-300x117.png 300w\" sizes=\"auto, (max-width: 900px) 100vw, 900px\" \/><\/p>\n<p>Lihtsa parkimiskella saada tellida <a href=\"https:\/\/kohver.com\/product_details.php?search_string=parkimiskell&amp;item_id=760\">siit<\/a>. Oma graafikaga parkimiskellad tellimiseks kirjuta info@trykikeskus.ee.<\/p>\n<hr \/>\n<h3>Universaalne tugijalg<\/h3>\n<p>Lauale, riiulitele universaalne siltide alumiiniumist jalg (esiosa n\u00e4htav laius 74mm, k\u00f5rgus 22mm).<br \/>\nSaame valmistada tugijalgasi ka teistes m\u00f5\u00f5tudes. Logo pealetr\u00fckkimise v\u00f5imalus suurematel kogustel.<\/p>\n<p><img loading=\"lazy\" decoding=\"async\" class=\"wp-image-1248 aligncenter\" src=\"https:\/\/www.klo.ee\/wp-content\/uploads\/2024\/11\/universaalne-tugijalg-klo756.jpg\" alt=\"\" width=\"448\" height=\"446\" srcset=\"https:\/\/www.klo.ee\/wp-content\/uploads\/2024\/11\/universaalne-tugijalg-klo756.jpg 657w, https:\/\/www.klo.ee\/wp-content\/uploads\/2024\/11\/universaalne-tugijalg-klo756-300x300.jpg 300w, https:\/\/www.klo.ee\/wp-content\/uploads\/2024\/11\/universaalne-tugijalg-klo756-150x150.jpg 150w\" sizes=\"auto, (max-width: 448px) 100vw, 448px\" \/><\/p>\n<p><img loading=\"lazy\" decoding=\"async\" class=\"alignnone wp-image-1737\" src=\"https:\/\/www.klo.ee\/wp-content\/uploads\/2024\/11\/lauasildid-sn-657px.jpg\" alt=\"\" width=\"900\" height=\"552\" srcset=\"https:\/\/www.klo.ee\/wp-content\/uploads\/2024\/11\/lauasildid-sn-657px.jpg 657w, https:\/\/www.klo.ee\/wp-content\/uploads\/2024\/11\/lauasildid-sn-657px-300x184.jpg 300w\" sizes=\"auto, (max-width: 900px) 100vw, 900px\" \/><\/p>\n<hr \/>\n<h3>Uksenumbrid. Korterinumbrid. Majanumbrid<\/h3>\n<p>Graveeritud numbrid harjatud h\u00f5bedasel v\u00f5i kuldsel plastikul (800mic).<\/p>\n<p><img loading=\"lazy\" decoding=\"async\" class=\"alignnone wp-image-1736\" src=\"https:\/\/www.klo.ee\/wp-content\/uploads\/2024\/11\/uksenumbrid3020.jpg\" alt=\"\" width=\"552\" height=\"206\" srcset=\"https:\/\/www.klo.ee\/wp-content\/uploads\/2024\/11\/uksenumbrid3020.jpg 415w, https:\/\/www.klo.ee\/wp-content\/uploads\/2024\/11\/uksenumbrid3020-300x112.jpg 300w\" sizes=\"auto, (max-width: 552px) 100vw, 552px\" \/><\/p>\n<p>Kleebitud suuremad numbrid, harjatud h\u00f5bedasel v\u00f5i kuldsel plastikul (800mic).<\/p>\n<p><img loading=\"lazy\" decoding=\"async\" class=\"alignnone wp-image-1734\" src=\"https:\/\/www.klo.ee\/wp-content\/uploads\/2024\/11\/numbrid-plast-alustel-naidis.png\" alt=\"\" width=\"405\" height=\"305\" srcset=\"https:\/\/www.klo.ee\/wp-content\/uploads\/2024\/11\/numbrid-plast-alustel-naidis.png 471w, https:\/\/www.klo.ee\/wp-content\/uploads\/2024\/11\/numbrid-plast-alustel-naidis-300x226.png 300w\" sizes=\"auto, (max-width: 405px) 100vw, 405px\" \/><img loading=\"lazy\" decoding=\"async\" class=\"alignnone wp-image-1740\" src=\"https:\/\/www.klo.ee\/wp-content\/uploads\/2024\/11\/kuldne-numbrid-plast-alustel-naidis.png\" alt=\"\" width=\"406\" height=\"306\" srcset=\"https:\/\/www.klo.ee\/wp-content\/uploads\/2024\/11\/kuldne-numbrid-plast-alustel-naidis.png 471w, https:\/\/www.klo.ee\/wp-content\/uploads\/2024\/11\/kuldne-numbrid-plast-alustel-naidis-300x226.png 300w\" sizes=\"auto, (max-width: 406px) 100vw, 406px\" \/><br \/>\nkorterinumbrid, uksenumbrid<\/p>\n<hr \/>\n<h3>&#8220;Stopp&#8221;-m\u00e4rk plastikust, 300x300mm, kuusnurkne<\/h3>\n<p><img loading=\"lazy\" decoding=\"async\" class=\"wp-image-1733 aligncenter\" src=\"https:\/\/www.klo.ee\/wp-content\/uploads\/2024\/11\/stopmark300x300.jpg\" alt=\"\" width=\"570\" height=\"642\" srcset=\"https:\/\/www.klo.ee\/wp-content\/uploads\/2024\/11\/stopmark300x300.jpg 657w, https:\/\/www.klo.ee\/wp-content\/uploads\/2024\/11\/stopmark300x300-266x300.jpg 266w\" sizes=\"auto, (max-width: 570px) 100vw, 570px\" \/><\/p>\n<p style=\"text-align: center;\">STOPP-m\u00e4rk plastikul 300x300mm<\/p>\n<hr \/>\n<h3>Ukseohutus. Pendeluks. Ukse perimeeter<\/h3>\n<p><img loading=\"lazy\" decoding=\"async\" class=\"alignnone wp-image-1732\" src=\"https:\/\/www.klo.ee\/wp-content\/uploads\/2024\/11\/pendeluks-sml.jpg\" alt=\"\" width=\"900\" height=\"278\" srcset=\"https:\/\/www.klo.ee\/wp-content\/uploads\/2024\/11\/pendeluks-sml.jpg 718w, https:\/\/www.klo.ee\/wp-content\/uploads\/2024\/11\/pendeluks-sml-300x93.jpg 300w\" sizes=\"auto, (max-width: 900px) 100vw, 900px\" \/><br \/>\npendeluks ja muud ukseohutusm\u00e4rgid<\/p>\n<p>Tekstiga m\u00e4rgi saab valmistada vastavalt konkreetsele olukorrale. N\u00e4idiste suurused vasakult paremale 200&#215;230, 200&#215;265, 200&#215;235, 200&#215;290, 200&#215;300, 200x300mm.<\/p>\n<h3>Ukse perimeetri t\u00e4histus<\/h3>\n<p><img loading=\"lazy\" decoding=\"async\" class=\"alignnone wp-image-1731\" src=\"https:\/\/www.klo.ee\/wp-content\/uploads\/2024\/11\/ukseliikumisala.jpg\" alt=\"\" width=\"407\" height=\"407\" srcset=\"https:\/\/www.klo.ee\/wp-content\/uploads\/2024\/11\/ukseliikumisala.jpg 301w, https:\/\/www.klo.ee\/wp-content\/uploads\/2024\/11\/ukseliikumisala-150x150.jpg 150w\" sizes=\"auto, (max-width: 407px) 100vw, 407px\" \/><\/p>\n<p>Laius ja suund vastavalt uksele. \u00dche- v\u00f5i kahepoolsed uksed. V\u00f5imalik lisada t\u00e4iendavaid tekste nooli. Hoiatusi.<\/p>\n<h3>Automaatne uks<\/h3>\n<p>T\u00e4helepanu! Uks avaneb-sulgub automaatselt. \u00c4ra takista ukse liikumist. M\u00e4rgis t\u00e4histab ust mis liigub hingedel, seega liiga kiirel l\u00e4henemisel uksele v\u00f5ib tekkida olukord kus uks avaneb alles siis kui olete ukse liikumise trajektooris.<\/p>\n<p><img loading=\"lazy\" decoding=\"async\" class=\"alignnone wp-image-1730\" src=\"https:\/\/www.klo.ee\/wp-content\/uploads\/2024\/11\/ukseliikumine.png\" alt=\"\" width=\"788\" height=\"317\" srcset=\"https:\/\/www.klo.ee\/wp-content\/uploads\/2024\/11\/ukseliikumine.png 656w, https:\/\/www.klo.ee\/wp-content\/uploads\/2024\/11\/ukseliikumine-300x121.png 300w\" sizes=\"auto, (max-width: 788px) 100vw, 788px\" \/><\/p>\n<p>uks avaneb automaatselt ohutusm\u00e4rk<\/p>\n<p>ART10509R (\u00fcmmargune) &#8220;T\u00e4helepanu! Uks avaneb-sulgub automaatselt&#8221;, ART10509T1Q (ruudukujuline) &#8220;T\u00e4helepanu! Uks avaneb-sulgub automaatselt&#8221;, ART10509T2P (p\u00fcstine, pikema tekstiga) &#8220;T\u00e4helepanu! Uks avaneb-sulgub automaatselt. \u00c4ra takista ukse liikumist!&#8221;.<\/p>\n<p>Ringikujuline l\u00e4bim\u00f5\u00f5duga 150, 200mm, ruudukujuline alates 150x150mm, ristk\u00fclikukujuline 150&#215;225, 200x300mm v\u00f5i suurem. Suurus valitakse selle j\u00e4rgi kui kaugel andur hakkab ust liigutama, et inimene saaks lugeda ja j\u00f5uaks olla t\u00e4helepanelik. Hea on m\u00e4rkida maapinnale v\u00f5i p\u00f5randale ukse liikumise perimeeter (perimeetrikleebised \u00fclalpool).<\/p>\n<p>Parandamaks iseavanevate uste (automaatselt avanev, iseavanev l\u00fckanduks) n\u00e4htavust on soovitav liikuva klaaspaneeli \/klaaspaneelide keskel kleepida m\u00e4rgatavuse parandamiseks kollane kleebis vastava tekstiga. Kleebised usteklaasidele (l\u00e4bim\u00f5\u00f5t 100mm). Minimaalne kasutus 2tk koos (ART 506-1, ART505-1, ART 505-2).<\/p>\n<p><img loading=\"lazy\" decoding=\"async\" class=\"alignnone wp-image-1729\" src=\"https:\/\/www.klo.ee\/wp-content\/uploads\/2024\/11\/506-505-507-508.png\" alt=\"\" width=\"900\" height=\"500\" srcset=\"https:\/\/www.klo.ee\/wp-content\/uploads\/2024\/11\/506-505-507-508.png 657w, https:\/\/www.klo.ee\/wp-content\/uploads\/2024\/11\/506-505-507-508-300x167.png 300w\" sizes=\"auto, (max-width: 900px) 100vw, 900px\" \/><\/p>\n<p><img loading=\"lazy\" decoding=\"async\" class=\"alignnone wp-image-1127\" src=\"https:\/\/www.klo.ee\/wp-content\/uploads\/2024\/11\/504-lykanduks-tekstiga.png\" alt=\"\" width=\"900\" height=\"379\" srcset=\"https:\/\/www.klo.ee\/wp-content\/uploads\/2024\/11\/504-lykanduks-tekstiga.png 657w, https:\/\/www.klo.ee\/wp-content\/uploads\/2024\/11\/504-lykanduks-tekstiga-300x126.png 300w\" sizes=\"auto, (max-width: 900px) 100vw, 900px\" \/><\/p>\n<p>Sinse taustaga kohustusm\u00e4rk t\u00f6\u00f6keskkonnas (Sulge l\u00fckanduks, l\u00fckanduks avaneb paremale) Rohelise taustaga m\u00e4rk n\u00e4itab l\u00fckandust evakuatsiooni teel.<\/p>\n<p>Informeeriva sisuga must-valge l\u00fckandukse m\u00e4rk. Suund ja tekst vastavalt kliendi vajadustele (n\u00e4iteks l\u00fckanduks avaneb l\u00e4henemisel).<\/p>\n<p><img loading=\"lazy\" decoding=\"async\" class=\"alignnone wp-image-1126\" src=\"https:\/\/www.klo.ee\/wp-content\/uploads\/2024\/11\/lykanduksavaneblahenemisel-info.png\" alt=\"\" width=\"900\" height=\"261\" srcset=\"https:\/\/www.klo.ee\/wp-content\/uploads\/2024\/11\/lykanduksavaneblahenemisel-info.png 655w, https:\/\/www.klo.ee\/wp-content\/uploads\/2024\/11\/lykanduksavaneblahenemisel-info-300x87.png 300w\" sizes=\"auto, (max-width: 900px) 100vw, 900px\" \/><\/p>\n<p>Hoiatav eesm\u00e4rgiga must-kollane automaatse l\u00fckandukse m\u00e4rk. Suund ja tekst vastavalt kliendi olukorrakirjeldusele.<\/p>\n<p><img loading=\"lazy\" decoding=\"async\" class=\"alignnone wp-image-1125\" src=\"https:\/\/www.klo.ee\/wp-content\/uploads\/2024\/11\/lykanduksavaneblahenemisel-hoiatus.png\" alt=\"\" width=\"900\" height=\"261\" srcset=\"https:\/\/www.klo.ee\/wp-content\/uploads\/2024\/11\/lykanduksavaneblahenemisel-hoiatus.png 655w, https:\/\/www.klo.ee\/wp-content\/uploads\/2024\/11\/lykanduksavaneblahenemisel-hoiatus-300x87.png 300w\" sizes=\"auto, (max-width: 900px) 100vw, 900px\" \/><\/p>\n<h3>T\u00f5steuksed<\/h3>\n<p>T\u00e4helepanu! T\u00f5steuks sulgub automaatselt 10 sekundi p\u00e4rast!<\/p>\n<p><img loading=\"lazy\" decoding=\"async\" class=\"alignnone wp-image-2944 size-full\" src=\"https:\/\/www.klo.ee\/wp-content\/uploads\/2025\/04\/tostuks1.png\" alt=\"\" width=\"1200\" height=\"476\" srcset=\"https:\/\/www.klo.ee\/wp-content\/uploads\/2025\/04\/tostuks1.png 1200w, https:\/\/www.klo.ee\/wp-content\/uploads\/2025\/04\/tostuks1-300x119.png 300w, https:\/\/www.klo.ee\/wp-content\/uploads\/2025\/04\/tostuks1-1024x406.png 1024w, https:\/\/www.klo.ee\/wp-content\/uploads\/2025\/04\/tostuks1-768x305.png 768w\" sizes=\"auto, (max-width: 1200px) 100vw, 1200px\" \/><\/p>\n<h3>Linnuohutuskleebised aknaklaasidele<\/h3>\n<p><img loading=\"lazy\" decoding=\"async\" class=\"wp-image-1728 aligncenter\" src=\"https:\/\/www.klo.ee\/wp-content\/uploads\/2024\/11\/linnusiluetidklaasidele.jpg\" alt=\"\" width=\"769\" height=\"889\" srcset=\"https:\/\/www.klo.ee\/wp-content\/uploads\/2024\/11\/linnusiluetidklaasidele.jpg 444w, https:\/\/www.klo.ee\/wp-content\/uploads\/2024\/11\/linnusiluetidklaasidele-260x300.jpg 260w\" sizes=\"auto, (max-width: 769px) 100vw, 769px\" \/><\/p>\n<p>Lindude jaoks s\u00fcmboliseerivad mustad linnukujuga r\u00f6\u00f6vlindude kujusi mis teeb nad ettevaatlikuks ning p\u00e4\u00e4stab nii m\u00f5negi linnu klaasi lendamisest.<\/p>\n<p><img loading=\"lazy\" decoding=\"async\" class=\"alignnone wp-image-1727\" src=\"https:\/\/www.klo.ee\/wp-content\/uploads\/2024\/11\/ohutuslinnusiluetid.jpg\" alt=\"\" width=\"900\" height=\"382\" srcset=\"https:\/\/www.klo.ee\/wp-content\/uploads\/2024\/11\/ohutuslinnusiluetid.jpg 657w, https:\/\/www.klo.ee\/wp-content\/uploads\/2024\/11\/ohutuslinnusiluetid-300x127.jpg 300w\" sizes=\"auto, (max-width: 900px) 100vw, 900px\" \/><\/p>\n<p>Telli linnuohutuskleebised <a href=\"https:\/\/kohver.com\/site_search.php?sq=linnuohutus&amp;search=Otsi\" target=\"_blank\" rel=\"noopener\">Kohver.com.<\/a><\/p>\n","protected":false},"excerpt":{"rendered":"<p>AVALIKES RUUMIDES, N\u00c4ITUSTEL, KONTSERTSAALIDES, ESITLUSTEL, KAUBANDUSKESKUSTES, HAIGLATES, S\u00d6\u00d6GIKOHTADES jm avalikel s\u00fcndmustel kasutatavad t\u00e4hised, m\u00e4rgistus, suunavad viidad ja ohutusm\u00e4rgid. Korterinumbrid, uksenumbrid, graveeritud numbrid. Ukseohutus. Pendeluks. Uks [&#8230;]<\/p>\n","protected":false},"author":2,"featured_media":0,"parent":0,"menu_order":0,"comment_status":"closed","ping_status":"closed","template":"","meta":{"footnotes":""},"class_list":["post-1725","page","type-page","status-publish","hentry"],"yoast_head":"<!-- This site is optimized with the Yoast SEO plugin v27.4 - https:\/\/yoast.com\/product\/yoast-seo-wordpress\/ -->\n<title>AVALIK RUUM - Kolm L\u00f5vi Ohutus<\/title>\n<meta name=\"description\" content=\"AVALIK RUUM Kolm L\u00f5vi Ohutus Korterinumbrid uksenumbrid graveeritud numbrid Ukseohutus Pendeluks avaneb-sulgub automaatselt avanev avanev l\u00fckanduks Kas parkimiskella panid? linnuohutuskleeb linnud\" \/>\n<meta name=\"robots\" content=\"index, follow, max-snippet:-1, max-image-preview:large, max-video-preview:-1\" \/>\n<link rel=\"canonical\" href=\"https:\/\/www.klo.ee\/?page_id=1725\" \/>\n<meta property=\"og:locale\" content=\"et_EE\" \/>\n<meta property=\"og:type\" content=\"article\" \/>\n<meta property=\"og:title\" content=\"AVALIK RUUM - Kolm L\u00f5vi Ohutus\" \/>\n<meta property=\"og:description\" content=\"AVALIK RUUM Kolm L\u00f5vi Ohutus Korterinumbrid uksenumbrid graveeritud numbrid Ukseohutus Pendeluks avaneb-sulgub automaatselt avanev avanev l\u00fckanduks Kas parkimiskella panid? linnuohutuskleeb linnud\" \/>\n<meta property=\"og:url\" content=\"https:\/\/www.klo.ee\/?page_id=1725\" \/>\n<meta property=\"og:site_name\" content=\"Kolm L\u00f5vi Ohutus\" \/>\n<meta property=\"article:publisher\" content=\"https:\/\/www.facebook.com\/kloprof\" \/>\n<meta property=\"article:modified_time\" content=\"2025-05-27T11:57:35+00:00\" \/>\n<meta property=\"og:image\" content=\"https:\/\/www.klo.ee\/wp-content\/uploads\/2024\/11\/klientideparkla.jpg\" \/>\n\t<meta property=\"og:image:width\" content=\"657\" \/>\n\t<meta property=\"og:image:height\" content=\"434\" \/>\n\t<meta property=\"og:image:type\" content=\"image\/jpeg\" \/>\n<meta name=\"twitter:card\" content=\"summary_large_image\" \/>\n<meta name=\"twitter:label1\" content=\"Est. reading time\" \/>\n\t<meta name=\"twitter:data1\" content=\"7 minutit\" \/>\n<script type=\"application\/ld+json\" class=\"yoast-schema-graph\">{\"@context\":\"https:\\\/\\\/schema.org\",\"@graph\":[{\"@type\":\"WebPage\",\"@id\":\"https:\\\/\\\/www.klo.ee\\\/?page_id=1725\",\"url\":\"https:\\\/\\\/www.klo.ee\\\/?page_id=1725\",\"name\":\"AVALIK RUUM - Kolm L\u00f5vi Ohutus\",\"isPartOf\":{\"@id\":\"https:\\\/\\\/www.klo.ee\\\/#website\"},\"primaryImageOfPage\":{\"@id\":\"https:\\\/\\\/www.klo.ee\\\/?page_id=1725#primaryimage\"},\"image\":{\"@id\":\"https:\\\/\\\/www.klo.ee\\\/?page_id=1725#primaryimage\"},\"thumbnailUrl\":\"https:\\\/\\\/www.klo.ee\\\/wp-content\\\/uploads\\\/2024\\\/11\\\/klientideparkla.jpg\",\"datePublished\":\"2024-11-29T09:40:11+00:00\",\"dateModified\":\"2025-05-27T11:57:35+00:00\",\"description\":\"AVALIK RUUM Kolm L\u00f5vi Ohutus Korterinumbrid uksenumbrid graveeritud numbrid Ukseohutus Pendeluks avaneb-sulgub automaatselt avanev avanev l\u00fckanduks Kas parkimiskella panid? linnuohutuskleeb linnud\",\"breadcrumb\":{\"@id\":\"https:\\\/\\\/www.klo.ee\\\/?page_id=1725#breadcrumb\"},\"inLanguage\":\"et\",\"potentialAction\":[{\"@type\":\"ReadAction\",\"target\":[\"https:\\\/\\\/www.klo.ee\\\/?page_id=1725\"]}]},{\"@type\":\"ImageObject\",\"inLanguage\":\"et\",\"@id\":\"https:\\\/\\\/www.klo.ee\\\/?page_id=1725#primaryimage\",\"url\":\"https:\\\/\\\/www.klo.ee\\\/wp-content\\\/uploads\\\/2024\\\/11\\\/klientideparkla.jpg\",\"contentUrl\":\"https:\\\/\\\/www.klo.ee\\\/wp-content\\\/uploads\\\/2024\\\/11\\\/klientideparkla.jpg\",\"width\":657,\"height\":434},{\"@type\":\"BreadcrumbList\",\"@id\":\"https:\\\/\\\/www.klo.ee\\\/?page_id=1725#breadcrumb\",\"itemListElement\":[{\"@type\":\"ListItem\",\"position\":1,\"name\":\"Home\",\"item\":\"https:\\\/\\\/www.klo.ee\\\/\"},{\"@type\":\"ListItem\",\"position\":2,\"name\":\"AVALIK RUUM\"}]},{\"@type\":\"WebSite\",\"@id\":\"https:\\\/\\\/www.klo.ee\\\/#website\",\"url\":\"https:\\\/\\\/www.klo.ee\\\/\",\"name\":\"Kolm L\u00f5vi Ohutus\",\"description\":\"Ohutusm\u00e4rkide leht\",\"publisher\":{\"@id\":\"https:\\\/\\\/www.klo.ee\\\/#organization\"},\"potentialAction\":[{\"@type\":\"SearchAction\",\"target\":{\"@type\":\"EntryPoint\",\"urlTemplate\":\"https:\\\/\\\/www.klo.ee\\\/?s={search_term_string}\"},\"query-input\":{\"@type\":\"PropertyValueSpecification\",\"valueRequired\":true,\"valueName\":\"search_term_string\"}}],\"inLanguage\":\"et\"},{\"@type\":\"Organization\",\"@id\":\"https:\\\/\\\/www.klo.ee\\\/#organization\",\"name\":\"Kolm L\u00f5vi Ohutus\",\"url\":\"https:\\\/\\\/www.klo.ee\\\/\",\"logo\":{\"@type\":\"ImageObject\",\"inLanguage\":\"et\",\"@id\":\"https:\\\/\\\/www.klo.ee\\\/#\\\/schema\\\/logo\\\/image\\\/\",\"url\":\"https:\\\/\\\/www.klo.ee\\\/wp-content\\\/uploads\\\/2024\\\/09\\\/ohutusmarkheader.jpg\",\"contentUrl\":\"https:\\\/\\\/www.klo.ee\\\/wp-content\\\/uploads\\\/2024\\\/09\\\/ohutusmarkheader.jpg\",\"width\":863,\"height\":162,\"caption\":\"Kolm L\u00f5vi Ohutus\"},\"image\":{\"@id\":\"https:\\\/\\\/www.klo.ee\\\/#\\\/schema\\\/logo\\\/image\\\/\"},\"sameAs\":[\"https:\\\/\\\/www.facebook.com\\\/kloprof\"]}]}<\/script>\n<!-- \/ Yoast SEO plugin. -->","yoast_head_json":{"title":"AVALIK RUUM - Kolm L\u00f5vi Ohutus","description":"AVALIK RUUM Kolm L\u00f5vi Ohutus Korterinumbrid uksenumbrid graveeritud numbrid Ukseohutus Pendeluks avaneb-sulgub automaatselt avanev avanev l\u00fckanduks Kas parkimiskella panid? linnuohutuskleeb linnud","robots":{"index":"index","follow":"follow","max-snippet":"max-snippet:-1","max-image-preview":"max-image-preview:large","max-video-preview":"max-video-preview:-1"},"canonical":"https:\/\/www.klo.ee\/?page_id=1725","og_locale":"et_EE","og_type":"article","og_title":"AVALIK RUUM - Kolm L\u00f5vi Ohutus","og_description":"AVALIK RUUM Kolm L\u00f5vi Ohutus Korterinumbrid uksenumbrid graveeritud numbrid Ukseohutus Pendeluks avaneb-sulgub automaatselt avanev avanev l\u00fckanduks Kas parkimiskella panid? linnuohutuskleeb linnud","og_url":"https:\/\/www.klo.ee\/?page_id=1725","og_site_name":"Kolm L\u00f5vi Ohutus","article_publisher":"https:\/\/www.facebook.com\/kloprof","article_modified_time":"2025-05-27T11:57:35+00:00","og_image":[{"width":657,"height":434,"url":"https:\/\/www.klo.ee\/wp-content\/uploads\/2024\/11\/klientideparkla.jpg","type":"image\/jpeg"}],"twitter_card":"summary_large_image","twitter_misc":{"Est. reading time":"7 minutit"},"schema":{"@context":"https:\/\/schema.org","@graph":[{"@type":"WebPage","@id":"https:\/\/www.klo.ee\/?page_id=1725","url":"https:\/\/www.klo.ee\/?page_id=1725","name":"AVALIK RUUM - Kolm L\u00f5vi Ohutus","isPartOf":{"@id":"https:\/\/www.klo.ee\/#website"},"primaryImageOfPage":{"@id":"https:\/\/www.klo.ee\/?page_id=1725#primaryimage"},"image":{"@id":"https:\/\/www.klo.ee\/?page_id=1725#primaryimage"},"thumbnailUrl":"https:\/\/www.klo.ee\/wp-content\/uploads\/2024\/11\/klientideparkla.jpg","datePublished":"2024-11-29T09:40:11+00:00","dateModified":"2025-05-27T11:57:35+00:00","description":"AVALIK RUUM Kolm L\u00f5vi Ohutus Korterinumbrid uksenumbrid graveeritud numbrid Ukseohutus Pendeluks avaneb-sulgub automaatselt avanev avanev l\u00fckanduks Kas parkimiskella panid? linnuohutuskleeb linnud","breadcrumb":{"@id":"https:\/\/www.klo.ee\/?page_id=1725#breadcrumb"},"inLanguage":"et","potentialAction":[{"@type":"ReadAction","target":["https:\/\/www.klo.ee\/?page_id=1725"]}]},{"@type":"ImageObject","inLanguage":"et","@id":"https:\/\/www.klo.ee\/?page_id=1725#primaryimage","url":"https:\/\/www.klo.ee\/wp-content\/uploads\/2024\/11\/klientideparkla.jpg","contentUrl":"https:\/\/www.klo.ee\/wp-content\/uploads\/2024\/11\/klientideparkla.jpg","width":657,"height":434},{"@type":"BreadcrumbList","@id":"https:\/\/www.klo.ee\/?page_id=1725#breadcrumb","itemListElement":[{"@type":"ListItem","position":1,"name":"Home","item":"https:\/\/www.klo.ee\/"},{"@type":"ListItem","position":2,"name":"AVALIK RUUM"}]},{"@type":"WebSite","@id":"https:\/\/www.klo.ee\/#website","url":"https:\/\/www.klo.ee\/","name":"Kolm L\u00f5vi Ohutus","description":"Ohutusm\u00e4rkide leht","publisher":{"@id":"https:\/\/www.klo.ee\/#organization"},"potentialAction":[{"@type":"SearchAction","target":{"@type":"EntryPoint","urlTemplate":"https:\/\/www.klo.ee\/?s={search_term_string}"},"query-input":{"@type":"PropertyValueSpecification","valueRequired":true,"valueName":"search_term_string"}}],"inLanguage":"et"},{"@type":"Organization","@id":"https:\/\/www.klo.ee\/#organization","name":"Kolm L\u00f5vi Ohutus","url":"https:\/\/www.klo.ee\/","logo":{"@type":"ImageObject","inLanguage":"et","@id":"https:\/\/www.klo.ee\/#\/schema\/logo\/image\/","url":"https:\/\/www.klo.ee\/wp-content\/uploads\/2024\/09\/ohutusmarkheader.jpg","contentUrl":"https:\/\/www.klo.ee\/wp-content\/uploads\/2024\/09\/ohutusmarkheader.jpg","width":863,"height":162,"caption":"Kolm L\u00f5vi Ohutus"},"image":{"@id":"https:\/\/www.klo.ee\/#\/schema\/logo\/image\/"},"sameAs":["https:\/\/www.facebook.com\/kloprof"]}]}},"_links":{"self":[{"href":"https:\/\/www.klo.ee\/index.php?rest_route=\/wp\/v2\/pages\/1725","targetHints":{"allow":["GET"]}}],"collection":[{"href":"https:\/\/www.klo.ee\/index.php?rest_route=\/wp\/v2\/pages"}],"about":[{"href":"https:\/\/www.klo.ee\/index.php?rest_route=\/wp\/v2\/types\/page"}],"author":[{"embeddable":true,"href":"https:\/\/www.klo.ee\/index.php?rest_route=\/wp\/v2\/users\/2"}],"replies":[{"embeddable":true,"href":"https:\/\/www.klo.ee\/index.php?rest_route=%2Fwp%2Fv2%2Fcomments&post=1725"}],"version-history":[{"count":17,"href":"https:\/\/www.klo.ee\/index.php?rest_route=\/wp\/v2\/pages\/1725\/revisions"}],"predecessor-version":[{"id":2992,"href":"https:\/\/www.klo.ee\/index.php?rest_route=\/wp\/v2\/pages\/1725\/revisions\/2992"}],"wp:attachment":[{"href":"https:\/\/www.klo.ee\/index.php?rest_route=%2Fwp%2Fv2%2Fmedia&parent=1725"}],"curies":[{"name":"wp","href":"https:\/\/api.w.org\/{rel}","templated":true}]}}