{"id":1751,"date":"2024-11-29T09:51:39","date_gmt":"2024-11-29T09:51:39","guid":{"rendered":"https:\/\/www.klo.ee\/?page_id=1751"},"modified":"2025-05-27T12:43:00","modified_gmt":"2025-05-27T12:43:00","slug":"parklasildid","status":"publish","type":"page","link":"https:\/\/www.klo.ee\/?page_id=1751","title":{"rendered":"PARKLASILDID"},"content":{"rendered":"<h2>PARKIMISKOHTADE T\u00c4HISTAMINE ERAMAAL, KLIENTIDE PARKLA, INFORMATIIVSED SILDID, PARKIMISKELL<\/h2>\n<p><img loading=\"lazy\" decoding=\"async\" class=\"alignnone wp-image-1739\" src=\"https:\/\/www.klo.ee\/wp-content\/uploads\/2024\/11\/klientideparkla.jpg\" alt=\"\" width=\"900\" height=\"595\" srcset=\"https:\/\/www.klo.ee\/wp-content\/uploads\/2024\/11\/klientideparkla.jpg 657w, https:\/\/www.klo.ee\/wp-content\/uploads\/2024\/11\/klientideparkla-300x198.jpg 300w\" sizes=\"auto, (max-width: 900px) 100vw, 900px\" \/><br \/>\nparklasildid HP30676<\/p>\n<p>Sildid on v\u00f5imalik tellida erinevatel materjalidel. Kruvidega v\u00f5i montaa\u017eiliimiga kinnitamiseks 3-5mm plastik. Alumiiniumkomposiitplaat kaitsekilega kruvidega kinnitamiseks. Postik\u00fclge kinnitamiseks zn-plekk alus + kinnitusklambrid 60mm torule. Plastikm\u00e4rgid saab tellida kas kaitsekilega v\u00f5i ilma metallm\u00e4rkidel on m\u00e4rk kaetud kaitsekilega.<\/p>\n<p><img loading=\"lazy\" decoding=\"async\" class=\"alignnone wp-image-1100\" src=\"https:\/\/www.klo.ee\/wp-content\/uploads\/2024\/11\/torulekinnitused.jpg\" alt=\"\" width=\"415\" height=\"271\" srcset=\"https:\/\/www.klo.ee\/wp-content\/uploads\/2024\/11\/torulekinnitused.jpg 520w, https:\/\/www.klo.ee\/wp-content\/uploads\/2024\/11\/torulekinnitused-300x196.jpg 300w\" sizes=\"auto, (max-width: 415px) 100vw, 415px\" \/>\u00a0 \u00a0<img loading=\"lazy\" decoding=\"async\" class=\"alignnone wp-image-1240\" src=\"https:\/\/www.klo.ee\/wp-content\/uploads\/2024\/11\/metallmarkkinnitus.jpg\" alt=\"\" width=\"440\" height=\"270\" srcset=\"https:\/\/www.klo.ee\/wp-content\/uploads\/2024\/11\/metallmarkkinnitus.jpg 657w, https:\/\/www.klo.ee\/wp-content\/uploads\/2024\/11\/metallmarkkinnitus-300x184.jpg 300w\" sizes=\"auto, (max-width: 440px) 100vw, 440px\" \/><br \/>\nToruklamber, torukinnitus<\/p>\n<hr \/>\n<h2>PARKIMIST KEELAVAD SILDID LEIAD <a href=\"https:\/\/www.klo.ee\/?page_id=1120\" target=\"_blank\" rel=\"noopener\">SIIT.<\/a><\/h2>\n<p><img loading=\"lazy\" decoding=\"async\" class=\"alignnone size-full wp-image-1143\" src=\"https:\/\/www.klo.ee\/wp-content\/uploads\/2024\/11\/art1565-parkimisekeeld.jpg\" alt=\"\" width=\"385\" height=\"196\" srcset=\"https:\/\/www.klo.ee\/wp-content\/uploads\/2024\/11\/art1565-parkimisekeeld.jpg 385w, https:\/\/www.klo.ee\/wp-content\/uploads\/2024\/11\/art1565-parkimisekeeld-300x153.jpg 300w\" sizes=\"auto, (max-width: 385px) 100vw, 385px\" \/><br \/>\nART1565 ja ART1566<\/p>\n<p><strong>Parkimine keelatud 400x200mm suuruses<\/strong> \u2014 erinevatel materjalidel 3mm plastikul (ilma kaitsekileta (k\u00fcsi hinda), kaitsekilega (k\u00fcsi hinda) ), 3mm alumiiniumkomposiitplaadil (k\u00fcsi hinda) v\u00f5i kleebisena (tavalise kleebisena ilma kaitsekileta (k\u00fcsi hinda), kleebis kaetud kaitsekilega (k\u00fcsi hinda), seestpoolt kleebitava v\u00e4ljast loetava kleebisena (k\u00fcsi hinda)). Zn plekist alusel torule kinnitamiseks (kaetud kaitsekilega + kaasas klambrid 60mm toru jaoks): (k\u00fcsi hinda).<\/p>\n<p>Parkimiskellade ja muude informatiivsete ajan\u00e4itajate infot vaata<a href=\"https:\/\/kolmlovitrykikeskus.ee\/?page_id=2190\"> siit. <\/a>Erinevaid lahendusi on m\u00fc\u00fcgil ka <a href=\"https:\/\/kohver.com\/products_search.php?pb_id=1504&amp;category_id=0&amp;search_string=parkimine&amp;search=+Mine+\">SIIN.<\/a><\/p>\n","protected":false},"excerpt":{"rendered":"<p>PARKIMISKOHTADE T\u00c4HISTAMINE ERAMAAL, KLIENTIDE PARKLA, INFORMATIIVSED SILDID, PARKIMISKELL parklasildid HP30676 Sildid on v\u00f5imalik tellida erinevatel materjalidel. Kruvidega v\u00f5i montaa\u017eiliimiga kinnitamiseks 3-5mm plastik. Alumiiniumkomposiitplaat kaitsekilega kruvidega [&#8230;]<\/p>\n","protected":false},"author":2,"featured_media":0,"parent":0,"menu_order":0,"comment_status":"closed","ping_status":"closed","template":"","meta":{"footnotes":""},"class_list":["post-1751","page","type-page","status-publish","hentry"],"yoast_head":"<!-- This site is optimized with the Yoast SEO plugin v27.4 - https:\/\/yoast.com\/product\/yoast-seo-wordpress\/ -->\n<title>PARKLASILDID - Kolm L\u00f5vi Ohutus<\/title>\n<meta name=\"description\" content=\"PARKLASILDID Kolm L\u00f5vi Ohutus\" \/>\n<meta name=\"robots\" content=\"index, follow, max-snippet:-1, max-image-preview:large, max-video-preview:-1\" \/>\n<link rel=\"canonical\" href=\"https:\/\/www.klo.ee\/?page_id=1751\" \/>\n<meta property=\"og:locale\" content=\"et_EE\" \/>\n<meta property=\"og:type\" content=\"article\" \/>\n<meta property=\"og:title\" content=\"PARKLASILDID - Kolm L\u00f5vi Ohutus\" \/>\n<meta property=\"og:description\" content=\"PARKLASILDID Kolm L\u00f5vi Ohutus\" \/>\n<meta property=\"og:url\" content=\"https:\/\/www.klo.ee\/?page_id=1751\" \/>\n<meta property=\"og:site_name\" content=\"Kolm L\u00f5vi Ohutus\" \/>\n<meta property=\"article:publisher\" content=\"https:\/\/www.facebook.com\/kloprof\" \/>\n<meta property=\"article:modified_time\" content=\"2025-05-27T12:43:00+00:00\" \/>\n<meta property=\"og:image\" content=\"https:\/\/www.klo.ee\/wp-content\/uploads\/2024\/11\/klientideparkla.jpg\" \/>\n\t<meta property=\"og:image:width\" content=\"657\" \/>\n\t<meta property=\"og:image:height\" content=\"434\" \/>\n\t<meta property=\"og:image:type\" content=\"image\/jpeg\" \/>\n<meta name=\"twitter:card\" content=\"summary_large_image\" \/>\n<meta name=\"twitter:label1\" content=\"Est. reading time\" \/>\n\t<meta name=\"twitter:data1\" content=\"2 minutit\" \/>\n<script type=\"application\/ld+json\" class=\"yoast-schema-graph\">{\"@context\":\"https:\\\/\\\/schema.org\",\"@graph\":[{\"@type\":\"WebPage\",\"@id\":\"https:\\\/\\\/www.klo.ee\\\/?page_id=1751\",\"url\":\"https:\\\/\\\/www.klo.ee\\\/?page_id=1751\",\"name\":\"PARKLASILDID - Kolm L\u00f5vi Ohutus\",\"isPartOf\":{\"@id\":\"https:\\\/\\\/www.klo.ee\\\/#website\"},\"primaryImageOfPage\":{\"@id\":\"https:\\\/\\\/www.klo.ee\\\/?page_id=1751#primaryimage\"},\"image\":{\"@id\":\"https:\\\/\\\/www.klo.ee\\\/?page_id=1751#primaryimage\"},\"thumbnailUrl\":\"https:\\\/\\\/www.klo.ee\\\/wp-content\\\/uploads\\\/2024\\\/11\\\/klientideparkla.jpg\",\"datePublished\":\"2024-11-29T09:51:39+00:00\",\"dateModified\":\"2025-05-27T12:43:00+00:00\",\"description\":\"PARKLASILDID Kolm L\u00f5vi Ohutus\",\"breadcrumb\":{\"@id\":\"https:\\\/\\\/www.klo.ee\\\/?page_id=1751#breadcrumb\"},\"inLanguage\":\"et\",\"potentialAction\":[{\"@type\":\"ReadAction\",\"target\":[\"https:\\\/\\\/www.klo.ee\\\/?page_id=1751\"]}]},{\"@type\":\"ImageObject\",\"inLanguage\":\"et\",\"@id\":\"https:\\\/\\\/www.klo.ee\\\/?page_id=1751#primaryimage\",\"url\":\"https:\\\/\\\/www.klo.ee\\\/wp-content\\\/uploads\\\/2024\\\/11\\\/klientideparkla.jpg\",\"contentUrl\":\"https:\\\/\\\/www.klo.ee\\\/wp-content\\\/uploads\\\/2024\\\/11\\\/klientideparkla.jpg\",\"width\":657,\"height\":434},{\"@type\":\"BreadcrumbList\",\"@id\":\"https:\\\/\\\/www.klo.ee\\\/?page_id=1751#breadcrumb\",\"itemListElement\":[{\"@type\":\"ListItem\",\"position\":1,\"name\":\"Home\",\"item\":\"https:\\\/\\\/www.klo.ee\\\/\"},{\"@type\":\"ListItem\",\"position\":2,\"name\":\"PARKLASILDID\"}]},{\"@type\":\"WebSite\",\"@id\":\"https:\\\/\\\/www.klo.ee\\\/#website\",\"url\":\"https:\\\/\\\/www.klo.ee\\\/\",\"name\":\"Kolm L\u00f5vi Ohutus\",\"description\":\"Ohutusm\u00e4rkide leht\",\"publisher\":{\"@id\":\"https:\\\/\\\/www.klo.ee\\\/#organization\"},\"potentialAction\":[{\"@type\":\"SearchAction\",\"target\":{\"@type\":\"EntryPoint\",\"urlTemplate\":\"https:\\\/\\\/www.klo.ee\\\/?s={search_term_string}\"},\"query-input\":{\"@type\":\"PropertyValueSpecification\",\"valueRequired\":true,\"valueName\":\"search_term_string\"}}],\"inLanguage\":\"et\"},{\"@type\":\"Organization\",\"@id\":\"https:\\\/\\\/www.klo.ee\\\/#organization\",\"name\":\"Kolm L\u00f5vi Ohutus\",\"url\":\"https:\\\/\\\/www.klo.ee\\\/\",\"logo\":{\"@type\":\"ImageObject\",\"inLanguage\":\"et\",\"@id\":\"https:\\\/\\\/www.klo.ee\\\/#\\\/schema\\\/logo\\\/image\\\/\",\"url\":\"https:\\\/\\\/www.klo.ee\\\/wp-content\\\/uploads\\\/2024\\\/09\\\/ohutusmarkheader.jpg\",\"contentUrl\":\"https:\\\/\\\/www.klo.ee\\\/wp-content\\\/uploads\\\/2024\\\/09\\\/ohutusmarkheader.jpg\",\"width\":863,\"height\":162,\"caption\":\"Kolm L\u00f5vi Ohutus\"},\"image\":{\"@id\":\"https:\\\/\\\/www.klo.ee\\\/#\\\/schema\\\/logo\\\/image\\\/\"},\"sameAs\":[\"https:\\\/\\\/www.facebook.com\\\/kloprof\"]}]}<\/script>\n<!-- \/ Yoast SEO plugin. -->","yoast_head_json":{"title":"PARKLASILDID - Kolm L\u00f5vi Ohutus","description":"PARKLASILDID Kolm L\u00f5vi Ohutus","robots":{"index":"index","follow":"follow","max-snippet":"max-snippet:-1","max-image-preview":"max-image-preview:large","max-video-preview":"max-video-preview:-1"},"canonical":"https:\/\/www.klo.ee\/?page_id=1751","og_locale":"et_EE","og_type":"article","og_title":"PARKLASILDID - Kolm L\u00f5vi Ohutus","og_description":"PARKLASILDID Kolm L\u00f5vi Ohutus","og_url":"https:\/\/www.klo.ee\/?page_id=1751","og_site_name":"Kolm L\u00f5vi Ohutus","article_publisher":"https:\/\/www.facebook.com\/kloprof","article_modified_time":"2025-05-27T12:43:00+00:00","og_image":[{"width":657,"height":434,"url":"https:\/\/www.klo.ee\/wp-content\/uploads\/2024\/11\/klientideparkla.jpg","type":"image\/jpeg"}],"twitter_card":"summary_large_image","twitter_misc":{"Est. reading time":"2 minutit"},"schema":{"@context":"https:\/\/schema.org","@graph":[{"@type":"WebPage","@id":"https:\/\/www.klo.ee\/?page_id=1751","url":"https:\/\/www.klo.ee\/?page_id=1751","name":"PARKLASILDID - Kolm L\u00f5vi Ohutus","isPartOf":{"@id":"https:\/\/www.klo.ee\/#website"},"primaryImageOfPage":{"@id":"https:\/\/www.klo.ee\/?page_id=1751#primaryimage"},"image":{"@id":"https:\/\/www.klo.ee\/?page_id=1751#primaryimage"},"thumbnailUrl":"https:\/\/www.klo.ee\/wp-content\/uploads\/2024\/11\/klientideparkla.jpg","datePublished":"2024-11-29T09:51:39+00:00","dateModified":"2025-05-27T12:43:00+00:00","description":"PARKLASILDID Kolm L\u00f5vi Ohutus","breadcrumb":{"@id":"https:\/\/www.klo.ee\/?page_id=1751#breadcrumb"},"inLanguage":"et","potentialAction":[{"@type":"ReadAction","target":["https:\/\/www.klo.ee\/?page_id=1751"]}]},{"@type":"ImageObject","inLanguage":"et","@id":"https:\/\/www.klo.ee\/?page_id=1751#primaryimage","url":"https:\/\/www.klo.ee\/wp-content\/uploads\/2024\/11\/klientideparkla.jpg","contentUrl":"https:\/\/www.klo.ee\/wp-content\/uploads\/2024\/11\/klientideparkla.jpg","width":657,"height":434},{"@type":"BreadcrumbList","@id":"https:\/\/www.klo.ee\/?page_id=1751#breadcrumb","itemListElement":[{"@type":"ListItem","position":1,"name":"Home","item":"https:\/\/www.klo.ee\/"},{"@type":"ListItem","position":2,"name":"PARKLASILDID"}]},{"@type":"WebSite","@id":"https:\/\/www.klo.ee\/#website","url":"https:\/\/www.klo.ee\/","name":"Kolm L\u00f5vi Ohutus","description":"Ohutusm\u00e4rkide leht","publisher":{"@id":"https:\/\/www.klo.ee\/#organization"},"potentialAction":[{"@type":"SearchAction","target":{"@type":"EntryPoint","urlTemplate":"https:\/\/www.klo.ee\/?s={search_term_string}"},"query-input":{"@type":"PropertyValueSpecification","valueRequired":true,"valueName":"search_term_string"}}],"inLanguage":"et"},{"@type":"Organization","@id":"https:\/\/www.klo.ee\/#organization","name":"Kolm L\u00f5vi Ohutus","url":"https:\/\/www.klo.ee\/","logo":{"@type":"ImageObject","inLanguage":"et","@id":"https:\/\/www.klo.ee\/#\/schema\/logo\/image\/","url":"https:\/\/www.klo.ee\/wp-content\/uploads\/2024\/09\/ohutusmarkheader.jpg","contentUrl":"https:\/\/www.klo.ee\/wp-content\/uploads\/2024\/09\/ohutusmarkheader.jpg","width":863,"height":162,"caption":"Kolm L\u00f5vi Ohutus"},"image":{"@id":"https:\/\/www.klo.ee\/#\/schema\/logo\/image\/"},"sameAs":["https:\/\/www.facebook.com\/kloprof"]}]}},"_links":{"self":[{"href":"https:\/\/www.klo.ee\/index.php?rest_route=\/wp\/v2\/pages\/1751","targetHints":{"allow":["GET"]}}],"collection":[{"href":"https:\/\/www.klo.ee\/index.php?rest_route=\/wp\/v2\/pages"}],"about":[{"href":"https:\/\/www.klo.ee\/index.php?rest_route=\/wp\/v2\/types\/page"}],"author":[{"embeddable":true,"href":"https:\/\/www.klo.ee\/index.php?rest_route=\/wp\/v2\/users\/2"}],"replies":[{"embeddable":true,"href":"https:\/\/www.klo.ee\/index.php?rest_route=%2Fwp%2Fv2%2Fcomments&post=1751"}],"version-history":[{"count":10,"href":"https:\/\/www.klo.ee\/index.php?rest_route=\/wp\/v2\/pages\/1751\/revisions"}],"predecessor-version":[{"id":3011,"href":"https:\/\/www.klo.ee\/index.php?rest_route=\/wp\/v2\/pages\/1751\/revisions\/3011"}],"wp:attachment":[{"href":"https:\/\/www.klo.ee\/index.php?rest_route=%2Fwp%2Fv2%2Fmedia&parent=1751"}],"curies":[{"name":"wp","href":"https:\/\/api.w.org\/{rel}","templated":true}]}}