{"id":1804,"date":"2024-11-29T10:47:32","date_gmt":"2024-11-29T10:47:32","guid":{"rendered":"https:\/\/www.klo.ee\/?page_id=1804"},"modified":"2025-05-27T12:23:32","modified_gmt":"2025-05-27T12:23:32","slug":"nahtavusribad","status":"publish","type":"page","link":"https:\/\/www.klo.ee\/?page_id=1804","title":{"rendered":"N\u00c4HTAVUSRIBAD"},"content":{"rendered":"<h1>N\u00e4htavusribad klaasidele pooll\u00e4bipaistvast kleebisest moodulitena.<br \/>\nN\u00e4htavusmummud \/ -ringid v\u00f5i muud kujundid klaasile.<\/h1>\n<p><img loading=\"lazy\" decoding=\"async\" class=\"alignnone wp-image-1807\" src=\"https:\/\/www.klo.ee\/wp-content\/uploads\/2024\/11\/nahtavusribad657-1.jpg\" alt=\"\" width=\"902\" height=\"711\" srcset=\"https:\/\/www.klo.ee\/wp-content\/uploads\/2024\/11\/nahtavusribad657-1.jpg 657w, https:\/\/www.klo.ee\/wp-content\/uploads\/2024\/11\/nahtavusribad657-1-300x237.jpg 300w\" sizes=\"auto, (max-width: 902px) 100vw, 902px\" \/><\/p>\n<h3>Klaasile kleebitavad pooll\u00e4bipaistvad n\u00e4htavusribad.<\/h3>\n<p>Mooduli k\u00f5rgus 210mm laius circa 1100mm.<br \/>\nMoodul k\u00f5rgus 210mm laius ~1100mm.<\/p>\n<hr \/>\n<h3>N\u00e4htavusmummud<\/h3>\n<p>pooll\u00e4bipaistvast materjalist (liivapritsi t\u00f6\u00f6tlust klaasil imiteeriv kleebis) 80mm l\u00e4bim\u00f5\u00f5t &#8211; 10tk pakis.<\/p>\n<h3>V\u00e4rvilised n\u00e4htavusmummud<\/h3>\n<p>80mm (hallid, h\u00f5bedased, roosa, peegelkuldne, peegelh\u00f5bedane jms) 10tk pakis.<\/p>\n<p>Ohutusringid PUNANE, ROHELINE, KOLLANE 80mm &#8211; 10tk pakis &#8211; teisi suurused ohutusringidele vaata <a href=\"https:\/\/kohver.com\/site_search.php?sq=ohutusring&amp;search=Otsi\">siit.<\/a><\/p>\n<p>T\u00e4histus on \u00fchepoolselt vaadeldav, p\u00f6\u00f6rdel on ka valge v\u00f5i l\u00e4htudes kujundusest v\u00f5imalik ka peegelh\u00f5bedane. Kahepoolsed t\u00e4histused 2x \u00fchepoolse hind. Hinna sees on vajaliku kujundus faili loomine teie kvaliteetsest logo v\u00f5i kujundus elemendi failist.<\/p>\n<p><img loading=\"lazy\" decoding=\"async\" class=\"alignnone wp-image-1805\" src=\"https:\/\/www.klo.ee\/wp-content\/uploads\/2024\/11\/liivapritisiimitatsioon.jpg\" alt=\"\" width=\"890\" height=\"519\" srcset=\"https:\/\/www.klo.ee\/wp-content\/uploads\/2024\/11\/liivapritisiimitatsioon.jpg 657w, https:\/\/www.klo.ee\/wp-content\/uploads\/2024\/11\/liivapritisiimitatsioon-300x175.jpg 300w\" sizes=\"auto, (max-width: 890px) 100vw, 890px\" \/><br \/>\nliivarptsiimitatsioon logo klaasil<\/p>\n<p>Vasakul pooll\u00e4bipaistev &#8220;liivapritsi imitatsioon&#8221; kleebis ja keskel peenikene joon tavaline h\u00f5bedane kleebis, paremal tavaline kleebis.<\/p>\n","protected":false},"excerpt":{"rendered":"<p>N\u00e4htavusribad klaasidele pooll\u00e4bipaistvast kleebisest moodulitena. N\u00e4htavusmummud \/ -ringid v\u00f5i muud kujundid klaasile. Klaasile kleebitavad pooll\u00e4bipaistvad n\u00e4htavusribad. Mooduli k\u00f5rgus 210mm laius circa 1100mm. Moodul k\u00f5rgus 210mm [&#8230;]<\/p>\n","protected":false},"author":2,"featured_media":0,"parent":0,"menu_order":0,"comment_status":"closed","ping_status":"closed","template":"","meta":{"footnotes":""},"class_list":["post-1804","page","type-page","status-publish","hentry"],"yoast_head":"<!-- This site is optimized with the Yoast SEO plugin v27.5 - https:\/\/yoast.com\/product\/yoast-seo-wordpress\/ -->\n<title>N\u00c4HTAVUSRIBAD - Kolm L\u00f5vi Ohutus<\/title>\n<meta name=\"description\" content=\"N\u00c4HTAVUSRIBAD Kolm L\u00f5vi Ohutus\" \/>\n<meta name=\"robots\" content=\"index, follow, max-snippet:-1, max-image-preview:large, max-video-preview:-1\" \/>\n<link rel=\"canonical\" href=\"https:\/\/www.klo.ee\/?page_id=1804\" \/>\n<meta property=\"og:locale\" content=\"et_EE\" \/>\n<meta property=\"og:type\" content=\"article\" \/>\n<meta property=\"og:title\" content=\"N\u00c4HTAVUSRIBAD - Kolm L\u00f5vi Ohutus\" \/>\n<meta property=\"og:description\" content=\"N\u00c4HTAVUSRIBAD Kolm L\u00f5vi Ohutus\" \/>\n<meta property=\"og:url\" content=\"https:\/\/www.klo.ee\/?page_id=1804\" \/>\n<meta property=\"og:site_name\" content=\"Kolm L\u00f5vi Ohutus\" \/>\n<meta property=\"article:publisher\" content=\"https:\/\/www.facebook.com\/kloprof\" \/>\n<meta property=\"article:modified_time\" content=\"2025-05-27T12:23:32+00:00\" \/>\n<meta property=\"og:image\" content=\"https:\/\/www.klo.ee\/wp-content\/uploads\/2024\/11\/nahtavusribad657-1.jpg\" \/>\n\t<meta property=\"og:image:width\" content=\"657\" \/>\n\t<meta property=\"og:image:height\" content=\"518\" \/>\n\t<meta property=\"og:image:type\" content=\"image\/jpeg\" \/>\n<meta name=\"twitter:card\" content=\"summary_large_image\" \/>\n<meta name=\"twitter:label1\" content=\"Est. reading time\" \/>\n\t<meta name=\"twitter:data1\" content=\"2 minutit\" \/>\n<script type=\"application\/ld+json\" class=\"yoast-schema-graph\">{\"@context\":\"https:\\\/\\\/schema.org\",\"@graph\":[{\"@type\":\"WebPage\",\"@id\":\"https:\\\/\\\/www.klo.ee\\\/?page_id=1804\",\"url\":\"https:\\\/\\\/www.klo.ee\\\/?page_id=1804\",\"name\":\"N\u00c4HTAVUSRIBAD - Kolm L\u00f5vi Ohutus\",\"isPartOf\":{\"@id\":\"https:\\\/\\\/www.klo.ee\\\/#website\"},\"primaryImageOfPage\":{\"@id\":\"https:\\\/\\\/www.klo.ee\\\/?page_id=1804#primaryimage\"},\"image\":{\"@id\":\"https:\\\/\\\/www.klo.ee\\\/?page_id=1804#primaryimage\"},\"thumbnailUrl\":\"https:\\\/\\\/www.klo.ee\\\/wp-content\\\/uploads\\\/2024\\\/11\\\/nahtavusribad657-1.jpg\",\"datePublished\":\"2024-11-29T10:47:32+00:00\",\"dateModified\":\"2025-05-27T12:23:32+00:00\",\"description\":\"N\u00c4HTAVUSRIBAD Kolm L\u00f5vi Ohutus\",\"breadcrumb\":{\"@id\":\"https:\\\/\\\/www.klo.ee\\\/?page_id=1804#breadcrumb\"},\"inLanguage\":\"et\",\"potentialAction\":[{\"@type\":\"ReadAction\",\"target\":[\"https:\\\/\\\/www.klo.ee\\\/?page_id=1804\"]}]},{\"@type\":\"ImageObject\",\"inLanguage\":\"et\",\"@id\":\"https:\\\/\\\/www.klo.ee\\\/?page_id=1804#primaryimage\",\"url\":\"https:\\\/\\\/www.klo.ee\\\/wp-content\\\/uploads\\\/2024\\\/11\\\/nahtavusribad657-1.jpg\",\"contentUrl\":\"https:\\\/\\\/www.klo.ee\\\/wp-content\\\/uploads\\\/2024\\\/11\\\/nahtavusribad657-1.jpg\",\"width\":657,\"height\":518},{\"@type\":\"BreadcrumbList\",\"@id\":\"https:\\\/\\\/www.klo.ee\\\/?page_id=1804#breadcrumb\",\"itemListElement\":[{\"@type\":\"ListItem\",\"position\":1,\"name\":\"Home\",\"item\":\"https:\\\/\\\/www.klo.ee\\\/\"},{\"@type\":\"ListItem\",\"position\":2,\"name\":\"N\u00c4HTAVUSRIBAD\"}]},{\"@type\":\"WebSite\",\"@id\":\"https:\\\/\\\/www.klo.ee\\\/#website\",\"url\":\"https:\\\/\\\/www.klo.ee\\\/\",\"name\":\"Kolm L\u00f5vi Ohutus\",\"description\":\"Ohutusm\u00e4rkide leht\",\"publisher\":{\"@id\":\"https:\\\/\\\/www.klo.ee\\\/#organization\"},\"potentialAction\":[{\"@type\":\"SearchAction\",\"target\":{\"@type\":\"EntryPoint\",\"urlTemplate\":\"https:\\\/\\\/www.klo.ee\\\/?s={search_term_string}\"},\"query-input\":{\"@type\":\"PropertyValueSpecification\",\"valueRequired\":true,\"valueName\":\"search_term_string\"}}],\"inLanguage\":\"et\"},{\"@type\":\"Organization\",\"@id\":\"https:\\\/\\\/www.klo.ee\\\/#organization\",\"name\":\"Kolm L\u00f5vi Ohutus\",\"url\":\"https:\\\/\\\/www.klo.ee\\\/\",\"logo\":{\"@type\":\"ImageObject\",\"inLanguage\":\"et\",\"@id\":\"https:\\\/\\\/www.klo.ee\\\/#\\\/schema\\\/logo\\\/image\\\/\",\"url\":\"https:\\\/\\\/www.klo.ee\\\/wp-content\\\/uploads\\\/2024\\\/09\\\/ohutusmarkheader.jpg\",\"contentUrl\":\"https:\\\/\\\/www.klo.ee\\\/wp-content\\\/uploads\\\/2024\\\/09\\\/ohutusmarkheader.jpg\",\"width\":863,\"height\":162,\"caption\":\"Kolm L\u00f5vi Ohutus\"},\"image\":{\"@id\":\"https:\\\/\\\/www.klo.ee\\\/#\\\/schema\\\/logo\\\/image\\\/\"},\"sameAs\":[\"https:\\\/\\\/www.facebook.com\\\/kloprof\"]}]}<\/script>\n<!-- \/ Yoast SEO plugin. -->","yoast_head_json":{"title":"N\u00c4HTAVUSRIBAD - Kolm L\u00f5vi Ohutus","description":"N\u00c4HTAVUSRIBAD Kolm L\u00f5vi Ohutus","robots":{"index":"index","follow":"follow","max-snippet":"max-snippet:-1","max-image-preview":"max-image-preview:large","max-video-preview":"max-video-preview:-1"},"canonical":"https:\/\/www.klo.ee\/?page_id=1804","og_locale":"et_EE","og_type":"article","og_title":"N\u00c4HTAVUSRIBAD - Kolm L\u00f5vi Ohutus","og_description":"N\u00c4HTAVUSRIBAD Kolm L\u00f5vi Ohutus","og_url":"https:\/\/www.klo.ee\/?page_id=1804","og_site_name":"Kolm L\u00f5vi Ohutus","article_publisher":"https:\/\/www.facebook.com\/kloprof","article_modified_time":"2025-05-27T12:23:32+00:00","og_image":[{"width":657,"height":518,"url":"https:\/\/www.klo.ee\/wp-content\/uploads\/2024\/11\/nahtavusribad657-1.jpg","type":"image\/jpeg"}],"twitter_card":"summary_large_image","twitter_misc":{"Est. reading time":"2 minutit"},"schema":{"@context":"https:\/\/schema.org","@graph":[{"@type":"WebPage","@id":"https:\/\/www.klo.ee\/?page_id=1804","url":"https:\/\/www.klo.ee\/?page_id=1804","name":"N\u00c4HTAVUSRIBAD - Kolm L\u00f5vi Ohutus","isPartOf":{"@id":"https:\/\/www.klo.ee\/#website"},"primaryImageOfPage":{"@id":"https:\/\/www.klo.ee\/?page_id=1804#primaryimage"},"image":{"@id":"https:\/\/www.klo.ee\/?page_id=1804#primaryimage"},"thumbnailUrl":"https:\/\/www.klo.ee\/wp-content\/uploads\/2024\/11\/nahtavusribad657-1.jpg","datePublished":"2024-11-29T10:47:32+00:00","dateModified":"2025-05-27T12:23:32+00:00","description":"N\u00c4HTAVUSRIBAD Kolm L\u00f5vi Ohutus","breadcrumb":{"@id":"https:\/\/www.klo.ee\/?page_id=1804#breadcrumb"},"inLanguage":"et","potentialAction":[{"@type":"ReadAction","target":["https:\/\/www.klo.ee\/?page_id=1804"]}]},{"@type":"ImageObject","inLanguage":"et","@id":"https:\/\/www.klo.ee\/?page_id=1804#primaryimage","url":"https:\/\/www.klo.ee\/wp-content\/uploads\/2024\/11\/nahtavusribad657-1.jpg","contentUrl":"https:\/\/www.klo.ee\/wp-content\/uploads\/2024\/11\/nahtavusribad657-1.jpg","width":657,"height":518},{"@type":"BreadcrumbList","@id":"https:\/\/www.klo.ee\/?page_id=1804#breadcrumb","itemListElement":[{"@type":"ListItem","position":1,"name":"Home","item":"https:\/\/www.klo.ee\/"},{"@type":"ListItem","position":2,"name":"N\u00c4HTAVUSRIBAD"}]},{"@type":"WebSite","@id":"https:\/\/www.klo.ee\/#website","url":"https:\/\/www.klo.ee\/","name":"Kolm L\u00f5vi Ohutus","description":"Ohutusm\u00e4rkide leht","publisher":{"@id":"https:\/\/www.klo.ee\/#organization"},"potentialAction":[{"@type":"SearchAction","target":{"@type":"EntryPoint","urlTemplate":"https:\/\/www.klo.ee\/?s={search_term_string}"},"query-input":{"@type":"PropertyValueSpecification","valueRequired":true,"valueName":"search_term_string"}}],"inLanguage":"et"},{"@type":"Organization","@id":"https:\/\/www.klo.ee\/#organization","name":"Kolm L\u00f5vi Ohutus","url":"https:\/\/www.klo.ee\/","logo":{"@type":"ImageObject","inLanguage":"et","@id":"https:\/\/www.klo.ee\/#\/schema\/logo\/image\/","url":"https:\/\/www.klo.ee\/wp-content\/uploads\/2024\/09\/ohutusmarkheader.jpg","contentUrl":"https:\/\/www.klo.ee\/wp-content\/uploads\/2024\/09\/ohutusmarkheader.jpg","width":863,"height":162,"caption":"Kolm L\u00f5vi Ohutus"},"image":{"@id":"https:\/\/www.klo.ee\/#\/schema\/logo\/image\/"},"sameAs":["https:\/\/www.facebook.com\/kloprof"]}]}},"_links":{"self":[{"href":"https:\/\/www.klo.ee\/index.php?rest_route=\/wp\/v2\/pages\/1804","targetHints":{"allow":["GET"]}}],"collection":[{"href":"https:\/\/www.klo.ee\/index.php?rest_route=\/wp\/v2\/pages"}],"about":[{"href":"https:\/\/www.klo.ee\/index.php?rest_route=\/wp\/v2\/types\/page"}],"author":[{"embeddable":true,"href":"https:\/\/www.klo.ee\/index.php?rest_route=\/wp\/v2\/users\/2"}],"replies":[{"embeddable":true,"href":"https:\/\/www.klo.ee\/index.php?rest_route=%2Fwp%2Fv2%2Fcomments&post=1804"}],"version-history":[{"count":5,"href":"https:\/\/www.klo.ee\/index.php?rest_route=\/wp\/v2\/pages\/1804\/revisions"}],"predecessor-version":[{"id":3002,"href":"https:\/\/www.klo.ee\/index.php?rest_route=\/wp\/v2\/pages\/1804\/revisions\/3002"}],"wp:attachment":[{"href":"https:\/\/www.klo.ee\/index.php?rest_route=%2Fwp%2Fv2%2Fmedia&parent=1804"}],"curies":[{"name":"wp","href":"https:\/\/api.w.org\/{rel}","templated":true}]}}