{"id":1809,"date":"2024-11-29T10:48:56","date_gmt":"2024-11-29T10:48:56","guid":{"rendered":"https:\/\/www.klo.ee\/?page_id=1809"},"modified":"2024-12-27T16:20:32","modified_gmt":"2024-12-27T16:20:32","slug":"metallkarbid","status":"publish","type":"page","link":"https:\/\/www.klo.ee\/?page_id=1809","title":{"rendered":"METALLKARBID"},"content":{"rendered":"<h1 style=\"text-align: left;\">V\u00e4iksed metallkarbid hoiustamiseks<\/h1>\n<p style=\"text-align: left;\"><img loading=\"lazy\" decoding=\"async\" class=\"wp-image-1812 alignleft\" src=\"https:\/\/www.klo.ee\/wp-content\/uploads\/2024\/11\/metallkarbid.jpg\" alt=\"\" width=\"900\" height=\"763\" srcset=\"https:\/\/www.klo.ee\/wp-content\/uploads\/2024\/11\/metallkarbid.jpg 657w, https:\/\/www.klo.ee\/wp-content\/uploads\/2024\/11\/metallkarbid-300x254.jpg 300w\" sizes=\"auto, (max-width: 900px) 100vw, 900px\" \/><\/p>\n<p>K\u00fcsi rohkem infot metallkarpide kohta &#8211; p\u00e4ringuvormi kaudu siit.<\/p>\n<p>Karpidele on v\u00f5imalik tellida peale kleebised v\u00f5i t\u00fckkida metallile \u00fche v\u00e4rviga.<br \/>\n\u00dcksik eksemplare laos, suuremad kogused tellimisel.<br \/>\n1) 96 x 100 x 17mm (koos kaanega) Nurgad \u00fcmarad, kaas karbi k\u00fcljes kinni. (1tk 4.80+km)<br \/>\n2) 97 x 62 x 21mm (koos kaanega). Nurgad \u00fcmarad, kaas eraldi. (1tk 4.80+km)<br \/>\n3) 53 x 83 x 1,6mm. Nurgad \u00fcmarad, kaas karbi k\u00fcljes kinni. (1tk 4.80+km)<br \/>\nV\u00e4lism\u00f5\u00f5dud on koos \u00e4ra keeratud pleki servaga mis on umbes 0,75mm.<\/p>\n<p>Need ainult tellimisel:<br \/>\nKaan eraldi, nurgad \u00fcmarad<br \/>\nVKE: 98 x 63 x 15mm tk hind 7,40+km<br \/>\nEKE: 110 x 70 x 20mm tk hind 10,36+km<\/p>\n<p>L\u00fckatava kaanega, nurgad \u00fcmarad<br \/>\nVLK: 60x34x10mm 5.92+km<br \/>\nKLK: 80x55x1mm6,66+km<br \/>\nSLK: 80*50*20mm 7,40+km<\/p>\n<p><img loading=\"lazy\" decoding=\"async\" class=\"alignnone wp-image-1811\" src=\"https:\/\/www.klo.ee\/wp-content\/uploads\/2024\/11\/metallkarp-lykatavkaan.jpg\" alt=\"\" width=\"900\" height=\"461\" srcset=\"https:\/\/www.klo.ee\/wp-content\/uploads\/2024\/11\/metallkarp-lykatavkaan.jpg 550w, https:\/\/www.klo.ee\/wp-content\/uploads\/2024\/11\/metallkarp-lykatavkaan-300x154.jpg 300w\" sizes=\"auto, (max-width: 900px) 100vw, 900px\" \/><\/p>\n<p>VMK: 60*50*17mm 3.50+km (20tk pakk 59.00+km)<\/p>\n<p><img loading=\"lazy\" decoding=\"async\" class=\"alignnone wp-image-1810\" src=\"https:\/\/www.klo.ee\/wp-content\/uploads\/2024\/11\/vmk-kaanegametallkarp.jpg\" alt=\"\" width=\"900\" height=\"461\" srcset=\"https:\/\/www.klo.ee\/wp-content\/uploads\/2024\/11\/vmk-kaanegametallkarp.jpg 550w, https:\/\/www.klo.ee\/wp-content\/uploads\/2024\/11\/vmk-kaanegametallkarp-300x154.jpg 300w\" sizes=\"auto, (max-width: 900px) 100vw, 900px\" \/><\/p>\n","protected":false},"excerpt":{"rendered":"<p>V\u00e4iksed metallkarbid hoiustamiseks K\u00fcsi rohkem infot metallkarpide kohta &#8211; p\u00e4ringuvormi kaudu siit. Karpidele on v\u00f5imalik tellida peale kleebised v\u00f5i t\u00fckkida metallile \u00fche v\u00e4rviga. \u00dcksik eksemplare [&#8230;]<\/p>\n","protected":false},"author":2,"featured_media":0,"parent":0,"menu_order":0,"comment_status":"closed","ping_status":"closed","template":"","meta":{"footnotes":""},"class_list":["post-1809","page","type-page","status-publish","hentry"],"yoast_head":"<!-- This site is optimized with the Yoast SEO plugin v27.4 - https:\/\/yoast.com\/product\/yoast-seo-wordpress\/ -->\n<title>METALLKARBID - Kolm L\u00f5vi Ohutus<\/title>\n<meta name=\"description\" content=\"METALLKARBID Kolm L\u00f5vi Ohutus\" \/>\n<meta name=\"robots\" content=\"index, follow, max-snippet:-1, max-image-preview:large, max-video-preview:-1\" \/>\n<link rel=\"canonical\" href=\"https:\/\/www.klo.ee\/?page_id=1809\" \/>\n<meta property=\"og:locale\" content=\"et_EE\" \/>\n<meta property=\"og:type\" content=\"article\" \/>\n<meta property=\"og:title\" content=\"METALLKARBID - Kolm L\u00f5vi Ohutus\" \/>\n<meta property=\"og:description\" content=\"METALLKARBID Kolm L\u00f5vi Ohutus\" \/>\n<meta property=\"og:url\" content=\"https:\/\/www.klo.ee\/?page_id=1809\" \/>\n<meta property=\"og:site_name\" content=\"Kolm L\u00f5vi Ohutus\" \/>\n<meta property=\"article:publisher\" content=\"https:\/\/www.facebook.com\/kloprof\" \/>\n<meta property=\"article:modified_time\" content=\"2024-12-27T16:20:32+00:00\" \/>\n<meta property=\"og:image\" content=\"https:\/\/www.klo.ee\/wp-content\/uploads\/2024\/11\/metallkarbid.jpg\" \/>\n\t<meta property=\"og:image:width\" content=\"657\" \/>\n\t<meta property=\"og:image:height\" content=\"557\" \/>\n\t<meta property=\"og:image:type\" content=\"image\/jpeg\" \/>\n<meta name=\"twitter:card\" content=\"summary_large_image\" \/>\n<meta name=\"twitter:label1\" content=\"Est. reading time\" \/>\n\t<meta name=\"twitter:data1\" content=\"2 minutit\" \/>\n<script type=\"application\/ld+json\" class=\"yoast-schema-graph\">{\"@context\":\"https:\\\/\\\/schema.org\",\"@graph\":[{\"@type\":\"WebPage\",\"@id\":\"https:\\\/\\\/www.klo.ee\\\/?page_id=1809\",\"url\":\"https:\\\/\\\/www.klo.ee\\\/?page_id=1809\",\"name\":\"METALLKARBID - Kolm L\u00f5vi Ohutus\",\"isPartOf\":{\"@id\":\"https:\\\/\\\/www.klo.ee\\\/#website\"},\"primaryImageOfPage\":{\"@id\":\"https:\\\/\\\/www.klo.ee\\\/?page_id=1809#primaryimage\"},\"image\":{\"@id\":\"https:\\\/\\\/www.klo.ee\\\/?page_id=1809#primaryimage\"},\"thumbnailUrl\":\"https:\\\/\\\/www.klo.ee\\\/wp-content\\\/uploads\\\/2024\\\/11\\\/metallkarbid.jpg\",\"datePublished\":\"2024-11-29T10:48:56+00:00\",\"dateModified\":\"2024-12-27T16:20:32+00:00\",\"description\":\"METALLKARBID Kolm L\u00f5vi Ohutus\",\"breadcrumb\":{\"@id\":\"https:\\\/\\\/www.klo.ee\\\/?page_id=1809#breadcrumb\"},\"inLanguage\":\"et\",\"potentialAction\":[{\"@type\":\"ReadAction\",\"target\":[\"https:\\\/\\\/www.klo.ee\\\/?page_id=1809\"]}]},{\"@type\":\"ImageObject\",\"inLanguage\":\"et\",\"@id\":\"https:\\\/\\\/www.klo.ee\\\/?page_id=1809#primaryimage\",\"url\":\"https:\\\/\\\/www.klo.ee\\\/wp-content\\\/uploads\\\/2024\\\/11\\\/metallkarbid.jpg\",\"contentUrl\":\"https:\\\/\\\/www.klo.ee\\\/wp-content\\\/uploads\\\/2024\\\/11\\\/metallkarbid.jpg\",\"width\":657,\"height\":557,\"caption\":\"OLYMPUS DIGITAL CAMERA\"},{\"@type\":\"BreadcrumbList\",\"@id\":\"https:\\\/\\\/www.klo.ee\\\/?page_id=1809#breadcrumb\",\"itemListElement\":[{\"@type\":\"ListItem\",\"position\":1,\"name\":\"Home\",\"item\":\"https:\\\/\\\/www.klo.ee\\\/\"},{\"@type\":\"ListItem\",\"position\":2,\"name\":\"METALLKARBID\"}]},{\"@type\":\"WebSite\",\"@id\":\"https:\\\/\\\/www.klo.ee\\\/#website\",\"url\":\"https:\\\/\\\/www.klo.ee\\\/\",\"name\":\"Kolm L\u00f5vi Ohutus\",\"description\":\"Ohutusm\u00e4rkide leht\",\"publisher\":{\"@id\":\"https:\\\/\\\/www.klo.ee\\\/#organization\"},\"potentialAction\":[{\"@type\":\"SearchAction\",\"target\":{\"@type\":\"EntryPoint\",\"urlTemplate\":\"https:\\\/\\\/www.klo.ee\\\/?s={search_term_string}\"},\"query-input\":{\"@type\":\"PropertyValueSpecification\",\"valueRequired\":true,\"valueName\":\"search_term_string\"}}],\"inLanguage\":\"et\"},{\"@type\":\"Organization\",\"@id\":\"https:\\\/\\\/www.klo.ee\\\/#organization\",\"name\":\"Kolm L\u00f5vi Ohutus\",\"url\":\"https:\\\/\\\/www.klo.ee\\\/\",\"logo\":{\"@type\":\"ImageObject\",\"inLanguage\":\"et\",\"@id\":\"https:\\\/\\\/www.klo.ee\\\/#\\\/schema\\\/logo\\\/image\\\/\",\"url\":\"https:\\\/\\\/www.klo.ee\\\/wp-content\\\/uploads\\\/2024\\\/09\\\/ohutusmarkheader.jpg\",\"contentUrl\":\"https:\\\/\\\/www.klo.ee\\\/wp-content\\\/uploads\\\/2024\\\/09\\\/ohutusmarkheader.jpg\",\"width\":863,\"height\":162,\"caption\":\"Kolm L\u00f5vi Ohutus\"},\"image\":{\"@id\":\"https:\\\/\\\/www.klo.ee\\\/#\\\/schema\\\/logo\\\/image\\\/\"},\"sameAs\":[\"https:\\\/\\\/www.facebook.com\\\/kloprof\"]}]}<\/script>\n<!-- \/ Yoast SEO plugin. -->","yoast_head_json":{"title":"METALLKARBID - Kolm L\u00f5vi Ohutus","description":"METALLKARBID Kolm L\u00f5vi Ohutus","robots":{"index":"index","follow":"follow","max-snippet":"max-snippet:-1","max-image-preview":"max-image-preview:large","max-video-preview":"max-video-preview:-1"},"canonical":"https:\/\/www.klo.ee\/?page_id=1809","og_locale":"et_EE","og_type":"article","og_title":"METALLKARBID - Kolm L\u00f5vi Ohutus","og_description":"METALLKARBID Kolm L\u00f5vi Ohutus","og_url":"https:\/\/www.klo.ee\/?page_id=1809","og_site_name":"Kolm L\u00f5vi Ohutus","article_publisher":"https:\/\/www.facebook.com\/kloprof","article_modified_time":"2024-12-27T16:20:32+00:00","og_image":[{"width":657,"height":557,"url":"https:\/\/www.klo.ee\/wp-content\/uploads\/2024\/11\/metallkarbid.jpg","type":"image\/jpeg"}],"twitter_card":"summary_large_image","twitter_misc":{"Est. reading time":"2 minutit"},"schema":{"@context":"https:\/\/schema.org","@graph":[{"@type":"WebPage","@id":"https:\/\/www.klo.ee\/?page_id=1809","url":"https:\/\/www.klo.ee\/?page_id=1809","name":"METALLKARBID - Kolm L\u00f5vi Ohutus","isPartOf":{"@id":"https:\/\/www.klo.ee\/#website"},"primaryImageOfPage":{"@id":"https:\/\/www.klo.ee\/?page_id=1809#primaryimage"},"image":{"@id":"https:\/\/www.klo.ee\/?page_id=1809#primaryimage"},"thumbnailUrl":"https:\/\/www.klo.ee\/wp-content\/uploads\/2024\/11\/metallkarbid.jpg","datePublished":"2024-11-29T10:48:56+00:00","dateModified":"2024-12-27T16:20:32+00:00","description":"METALLKARBID Kolm L\u00f5vi Ohutus","breadcrumb":{"@id":"https:\/\/www.klo.ee\/?page_id=1809#breadcrumb"},"inLanguage":"et","potentialAction":[{"@type":"ReadAction","target":["https:\/\/www.klo.ee\/?page_id=1809"]}]},{"@type":"ImageObject","inLanguage":"et","@id":"https:\/\/www.klo.ee\/?page_id=1809#primaryimage","url":"https:\/\/www.klo.ee\/wp-content\/uploads\/2024\/11\/metallkarbid.jpg","contentUrl":"https:\/\/www.klo.ee\/wp-content\/uploads\/2024\/11\/metallkarbid.jpg","width":657,"height":557,"caption":"OLYMPUS DIGITAL CAMERA"},{"@type":"BreadcrumbList","@id":"https:\/\/www.klo.ee\/?page_id=1809#breadcrumb","itemListElement":[{"@type":"ListItem","position":1,"name":"Home","item":"https:\/\/www.klo.ee\/"},{"@type":"ListItem","position":2,"name":"METALLKARBID"}]},{"@type":"WebSite","@id":"https:\/\/www.klo.ee\/#website","url":"https:\/\/www.klo.ee\/","name":"Kolm L\u00f5vi Ohutus","description":"Ohutusm\u00e4rkide leht","publisher":{"@id":"https:\/\/www.klo.ee\/#organization"},"potentialAction":[{"@type":"SearchAction","target":{"@type":"EntryPoint","urlTemplate":"https:\/\/www.klo.ee\/?s={search_term_string}"},"query-input":{"@type":"PropertyValueSpecification","valueRequired":true,"valueName":"search_term_string"}}],"inLanguage":"et"},{"@type":"Organization","@id":"https:\/\/www.klo.ee\/#organization","name":"Kolm L\u00f5vi Ohutus","url":"https:\/\/www.klo.ee\/","logo":{"@type":"ImageObject","inLanguage":"et","@id":"https:\/\/www.klo.ee\/#\/schema\/logo\/image\/","url":"https:\/\/www.klo.ee\/wp-content\/uploads\/2024\/09\/ohutusmarkheader.jpg","contentUrl":"https:\/\/www.klo.ee\/wp-content\/uploads\/2024\/09\/ohutusmarkheader.jpg","width":863,"height":162,"caption":"Kolm L\u00f5vi Ohutus"},"image":{"@id":"https:\/\/www.klo.ee\/#\/schema\/logo\/image\/"},"sameAs":["https:\/\/www.facebook.com\/kloprof"]}]}},"_links":{"self":[{"href":"https:\/\/www.klo.ee\/index.php?rest_route=\/wp\/v2\/pages\/1809","targetHints":{"allow":["GET"]}}],"collection":[{"href":"https:\/\/www.klo.ee\/index.php?rest_route=\/wp\/v2\/pages"}],"about":[{"href":"https:\/\/www.klo.ee\/index.php?rest_route=\/wp\/v2\/types\/page"}],"author":[{"embeddable":true,"href":"https:\/\/www.klo.ee\/index.php?rest_route=\/wp\/v2\/users\/2"}],"replies":[{"embeddable":true,"href":"https:\/\/www.klo.ee\/index.php?rest_route=%2Fwp%2Fv2%2Fcomments&post=1809"}],"version-history":[{"count":4,"href":"https:\/\/www.klo.ee\/index.php?rest_route=\/wp\/v2\/pages\/1809\/revisions"}],"predecessor-version":[{"id":2489,"href":"https:\/\/www.klo.ee\/index.php?rest_route=\/wp\/v2\/pages\/1809\/revisions\/2489"}],"wp:attachment":[{"href":"https:\/\/www.klo.ee\/index.php?rest_route=%2Fwp%2Fv2%2Fmedia&parent=1809"}],"curies":[{"name":"wp","href":"https:\/\/api.w.org\/{rel}","templated":true}]}}