{"id":1862,"date":"2024-11-29T11:20:16","date_gmt":"2024-11-29T11:20:16","guid":{"rendered":"https:\/\/www.klo.ee\/?page_id=1862"},"modified":"2025-05-27T12:20:24","modified_gmt":"2025-05-27T12:20:24","slug":"margistamine","status":"publish","type":"page","link":"https:\/\/www.klo.ee\/?page_id=1862","title":{"rendered":"M\u00c4RGISTAMINE"},"content":{"rendered":"<h2>Metallkleebised \/ metallm\u00e4rgistus.<br \/>\nM\u00e4rgistamiskleebised, -lipikud, riputusm\u00e4rgid, riputussildid,<br \/>\nm\u00e4rgistamine kahepoolsete seinale kinnitatavate m\u00e4rgistega.<br \/>\n\u0160abloonid PET plastikust.<br \/>\nPostkastisildid.<br \/>\nKleebitavad metalllogod toodetele.<\/h2>\n<p><img loading=\"lazy\" decoding=\"async\" class=\"alignnone wp-image-74\" src=\"https:\/\/www.klo.ee\/wp-content\/uploads\/2024\/09\/liikuvaosagateavitus.jpg\" alt=\"\" width=\"900\" height=\"392\" srcset=\"https:\/\/www.klo.ee\/wp-content\/uploads\/2024\/09\/liikuvaosagateavitus.jpg 657w, https:\/\/www.klo.ee\/wp-content\/uploads\/2024\/09\/liikuvaosagateavitus-300x131.jpg 300w\" sizes=\"auto, (max-width: 900px) 100vw, 900px\" \/><br \/>\nliikuva osaga teavitussilt<\/p>\n<p>Liikuva osaga teavitussilt (fotol kaks asendit <span style=\"background-color: #339966;\">vaba<\/span> \/<span style=\"background-color: #ff0000;\"> h\u00f5ivatud<\/span>) n\u00e4iteks koosoleku ruumi ukse k\u00f5rvale seinale kleebitav 175x40mm. Tekstid mis v\u00f5iks veel olla: kohal \/ puudub, kontoris \/ objektil, puhas \/ must &#8211; tekst vastavalt kliendi vajadustele (HP33790). Telli <a href=\"https:\/\/kohver.com\/product_details.php?item_id=999\" target=\"_blank\" rel=\"noopener\">SIIT.<\/a><\/p>\n<hr \/>\n<h3>Materjalideks plastikud v\u00f5i erinevad kleebised<\/h3>\n<p><img loading=\"lazy\" decoding=\"async\" class=\"alignnone wp-image-1873 \" src=\"https:\/\/www.klo.ee\/wp-content\/uploads\/2024\/11\/margistuslipikud657.jpg\" alt=\"\" width=\"899\" height=\"539\" srcset=\"https:\/\/www.klo.ee\/wp-content\/uploads\/2024\/11\/margistuslipikud657.jpg 657w, https:\/\/www.klo.ee\/wp-content\/uploads\/2024\/11\/margistuslipikud657-300x180.jpg 300w\" sizes=\"auto, (max-width: 899px) 100vw, 899px\" \/><br \/>\n<span style=\"font-size: 16px;\">m\u00e4rgistamislipikud<\/span><\/p>\n<h3>Erinevad riputusm\u00e4rgid, riputussildid &#8211; eriv\u00e4rvilised signaalpaelad (oran\u017e, punane, valge).<\/h3>\n<p><img loading=\"lazy\" decoding=\"async\" class=\" wp-image-1163\" src=\"https:\/\/www.klo.ee\/wp-content\/uploads\/2024\/11\/riputusmark.jpg\" alt=\"\" width=\"896\" height=\"573\" srcset=\"https:\/\/www.klo.ee\/wp-content\/uploads\/2024\/11\/riputusmark.jpg 657w, https:\/\/www.klo.ee\/wp-content\/uploads\/2024\/11\/riputusmark-300x192.jpg 300w\" sizes=\"auto, (max-width: 896px) 100vw, 896px\" \/><br \/>\nriputusm\u00e4rgid-riputussildid<\/p>\n<p><img loading=\"lazy\" decoding=\"async\" class=\" wp-image-1872\" src=\"https:\/\/www.klo.ee\/wp-content\/uploads\/2024\/11\/margistuslipikud2-657.jpg\" alt=\"\" width=\"897\" height=\"490\" srcset=\"https:\/\/www.klo.ee\/wp-content\/uploads\/2024\/11\/margistuslipikud2-657.jpg 657w, https:\/\/www.klo.ee\/wp-content\/uploads\/2024\/11\/margistuslipikud2-657-300x164.jpg 300w\" sizes=\"auto, (max-width: 897px) 100vw, 897px\" \/><\/p>\n<p>Plastikust \u00f6\u00f6situd aukudega vastupidavad riputusm\u00e4rgid 54x86mm.<\/p>\n<p><img loading=\"lazy\" decoding=\"async\" class=\"alignnone wp-image-1161\" src=\"https:\/\/www.klo.ee\/wp-content\/uploads\/2024\/11\/plastikriputusedPA176938.jpg\" alt=\"\" width=\"903\" height=\"345\" srcset=\"https:\/\/www.klo.ee\/wp-content\/uploads\/2024\/11\/plastikriputusedPA176938.jpg 657w, https:\/\/www.klo.ee\/wp-content\/uploads\/2024\/11\/plastikriputusedPA176938-300x115.jpg 300w\" sizes=\"auto, (max-width: 903px) 100vw, 903px\" \/><br \/>\nplastikust riputusm\u00e4rgistus<\/p>\n<hr \/>\n<h3>P\u00f5randapindade m\u00e4rgistamise ja joonimise kohta loe <a href=\"https:\/\/www.klo.ee\/?page_id=1754\" target=\"_blank\" rel=\"noopener\">siit.<\/a><\/h3>\n<p><img loading=\"lazy\" decoding=\"async\" class=\"alignnone wp-image-1775\" src=\"https:\/\/www.klo.ee\/wp-content\/uploads\/2024\/11\/ettevaatust-aste657.png\" alt=\"\" width=\"902\" height=\"401\" srcset=\"https:\/\/www.klo.ee\/wp-content\/uploads\/2024\/11\/ettevaatust-aste657.png 657w, https:\/\/www.klo.ee\/wp-content\/uploads\/2024\/11\/ettevaatust-aste657-300x133.png 300w\" sizes=\"auto, (max-width: 902px) 100vw, 902px\" \/><\/p>\n<hr \/>\n<h3>Kolmnurksed (3D) m\u00e4rgialused<\/h3>\n<p>Kolmnurksed (3D) ohutusm\u00e4rgised on kahte t\u00fc\u00fcpi: 10 ja 20cm m\u00e4rgid on olemas kahepoolse teibiga kinnitatavad ning 10, 20, 30 cm m\u00e4rgid on kruvidega seinale kinnitatavad.<\/p>\n<p><img loading=\"lazy\" decoding=\"async\" class=\"alignnone wp-image-1871\" src=\"https:\/\/www.klo.ee\/wp-content\/uploads\/2024\/11\/KLO-3D-logo.png\" alt=\"\" width=\"283\" height=\"154\" \/><\/p>\n<p>Kolmnurksed m\u00e4rgialused kruvidega seinale kinnitatavad.<\/p>\n<p>3D plastikalused 100mm m\u00e4rkidele 14.50+km (lisandub m\u00e4rkide maksumus)<br \/>\n3D plastikalused 200mm m\u00e4rkidele 18.50+km (lisandub m\u00e4rkide maksumus)<br \/>\n3D plastikalused 300mm m\u00e4rkidele 25.50+km (lisandub m\u00e4rkide maksumus)<br \/>\nKogustele, mis on suuremad kui 25tk artikli kohta k\u00fcsige hinnapakkumist.<\/p>\n<p><img loading=\"lazy\" decoding=\"async\" class=\"alignnone wp-image-1178\" src=\"https:\/\/www.klo.ee\/wp-content\/uploads\/2024\/11\/klo3d-plastalused.png\" alt=\"\" width=\"901\" height=\"349\" srcset=\"https:\/\/www.klo.ee\/wp-content\/uploads\/2024\/11\/klo3d-plastalused.png 560w, https:\/\/www.klo.ee\/wp-content\/uploads\/2024\/11\/klo3d-plastalused-300x116.png 300w\" sizes=\"auto, (max-width: 901px) 100vw, 901px\" \/><\/p>\n<hr \/>\n<h3>\u0160habloonid PET plastikust<\/h3>\n<p>L\u00e4bipaistev 0.5mm plastikust m\u00e4rgistamiseks v\u00e4rviga erinevatele pindadele. Korduvkasutatav.<br \/>\nV\u00f5imalik tellida kleebisest \u00fchekordseid \u0161abloone.<\/p>\n<p><img loading=\"lazy\" decoding=\"async\" class=\"alignnone wp-image-1870\" src=\"https:\/\/www.klo.ee\/wp-content\/uploads\/2024\/11\/klo-plast-shabloon.jpg\" alt=\"\" width=\"903\" height=\"555\" srcset=\"https:\/\/www.klo.ee\/wp-content\/uploads\/2024\/11\/klo-plast-shabloon.jpg 657w, https:\/\/www.klo.ee\/wp-content\/uploads\/2024\/11\/klo-plast-shabloon-300x184.jpg 300w\" sizes=\"auto, (max-width: 903px) 100vw, 903px\" \/><\/p>\n<p><img loading=\"lazy\" decoding=\"async\" class=\"alignnone size-full wp-image-1869\" src=\"https:\/\/www.klo.ee\/wp-content\/uploads\/2024\/11\/fragile-shabloon.jpg\" alt=\"\" width=\"430\" height=\"335\" srcset=\"https:\/\/www.klo.ee\/wp-content\/uploads\/2024\/11\/fragile-shabloon.jpg 430w, https:\/\/www.klo.ee\/wp-content\/uploads\/2024\/11\/fragile-shabloon-300x234.jpg 300w\" sizes=\"auto, (max-width: 430px) 100vw, 430px\" \/><\/p>\n<hr \/>\n<h3>Metallkleebised masinatele ja seadmetele, tootja andmed tehnilised andmed. Metallm\u00e4rgistus liimitav, needitav, ajutine kinnitus magnetiga.<\/h3>\n<p><img loading=\"lazy\" decoding=\"async\" class=\"alignnone wp-image-72\" src=\"https:\/\/www.klo.ee\/wp-content\/uploads\/2024\/09\/metallkleebised-kolmlovi.jpg\" alt=\"\" width=\"892\" height=\"750\" srcset=\"https:\/\/www.klo.ee\/wp-content\/uploads\/2024\/09\/metallkleebised-kolmlovi.jpg 657w, https:\/\/www.klo.ee\/wp-content\/uploads\/2024\/09\/metallkleebised-kolmlovi-300x252.jpg 300w\" sizes=\"auto, (max-width: 892px) 100vw, 892px\" \/><br \/>\nMetallkleebiste \/ -m\u00e4rgiste pinnaviimistlus harjatud h\u00f5bedane, harjatud kuldne, matt h\u00f5bedane, matt kuldne, valge l\u00e4ikiv. Metallipind on kaetud pol\u00fcesterlakiga.<\/p>\n<p>Materjali paksus enamasti 0.5mm v\u00f5i 0.7mm. Liim 88 mic. Magnet 0,7mm. Nurgad v\u00f5imalik t\u00f6\u00f6delda \u00fcmaraks v\u00f5i erikujuliseks vaata allpool olevaid pilte. Materjali sisse v\u00f5imalik teha augud 2mm v\u00f5i 5mm n\u00e4iteks nurkadest neetimiseks.<\/p>\n<p>Postkastile metallkleebis v\u00f5i naelutatav metallsilt &#8220;Ainult tellitud post, palun!&#8221;, &#8220;Ainult tellitud post&#8221;, &#8220;Palume siia aadressita reklaami mitte panna&#8221; v\u00f5i m\u00f5ni muu tekst (rohkem infot siin).<\/p>\n<p><img loading=\"lazy\" decoding=\"async\" class=\"alignnone wp-image-1867\" src=\"https:\/\/www.klo.ee\/wp-content\/uploads\/2024\/11\/metallmargistus-kolmlovi.jpg\" alt=\"\" width=\"900\" height=\"756\" srcset=\"https:\/\/www.klo.ee\/wp-content\/uploads\/2024\/11\/metallmargistus-kolmlovi.jpg 657w, https:\/\/www.klo.ee\/wp-content\/uploads\/2024\/11\/metallmargistus-kolmlovi-300x252.jpg 300w\" sizes=\"auto, (max-width: 900px) 100vw, 900px\" \/><\/p>\n<p>M\u00f5ningased v\u00e4rvivalikud h\u00f5bedasel harjatud pinnal. V\u00e4rvid j\u00e4\u00e4vad olenevalt toonist kergelt l\u00e4bikumavad ja ilusad.<\/p>\n<p><img loading=\"lazy\" decoding=\"async\" class=\"alignnone wp-image-1866\" src=\"https:\/\/www.klo.ee\/wp-content\/uploads\/2024\/11\/metallkleebised-kolmlovi2.jpg\" alt=\"\" width=\"899\" height=\"755\" srcset=\"https:\/\/www.klo.ee\/wp-content\/uploads\/2024\/11\/metallkleebised-kolmlovi2.jpg 657w, https:\/\/www.klo.ee\/wp-content\/uploads\/2024\/11\/metallkleebised-kolmlovi2-300x252.jpg 300w\" sizes=\"auto, (max-width: 899px) 100vw, 899px\" \/><\/p>\n<p>METALLIST OLMEM\u00c4RKE SAAB VAADATA<a href=\"https:\/\/www.klo.ee\/?page_id=926\" target=\"_blank\" rel=\"noopener\"> SIIT.<\/a><\/p>\n<h3>Postkasti silte saab tellida <a href=\"https:\/\/kohver.com\/products_list.php?category_id=79\" target=\"_blank\" rel=\"noopener\">siit.<\/a><\/h3>\n<p>Suurus 100x20mm, h\u00f5bedane v\u00f5i kuldne pinnaviimistlus. Tagak\u00fcljel kleepimiseks liim ja lisana saab tellida augud naelutamiseks ja ka kuldsed v\u00e4ikesed naelad.<\/p>\n<p><img loading=\"lazy\" decoding=\"async\" class=\"alignnone wp-image-1864\" src=\"https:\/\/www.klo.ee\/wp-content\/uploads\/2024\/11\/ainulttellitudpost2.jpg\" alt=\"\" width=\"895\" height=\"459\" srcset=\"https:\/\/www.klo.ee\/wp-content\/uploads\/2024\/11\/ainulttellitudpost2.jpg 657w, https:\/\/www.klo.ee\/wp-content\/uploads\/2024\/11\/ainulttellitudpost2-300x154.jpg 300w\" sizes=\"auto, (max-width: 895px) 100vw, 895px\" \/><img loading=\"lazy\" decoding=\"async\" class=\"alignnone wp-image-1865\" src=\"https:\/\/www.klo.ee\/wp-content\/uploads\/2024\/11\/ainulttellitudpost1.jpg\" alt=\"\" width=\"895\" height=\"459\" srcset=\"https:\/\/www.klo.ee\/wp-content\/uploads\/2024\/11\/ainulttellitudpost1.jpg 657w, https:\/\/www.klo.ee\/wp-content\/uploads\/2024\/11\/ainulttellitudpost1-300x154.jpg 300w\" sizes=\"auto, (max-width: 895px) 100vw, 895px\" \/><br \/>\nainult tellitud post<\/p>\n<hr \/>\n<h3>PABERIST RIPUTUSSILDID T\u00c4HISTAMISEKS TOOTMISES, T\u00d6\u00d6STUSES<\/h3>\n<p><img loading=\"lazy\" decoding=\"async\" class=\"alignnone wp-image-1863\" src=\"https:\/\/www.klo.ee\/wp-content\/uploads\/2024\/11\/paberistriputused.jpg\" alt=\"\" width=\"894\" height=\"550\" srcset=\"https:\/\/www.klo.ee\/wp-content\/uploads\/2024\/11\/paberistriputused.jpg 657w, https:\/\/www.klo.ee\/wp-content\/uploads\/2024\/11\/paberistriputused-300x184.jpg 300w\" sizes=\"auto, (max-width: 894px) 100vw, 894px\" \/><\/p>\n","protected":false},"excerpt":{"rendered":"<p>Metallkleebised \/ metallm\u00e4rgistus. M\u00e4rgistamiskleebised, -lipikud, riputusm\u00e4rgid, riputussildid, m\u00e4rgistamine kahepoolsete seinale kinnitatavate m\u00e4rgistega. \u0160abloonid PET plastikust. Postkastisildid. Kleebitavad metalllogod toodetele. liikuva osaga teavitussilt Liikuva osaga teavitussilt [&#8230;]<\/p>\n","protected":false},"author":2,"featured_media":0,"parent":0,"menu_order":0,"comment_status":"closed","ping_status":"closed","template":"","meta":{"footnotes":""},"class_list":["post-1862","page","type-page","status-publish","hentry"],"yoast_head":"<!-- This site is optimized with the Yoast SEO plugin v27.5 - https:\/\/yoast.com\/product\/yoast-seo-wordpress\/ -->\n<title>M\u00c4RGISTAMINE - Kolm L\u00f5vi Ohutus<\/title>\n<meta name=\"description\" content=\"M\u00c4RGISTAMINE Kolm L\u00f5vi Ohutus\" \/>\n<meta name=\"robots\" content=\"index, follow, max-snippet:-1, max-image-preview:large, max-video-preview:-1\" \/>\n<link rel=\"canonical\" href=\"https:\/\/www.klo.ee\/?page_id=1862\" \/>\n<meta property=\"og:locale\" content=\"et_EE\" \/>\n<meta property=\"og:type\" content=\"article\" \/>\n<meta property=\"og:title\" content=\"M\u00c4RGISTAMINE - Kolm L\u00f5vi Ohutus\" \/>\n<meta property=\"og:description\" content=\"M\u00c4RGISTAMINE Kolm L\u00f5vi Ohutus\" \/>\n<meta property=\"og:url\" content=\"https:\/\/www.klo.ee\/?page_id=1862\" \/>\n<meta property=\"og:site_name\" content=\"Kolm L\u00f5vi Ohutus\" \/>\n<meta property=\"article:publisher\" content=\"https:\/\/www.facebook.com\/kloprof\" \/>\n<meta property=\"article:modified_time\" content=\"2025-05-27T12:20:24+00:00\" \/>\n<meta property=\"og:image\" content=\"https:\/\/www.klo.ee\/wp-content\/uploads\/2024\/09\/liikuvaosagateavitus.jpg\" \/>\n\t<meta property=\"og:image:width\" content=\"657\" \/>\n\t<meta property=\"og:image:height\" content=\"286\" \/>\n\t<meta property=\"og:image:type\" content=\"image\/jpeg\" \/>\n<meta name=\"twitter:card\" content=\"summary_large_image\" \/>\n<meta name=\"twitter:label1\" content=\"Est. reading time\" \/>\n\t<meta name=\"twitter:data1\" content=\"5 minutit\" \/>\n<script type=\"application\/ld+json\" class=\"yoast-schema-graph\">{\"@context\":\"https:\\\/\\\/schema.org\",\"@graph\":[{\"@type\":\"WebPage\",\"@id\":\"https:\\\/\\\/www.klo.ee\\\/?page_id=1862\",\"url\":\"https:\\\/\\\/www.klo.ee\\\/?page_id=1862\",\"name\":\"M\u00c4RGISTAMINE - Kolm L\u00f5vi Ohutus\",\"isPartOf\":{\"@id\":\"https:\\\/\\\/www.klo.ee\\\/#website\"},\"primaryImageOfPage\":{\"@id\":\"https:\\\/\\\/www.klo.ee\\\/?page_id=1862#primaryimage\"},\"image\":{\"@id\":\"https:\\\/\\\/www.klo.ee\\\/?page_id=1862#primaryimage\"},\"thumbnailUrl\":\"https:\\\/\\\/www.klo.ee\\\/wp-content\\\/uploads\\\/2024\\\/09\\\/liikuvaosagateavitus.jpg\",\"datePublished\":\"2024-11-29T11:20:16+00:00\",\"dateModified\":\"2025-05-27T12:20:24+00:00\",\"description\":\"M\u00c4RGISTAMINE Kolm L\u00f5vi Ohutus\",\"breadcrumb\":{\"@id\":\"https:\\\/\\\/www.klo.ee\\\/?page_id=1862#breadcrumb\"},\"inLanguage\":\"et\",\"potentialAction\":[{\"@type\":\"ReadAction\",\"target\":[\"https:\\\/\\\/www.klo.ee\\\/?page_id=1862\"]}]},{\"@type\":\"ImageObject\",\"inLanguage\":\"et\",\"@id\":\"https:\\\/\\\/www.klo.ee\\\/?page_id=1862#primaryimage\",\"url\":\"https:\\\/\\\/www.klo.ee\\\/wp-content\\\/uploads\\\/2024\\\/09\\\/liikuvaosagateavitus.jpg\",\"contentUrl\":\"https:\\\/\\\/www.klo.ee\\\/wp-content\\\/uploads\\\/2024\\\/09\\\/liikuvaosagateavitus.jpg\",\"width\":657,\"height\":286},{\"@type\":\"BreadcrumbList\",\"@id\":\"https:\\\/\\\/www.klo.ee\\\/?page_id=1862#breadcrumb\",\"itemListElement\":[{\"@type\":\"ListItem\",\"position\":1,\"name\":\"Home\",\"item\":\"https:\\\/\\\/www.klo.ee\\\/\"},{\"@type\":\"ListItem\",\"position\":2,\"name\":\"M\u00c4RGISTAMINE\"}]},{\"@type\":\"WebSite\",\"@id\":\"https:\\\/\\\/www.klo.ee\\\/#website\",\"url\":\"https:\\\/\\\/www.klo.ee\\\/\",\"name\":\"Kolm L\u00f5vi Ohutus\",\"description\":\"Ohutusm\u00e4rkide leht\",\"publisher\":{\"@id\":\"https:\\\/\\\/www.klo.ee\\\/#organization\"},\"potentialAction\":[{\"@type\":\"SearchAction\",\"target\":{\"@type\":\"EntryPoint\",\"urlTemplate\":\"https:\\\/\\\/www.klo.ee\\\/?s={search_term_string}\"},\"query-input\":{\"@type\":\"PropertyValueSpecification\",\"valueRequired\":true,\"valueName\":\"search_term_string\"}}],\"inLanguage\":\"et\"},{\"@type\":\"Organization\",\"@id\":\"https:\\\/\\\/www.klo.ee\\\/#organization\",\"name\":\"Kolm L\u00f5vi Ohutus\",\"url\":\"https:\\\/\\\/www.klo.ee\\\/\",\"logo\":{\"@type\":\"ImageObject\",\"inLanguage\":\"et\",\"@id\":\"https:\\\/\\\/www.klo.ee\\\/#\\\/schema\\\/logo\\\/image\\\/\",\"url\":\"https:\\\/\\\/www.klo.ee\\\/wp-content\\\/uploads\\\/2024\\\/09\\\/ohutusmarkheader.jpg\",\"contentUrl\":\"https:\\\/\\\/www.klo.ee\\\/wp-content\\\/uploads\\\/2024\\\/09\\\/ohutusmarkheader.jpg\",\"width\":863,\"height\":162,\"caption\":\"Kolm L\u00f5vi Ohutus\"},\"image\":{\"@id\":\"https:\\\/\\\/www.klo.ee\\\/#\\\/schema\\\/logo\\\/image\\\/\"},\"sameAs\":[\"https:\\\/\\\/www.facebook.com\\\/kloprof\"]}]}<\/script>\n<!-- \/ Yoast SEO plugin. -->","yoast_head_json":{"title":"M\u00c4RGISTAMINE - Kolm L\u00f5vi Ohutus","description":"M\u00c4RGISTAMINE Kolm L\u00f5vi Ohutus","robots":{"index":"index","follow":"follow","max-snippet":"max-snippet:-1","max-image-preview":"max-image-preview:large","max-video-preview":"max-video-preview:-1"},"canonical":"https:\/\/www.klo.ee\/?page_id=1862","og_locale":"et_EE","og_type":"article","og_title":"M\u00c4RGISTAMINE - Kolm L\u00f5vi Ohutus","og_description":"M\u00c4RGISTAMINE Kolm L\u00f5vi Ohutus","og_url":"https:\/\/www.klo.ee\/?page_id=1862","og_site_name":"Kolm L\u00f5vi Ohutus","article_publisher":"https:\/\/www.facebook.com\/kloprof","article_modified_time":"2025-05-27T12:20:24+00:00","og_image":[{"width":657,"height":286,"url":"https:\/\/www.klo.ee\/wp-content\/uploads\/2024\/09\/liikuvaosagateavitus.jpg","type":"image\/jpeg"}],"twitter_card":"summary_large_image","twitter_misc":{"Est. reading time":"5 minutit"},"schema":{"@context":"https:\/\/schema.org","@graph":[{"@type":"WebPage","@id":"https:\/\/www.klo.ee\/?page_id=1862","url":"https:\/\/www.klo.ee\/?page_id=1862","name":"M\u00c4RGISTAMINE - Kolm L\u00f5vi Ohutus","isPartOf":{"@id":"https:\/\/www.klo.ee\/#website"},"primaryImageOfPage":{"@id":"https:\/\/www.klo.ee\/?page_id=1862#primaryimage"},"image":{"@id":"https:\/\/www.klo.ee\/?page_id=1862#primaryimage"},"thumbnailUrl":"https:\/\/www.klo.ee\/wp-content\/uploads\/2024\/09\/liikuvaosagateavitus.jpg","datePublished":"2024-11-29T11:20:16+00:00","dateModified":"2025-05-27T12:20:24+00:00","description":"M\u00c4RGISTAMINE Kolm L\u00f5vi Ohutus","breadcrumb":{"@id":"https:\/\/www.klo.ee\/?page_id=1862#breadcrumb"},"inLanguage":"et","potentialAction":[{"@type":"ReadAction","target":["https:\/\/www.klo.ee\/?page_id=1862"]}]},{"@type":"ImageObject","inLanguage":"et","@id":"https:\/\/www.klo.ee\/?page_id=1862#primaryimage","url":"https:\/\/www.klo.ee\/wp-content\/uploads\/2024\/09\/liikuvaosagateavitus.jpg","contentUrl":"https:\/\/www.klo.ee\/wp-content\/uploads\/2024\/09\/liikuvaosagateavitus.jpg","width":657,"height":286},{"@type":"BreadcrumbList","@id":"https:\/\/www.klo.ee\/?page_id=1862#breadcrumb","itemListElement":[{"@type":"ListItem","position":1,"name":"Home","item":"https:\/\/www.klo.ee\/"},{"@type":"ListItem","position":2,"name":"M\u00c4RGISTAMINE"}]},{"@type":"WebSite","@id":"https:\/\/www.klo.ee\/#website","url":"https:\/\/www.klo.ee\/","name":"Kolm L\u00f5vi Ohutus","description":"Ohutusm\u00e4rkide leht","publisher":{"@id":"https:\/\/www.klo.ee\/#organization"},"potentialAction":[{"@type":"SearchAction","target":{"@type":"EntryPoint","urlTemplate":"https:\/\/www.klo.ee\/?s={search_term_string}"},"query-input":{"@type":"PropertyValueSpecification","valueRequired":true,"valueName":"search_term_string"}}],"inLanguage":"et"},{"@type":"Organization","@id":"https:\/\/www.klo.ee\/#organization","name":"Kolm L\u00f5vi Ohutus","url":"https:\/\/www.klo.ee\/","logo":{"@type":"ImageObject","inLanguage":"et","@id":"https:\/\/www.klo.ee\/#\/schema\/logo\/image\/","url":"https:\/\/www.klo.ee\/wp-content\/uploads\/2024\/09\/ohutusmarkheader.jpg","contentUrl":"https:\/\/www.klo.ee\/wp-content\/uploads\/2024\/09\/ohutusmarkheader.jpg","width":863,"height":162,"caption":"Kolm L\u00f5vi Ohutus"},"image":{"@id":"https:\/\/www.klo.ee\/#\/schema\/logo\/image\/"},"sameAs":["https:\/\/www.facebook.com\/kloprof"]}]}},"_links":{"self":[{"href":"https:\/\/www.klo.ee\/index.php?rest_route=\/wp\/v2\/pages\/1862","targetHints":{"allow":["GET"]}}],"collection":[{"href":"https:\/\/www.klo.ee\/index.php?rest_route=\/wp\/v2\/pages"}],"about":[{"href":"https:\/\/www.klo.ee\/index.php?rest_route=\/wp\/v2\/types\/page"}],"author":[{"embeddable":true,"href":"https:\/\/www.klo.ee\/index.php?rest_route=\/wp\/v2\/users\/2"}],"replies":[{"embeddable":true,"href":"https:\/\/www.klo.ee\/index.php?rest_route=%2Fwp%2Fv2%2Fcomments&post=1862"}],"version-history":[{"count":10,"href":"https:\/\/www.klo.ee\/index.php?rest_route=\/wp\/v2\/pages\/1862\/revisions"}],"predecessor-version":[{"id":3001,"href":"https:\/\/www.klo.ee\/index.php?rest_route=\/wp\/v2\/pages\/1862\/revisions\/3001"}],"wp:attachment":[{"href":"https:\/\/www.klo.ee\/index.php?rest_route=%2Fwp%2Fv2%2Fmedia&parent=1862"}],"curies":[{"name":"wp","href":"https:\/\/api.w.org\/{rel}","templated":true}]}}