{"id":188,"date":"2024-10-04T16:35:29","date_gmt":"2024-10-04T16:35:29","guid":{"rendered":"https:\/\/www.klo.ee\/?page_id=188"},"modified":"2025-03-05T12:59:59","modified_gmt":"2025-03-05T12:59:59","slug":"tuletorje-veevotukoht-ja-hudrant","status":"publish","type":"page","link":"https:\/\/www.klo.ee\/?page_id=188","title":{"rendered":"Tulet\u00f5rje veev\u00f5tukoht ja h\u00fcdrant"},"content":{"rendered":"<p>Infosilt tulet\u00f5rje veev\u00f5tukoha t\u00e4his 600x200mm, helkurm\u00e4rk+veemahu m\u00e4rgistamiseks numbrite komplekt.<br \/>\nM\u00e4rgist saab tellida plastik- ja metallm\u00e4rgina. Telli tulet\u00f5rje veev\u00f5tukoha m\u00e4rgid siit <a href=\"https:\/\/kohver.com\/product_details.php?item_id=585\" target=\"_blank\" rel=\"noopener\"><img loading=\"lazy\" decoding=\"async\" class=\"alignnone size-full wp-image-275\" src=\"https:\/\/www.klo.ee\/wp-content\/uploads\/2024\/10\/ostukorv.png\" alt=\"\" width=\"29\" height=\"19\" \/><\/a><\/p>\n<p><img loading=\"lazy\" decoding=\"async\" class=\"alignnone wp-image-191 \" src=\"https:\/\/www.klo.ee\/wp-content\/uploads\/2024\/10\/veevotukoht2-300x161.jpg\" alt=\"\" width=\"447\" height=\"240\" srcset=\"https:\/\/www.klo.ee\/wp-content\/uploads\/2024\/10\/veevotukoht2-300x161.jpg 300w, https:\/\/www.klo.ee\/wp-content\/uploads\/2024\/10\/veevotukoht2.jpg 657w\" sizes=\"auto, (max-width: 447px) 100vw, 447px\" \/>\u00a0 \u00a0<img loading=\"lazy\" decoding=\"async\" class=\"wp-image-190 \" src=\"https:\/\/www.klo.ee\/wp-content\/uploads\/2024\/10\/veevotukoht-300x197.jpg\" alt=\"\" width=\"366\" height=\"240\" srcset=\"https:\/\/www.klo.ee\/wp-content\/uploads\/2024\/10\/veevotukoht-300x197.jpg 300w, https:\/\/www.klo.ee\/wp-content\/uploads\/2024\/10\/veevotukoht.jpg 657w\" sizes=\"auto, (max-width: 366px) 100vw, 366px\" \/><\/p>\n<p>METALLM\u00c4RKIDE<span style=\"background-color: #ffffff;\"> suuruste kohta t\u00e4psem info <a href=\"https:\/\/www.klo.ee\/?page_id=1951\" target=\"_blank\" rel=\"noopener\">SIIT<\/a><\/span><\/p>\n<hr \/>\n<p>&nbsp;<\/p>\n<p><img loading=\"lazy\" decoding=\"async\" class=\"wp-image-2769 aligncenter\" src=\"https:\/\/www.klo.ee\/wp-content\/uploads\/2024\/12\/hydrant-200px.png\" alt=\"\" width=\"378\" height=\"384\" \/><\/p>\n<h2>Tulet\u00f5rjeh\u00fcdrandi m\u00e4rgis on saadaval survestatud, mittesurvestatud ja p\u00e4\u00e4stetehnikapoolt survestatava veeallika t\u00fc\u00fcpi m\u00e4rgistena.<\/h2>\n<p><strong>Erinevatel alusmaterjalidel:<\/strong><br \/>\n&#8211; kleebisel (tava-, helkur- v\u00f5i fosforkleebis)<br \/>\n&#8211; alumiiniumplekil<br \/>\n&#8211; alumiiniumkomposiitplaadil<br \/>\n&#8211; p\u00f6\u00f6ratud servadega plekkalusel<br \/>\n&#8211; plastikul<\/p>\n<p>Vajadusel augustusega. Lisaks pakume 60 mm l\u00e4bim\u00f5\u00f5duga metallposte koos kinnitusklambritega. <a href=\"https:\/\/kohver.com\/product_details.php?item_id=566\" target=\"_blank\" rel=\"noopener\"><img loading=\"lazy\" decoding=\"async\" class=\"alignnone size-full wp-image-275\" src=\"https:\/\/www.klo.ee\/wp-content\/uploads\/2024\/10\/ostukorv.png\" alt=\"\" width=\"29\" height=\"19\" \/><\/a><\/p>\n<p><img loading=\"lazy\" decoding=\"async\" class=\"alignnone wp-image-1240\" src=\"https:\/\/www.klo.ee\/wp-content\/uploads\/2024\/11\/metallmarkkinnitus.jpg\" alt=\"\" width=\"1024\" height=\"630\" srcset=\"https:\/\/www.klo.ee\/wp-content\/uploads\/2024\/11\/metallmarkkinnitus.jpg 657w, https:\/\/www.klo.ee\/wp-content\/uploads\/2024\/11\/metallmarkkinnitus-300x184.jpg 300w\" sizes=\"auto, (max-width: 1024px) 100vw, 1024px\" \/><\/p>\n","protected":false},"excerpt":{"rendered":"<p>Infosilt tulet\u00f5rje veev\u00f5tukoha t\u00e4his 600x200mm, helkurm\u00e4rk+veemahu m\u00e4rgistamiseks numbrite komplekt. M\u00e4rgist saab tellida plastik- ja metallm\u00e4rgina. Telli tulet\u00f5rje veev\u00f5tukoha m\u00e4rgid siit \u00a0 \u00a0 METALLM\u00c4RKIDE suuruste kohta [&#8230;]<\/p>\n","protected":false},"author":2,"featured_media":0,"parent":0,"menu_order":0,"comment_status":"closed","ping_status":"closed","template":"","meta":{"footnotes":""},"class_list":["post-188","page","type-page","status-publish","hentry"],"yoast_head":"<!-- This site is optimized with the Yoast SEO plugin v27.4 - https:\/\/yoast.com\/product\/yoast-seo-wordpress\/ -->\n<title>Tulet\u00f5rje veev\u00f5tukoht ja h\u00fcdrant - Kolm L\u00f5vi Ohutus<\/title>\n<meta name=\"description\" content=\"Tulet\u00f5rje veev\u00f5tukoht ja h\u00fcdrant Kolm L\u00f5vi Ohutus Tulet\u00f5rje veev\u00f5tukoht ja h\u00fcdrant\" \/>\n<meta name=\"robots\" content=\"index, follow, max-snippet:-1, max-image-preview:large, max-video-preview:-1\" \/>\n<link rel=\"canonical\" href=\"https:\/\/www.klo.ee\/?page_id=188\" \/>\n<meta property=\"og:locale\" content=\"et_EE\" \/>\n<meta property=\"og:type\" content=\"article\" \/>\n<meta property=\"og:title\" content=\"Tulet\u00f5rje veev\u00f5tukoht ja h\u00fcdrant - Kolm L\u00f5vi Ohutus\" \/>\n<meta property=\"og:description\" content=\"Tulet\u00f5rje veev\u00f5tukoht ja h\u00fcdrant Kolm L\u00f5vi Ohutus Tulet\u00f5rje veev\u00f5tukoht ja h\u00fcdrant\" \/>\n<meta property=\"og:url\" content=\"https:\/\/www.klo.ee\/?page_id=188\" \/>\n<meta property=\"og:site_name\" content=\"Kolm L\u00f5vi Ohutus\" \/>\n<meta property=\"article:publisher\" content=\"https:\/\/www.facebook.com\/kloprof\" \/>\n<meta property=\"article:modified_time\" content=\"2025-03-05T12:59:59+00:00\" \/>\n<meta property=\"og:image\" content=\"https:\/\/www.klo.ee\/wp-content\/uploads\/2024\/10\/ostukorv.png\" \/>\n\t<meta property=\"og:image:width\" content=\"29\" \/>\n\t<meta property=\"og:image:height\" content=\"19\" \/>\n\t<meta property=\"og:image:type\" content=\"image\/png\" \/>\n<meta name=\"twitter:card\" content=\"summary_large_image\" \/>\n<meta name=\"twitter:label1\" content=\"Est. reading time\" \/>\n\t<meta name=\"twitter:data1\" content=\"2 minutit\" \/>\n<script type=\"application\/ld+json\" class=\"yoast-schema-graph\">{\"@context\":\"https:\\\/\\\/schema.org\",\"@graph\":[{\"@type\":\"WebPage\",\"@id\":\"https:\\\/\\\/www.klo.ee\\\/?page_id=188\",\"url\":\"https:\\\/\\\/www.klo.ee\\\/?page_id=188\",\"name\":\"Tulet\u00f5rje veev\u00f5tukoht ja h\u00fcdrant - Kolm L\u00f5vi Ohutus\",\"isPartOf\":{\"@id\":\"https:\\\/\\\/www.klo.ee\\\/#website\"},\"primaryImageOfPage\":{\"@id\":\"https:\\\/\\\/www.klo.ee\\\/?page_id=188#primaryimage\"},\"image\":{\"@id\":\"https:\\\/\\\/www.klo.ee\\\/?page_id=188#primaryimage\"},\"thumbnailUrl\":\"https:\\\/\\\/www.klo.ee\\\/wp-content\\\/uploads\\\/2024\\\/10\\\/ostukorv.png\",\"datePublished\":\"2024-10-04T16:35:29+00:00\",\"dateModified\":\"2025-03-05T12:59:59+00:00\",\"description\":\"Tulet\u00f5rje veev\u00f5tukoht ja h\u00fcdrant Kolm L\u00f5vi Ohutus Tulet\u00f5rje veev\u00f5tukoht ja h\u00fcdrant\",\"breadcrumb\":{\"@id\":\"https:\\\/\\\/www.klo.ee\\\/?page_id=188#breadcrumb\"},\"inLanguage\":\"et\",\"potentialAction\":[{\"@type\":\"ReadAction\",\"target\":[\"https:\\\/\\\/www.klo.ee\\\/?page_id=188\"]}]},{\"@type\":\"ImageObject\",\"inLanguage\":\"et\",\"@id\":\"https:\\\/\\\/www.klo.ee\\\/?page_id=188#primaryimage\",\"url\":\"https:\\\/\\\/www.klo.ee\\\/wp-content\\\/uploads\\\/2024\\\/10\\\/ostukorv.png\",\"contentUrl\":\"https:\\\/\\\/www.klo.ee\\\/wp-content\\\/uploads\\\/2024\\\/10\\\/ostukorv.png\",\"width\":29,\"height\":19},{\"@type\":\"BreadcrumbList\",\"@id\":\"https:\\\/\\\/www.klo.ee\\\/?page_id=188#breadcrumb\",\"itemListElement\":[{\"@type\":\"ListItem\",\"position\":1,\"name\":\"Home\",\"item\":\"https:\\\/\\\/www.klo.ee\\\/\"},{\"@type\":\"ListItem\",\"position\":2,\"name\":\"Tulet\u00f5rje veev\u00f5tukoht ja h\u00fcdrant\"}]},{\"@type\":\"WebSite\",\"@id\":\"https:\\\/\\\/www.klo.ee\\\/#website\",\"url\":\"https:\\\/\\\/www.klo.ee\\\/\",\"name\":\"Kolm L\u00f5vi Ohutus\",\"description\":\"Ohutusm\u00e4rkide leht\",\"publisher\":{\"@id\":\"https:\\\/\\\/www.klo.ee\\\/#organization\"},\"potentialAction\":[{\"@type\":\"SearchAction\",\"target\":{\"@type\":\"EntryPoint\",\"urlTemplate\":\"https:\\\/\\\/www.klo.ee\\\/?s={search_term_string}\"},\"query-input\":{\"@type\":\"PropertyValueSpecification\",\"valueRequired\":true,\"valueName\":\"search_term_string\"}}],\"inLanguage\":\"et\"},{\"@type\":\"Organization\",\"@id\":\"https:\\\/\\\/www.klo.ee\\\/#organization\",\"name\":\"Kolm L\u00f5vi Ohutus\",\"url\":\"https:\\\/\\\/www.klo.ee\\\/\",\"logo\":{\"@type\":\"ImageObject\",\"inLanguage\":\"et\",\"@id\":\"https:\\\/\\\/www.klo.ee\\\/#\\\/schema\\\/logo\\\/image\\\/\",\"url\":\"https:\\\/\\\/www.klo.ee\\\/wp-content\\\/uploads\\\/2024\\\/09\\\/ohutusmarkheader.jpg\",\"contentUrl\":\"https:\\\/\\\/www.klo.ee\\\/wp-content\\\/uploads\\\/2024\\\/09\\\/ohutusmarkheader.jpg\",\"width\":863,\"height\":162,\"caption\":\"Kolm L\u00f5vi Ohutus\"},\"image\":{\"@id\":\"https:\\\/\\\/www.klo.ee\\\/#\\\/schema\\\/logo\\\/image\\\/\"},\"sameAs\":[\"https:\\\/\\\/www.facebook.com\\\/kloprof\"]}]}<\/script>\n<!-- \/ Yoast SEO plugin. -->","yoast_head_json":{"title":"Tulet\u00f5rje veev\u00f5tukoht ja h\u00fcdrant - Kolm L\u00f5vi Ohutus","description":"Tulet\u00f5rje veev\u00f5tukoht ja h\u00fcdrant Kolm L\u00f5vi Ohutus Tulet\u00f5rje veev\u00f5tukoht ja h\u00fcdrant","robots":{"index":"index","follow":"follow","max-snippet":"max-snippet:-1","max-image-preview":"max-image-preview:large","max-video-preview":"max-video-preview:-1"},"canonical":"https:\/\/www.klo.ee\/?page_id=188","og_locale":"et_EE","og_type":"article","og_title":"Tulet\u00f5rje veev\u00f5tukoht ja h\u00fcdrant - Kolm L\u00f5vi Ohutus","og_description":"Tulet\u00f5rje veev\u00f5tukoht ja h\u00fcdrant Kolm L\u00f5vi Ohutus Tulet\u00f5rje veev\u00f5tukoht ja h\u00fcdrant","og_url":"https:\/\/www.klo.ee\/?page_id=188","og_site_name":"Kolm L\u00f5vi Ohutus","article_publisher":"https:\/\/www.facebook.com\/kloprof","article_modified_time":"2025-03-05T12:59:59+00:00","og_image":[{"width":29,"height":19,"url":"https:\/\/www.klo.ee\/wp-content\/uploads\/2024\/10\/ostukorv.png","type":"image\/png"}],"twitter_card":"summary_large_image","twitter_misc":{"Est. reading time":"2 minutit"},"schema":{"@context":"https:\/\/schema.org","@graph":[{"@type":"WebPage","@id":"https:\/\/www.klo.ee\/?page_id=188","url":"https:\/\/www.klo.ee\/?page_id=188","name":"Tulet\u00f5rje veev\u00f5tukoht ja h\u00fcdrant - Kolm L\u00f5vi Ohutus","isPartOf":{"@id":"https:\/\/www.klo.ee\/#website"},"primaryImageOfPage":{"@id":"https:\/\/www.klo.ee\/?page_id=188#primaryimage"},"image":{"@id":"https:\/\/www.klo.ee\/?page_id=188#primaryimage"},"thumbnailUrl":"https:\/\/www.klo.ee\/wp-content\/uploads\/2024\/10\/ostukorv.png","datePublished":"2024-10-04T16:35:29+00:00","dateModified":"2025-03-05T12:59:59+00:00","description":"Tulet\u00f5rje veev\u00f5tukoht ja h\u00fcdrant Kolm L\u00f5vi Ohutus Tulet\u00f5rje veev\u00f5tukoht ja h\u00fcdrant","breadcrumb":{"@id":"https:\/\/www.klo.ee\/?page_id=188#breadcrumb"},"inLanguage":"et","potentialAction":[{"@type":"ReadAction","target":["https:\/\/www.klo.ee\/?page_id=188"]}]},{"@type":"ImageObject","inLanguage":"et","@id":"https:\/\/www.klo.ee\/?page_id=188#primaryimage","url":"https:\/\/www.klo.ee\/wp-content\/uploads\/2024\/10\/ostukorv.png","contentUrl":"https:\/\/www.klo.ee\/wp-content\/uploads\/2024\/10\/ostukorv.png","width":29,"height":19},{"@type":"BreadcrumbList","@id":"https:\/\/www.klo.ee\/?page_id=188#breadcrumb","itemListElement":[{"@type":"ListItem","position":1,"name":"Home","item":"https:\/\/www.klo.ee\/"},{"@type":"ListItem","position":2,"name":"Tulet\u00f5rje veev\u00f5tukoht ja h\u00fcdrant"}]},{"@type":"WebSite","@id":"https:\/\/www.klo.ee\/#website","url":"https:\/\/www.klo.ee\/","name":"Kolm L\u00f5vi Ohutus","description":"Ohutusm\u00e4rkide leht","publisher":{"@id":"https:\/\/www.klo.ee\/#organization"},"potentialAction":[{"@type":"SearchAction","target":{"@type":"EntryPoint","urlTemplate":"https:\/\/www.klo.ee\/?s={search_term_string}"},"query-input":{"@type":"PropertyValueSpecification","valueRequired":true,"valueName":"search_term_string"}}],"inLanguage":"et"},{"@type":"Organization","@id":"https:\/\/www.klo.ee\/#organization","name":"Kolm L\u00f5vi Ohutus","url":"https:\/\/www.klo.ee\/","logo":{"@type":"ImageObject","inLanguage":"et","@id":"https:\/\/www.klo.ee\/#\/schema\/logo\/image\/","url":"https:\/\/www.klo.ee\/wp-content\/uploads\/2024\/09\/ohutusmarkheader.jpg","contentUrl":"https:\/\/www.klo.ee\/wp-content\/uploads\/2024\/09\/ohutusmarkheader.jpg","width":863,"height":162,"caption":"Kolm L\u00f5vi Ohutus"},"image":{"@id":"https:\/\/www.klo.ee\/#\/schema\/logo\/image\/"},"sameAs":["https:\/\/www.facebook.com\/kloprof"]}]}},"_links":{"self":[{"href":"https:\/\/www.klo.ee\/index.php?rest_route=\/wp\/v2\/pages\/188","targetHints":{"allow":["GET"]}}],"collection":[{"href":"https:\/\/www.klo.ee\/index.php?rest_route=\/wp\/v2\/pages"}],"about":[{"href":"https:\/\/www.klo.ee\/index.php?rest_route=\/wp\/v2\/types\/page"}],"author":[{"embeddable":true,"href":"https:\/\/www.klo.ee\/index.php?rest_route=\/wp\/v2\/users\/2"}],"replies":[{"embeddable":true,"href":"https:\/\/www.klo.ee\/index.php?rest_route=%2Fwp%2Fv2%2Fcomments&post=188"}],"version-history":[{"count":19,"href":"https:\/\/www.klo.ee\/index.php?rest_route=\/wp\/v2\/pages\/188\/revisions"}],"predecessor-version":[{"id":2918,"href":"https:\/\/www.klo.ee\/index.php?rest_route=\/wp\/v2\/pages\/188\/revisions\/2918"}],"wp:attachment":[{"href":"https:\/\/www.klo.ee\/index.php?rest_route=%2Fwp%2Fv2%2Fmedia&parent=188"}],"curies":[{"name":"wp","href":"https:\/\/api.w.org\/{rel}","templated":true}]}}