{"id":1914,"date":"2024-11-29T17:57:31","date_gmt":"2024-11-29T17:57:31","guid":{"rendered":"https:\/\/www.klo.ee\/?page_id=1914"},"modified":"2025-01-29T10:33:37","modified_gmt":"2025-01-29T10:33:37","slug":"oma-tekstiga-kleebised-sildid","status":"publish","type":"page","link":"https:\/\/www.klo.ee\/?page_id=1914","title":{"rendered":"OMA TEKSTIGA KLEEBISED-SILDID"},"content":{"rendered":"<h1>Oma tekstiga ohutuskleebiste ja ohutussiltide tellimine.<\/h1>\n<p>P\u00e4ris tihti on nii, et \u00fcksinda ohutusm\u00e4rk ei v\u00e4ljenda seda mida \u00f6elda tahetakse, siis on m\u00f5istlik tellida standardse pildiga aga teiepoolse t\u00e4psustava tekstiga ohutusm\u00e4rk.<\/p>\n\n<div class=\"wpdt-c row wpDataTableContainerSimpleTable wpDataTables wpDataTablesWrapper\n\"\n    >\n        <table id=\"wpdtSimpleTable-37\"\n           style=\"border-collapse:collapse;\n                   border-spacing:0px;\"\n           class=\"wpdtSimpleTable wpDataTable\"\n           data-column=\"4\"\n           data-rows=\"4\"\n           data-wpID=\"37\"\n           data-responsive=\"0\"\n           data-has-header=\"1\">\n\n                    <thead>        <tr class=\"wpdt-cell-row \" >\n                                <th class=\"wpdt-cell \"\n                                            data-cell-id=\"A1\"\n                    data-col-index=\"0\"\n                    data-row-index=\"0\"\n                    style=\" width:25%;                    padding:10px;\n                    \"\n                    >\n                                        <img loading=\"lazy\" decoding=\"async\"  data-media-content=\"wpdt-media-content\"  src=\"https:\/\/www.klo.ee\/wp-content\/uploads\/2024\/11\/1051-80x80-1.jpg\" class=\" alignnone size-full\" width=\"80\" height=\"80\" \/>                    <\/th>\n                                                <th class=\"wpdt-cell \"\n                                            data-cell-id=\"B1\"\n                    data-col-index=\"1\"\n                    data-row-index=\"0\"\n                    style=\" width:25%;                    padding:10px;\n                    \"\n                    >\n                                        <img loading=\"lazy\" decoding=\"async\"  data-media-content=\"wpdt-media-content\"  src=\"https:\/\/www.klo.ee\/wp-content\/uploads\/2024\/11\/1052-80x80-1.jpg\" class=\" alignnone size-full\" width=\"80\" height=\"80\" \/>                    <\/th>\n                                                <th class=\"wpdt-cell \"\n                                            data-cell-id=\"C1\"\n                    data-col-index=\"2\"\n                    data-row-index=\"0\"\n                    style=\" width:25%;                    padding:10px;\n                    \"\n                    >\n                                        <img loading=\"lazy\" decoding=\"async\"  data-media-content=\"wpdt-media-content\"  src=\"https:\/\/www.klo.ee\/wp-content\/uploads\/2024\/11\/1050-80x80-1.jpg\" class=\" alignnone size-full\" width=\"80\" height=\"80\" \/>                    <\/th>\n                                                <th class=\"wpdt-cell \"\n                                            data-cell-id=\"D1\"\n                    data-col-index=\"3\"\n                    data-row-index=\"0\"\n                    style=\" width:25%;                    padding:10px;\n                    \"\n                    >\n                                        <img loading=\"lazy\" decoding=\"async\"  data-media-content=\"wpdt-media-content\"  src=\"https:\/\/www.klo.ee\/wp-content\/uploads\/2024\/11\/1053-80x80-1.jpg\" class=\" alignnone size-full\" width=\"80\" height=\"80\" \/>                    <\/th>\n                                        <\/tr>\n                    <tbody>        <tr class=\"wpdt-cell-row odd\" >\n                                <td class=\"wpdt-cell \"\n                                            data-cell-id=\"A2\"\n                    data-col-index=\"0\"\n                    data-row-index=\"1\"\n                    style=\"                    padding:10px;\n                    \"\n                    >\n                                        1051                    <\/td>\n                                                <td class=\"wpdt-cell \"\n                                            data-cell-id=\"B2\"\n                    data-col-index=\"1\"\n                    data-row-index=\"1\"\n                    style=\"                    padding:10px;\n                    \"\n                    >\n                                        1052                    <\/td>\n                                                <td class=\"wpdt-cell \"\n                                            data-cell-id=\"C2\"\n                    data-col-index=\"2\"\n                    data-row-index=\"1\"\n                    style=\"                    padding:10px;\n                    \"\n                    >\n                                        1050                    <\/td>\n                                                <td class=\"wpdt-cell \"\n                                            data-cell-id=\"D2\"\n                    data-col-index=\"3\"\n                    data-row-index=\"1\"\n                    style=\"                    padding:10px;\n                    \"\n                    >\n                                        1053                    <\/td>\n                                        <\/tr>\n                            <tr class=\"wpdt-cell-row even\" >\n                                <td class=\"wpdt-cell \"\n                                            data-cell-id=\"A3\"\n                    data-col-index=\"0\"\n                    data-row-index=\"2\"\n                    style=\"                    padding:10px;\n                    \"\n                    >\n                                        \u00dcldine kohustusm\u00e4rk kohustava tekstiga                    <\/td>\n                                                <td class=\"wpdt-cell \"\n                                            data-cell-id=\"B3\"\n                    data-col-index=\"1\"\n                    data-row-index=\"2\"\n                    style=\"                    padding:10px;\n                    \"\n                    >\n                                        Ohuala m\u00e4rgis vabalt valitava kirjeldava tekstiga                    <\/td>\n                                                <td class=\"wpdt-cell \"\n                                            data-cell-id=\"C3\"\n                    data-col-index=\"2\"\n                    data-row-index=\"2\"\n                    style=\"                    padding:10px;\n                    \"\n                    >\n                                        \u00dcldine keelum\u00e4rk vabalt valitava keelava tekstiga                    <\/td>\n                                                <td class=\"wpdt-cell \"\n                                            data-cell-id=\"D3\"\n                    data-col-index=\"3\"\n                    data-row-index=\"2\"\n                    style=\"                    padding:10px;\n                    \"\n                    >\n                                        Sisenemist keelav vabalt valitava vajaliku tekstiga                    <\/td>\n                                        <\/tr>\n                            <tr class=\"wpdt-cell-row odd\" >\n                                <td class=\"wpdt-cell  wpdt-merged-cell \"\n                     colspan=\"4\"  rowspan=\"1\"                     data-cell-id=\"A4\"\n                    data-col-index=\"0\"\n                    data-row-index=\"3\"\n                    style=\"                    padding:10px;\n                    \"\n                    >\n                                        <a class=\"wpdt-link-content\" href=\"https:\/\/kohver.com\/products_list.php?category_id=72\"  rel=\"\" target=\"_blank\"  data-cell-id=\"30\" data-link-url=\"https:\/\/kohver.com\/products_list.php?category_id=72\" data-link-text=\"telli\" data-link-target=\"true\" data-link-nofollow=\"0\" data-link-noreferrer=\"0\" data-link-sponsored=\"0\" data-link-btn-status=\"true\" data-link-btn-class=\"\" data-link-content=\"wpdt-link-content\"><button class=\"\">telli<\/button><\/a>                    <\/td>\n                                                                            <\/tr>\n                    <\/table>\n<\/div><style id='wpdt-custom-style-37'>\n<\/style>\n\n<h3>Tekstiga m\u00e4rkide sobivad suurused<\/h3>\n\n<div class=\"wpdt-c row wpDataTableContainerSimpleTable wpDataTables wpDataTablesWrapper\n\"\n    >\n        <table id=\"wpdtSimpleTable-38\"\n           style=\"border-collapse:collapse;\n                   border-spacing:0px;\"\n           class=\"wpdtSimpleTable wpDataTable\"\n           data-column=\"5\"\n           data-rows=\"3\"\n           data-wpID=\"38\"\n           data-responsive=\"0\"\n           data-has-header=\"0\">\n\n                    <tbody>        <tr class=\"wpdt-cell-row \" >\n                                <td class=\"wpdt-cell \"\n                                            data-cell-id=\"A1\"\n                    data-col-index=\"0\"\n                    data-row-index=\"0\"\n                    style=\" width:20%;                    padding:10px;\n                    \"\n                    >\n                                        100x150mm                    <\/td>\n                                                <td class=\"wpdt-cell \"\n                                            data-cell-id=\"B1\"\n                    data-col-index=\"1\"\n                    data-row-index=\"0\"\n                    style=\" width:20%;                    padding:10px;\n                    \"\n                    >\n                                        200x300mm\u00a0                    <\/td>\n                                                <td class=\"wpdt-cell \"\n                                            data-cell-id=\"C1\"\n                    data-col-index=\"2\"\n                    data-row-index=\"0\"\n                    style=\" width:20%;                    padding:10px;\n                    \"\n                    >\n                                        300x450mm\u00a0                    <\/td>\n                                                <td class=\"wpdt-cell \"\n                                            data-cell-id=\"D1\"\n                    data-col-index=\"3\"\n                    data-row-index=\"0\"\n                    style=\" width:20%;                    padding:10px;\n                    \"\n                    >\n                                        400x600mm\u00a0                    <\/td>\n                                                <td class=\"wpdt-cell \"\n                                            data-cell-id=\"E1\"\n                    data-col-index=\"4\"\n                    data-row-index=\"0\"\n                    style=\" width:20%;                    padding:10px;\n                    \"\n                    >\n                                        500x750mm\u00a0                    <\/td>\n                                        <\/tr>\n                            <tr class=\"wpdt-cell-row \" >\n                                <td class=\"wpdt-cell \"\n                                            data-cell-id=\"A2\"\n                    data-col-index=\"0\"\n                    data-row-index=\"1\"\n                    style=\"                    padding:10px;\n                    \"\n                    >\n                                        \u00a0\ufeff600x900mm\ufeff                    <\/td>\n                                                <td class=\"wpdt-cell \"\n                                            data-cell-id=\"B2\"\n                    data-col-index=\"1\"\n                    data-row-index=\"1\"\n                    style=\"                    padding:10px;\n                    \"\n                    >\n                                        700x1050mm\u00a0                    <\/td>\n                                                <td class=\"wpdt-cell \"\n                                            data-cell-id=\"C2\"\n                    data-col-index=\"2\"\n                    data-row-index=\"1\"\n                    style=\"                    padding:10px;\n                    \"\n                    >\n                                        800x1200mm\u00a0                    <\/td>\n                                                <td class=\"wpdt-cell \"\n                                            data-cell-id=\"D2\"\n                    data-col-index=\"3\"\n                    data-row-index=\"1\"\n                    style=\"                    padding:10px;\n                    \"\n                    >\n                                        900x1350mm\u00a0                    <\/td>\n                                                <td class=\"wpdt-cell \"\n                                            data-cell-id=\"E2\"\n                    data-col-index=\"4\"\n                    data-row-index=\"1\"\n                    style=\"                    padding:10px;\n                    \"\n                    >\n                                        1000x1500mm\u00a0                    <\/td>\n                                        <\/tr>\n                            <tr class=\"wpdt-cell-row \" >\n                                <td class=\"wpdt-cell \"\n                                            data-cell-id=\"A3\"\n                    data-col-index=\"0\"\n                    data-row-index=\"2\"\n                    style=\"                    padding:10px;\n                    \"\n                    >\n                                        1000x1650mm\u00a0                    <\/td>\n                                                <td class=\"wpdt-cell \"\n                                            data-cell-id=\"B3\"\n                    data-col-index=\"1\"\n                    data-row-index=\"2\"\n                    style=\"                    padding:10px;\n                    \"\n                    >\n                                        1200x1800mm\u00a0                    <\/td>\n                                                <td class=\"wpdt-cell \"\n                                            data-cell-id=\"C3\"\n                    data-col-index=\"2\"\n                    data-row-index=\"2\"\n                    style=\"                    padding:10px;\n                    \"\n                    >\n                                        1300x1950mm\u00a0                    <\/td>\n                                                <td class=\"wpdt-cell \"\n                                            data-cell-id=\"D3\"\n                    data-col-index=\"3\"\n                    data-row-index=\"2\"\n                    style=\"                    padding:10px;\n                    \"\n                    >\n                                        1400x2100mm\u00a0                    <\/td>\n                                                <td class=\"wpdt-cell \"\n                                            data-cell-id=\"E3\"\n                    data-col-index=\"4\"\n                    data-row-index=\"2\"\n                    style=\"                    padding:10px;\n                    \"\n                    >\n                                        1500x2250mm\u00a0                    <\/td>\n                                        <\/tr>\n                    <\/table>\n<\/div><style id='wpdt-custom-style-38'>\n<\/style>\n\n<hr \/>\n<h3>V\u00e4iksed kleebised on parim kiire v\u00f5imalus t\u00e4histada, sorteerida v\u00f5i m\u00e4rgistada midagi. Siin on m\u00f5ned suurused ja v\u00f5imalused.<\/h3>\n<p><img loading=\"lazy\" decoding=\"async\" class=\"alignnone wp-image-1920\" src=\"https:\/\/www.klo.ee\/wp-content\/uploads\/2024\/11\/omatekstigakleebis.jpg\" alt=\"\" width=\"900\" height=\"451\" srcset=\"https:\/\/www.klo.ee\/wp-content\/uploads\/2024\/11\/omatekstigakleebis.jpg 844w, https:\/\/www.klo.ee\/wp-content\/uploads\/2024\/11\/omatekstigakleebis-300x150.jpg 300w, https:\/\/www.klo.ee\/wp-content\/uploads\/2024\/11\/omatekstigakleebis-768x385.jpg 768w\" sizes=\"auto, (max-width: 900px) 100vw, 900px\" \/><\/p>\n<p>Sorteerimise h\u00f5lbustamiseks v\u00f5ib kasutada ka v\u00e4rve.<\/p>\n<p><img loading=\"lazy\" decoding=\"async\" class=\"alignnone wp-image-1919\" src=\"https:\/\/www.klo.ee\/wp-content\/uploads\/2024\/11\/spetstekstiga-klb.jpg\" alt=\"\" width=\"894\" height=\"537\" srcset=\"https:\/\/www.klo.ee\/wp-content\/uploads\/2024\/11\/spetstekstiga-klb.jpg 599w, https:\/\/www.klo.ee\/wp-content\/uploads\/2024\/11\/spetstekstiga-klb-300x180.jpg 300w\" sizes=\"auto, (max-width: 894px) 100vw, 894px\" \/><\/p>\n<p><strong>V\u00f5imalikud on ka muud m\u00f5\u00f5dud ja v\u00e4rvikombinatsioonid!<\/strong><\/p>\n<p><span style=\"font-size: 8pt; color: #ffffff;\">\u00dcldine kohustusm\u00e4rk kohustava tekstigaOhuala m\u00e4rgis vabalt valitava kirjeldava tekstiga\u00dcldine keelum\u00e4rk vabalt valitava keelava tekstigaSisenemist keelav vabalt valitava vajaliku tekstiga<\/span><\/p>\n","protected":false},"excerpt":{"rendered":"<p>Oma tekstiga ohutuskleebiste ja ohutussiltide tellimine. P\u00e4ris tihti on nii, et \u00fcksinda ohutusm\u00e4rk ei v\u00e4ljenda seda mida \u00f6elda tahetakse, siis on m\u00f5istlik tellida standardse pildiga [&#8230;]<\/p>\n","protected":false},"author":2,"featured_media":0,"parent":0,"menu_order":0,"comment_status":"closed","ping_status":"closed","template":"","meta":{"footnotes":""},"class_list":["post-1914","page","type-page","status-publish","hentry"],"yoast_head":"<!-- This site is optimized with the Yoast SEO plugin v27.4 - https:\/\/yoast.com\/product\/yoast-seo-wordpress\/ -->\n<title>OMA TEKSTIGA KLEEBISED-SILDID - Kolm L\u00f5vi Ohutus<\/title>\n<meta name=\"description\" content=\"OMA TEKSTIGA KLEEBISED-SILDID Kolm L\u00f5vi Ohutus\" \/>\n<meta name=\"robots\" content=\"index, follow, max-snippet:-1, max-image-preview:large, max-video-preview:-1\" \/>\n<link rel=\"canonical\" href=\"https:\/\/www.klo.ee\/?page_id=1914\" \/>\n<meta property=\"og:locale\" content=\"et_EE\" \/>\n<meta property=\"og:type\" content=\"article\" \/>\n<meta property=\"og:title\" content=\"OMA TEKSTIGA KLEEBISED-SILDID - Kolm L\u00f5vi Ohutus\" \/>\n<meta property=\"og:description\" content=\"OMA TEKSTIGA KLEEBISED-SILDID Kolm L\u00f5vi Ohutus\" \/>\n<meta property=\"og:url\" content=\"https:\/\/www.klo.ee\/?page_id=1914\" \/>\n<meta property=\"og:site_name\" content=\"Kolm L\u00f5vi Ohutus\" \/>\n<meta property=\"article:publisher\" content=\"https:\/\/www.facebook.com\/kloprof\" \/>\n<meta property=\"article:modified_time\" content=\"2025-01-29T10:33:37+00:00\" \/>\n<meta property=\"og:image\" content=\"https:\/\/www.klo.ee\/wp-content\/uploads\/2024\/11\/omatekstigakleebis.jpg\" \/>\n<meta name=\"twitter:card\" content=\"summary_large_image\" \/>\n<meta name=\"twitter:label1\" content=\"Est. reading time\" \/>\n\t<meta name=\"twitter:data1\" content=\"1 minut\" \/>\n<script type=\"application\/ld+json\" class=\"yoast-schema-graph\">{\"@context\":\"https:\\\/\\\/schema.org\",\"@graph\":[{\"@type\":\"WebPage\",\"@id\":\"https:\\\/\\\/www.klo.ee\\\/?page_id=1914\",\"url\":\"https:\\\/\\\/www.klo.ee\\\/?page_id=1914\",\"name\":\"OMA TEKSTIGA KLEEBISED-SILDID - Kolm L\u00f5vi Ohutus\",\"isPartOf\":{\"@id\":\"https:\\\/\\\/www.klo.ee\\\/#website\"},\"primaryImageOfPage\":{\"@id\":\"https:\\\/\\\/www.klo.ee\\\/?page_id=1914#primaryimage\"},\"image\":{\"@id\":\"https:\\\/\\\/www.klo.ee\\\/?page_id=1914#primaryimage\"},\"thumbnailUrl\":\"https:\\\/\\\/www.klo.ee\\\/wp-content\\\/uploads\\\/2024\\\/11\\\/omatekstigakleebis.jpg\",\"datePublished\":\"2024-11-29T17:57:31+00:00\",\"dateModified\":\"2025-01-29T10:33:37+00:00\",\"description\":\"OMA TEKSTIGA KLEEBISED-SILDID Kolm L\u00f5vi Ohutus\",\"breadcrumb\":{\"@id\":\"https:\\\/\\\/www.klo.ee\\\/?page_id=1914#breadcrumb\"},\"inLanguage\":\"et\",\"potentialAction\":[{\"@type\":\"ReadAction\",\"target\":[\"https:\\\/\\\/www.klo.ee\\\/?page_id=1914\"]}]},{\"@type\":\"ImageObject\",\"inLanguage\":\"et\",\"@id\":\"https:\\\/\\\/www.klo.ee\\\/?page_id=1914#primaryimage\",\"url\":\"https:\\\/\\\/www.klo.ee\\\/wp-content\\\/uploads\\\/2024\\\/11\\\/omatekstigakleebis.jpg\",\"contentUrl\":\"https:\\\/\\\/www.klo.ee\\\/wp-content\\\/uploads\\\/2024\\\/11\\\/omatekstigakleebis.jpg\",\"width\":844,\"height\":423},{\"@type\":\"BreadcrumbList\",\"@id\":\"https:\\\/\\\/www.klo.ee\\\/?page_id=1914#breadcrumb\",\"itemListElement\":[{\"@type\":\"ListItem\",\"position\":1,\"name\":\"Home\",\"item\":\"https:\\\/\\\/www.klo.ee\\\/\"},{\"@type\":\"ListItem\",\"position\":2,\"name\":\"OMA TEKSTIGA KLEEBISED-SILDID\"}]},{\"@type\":\"WebSite\",\"@id\":\"https:\\\/\\\/www.klo.ee\\\/#website\",\"url\":\"https:\\\/\\\/www.klo.ee\\\/\",\"name\":\"Kolm L\u00f5vi Ohutus\",\"description\":\"Ohutusm\u00e4rkide leht\",\"publisher\":{\"@id\":\"https:\\\/\\\/www.klo.ee\\\/#organization\"},\"potentialAction\":[{\"@type\":\"SearchAction\",\"target\":{\"@type\":\"EntryPoint\",\"urlTemplate\":\"https:\\\/\\\/www.klo.ee\\\/?s={search_term_string}\"},\"query-input\":{\"@type\":\"PropertyValueSpecification\",\"valueRequired\":true,\"valueName\":\"search_term_string\"}}],\"inLanguage\":\"et\"},{\"@type\":\"Organization\",\"@id\":\"https:\\\/\\\/www.klo.ee\\\/#organization\",\"name\":\"Kolm L\u00f5vi Ohutus\",\"url\":\"https:\\\/\\\/www.klo.ee\\\/\",\"logo\":{\"@type\":\"ImageObject\",\"inLanguage\":\"et\",\"@id\":\"https:\\\/\\\/www.klo.ee\\\/#\\\/schema\\\/logo\\\/image\\\/\",\"url\":\"https:\\\/\\\/www.klo.ee\\\/wp-content\\\/uploads\\\/2024\\\/09\\\/ohutusmarkheader.jpg\",\"contentUrl\":\"https:\\\/\\\/www.klo.ee\\\/wp-content\\\/uploads\\\/2024\\\/09\\\/ohutusmarkheader.jpg\",\"width\":863,\"height\":162,\"caption\":\"Kolm L\u00f5vi Ohutus\"},\"image\":{\"@id\":\"https:\\\/\\\/www.klo.ee\\\/#\\\/schema\\\/logo\\\/image\\\/\"},\"sameAs\":[\"https:\\\/\\\/www.facebook.com\\\/kloprof\"]}]}<\/script>\n<!-- \/ Yoast SEO plugin. -->","yoast_head_json":{"title":"OMA TEKSTIGA KLEEBISED-SILDID - Kolm L\u00f5vi Ohutus","description":"OMA TEKSTIGA KLEEBISED-SILDID Kolm L\u00f5vi Ohutus","robots":{"index":"index","follow":"follow","max-snippet":"max-snippet:-1","max-image-preview":"max-image-preview:large","max-video-preview":"max-video-preview:-1"},"canonical":"https:\/\/www.klo.ee\/?page_id=1914","og_locale":"et_EE","og_type":"article","og_title":"OMA TEKSTIGA KLEEBISED-SILDID - Kolm L\u00f5vi Ohutus","og_description":"OMA TEKSTIGA KLEEBISED-SILDID Kolm L\u00f5vi Ohutus","og_url":"https:\/\/www.klo.ee\/?page_id=1914","og_site_name":"Kolm L\u00f5vi Ohutus","article_publisher":"https:\/\/www.facebook.com\/kloprof","article_modified_time":"2025-01-29T10:33:37+00:00","og_image":[{"url":"https:\/\/www.klo.ee\/wp-content\/uploads\/2024\/11\/omatekstigakleebis.jpg","type":"","width":"","height":""}],"twitter_card":"summary_large_image","twitter_misc":{"Est. reading time":"1 minut"},"schema":{"@context":"https:\/\/schema.org","@graph":[{"@type":"WebPage","@id":"https:\/\/www.klo.ee\/?page_id=1914","url":"https:\/\/www.klo.ee\/?page_id=1914","name":"OMA TEKSTIGA KLEEBISED-SILDID - Kolm L\u00f5vi Ohutus","isPartOf":{"@id":"https:\/\/www.klo.ee\/#website"},"primaryImageOfPage":{"@id":"https:\/\/www.klo.ee\/?page_id=1914#primaryimage"},"image":{"@id":"https:\/\/www.klo.ee\/?page_id=1914#primaryimage"},"thumbnailUrl":"https:\/\/www.klo.ee\/wp-content\/uploads\/2024\/11\/omatekstigakleebis.jpg","datePublished":"2024-11-29T17:57:31+00:00","dateModified":"2025-01-29T10:33:37+00:00","description":"OMA TEKSTIGA KLEEBISED-SILDID Kolm L\u00f5vi Ohutus","breadcrumb":{"@id":"https:\/\/www.klo.ee\/?page_id=1914#breadcrumb"},"inLanguage":"et","potentialAction":[{"@type":"ReadAction","target":["https:\/\/www.klo.ee\/?page_id=1914"]}]},{"@type":"ImageObject","inLanguage":"et","@id":"https:\/\/www.klo.ee\/?page_id=1914#primaryimage","url":"https:\/\/www.klo.ee\/wp-content\/uploads\/2024\/11\/omatekstigakleebis.jpg","contentUrl":"https:\/\/www.klo.ee\/wp-content\/uploads\/2024\/11\/omatekstigakleebis.jpg","width":844,"height":423},{"@type":"BreadcrumbList","@id":"https:\/\/www.klo.ee\/?page_id=1914#breadcrumb","itemListElement":[{"@type":"ListItem","position":1,"name":"Home","item":"https:\/\/www.klo.ee\/"},{"@type":"ListItem","position":2,"name":"OMA TEKSTIGA KLEEBISED-SILDID"}]},{"@type":"WebSite","@id":"https:\/\/www.klo.ee\/#website","url":"https:\/\/www.klo.ee\/","name":"Kolm L\u00f5vi Ohutus","description":"Ohutusm\u00e4rkide leht","publisher":{"@id":"https:\/\/www.klo.ee\/#organization"},"potentialAction":[{"@type":"SearchAction","target":{"@type":"EntryPoint","urlTemplate":"https:\/\/www.klo.ee\/?s={search_term_string}"},"query-input":{"@type":"PropertyValueSpecification","valueRequired":true,"valueName":"search_term_string"}}],"inLanguage":"et"},{"@type":"Organization","@id":"https:\/\/www.klo.ee\/#organization","name":"Kolm L\u00f5vi Ohutus","url":"https:\/\/www.klo.ee\/","logo":{"@type":"ImageObject","inLanguage":"et","@id":"https:\/\/www.klo.ee\/#\/schema\/logo\/image\/","url":"https:\/\/www.klo.ee\/wp-content\/uploads\/2024\/09\/ohutusmarkheader.jpg","contentUrl":"https:\/\/www.klo.ee\/wp-content\/uploads\/2024\/09\/ohutusmarkheader.jpg","width":863,"height":162,"caption":"Kolm L\u00f5vi Ohutus"},"image":{"@id":"https:\/\/www.klo.ee\/#\/schema\/logo\/image\/"},"sameAs":["https:\/\/www.facebook.com\/kloprof"]}]}},"_links":{"self":[{"href":"https:\/\/www.klo.ee\/index.php?rest_route=\/wp\/v2\/pages\/1914","targetHints":{"allow":["GET"]}}],"collection":[{"href":"https:\/\/www.klo.ee\/index.php?rest_route=\/wp\/v2\/pages"}],"about":[{"href":"https:\/\/www.klo.ee\/index.php?rest_route=\/wp\/v2\/types\/page"}],"author":[{"embeddable":true,"href":"https:\/\/www.klo.ee\/index.php?rest_route=\/wp\/v2\/users\/2"}],"replies":[{"embeddable":true,"href":"https:\/\/www.klo.ee\/index.php?rest_route=%2Fwp%2Fv2%2Fcomments&post=1914"}],"version-history":[{"count":9,"href":"https:\/\/www.klo.ee\/index.php?rest_route=\/wp\/v2\/pages\/1914\/revisions"}],"predecessor-version":[{"id":2857,"href":"https:\/\/www.klo.ee\/index.php?rest_route=\/wp\/v2\/pages\/1914\/revisions\/2857"}],"wp:attachment":[{"href":"https:\/\/www.klo.ee\/index.php?rest_route=%2Fwp%2Fv2%2Fmedia&parent=1914"}],"curies":[{"name":"wp","href":"https:\/\/api.w.org\/{rel}","templated":true}]}}