{"id":1929,"date":"2024-11-29T18:22:05","date_gmt":"2024-11-29T18:22:05","guid":{"rendered":"https:\/\/www.klo.ee\/?page_id=1929"},"modified":"2024-12-27T16:13:49","modified_gmt":"2024-12-27T16:13:49","slug":"praktiline-kontor","status":"publish","type":"page","link":"https:\/\/www.klo.ee\/?page_id=1929","title":{"rendered":"PRAKTILINE KONTOR"},"content":{"rendered":"<h1>PRAKTILINE T\u00d6\u00d6KOHT<\/h1>\n<ul style=\"list-style-type: disc;\">\n<li>Erinevad visualiseerivad tahvlid<\/li>\n<li>Magnetid<\/li>\n<li>Rinnam\u00e4rgid, rinnasildid<\/li>\n<li>V\u00f5tmete t\u00e4histamine<\/li>\n<li>T\u00f6\u00f6keskkonna postrid, magnetid<\/li>\n<li>Tassid (kohvitassid, teetassid) m\u00f5ned valmistassid<\/li>\n<\/ul>\n<p><img loading=\"lazy\" decoding=\"async\" class=\"alignnone wp-image-1933\" src=\"https:\/\/www.klo.ee\/wp-content\/uploads\/2024\/11\/maoori-tassid-2.jpg\" alt=\"\" width=\"900\" height=\"370\" srcset=\"https:\/\/www.klo.ee\/wp-content\/uploads\/2024\/11\/maoori-tassid-2.jpg 657w, https:\/\/www.klo.ee\/wp-content\/uploads\/2024\/11\/maoori-tassid-2-300x123.jpg 300w\" sizes=\"auto, (max-width: 900px) 100vw, 900px\" \/><br \/>\nkenad lahedad tassid &#8211; maooristiilis<\/p>\n<ul style=\"list-style-type: disc;\">\n<li>Hiirematid<\/li>\n<li>Kalendrid<\/li>\n<li>Metalltaustaga sildid<\/li>\n<\/ul>\n<p><img loading=\"lazy\" decoding=\"async\" class=\"alignnone wp-image-939\" src=\"https:\/\/www.klo.ee\/wp-content\/uploads\/2024\/11\/joogivesi-metallsilt.png\" alt=\"\" width=\"900\" height=\"92\" srcset=\"https:\/\/www.klo.ee\/wp-content\/uploads\/2024\/11\/joogivesi-metallsilt.png 647w, https:\/\/www.klo.ee\/wp-content\/uploads\/2024\/11\/joogivesi-metallsilt-300x31.png 300w\" sizes=\"auto, (max-width: 900px) 100vw, 900px\" \/> <img loading=\"lazy\" decoding=\"async\" class=\"alignnone wp-image-965\" src=\"https:\/\/www.klo.ee\/wp-content\/uploads\/2024\/11\/joogivesi-metallsilt-iso.png\" alt=\"\" width=\"900\" height=\"92\" srcset=\"https:\/\/www.klo.ee\/wp-content\/uploads\/2024\/11\/joogivesi-metallsilt-iso.png 647w, https:\/\/www.klo.ee\/wp-content\/uploads\/2024\/11\/joogivesi-metallsilt-iso-300x31.png 300w\" sizes=\"auto, (max-width: 900px) 100vw, 900px\" \/><br \/>\nmetallik taustaga ohutusm\u00e4rgistus b\u00fcroodesse, joogivesi roheline<\/p>\n<ul style=\"list-style-type: disc;\">\n<li>Metalltaustaga asukoha juhised, majajuhid, ruumide nimetused, uksesildid<\/li>\n<\/ul>\n<p><img loading=\"lazy\" decoding=\"async\" class=\"alignnone wp-image-949\" src=\"https:\/\/www.klo.ee\/wp-content\/uploads\/2024\/11\/ruuminimetused.jpg\" alt=\"\" width=\"896\" height=\"390\" srcset=\"https:\/\/www.klo.ee\/wp-content\/uploads\/2024\/11\/ruuminimetused.jpg 657w, https:\/\/www.klo.ee\/wp-content\/uploads\/2024\/11\/ruuminimetused-300x131.jpg 300w\" sizes=\"auto, (max-width: 896px) 100vw, 896px\" \/><br \/>\nruumide nimetustega sildid<\/p>\n<ul style=\"list-style-type: disc;\">\n<li>Metalltaustaga ohutusm\u00e4rgid<\/li>\n<\/ul>\n<p><img loading=\"lazy\" decoding=\"async\" class=\"alignnone wp-image-1932\" src=\"https:\/\/www.klo.ee\/wp-content\/uploads\/2024\/11\/solid27.png\" alt=\"\" width=\"672\" height=\"377\" srcset=\"https:\/\/www.klo.ee\/wp-content\/uploads\/2024\/11\/solid27.png 399w, https:\/\/www.klo.ee\/wp-content\/uploads\/2024\/11\/solid27-300x168.png 300w\" sizes=\"auto, (max-width: 672px) 100vw, 672px\" \/><\/p>\n<ul style=\"list-style-type: disc;\">\n<li>M\u00e4rkmeplokid<\/li>\n<li>M\u00e4rkmikud<\/li>\n<li>Visiitkaardid, kleebised jm tr\u00fckised<\/li>\n<li>\u00d5mmeldavad nimed ja logod r\u00f5ivastele<\/li>\n<\/ul>\n<p><img loading=\"lazy\" decoding=\"async\" class=\"alignnone wp-image-1880\" src=\"https:\/\/www.klo.ee\/wp-content\/uploads\/2024\/11\/ommeldavad-embleemid-riietele1.jpg\" alt=\"\" width=\"900\" height=\"479\" srcset=\"https:\/\/www.klo.ee\/wp-content\/uploads\/2024\/11\/ommeldavad-embleemid-riietele1.jpg 657w, https:\/\/www.klo.ee\/wp-content\/uploads\/2024\/11\/ommeldavad-embleemid-riietele1-300x160.jpg 300w\" sizes=\"auto, (max-width: 900px) 100vw, 900px\" \/><br \/>\n\u00f5mmeldavad logod<\/p>\n<ul style=\"list-style-type: disc;\">\n<li>Kuumpressitavad logod r\u00f5ivastele<\/li>\n<li>Tr\u00fckitud paelad kinkepakkidele<\/li>\n<li>Kaaned, pidulikud kaaned tseremooniatele, lepingukaaned, auaadressid<\/li>\n<li>Avatud-suletud sildid koos informatiivse kellaga (vaata siit)<\/li>\n<li>Muudetava sisuga sildid (n\u00e4iteks ruumidele vaba &#8211; h\u00f5ivatud)<\/li>\n<li>Liikuva paneeliga ruumide oleku teavitussilt vaba \/ h\u00f5ivatud (vaata siit)<\/li>\n<li>Pr\u00fcgisorteerimise kleebised. pr\u00fcgi liigiti kogumise kleebised &#8211; infosildid<\/li>\n<\/ul>\n<p><img loading=\"lazy\" decoding=\"async\" class=\"alignnone wp-image-1188\" src=\"https:\/\/www.klo.ee\/wp-content\/uploads\/2024\/11\/prygisorteerimisekleebised.jpg\" alt=\"\" width=\"903\" height=\"555\" srcset=\"https:\/\/www.klo.ee\/wp-content\/uploads\/2024\/11\/prygisorteerimisekleebised.jpg 657w, https:\/\/www.klo.ee\/wp-content\/uploads\/2024\/11\/prygisorteerimisekleebised-300x184.jpg 300w\" sizes=\"auto, (max-width: 903px) 100vw, 903px\" \/><br \/>\npr\u00fcgi liigiti kogumine, pr\u00fcgimajandus, pr\u00fcgisorteerimise kleebised<\/p>\n<ul style=\"list-style-type: disc;\">\n<li>Universaalne tugijalg lauasiltidele<\/li>\n<\/ul>\n","protected":false},"excerpt":{"rendered":"<p>PRAKTILINE T\u00d6\u00d6KOHT Erinevad visualiseerivad tahvlid Magnetid Rinnam\u00e4rgid, rinnasildid V\u00f5tmete t\u00e4histamine T\u00f6\u00f6keskkonna postrid, magnetid Tassid (kohvitassid, teetassid) m\u00f5ned valmistassid kenad lahedad tassid &#8211; maooristiilis Hiirematid Kalendrid [&#8230;]<\/p>\n","protected":false},"author":2,"featured_media":0,"parent":0,"menu_order":0,"comment_status":"closed","ping_status":"closed","template":"","meta":{"footnotes":""},"class_list":["post-1929","page","type-page","status-publish","hentry"],"yoast_head":"<!-- This site is optimized with the Yoast SEO plugin v27.5 - https:\/\/yoast.com\/product\/yoast-seo-wordpress\/ -->\n<title>PRAKTILINE KONTOR - Kolm L\u00f5vi Ohutus<\/title>\n<meta name=\"description\" content=\"PRAKTILINE KONTOR Kolm L\u00f5vi Ohutus\" \/>\n<meta name=\"robots\" content=\"index, follow, max-snippet:-1, max-image-preview:large, max-video-preview:-1\" \/>\n<link rel=\"canonical\" href=\"https:\/\/www.klo.ee\/?page_id=1929\" \/>\n<meta property=\"og:locale\" content=\"et_EE\" \/>\n<meta property=\"og:type\" content=\"article\" \/>\n<meta property=\"og:title\" content=\"PRAKTILINE KONTOR - Kolm L\u00f5vi Ohutus\" \/>\n<meta property=\"og:description\" content=\"PRAKTILINE KONTOR Kolm L\u00f5vi Ohutus\" \/>\n<meta property=\"og:url\" content=\"https:\/\/www.klo.ee\/?page_id=1929\" \/>\n<meta property=\"og:site_name\" content=\"Kolm L\u00f5vi Ohutus\" \/>\n<meta property=\"article:publisher\" content=\"https:\/\/www.facebook.com\/kloprof\" \/>\n<meta property=\"article:modified_time\" content=\"2024-12-27T16:13:49+00:00\" \/>\n<meta property=\"og:image\" content=\"https:\/\/www.klo.ee\/wp-content\/uploads\/2024\/11\/maoori-tassid-2.jpg\" \/>\n\t<meta property=\"og:image:width\" content=\"657\" \/>\n\t<meta property=\"og:image:height\" content=\"270\" \/>\n\t<meta property=\"og:image:type\" content=\"image\/jpeg\" \/>\n<meta name=\"twitter:card\" content=\"summary_large_image\" \/>\n<meta name=\"twitter:label1\" content=\"Est. reading time\" \/>\n\t<meta name=\"twitter:data1\" content=\"2 minutit\" \/>\n<script type=\"application\/ld+json\" class=\"yoast-schema-graph\">{\"@context\":\"https:\\\/\\\/schema.org\",\"@graph\":[{\"@type\":\"WebPage\",\"@id\":\"https:\\\/\\\/www.klo.ee\\\/?page_id=1929\",\"url\":\"https:\\\/\\\/www.klo.ee\\\/?page_id=1929\",\"name\":\"PRAKTILINE KONTOR - Kolm L\u00f5vi Ohutus\",\"isPartOf\":{\"@id\":\"https:\\\/\\\/www.klo.ee\\\/#website\"},\"primaryImageOfPage\":{\"@id\":\"https:\\\/\\\/www.klo.ee\\\/?page_id=1929#primaryimage\"},\"image\":{\"@id\":\"https:\\\/\\\/www.klo.ee\\\/?page_id=1929#primaryimage\"},\"thumbnailUrl\":\"https:\\\/\\\/www.klo.ee\\\/wp-content\\\/uploads\\\/2024\\\/11\\\/maoori-tassid-2.jpg\",\"datePublished\":\"2024-11-29T18:22:05+00:00\",\"dateModified\":\"2024-12-27T16:13:49+00:00\",\"description\":\"PRAKTILINE KONTOR Kolm L\u00f5vi Ohutus\",\"breadcrumb\":{\"@id\":\"https:\\\/\\\/www.klo.ee\\\/?page_id=1929#breadcrumb\"},\"inLanguage\":\"et\",\"potentialAction\":[{\"@type\":\"ReadAction\",\"target\":[\"https:\\\/\\\/www.klo.ee\\\/?page_id=1929\"]}]},{\"@type\":\"ImageObject\",\"inLanguage\":\"et\",\"@id\":\"https:\\\/\\\/www.klo.ee\\\/?page_id=1929#primaryimage\",\"url\":\"https:\\\/\\\/www.klo.ee\\\/wp-content\\\/uploads\\\/2024\\\/11\\\/maoori-tassid-2.jpg\",\"contentUrl\":\"https:\\\/\\\/www.klo.ee\\\/wp-content\\\/uploads\\\/2024\\\/11\\\/maoori-tassid-2.jpg\",\"width\":657,\"height\":270},{\"@type\":\"BreadcrumbList\",\"@id\":\"https:\\\/\\\/www.klo.ee\\\/?page_id=1929#breadcrumb\",\"itemListElement\":[{\"@type\":\"ListItem\",\"position\":1,\"name\":\"Home\",\"item\":\"https:\\\/\\\/www.klo.ee\\\/\"},{\"@type\":\"ListItem\",\"position\":2,\"name\":\"PRAKTILINE KONTOR\"}]},{\"@type\":\"WebSite\",\"@id\":\"https:\\\/\\\/www.klo.ee\\\/#website\",\"url\":\"https:\\\/\\\/www.klo.ee\\\/\",\"name\":\"Kolm L\u00f5vi Ohutus\",\"description\":\"Ohutusm\u00e4rkide leht\",\"publisher\":{\"@id\":\"https:\\\/\\\/www.klo.ee\\\/#organization\"},\"potentialAction\":[{\"@type\":\"SearchAction\",\"target\":{\"@type\":\"EntryPoint\",\"urlTemplate\":\"https:\\\/\\\/www.klo.ee\\\/?s={search_term_string}\"},\"query-input\":{\"@type\":\"PropertyValueSpecification\",\"valueRequired\":true,\"valueName\":\"search_term_string\"}}],\"inLanguage\":\"et\"},{\"@type\":\"Organization\",\"@id\":\"https:\\\/\\\/www.klo.ee\\\/#organization\",\"name\":\"Kolm L\u00f5vi Ohutus\",\"url\":\"https:\\\/\\\/www.klo.ee\\\/\",\"logo\":{\"@type\":\"ImageObject\",\"inLanguage\":\"et\",\"@id\":\"https:\\\/\\\/www.klo.ee\\\/#\\\/schema\\\/logo\\\/image\\\/\",\"url\":\"https:\\\/\\\/www.klo.ee\\\/wp-content\\\/uploads\\\/2024\\\/09\\\/ohutusmarkheader.jpg\",\"contentUrl\":\"https:\\\/\\\/www.klo.ee\\\/wp-content\\\/uploads\\\/2024\\\/09\\\/ohutusmarkheader.jpg\",\"width\":863,\"height\":162,\"caption\":\"Kolm L\u00f5vi Ohutus\"},\"image\":{\"@id\":\"https:\\\/\\\/www.klo.ee\\\/#\\\/schema\\\/logo\\\/image\\\/\"},\"sameAs\":[\"https:\\\/\\\/www.facebook.com\\\/kloprof\"]}]}<\/script>\n<!-- \/ Yoast SEO plugin. -->","yoast_head_json":{"title":"PRAKTILINE KONTOR - Kolm L\u00f5vi Ohutus","description":"PRAKTILINE KONTOR Kolm L\u00f5vi Ohutus","robots":{"index":"index","follow":"follow","max-snippet":"max-snippet:-1","max-image-preview":"max-image-preview:large","max-video-preview":"max-video-preview:-1"},"canonical":"https:\/\/www.klo.ee\/?page_id=1929","og_locale":"et_EE","og_type":"article","og_title":"PRAKTILINE KONTOR - Kolm L\u00f5vi Ohutus","og_description":"PRAKTILINE KONTOR Kolm L\u00f5vi Ohutus","og_url":"https:\/\/www.klo.ee\/?page_id=1929","og_site_name":"Kolm L\u00f5vi Ohutus","article_publisher":"https:\/\/www.facebook.com\/kloprof","article_modified_time":"2024-12-27T16:13:49+00:00","og_image":[{"width":657,"height":270,"url":"https:\/\/www.klo.ee\/wp-content\/uploads\/2024\/11\/maoori-tassid-2.jpg","type":"image\/jpeg"}],"twitter_card":"summary_large_image","twitter_misc":{"Est. reading time":"2 minutit"},"schema":{"@context":"https:\/\/schema.org","@graph":[{"@type":"WebPage","@id":"https:\/\/www.klo.ee\/?page_id=1929","url":"https:\/\/www.klo.ee\/?page_id=1929","name":"PRAKTILINE KONTOR - Kolm L\u00f5vi Ohutus","isPartOf":{"@id":"https:\/\/www.klo.ee\/#website"},"primaryImageOfPage":{"@id":"https:\/\/www.klo.ee\/?page_id=1929#primaryimage"},"image":{"@id":"https:\/\/www.klo.ee\/?page_id=1929#primaryimage"},"thumbnailUrl":"https:\/\/www.klo.ee\/wp-content\/uploads\/2024\/11\/maoori-tassid-2.jpg","datePublished":"2024-11-29T18:22:05+00:00","dateModified":"2024-12-27T16:13:49+00:00","description":"PRAKTILINE KONTOR Kolm L\u00f5vi Ohutus","breadcrumb":{"@id":"https:\/\/www.klo.ee\/?page_id=1929#breadcrumb"},"inLanguage":"et","potentialAction":[{"@type":"ReadAction","target":["https:\/\/www.klo.ee\/?page_id=1929"]}]},{"@type":"ImageObject","inLanguage":"et","@id":"https:\/\/www.klo.ee\/?page_id=1929#primaryimage","url":"https:\/\/www.klo.ee\/wp-content\/uploads\/2024\/11\/maoori-tassid-2.jpg","contentUrl":"https:\/\/www.klo.ee\/wp-content\/uploads\/2024\/11\/maoori-tassid-2.jpg","width":657,"height":270},{"@type":"BreadcrumbList","@id":"https:\/\/www.klo.ee\/?page_id=1929#breadcrumb","itemListElement":[{"@type":"ListItem","position":1,"name":"Home","item":"https:\/\/www.klo.ee\/"},{"@type":"ListItem","position":2,"name":"PRAKTILINE KONTOR"}]},{"@type":"WebSite","@id":"https:\/\/www.klo.ee\/#website","url":"https:\/\/www.klo.ee\/","name":"Kolm L\u00f5vi Ohutus","description":"Ohutusm\u00e4rkide leht","publisher":{"@id":"https:\/\/www.klo.ee\/#organization"},"potentialAction":[{"@type":"SearchAction","target":{"@type":"EntryPoint","urlTemplate":"https:\/\/www.klo.ee\/?s={search_term_string}"},"query-input":{"@type":"PropertyValueSpecification","valueRequired":true,"valueName":"search_term_string"}}],"inLanguage":"et"},{"@type":"Organization","@id":"https:\/\/www.klo.ee\/#organization","name":"Kolm L\u00f5vi Ohutus","url":"https:\/\/www.klo.ee\/","logo":{"@type":"ImageObject","inLanguage":"et","@id":"https:\/\/www.klo.ee\/#\/schema\/logo\/image\/","url":"https:\/\/www.klo.ee\/wp-content\/uploads\/2024\/09\/ohutusmarkheader.jpg","contentUrl":"https:\/\/www.klo.ee\/wp-content\/uploads\/2024\/09\/ohutusmarkheader.jpg","width":863,"height":162,"caption":"Kolm L\u00f5vi Ohutus"},"image":{"@id":"https:\/\/www.klo.ee\/#\/schema\/logo\/image\/"},"sameAs":["https:\/\/www.facebook.com\/kloprof"]}]}},"_links":{"self":[{"href":"https:\/\/www.klo.ee\/index.php?rest_route=\/wp\/v2\/pages\/1929","targetHints":{"allow":["GET"]}}],"collection":[{"href":"https:\/\/www.klo.ee\/index.php?rest_route=\/wp\/v2\/pages"}],"about":[{"href":"https:\/\/www.klo.ee\/index.php?rest_route=\/wp\/v2\/types\/page"}],"author":[{"embeddable":true,"href":"https:\/\/www.klo.ee\/index.php?rest_route=\/wp\/v2\/users\/2"}],"replies":[{"embeddable":true,"href":"https:\/\/www.klo.ee\/index.php?rest_route=%2Fwp%2Fv2%2Fcomments&post=1929"}],"version-history":[{"count":6,"href":"https:\/\/www.klo.ee\/index.php?rest_route=\/wp\/v2\/pages\/1929\/revisions"}],"predecessor-version":[{"id":2521,"href":"https:\/\/www.klo.ee\/index.php?rest_route=\/wp\/v2\/pages\/1929\/revisions\/2521"}],"wp:attachment":[{"href":"https:\/\/www.klo.ee\/index.php?rest_route=%2Fwp%2Fv2%2Fmedia&parent=1929"}],"curies":[{"name":"wp","href":"https:\/\/api.w.org\/{rel}","templated":true}]}}