{"id":1935,"date":"2024-11-29T18:30:29","date_gmt":"2024-11-29T18:30:29","guid":{"rendered":"https:\/\/www.klo.ee\/?page_id=1935"},"modified":"2025-03-14T13:46:27","modified_gmt":"2025-03-14T13:46:27","slug":"masinaohutus","status":"publish","type":"page","link":"https:\/\/www.klo.ee\/?page_id=1935","title":{"rendered":"MASINAOHUTUS"},"content":{"rendered":"<h2>DISPLAYD, RIPUTATAVAD SILDID, KRISTALLKLEEBISED, METALLIST SILDID, METALLILE TR\u00dcKK, KLEEBITAVAD METALLSILDID, NEEDITAVAD METALLSILDID. METALLKLEEBISED. T\u00d5STEKOHT &#8211; T\u00d5STEAVA masina korpusel.<br \/>\nPainutatud metallist lauasildid.<\/h2>\n<h3>Valmistame erinevaid masinaohutuskleebiseid t\u00f6\u00f6stusele ja masinavalmistajatele<\/h3>\n<p><img loading=\"lazy\" decoding=\"async\" class=\"alignnone wp-image-1940\" src=\"https:\/\/www.klo.ee\/wp-content\/uploads\/2024\/11\/masinaohutusklb-2018.jpg\" alt=\"\" width=\"900\" height=\"514\" srcset=\"https:\/\/www.klo.ee\/wp-content\/uploads\/2024\/11\/masinaohutusklb-2018.jpg 555w, https:\/\/www.klo.ee\/wp-content\/uploads\/2024\/11\/masinaohutusklb-2018-300x171.jpg 300w\" sizes=\"auto, (max-width: 900px) 100vw, 900px\" \/><br \/>\nmasinaohutuskleebised hoiatuseks, juhendamiseks, kasutusmugavuseks.<\/p>\n<p>Siin fotol on n\u00e4ha erikujuline riputatav silt masinaosa kokku\u00fchendamise juhendiks kasutajale.<\/p>\n<p><img loading=\"lazy\" decoding=\"async\" class=\"alignnone wp-image-1939\" src=\"https:\/\/www.klo.ee\/wp-content\/uploads\/2024\/11\/kasutamisjuhis-stantsitud.png\" alt=\"\" width=\"897\" height=\"478\" srcset=\"https:\/\/www.klo.ee\/wp-content\/uploads\/2024\/11\/kasutamisjuhis-stantsitud.png 657w, https:\/\/www.klo.ee\/wp-content\/uploads\/2024\/11\/kasutamisjuhis-stantsitud-300x160.png 300w\" sizes=\"auto, (max-width: 897px) 100vw, 897px\" \/><br \/>\njuhendav materjal masinatele, masinaohutus<\/p>\n<p>Valmistame erinevaid masinate, seadmete display tr\u00fckiseid mida saab paigaldada 3M VHB teibiga p\u00fcsivalt.<\/p>\n<p>Erinevad<strong> logo lahendused<\/strong> seadmetele masinatele tootjat\u00e4histeks, hoolduskontaktideks, elektriohutuseks, m\u00fc\u00fcjakontaktandmeteks.<\/p>\n<hr \/>\n<p>Tr\u00fckime metallile vajalike tootjaandmeid ja logosi. Materjaliks kasutame \u00f5hukes alumiiniumplekki (0.5, 0.7 ja 1.0mm).<\/p>\n<hr \/>\n<h2><strong><a href=\"https:\/\/www.klo.ee\/?page_id=1238\" target=\"_blank\" rel=\"noopener\">Metallkleebised<\/a> masinatele,<\/strong><\/h2>\n<p>kleebitavad metalllogod, alusel logod masinatele-seadmetele. Needitavad logod masinatele-seadmetele.<\/p>\n<p><img loading=\"lazy\" decoding=\"async\" class=\"alignnone wp-image-72\" src=\"https:\/\/www.klo.ee\/wp-content\/uploads\/2024\/09\/metallkleebised-kolmlovi.jpg\" alt=\"\" width=\"891\" height=\"749\" srcset=\"https:\/\/www.klo.ee\/wp-content\/uploads\/2024\/09\/metallkleebised-kolmlovi.jpg 657w, https:\/\/www.klo.ee\/wp-content\/uploads\/2024\/09\/metallkleebised-kolmlovi-300x252.jpg 300w\" sizes=\"auto, (max-width: 891px) 100vw, 891px\" \/><br \/>\nmetallkleebised<\/p>\n<hr \/>\n<h2>T\u00d5STEKOHT \/ T\u00d5STEAVA T\u00c4HISTAMINE MASINATEL SEADMETEL.<\/h2>\n<p><img loading=\"lazy\" decoding=\"async\" class=\"alignnone wp-image-1938\" src=\"https:\/\/www.klo.ee\/wp-content\/uploads\/2024\/11\/kett_kollane_200x100mm.png\" alt=\"\" width=\"306\" height=\"154\" \/>\u00a0 \u00a0<img loading=\"lazy\" decoding=\"async\" class=\"alignnone wp-image-1937\" src=\"https:\/\/www.klo.ee\/wp-content\/uploads\/2024\/11\/tostekoht-1-150px.png\" alt=\"\" width=\"238\" height=\"154\" \/><\/p>\n<p>T\u00f5steava kleebis 100x200mm<br \/>\nT\u00f5stekoha kleebis 10tk lehel \u00fche kleebise m\u00f5\u00f5t 45x70mm<\/p>\n<hr \/>\n<div>\n<h2>H\u00e4dastopp plastr\u00f5ngas (stopp l\u00fclitile plastr\u00f5ngas) v\u00e4line\u00a0 \u00f8 60mm, sisemised m\u00f5\u00f5dud \u00f8 22mm ja \u00f8 27mm.<\/h2>\n<p>Eesti ja ingliskeelne tekst. Kaks erinevat sisemist disameetrit. Tagak\u00fcljel liim.<\/p>\n<\/div>\n<p><img loading=\"lazy\" decoding=\"async\" class=\"alignnone wp-image-2824\" src=\"https:\/\/www.klo.ee\/wp-content\/uploads\/2025\/01\/hadastopp-rongas_1-1.jpg\" alt=\"\" width=\"422\" height=\"339\" \/><\/p>\n<p>Tellida saab <a href=\"https:\/\/www.kohver.com\/product_details.php?item_id=1422\" target=\"_blank\" rel=\"noopener\">Kohver.com e-poest\u00a0<\/a><\/p>\n<hr \/>\n<h2>Lisaks erinevad H\u00e4dastopp m\u00e4rkide valmiskujundused<\/h2>\n<p>kleebisena, plastikul v\u00f5i metallalusel<\/p>\n<p><img loading=\"lazy\" decoding=\"async\" class=\"alignnone size-full wp-image-2823\" src=\"https:\/\/www.klo.ee\/wp-content\/uploads\/2025\/01\/hadastopp-kleebised.jpg\" alt=\"\" width=\"921\" height=\"490\" srcset=\"https:\/\/www.klo.ee\/wp-content\/uploads\/2025\/01\/hadastopp-kleebised.jpg 921w, https:\/\/www.klo.ee\/wp-content\/uploads\/2025\/01\/hadastopp-kleebised-300x160.jpg 300w, https:\/\/www.klo.ee\/wp-content\/uploads\/2025\/01\/hadastopp-kleebised-768x409.jpg 768w\" sizes=\"auto, (max-width: 921px) 100vw, 921px\" \/><\/p>\n<p>Tellimiseks kirjuta info@trykikeskus.ee oma soovist.<\/p>\n<hr \/>\n<p>Laotoodetena on v\u00f5imalik tellida otse e-poest<\/p>\n<h2>Stoppl\u00fcliti, h\u00e4dastopp k\u00e4ega kujutis tekstiga v\u00f5i ilma <a href=\"https:\/\/kohver.com\/product_details.php?item_id=1451\" target=\"_blank\" rel=\"noopener\"><img loading=\"lazy\" decoding=\"async\" class=\"alignnone size-full wp-image-275\" src=\"https:\/\/www.klo.ee\/wp-content\/uploads\/2024\/10\/ostukorv.png\" alt=\"\" width=\"29\" height=\"19\" \/><\/a><\/h2>\n<p><img loading=\"lazy\" decoding=\"async\" class=\"alignnone wp-image-2327\" src=\"https:\/\/www.klo.ee\/wp-content\/uploads\/2024\/12\/10190-150px.png\" alt=\"\" width=\"195\" height=\"195\" \/> <img loading=\"lazy\" decoding=\"async\" class=\"alignnone wp-image-2835\" src=\"https:\/\/www.klo.ee\/wp-content\/uploads\/2025\/01\/10190T-150px.gif\" alt=\"\" width=\"195\" height=\"195\" \/><\/p>\n<div class=\"head\">\n<div>\n<div>\n<h2>Stoppl\u00fcliti, h\u00e4dastopp: 2tk komplektis (kleebise suurus 150x27mm) <a href=\"https:\/\/kohver.com\/product_details.php?item_id=947\" target=\"_blank\" rel=\"noopener\"><img loading=\"lazy\" decoding=\"async\" class=\"alignnone size-full wp-image-275\" src=\"https:\/\/www.klo.ee\/wp-content\/uploads\/2024\/10\/ostukorv.png\" alt=\"\" width=\"29\" height=\"19\" \/><\/a><\/h2>\n<\/div>\n<\/div>\n<\/div>\n<div class=\"body\">\n<div>\n<div>\n<form action=\"https:\/\/kolmlovi.eu\/kohver_com\/product_details.php\" method=\"post\" name=\"products_1010\">\n<div class=\"image-block\"><img loading=\"lazy\" decoding=\"async\" class=\"alignnone wp-image-964\" src=\"https:\/\/www.klo.ee\/wp-content\/uploads\/2024\/11\/168-80X80-e1731843863554.jpg\" alt=\"\" width=\"276\" height=\"50\" \/><\/div>\n<\/form>\n<\/div>\n<\/div>\n<\/div>\n","protected":false},"excerpt":{"rendered":"<p>DISPLAYD, RIPUTATAVAD SILDID, KRISTALLKLEEBISED, METALLIST SILDID, METALLILE TR\u00dcKK, KLEEBITAVAD METALLSILDID, NEEDITAVAD METALLSILDID. METALLKLEEBISED. T\u00d5STEKOHT &#8211; T\u00d5STEAVA masina korpusel. Painutatud metallist lauasildid. Valmistame erinevaid masinaohutuskleebiseid t\u00f6\u00f6stusele [&#8230;]<\/p>\n","protected":false},"author":2,"featured_media":0,"parent":0,"menu_order":0,"comment_status":"closed","ping_status":"closed","template":"","meta":{"footnotes":""},"class_list":["post-1935","page","type-page","status-publish","hentry"],"yoast_head":"<!-- This site is optimized with the Yoast SEO plugin v27.5 - https:\/\/yoast.com\/product\/yoast-seo-wordpress\/ -->\n<title>MASINAOHUTUS - Kolm L\u00f5vi Ohutus<\/title>\n<meta name=\"description\" content=\"MASINAOHUTUS Kolm L\u00f5vi Ohutus DISPLAYD, RIPUTATAVAD SILDID, KRISTALLKLEEBISED, METALLIST SILDID, METALLILE TR\u00dcKK KLEEBITAVAD NEEDITAVAD METALLSILDID. METALLKLEEBISED T\u00d5STEKOHT\" \/>\n<meta name=\"robots\" content=\"index, follow, max-snippet:-1, max-image-preview:large, max-video-preview:-1\" \/>\n<link rel=\"canonical\" href=\"https:\/\/www.klo.ee\/?page_id=1935\" \/>\n<meta property=\"og:locale\" content=\"et_EE\" \/>\n<meta property=\"og:type\" content=\"article\" \/>\n<meta property=\"og:title\" content=\"MASINAOHUTUS - Kolm L\u00f5vi Ohutus\" \/>\n<meta property=\"og:description\" content=\"MASINAOHUTUS Kolm L\u00f5vi Ohutus DISPLAYD, RIPUTATAVAD SILDID, KRISTALLKLEEBISED, METALLIST SILDID, METALLILE TR\u00dcKK KLEEBITAVAD NEEDITAVAD METALLSILDID. METALLKLEEBISED T\u00d5STEKOHT\" \/>\n<meta property=\"og:url\" content=\"https:\/\/www.klo.ee\/?page_id=1935\" \/>\n<meta property=\"og:site_name\" content=\"Kolm L\u00f5vi Ohutus\" \/>\n<meta property=\"article:publisher\" content=\"https:\/\/www.facebook.com\/kloprof\" \/>\n<meta property=\"article:modified_time\" content=\"2025-03-14T13:46:27+00:00\" \/>\n<meta property=\"og:image\" content=\"https:\/\/www.klo.ee\/wp-content\/uploads\/2024\/11\/masinaohutusklb-2018.jpg\" \/>\n\t<meta property=\"og:image:width\" content=\"555\" \/>\n\t<meta property=\"og:image:height\" content=\"317\" \/>\n\t<meta property=\"og:image:type\" content=\"image\/jpeg\" \/>\n<meta name=\"twitter:card\" content=\"summary_large_image\" \/>\n<meta name=\"twitter:label1\" content=\"Est. reading time\" \/>\n\t<meta name=\"twitter:data1\" content=\"4 minutit\" \/>\n<script type=\"application\/ld+json\" class=\"yoast-schema-graph\">{\"@context\":\"https:\\\/\\\/schema.org\",\"@graph\":[{\"@type\":\"WebPage\",\"@id\":\"https:\\\/\\\/www.klo.ee\\\/?page_id=1935\",\"url\":\"https:\\\/\\\/www.klo.ee\\\/?page_id=1935\",\"name\":\"MASINAOHUTUS - Kolm L\u00f5vi Ohutus\",\"isPartOf\":{\"@id\":\"https:\\\/\\\/www.klo.ee\\\/#website\"},\"primaryImageOfPage\":{\"@id\":\"https:\\\/\\\/www.klo.ee\\\/?page_id=1935#primaryimage\"},\"image\":{\"@id\":\"https:\\\/\\\/www.klo.ee\\\/?page_id=1935#primaryimage\"},\"thumbnailUrl\":\"https:\\\/\\\/www.klo.ee\\\/wp-content\\\/uploads\\\/2024\\\/11\\\/masinaohutusklb-2018.jpg\",\"datePublished\":\"2024-11-29T18:30:29+00:00\",\"dateModified\":\"2025-03-14T13:46:27+00:00\",\"description\":\"MASINAOHUTUS Kolm L\u00f5vi Ohutus DISPLAYD, RIPUTATAVAD SILDID, KRISTALLKLEEBISED, METALLIST SILDID, METALLILE TR\u00dcKK KLEEBITAVAD NEEDITAVAD METALLSILDID. METALLKLEEBISED T\u00d5STEKOHT\",\"breadcrumb\":{\"@id\":\"https:\\\/\\\/www.klo.ee\\\/?page_id=1935#breadcrumb\"},\"inLanguage\":\"et\",\"potentialAction\":[{\"@type\":\"ReadAction\",\"target\":[\"https:\\\/\\\/www.klo.ee\\\/?page_id=1935\"]}]},{\"@type\":\"ImageObject\",\"inLanguage\":\"et\",\"@id\":\"https:\\\/\\\/www.klo.ee\\\/?page_id=1935#primaryimage\",\"url\":\"https:\\\/\\\/www.klo.ee\\\/wp-content\\\/uploads\\\/2024\\\/11\\\/masinaohutusklb-2018.jpg\",\"contentUrl\":\"https:\\\/\\\/www.klo.ee\\\/wp-content\\\/uploads\\\/2024\\\/11\\\/masinaohutusklb-2018.jpg\",\"width\":555,\"height\":317},{\"@type\":\"BreadcrumbList\",\"@id\":\"https:\\\/\\\/www.klo.ee\\\/?page_id=1935#breadcrumb\",\"itemListElement\":[{\"@type\":\"ListItem\",\"position\":1,\"name\":\"Home\",\"item\":\"https:\\\/\\\/www.klo.ee\\\/\"},{\"@type\":\"ListItem\",\"position\":2,\"name\":\"MASINAOHUTUS\"}]},{\"@type\":\"WebSite\",\"@id\":\"https:\\\/\\\/www.klo.ee\\\/#website\",\"url\":\"https:\\\/\\\/www.klo.ee\\\/\",\"name\":\"Kolm L\u00f5vi Ohutus\",\"description\":\"Ohutusm\u00e4rkide leht\",\"publisher\":{\"@id\":\"https:\\\/\\\/www.klo.ee\\\/#organization\"},\"potentialAction\":[{\"@type\":\"SearchAction\",\"target\":{\"@type\":\"EntryPoint\",\"urlTemplate\":\"https:\\\/\\\/www.klo.ee\\\/?s={search_term_string}\"},\"query-input\":{\"@type\":\"PropertyValueSpecification\",\"valueRequired\":true,\"valueName\":\"search_term_string\"}}],\"inLanguage\":\"et\"},{\"@type\":\"Organization\",\"@id\":\"https:\\\/\\\/www.klo.ee\\\/#organization\",\"name\":\"Kolm L\u00f5vi Ohutus\",\"url\":\"https:\\\/\\\/www.klo.ee\\\/\",\"logo\":{\"@type\":\"ImageObject\",\"inLanguage\":\"et\",\"@id\":\"https:\\\/\\\/www.klo.ee\\\/#\\\/schema\\\/logo\\\/image\\\/\",\"url\":\"https:\\\/\\\/www.klo.ee\\\/wp-content\\\/uploads\\\/2024\\\/09\\\/ohutusmarkheader.jpg\",\"contentUrl\":\"https:\\\/\\\/www.klo.ee\\\/wp-content\\\/uploads\\\/2024\\\/09\\\/ohutusmarkheader.jpg\",\"width\":863,\"height\":162,\"caption\":\"Kolm L\u00f5vi Ohutus\"},\"image\":{\"@id\":\"https:\\\/\\\/www.klo.ee\\\/#\\\/schema\\\/logo\\\/image\\\/\"},\"sameAs\":[\"https:\\\/\\\/www.facebook.com\\\/kloprof\"]}]}<\/script>\n<!-- \/ Yoast SEO plugin. -->","yoast_head_json":{"title":"MASINAOHUTUS - Kolm L\u00f5vi Ohutus","description":"MASINAOHUTUS Kolm L\u00f5vi Ohutus DISPLAYD, RIPUTATAVAD SILDID, KRISTALLKLEEBISED, METALLIST SILDID, METALLILE TR\u00dcKK KLEEBITAVAD NEEDITAVAD METALLSILDID. METALLKLEEBISED T\u00d5STEKOHT","robots":{"index":"index","follow":"follow","max-snippet":"max-snippet:-1","max-image-preview":"max-image-preview:large","max-video-preview":"max-video-preview:-1"},"canonical":"https:\/\/www.klo.ee\/?page_id=1935","og_locale":"et_EE","og_type":"article","og_title":"MASINAOHUTUS - Kolm L\u00f5vi Ohutus","og_description":"MASINAOHUTUS Kolm L\u00f5vi Ohutus DISPLAYD, RIPUTATAVAD SILDID, KRISTALLKLEEBISED, METALLIST SILDID, METALLILE TR\u00dcKK KLEEBITAVAD NEEDITAVAD METALLSILDID. METALLKLEEBISED T\u00d5STEKOHT","og_url":"https:\/\/www.klo.ee\/?page_id=1935","og_site_name":"Kolm L\u00f5vi Ohutus","article_publisher":"https:\/\/www.facebook.com\/kloprof","article_modified_time":"2025-03-14T13:46:27+00:00","og_image":[{"width":555,"height":317,"url":"https:\/\/www.klo.ee\/wp-content\/uploads\/2024\/11\/masinaohutusklb-2018.jpg","type":"image\/jpeg"}],"twitter_card":"summary_large_image","twitter_misc":{"Est. reading time":"4 minutit"},"schema":{"@context":"https:\/\/schema.org","@graph":[{"@type":"WebPage","@id":"https:\/\/www.klo.ee\/?page_id=1935","url":"https:\/\/www.klo.ee\/?page_id=1935","name":"MASINAOHUTUS - Kolm L\u00f5vi Ohutus","isPartOf":{"@id":"https:\/\/www.klo.ee\/#website"},"primaryImageOfPage":{"@id":"https:\/\/www.klo.ee\/?page_id=1935#primaryimage"},"image":{"@id":"https:\/\/www.klo.ee\/?page_id=1935#primaryimage"},"thumbnailUrl":"https:\/\/www.klo.ee\/wp-content\/uploads\/2024\/11\/masinaohutusklb-2018.jpg","datePublished":"2024-11-29T18:30:29+00:00","dateModified":"2025-03-14T13:46:27+00:00","description":"MASINAOHUTUS Kolm L\u00f5vi Ohutus DISPLAYD, RIPUTATAVAD SILDID, KRISTALLKLEEBISED, METALLIST SILDID, METALLILE TR\u00dcKK KLEEBITAVAD NEEDITAVAD METALLSILDID. METALLKLEEBISED T\u00d5STEKOHT","breadcrumb":{"@id":"https:\/\/www.klo.ee\/?page_id=1935#breadcrumb"},"inLanguage":"et","potentialAction":[{"@type":"ReadAction","target":["https:\/\/www.klo.ee\/?page_id=1935"]}]},{"@type":"ImageObject","inLanguage":"et","@id":"https:\/\/www.klo.ee\/?page_id=1935#primaryimage","url":"https:\/\/www.klo.ee\/wp-content\/uploads\/2024\/11\/masinaohutusklb-2018.jpg","contentUrl":"https:\/\/www.klo.ee\/wp-content\/uploads\/2024\/11\/masinaohutusklb-2018.jpg","width":555,"height":317},{"@type":"BreadcrumbList","@id":"https:\/\/www.klo.ee\/?page_id=1935#breadcrumb","itemListElement":[{"@type":"ListItem","position":1,"name":"Home","item":"https:\/\/www.klo.ee\/"},{"@type":"ListItem","position":2,"name":"MASINAOHUTUS"}]},{"@type":"WebSite","@id":"https:\/\/www.klo.ee\/#website","url":"https:\/\/www.klo.ee\/","name":"Kolm L\u00f5vi Ohutus","description":"Ohutusm\u00e4rkide leht","publisher":{"@id":"https:\/\/www.klo.ee\/#organization"},"potentialAction":[{"@type":"SearchAction","target":{"@type":"EntryPoint","urlTemplate":"https:\/\/www.klo.ee\/?s={search_term_string}"},"query-input":{"@type":"PropertyValueSpecification","valueRequired":true,"valueName":"search_term_string"}}],"inLanguage":"et"},{"@type":"Organization","@id":"https:\/\/www.klo.ee\/#organization","name":"Kolm L\u00f5vi Ohutus","url":"https:\/\/www.klo.ee\/","logo":{"@type":"ImageObject","inLanguage":"et","@id":"https:\/\/www.klo.ee\/#\/schema\/logo\/image\/","url":"https:\/\/www.klo.ee\/wp-content\/uploads\/2024\/09\/ohutusmarkheader.jpg","contentUrl":"https:\/\/www.klo.ee\/wp-content\/uploads\/2024\/09\/ohutusmarkheader.jpg","width":863,"height":162,"caption":"Kolm L\u00f5vi Ohutus"},"image":{"@id":"https:\/\/www.klo.ee\/#\/schema\/logo\/image\/"},"sameAs":["https:\/\/www.facebook.com\/kloprof"]}]}},"_links":{"self":[{"href":"https:\/\/www.klo.ee\/index.php?rest_route=\/wp\/v2\/pages\/1935","targetHints":{"allow":["GET"]}}],"collection":[{"href":"https:\/\/www.klo.ee\/index.php?rest_route=\/wp\/v2\/pages"}],"about":[{"href":"https:\/\/www.klo.ee\/index.php?rest_route=\/wp\/v2\/types\/page"}],"author":[{"embeddable":true,"href":"https:\/\/www.klo.ee\/index.php?rest_route=\/wp\/v2\/users\/2"}],"replies":[{"embeddable":true,"href":"https:\/\/www.klo.ee\/index.php?rest_route=%2Fwp%2Fv2%2Fcomments&post=1935"}],"version-history":[{"count":15,"href":"https:\/\/www.klo.ee\/index.php?rest_route=\/wp\/v2\/pages\/1935\/revisions"}],"predecessor-version":[{"id":2931,"href":"https:\/\/www.klo.ee\/index.php?rest_route=\/wp\/v2\/pages\/1935\/revisions\/2931"}],"wp:attachment":[{"href":"https:\/\/www.klo.ee\/index.php?rest_route=%2Fwp%2Fv2%2Fmedia&parent=1935"}],"curies":[{"name":"wp","href":"https:\/\/api.w.org\/{rel}","templated":true}]}}