{"id":1942,"date":"2024-11-29T18:32:57","date_gmt":"2024-11-29T18:32:57","guid":{"rendered":"https:\/\/www.klo.ee\/?page_id=1942"},"modified":"2025-04-16T12:30:52","modified_gmt":"2025-04-16T12:30:52","slug":"materjalid","status":"publish","type":"page","link":"https:\/\/www.klo.ee\/?page_id=1942","title":{"rendered":"MATERJALID"},"content":{"rendered":"<h1>Ohutusm\u00e4rkide valmistamiseks kasutatavad materjalid:<\/h1>\n<ul>\n<li>p\u00fcsiliimiga kleebis, min paigaldustemperatuur +15\u00b0C<\/li>\n<li>eemaldatava liimiga kleebis<\/li>\n<li>agressiivsema (tugevama) liimiga kleebis Hit-tack, tehniline info vaata <a href=\"https:\/\/www.klo.ee\/wp-content\/uploads\/2024\/12\/meta-kleebis-kaitsekile.jpg\" target=\"_blank\" rel=\"noopener\">SIIT<\/a><\/li>\n<li>j\u00e4relhelenduv kleebis (fosforkleebis), min paigaldustemperatuur +8\u00b0C<\/li>\n<li>valguspeegeldav kleebis (helkurkleebis)<\/li>\n<li>neoonkleebised &#8211; k\u00f5rge n\u00e4htavuse tagamiseks<\/li>\n<li>s\u00fcgavk\u00fclmakleebis (paber p\u00f5himikul)<\/li>\n<li>p\u00fcsiliimiga paberkleebis<\/li>\n<li>pehme magnetmaterjal<\/li>\n<li>neod\u00fc\u00fcm metallist p\u00fcsimagnet (\u00fcmmargused tahvlimagnetid 25mm)<\/li>\n<\/ul>\n<p><img loading=\"lazy\" decoding=\"async\" class=\"alignnone wp-image-1946\" src=\"https:\/\/www.klo.ee\/wp-content\/uploads\/2024\/11\/mummud-helkur-fosfor.jpg\" alt=\"\" width=\"900\" height=\"938\" srcset=\"https:\/\/www.klo.ee\/wp-content\/uploads\/2024\/11\/mummud-helkur-fosfor.jpg 520w, https:\/\/www.klo.ee\/wp-content\/uploads\/2024\/11\/mummud-helkur-fosfor-288x300.jpg 288w\" sizes=\"auto, (max-width: 900px) 100vw, 900px\" \/><br \/>\nhelkur ringid, fosfor ringid, mummud<br \/>\nSiin kolmikfotol on tavavalguses ja pimeduses helkur- ja fosforkleebised.<\/p>\n<hr \/>\n<h3>Ohutusm\u00e4rkide vastupidavust saab t\u00f5sta kui nad katta kaitsekilega:<\/h3>\n<ul style=\"list-style-type: disc;\">\n<li>tavaline kaitsekile (kaitseb tavaolukordades liivast, ilmastikust, tavakemikaalidest, puhastus ainetest tuleneva kulumise eest)<\/li>\n<li>kivikaitselaminaat (kaitseb suurenenud mehaanilise kulumise eest)<\/li>\n<li>anti-graffiti laminaat (v\u00f5imaldab h\u00f5lpsamini puhastada soditud m\u00e4rgist)<\/li>\n<li>p\u00f5randalaminaat (kaitseb k\u00e4imisest ja mehaaniliste osakeste h\u00f5\u00f5rdumisega kaasneva kulumise eest, samas ei muutu niiskudes libedaks)<\/li>\n<\/ul>\n<p><img loading=\"lazy\" decoding=\"async\" class=\"alignnone wp-image-1945\" src=\"https:\/\/www.klo.ee\/wp-content\/uploads\/2024\/11\/ettevaatust_tootav-tostuk.png\" alt=\"\" width=\"900\" height=\"280\" srcset=\"https:\/\/www.klo.ee\/wp-content\/uploads\/2024\/11\/ettevaatust_tootav-tostuk.png 675w, https:\/\/www.klo.ee\/wp-content\/uploads\/2024\/11\/ettevaatust_tootav-tostuk-300x93.png 300w\" sizes=\"auto, (max-width: 900px) 100vw, 900px\" \/><br \/>\nkaitsekile, p\u00f5randa laminaat<\/p>\n<hr \/>\n<h3>Ohutusm\u00e4rkide vastupidavust saab suurendada kui need teha \u00f5igele alusele:<\/h3>\n<ul style=\"list-style-type: disc;\">\n<li><strong>kleebis<\/strong> (enimlevinud materjal, mugav kleepida erinevatele siledatele ja kuivadele, puhastatud pindadele)<\/li>\n<li><strong>eriliimidega kleebised<\/strong> (m\u00f5eldud kergelt ebatasastele pindadele v\u00f5i betoonile kleepimiseks)<\/li>\n<li><strong>vahtplastik alused<\/strong> (levinud materjal, kerge, h\u00e4sti t\u00f6\u00f6deldav) v\u00f5imalikud paksused 1, 2, 3, 5, 8mm. Kinnitused pindadele kahepoolse teibiga v\u00e4iksemad kerged ohutusm\u00e4rgid. Suuremad ohutusm\u00e4rgid saab liimida pindadele, kruvikinnitus, kaablivitsadega v\u00f5rkpindadele.<\/li>\n<li><strong>PP plastik<\/strong> (pol\u00fcpropeen) kerge, elastne ja painutatav &#8211; m\u00e4rgised sobivad kumeratele pindadele.<\/li>\n<li><strong>PS plastik<\/strong> (pol\u00fcstereen) j\u00e4ik, k\u00f5va, l\u00f6\u00f6gikindel &#8211; peab h\u00e4sti vastu vandaalitsemisele kui on korralikult kinnitatud pindadele.<\/li>\n<li><strong>tunnelplastik<\/strong> (levinud materjal kinnitamiseks v\u00f5rkaedadele, n\u00e4iteks ehitusterritooriumidel, ajutised v\u00f5i teisaldatavad korduvkasutusega m\u00e4rgised)<br \/>\nv\u00f5imalikud paksused 5 v\u00f5i 8mm(5mm on v\u00f5imalik tugevdada metall\u00f6\u00f6sidega). Kinnitused suurepealiste kruvidega v\u00f5i kaablivitsadega v\u00f5rkpindadele.<\/li>\n<li><strong>alumiinium komposiitplaat<\/strong> (v\u00e4ga vastupidav erinevates olukordades). Kolmekihiline materjal (pealmine ja alumine kiht alumiiniumist, keskel tugev plastik). Materjal \u00fchendab endas plastiku ja alumiiniumi parimaid omadusi. Paksus 3mm. Kinnitus kruvide-poltidega sobivale pinnale.<\/li>\n<li><strong>Zn-plekk<\/strong> (tsinkplekk on vastupidav ja kestab rasketes oludes). Kinnitus postile klambritega v\u00f5i kruvide-poltidega, t\u00f5mbeneetidega sobivale pinnale. Suurused vastavalt t\u00fc\u00fcpalustele v\u00f5i moodulitest koosnevad suurem\u00f5\u00f5tmelised ohutustahvlid (n\u00e4iteks tulet\u00f5rje veev\u00f5tukoht).<\/li>\n<li><strong>Al-plekk<\/strong> (alumiiniumplekk vastupidav ja kestab rasketes oludes, ei roosteta). Postile kinnitus klambritega v\u00f5i kruvide-poltidega, t\u00f5mbeneetidega sobivale pinnale. Suurused vastavalt t\u00fc\u00fcpalustele v\u00f5i moodulitest koosnevad suurem\u00f5\u00f5tmelised ohutustahvlid.<\/li>\n<\/ul>\n<p><img loading=\"lazy\" decoding=\"async\" class=\"alignnone wp-image-1944\" src=\"https:\/\/www.klo.ee\/wp-content\/uploads\/2024\/11\/eravaldus_200x300mm.jpg\" alt=\"\" width=\"900\" height=\"941\" srcset=\"https:\/\/www.klo.ee\/wp-content\/uploads\/2024\/11\/eravaldus_200x300mm.jpg 575w, https:\/\/www.klo.ee\/wp-content\/uploads\/2024\/11\/eravaldus_200x300mm-287x300.jpg 287w\" sizes=\"auto, (max-width: 900px) 100vw, 900px\" \/><\/p>\n<hr \/>\n<h3>Pehme \u00f5hukene magnetmaterjal ajutistele m\u00e4rgistele v\u00f5i konteinerite t\u00e4histamiseks.<\/h3>\n<p><strong>Pehme magneti kasutustemperatuurid<\/strong> -5\u00b0C to 40\u00b0C, suhteline \u00f5huniiskus 10% &#8211; 80%.<\/p>\n<p><img loading=\"lazy\" decoding=\"async\" class=\"alignnone wp-image-1943\" src=\"https:\/\/www.klo.ee\/wp-content\/uploads\/2024\/11\/pehmemagnet.jpg\" alt=\"\" width=\"899\" height=\"487\" srcset=\"https:\/\/www.klo.ee\/wp-content\/uploads\/2024\/11\/pehmemagnet.jpg 657w, https:\/\/www.klo.ee\/wp-content\/uploads\/2024\/11\/pehmemagnet-300x163.jpg 300w\" sizes=\"auto, (max-width: 899px) 100vw, 899px\" \/><br \/>\nmagnetmaterjal, pehme magnet, magnet<\/p>\n<p>N\u00e4iteks elektriohutuses kasutatav &#8220;Mitte l\u00fclitada&#8221; m\u00e4rk &#8211; vaata<a href=\"https:\/\/www.klo.ee\/?page_id=753\" target=\"_blank\" rel=\"noopener\"> siit<\/a>. T\u00f6\u00f6ohutuse all &#8220;Remont&#8221; ja &#8220;\u00c4ra puutu&#8221; .<\/p>\n<figure id=\"attachment_447\" aria-describedby=\"caption-attachment-447\" style=\"width: 893px\" class=\"wp-caption alignnone\"><img loading=\"lazy\" decoding=\"async\" class=\" wp-image-447\" src=\"https:\/\/www.klo.ee\/wp-content\/uploads\/2024\/10\/magnetmargistus.jpg\" alt=\"\" width=\"893\" height=\"659\" srcset=\"https:\/\/www.klo.ee\/wp-content\/uploads\/2024\/10\/magnetmargistus.jpg 657w, https:\/\/www.klo.ee\/wp-content\/uploads\/2024\/10\/magnetmargistus-300x221.jpg 300w\" sizes=\"auto, (max-width: 893px) 100vw, 893px\" \/><figcaption id=\"caption-attachment-447\" class=\"wp-caption-text\">OLYMPUS DIGITAL CAMERA<\/figcaption><\/figure>\n<h3>KLEEBISTE PAIGALDUSJUHIS<\/h3>\n<ul style=\"list-style-type: disc;\">\n<li>Pinnad peavad eelnevalt olema puhtad, kuivad ja ilma \u00f5li, rasva, lahustite, silikooni v\u00f5i muude lisanditeta.<\/li>\n<li>Peale puhastamist tuleb veidi oodata, et puhastusvahendi j\u00e4\u00e4gid aurustuksid.<\/li>\n<li>Seej\u00e4rel tuleb pind \u00fcle p\u00fchkida puhta ja kuiva lapiga.<\/li>\n<li>Mittet\u00e4ieliku kuivatamise t\u00f5ttu j\u00e4\u00e4nud lahusti j\u00e4\u00e4gid v\u00f5ivad p\u00f5hjustada kile ja pinna vahele gaasimullide tekkimist.<\/li>\n<li>Suurte soojuspaisumise ja k\u00fclmas kokkut\u00f5mbumise omadustega materjalile kleepimisel v\u00f5ivad temperatuurik\u00f5ikumised p\u00f5hjustada kortse.<\/li>\n<li>Igal materjalil on oma paigaldus- ja kasutustemperatuur, milles materjal s\u00e4ilitab oma omadused.<\/li>\n<li>N\u00e4iteks fosformaterjali paigaldustemperatuur algab +8 \u00b0C-st, kasutustemperatuuri vahemik on -40 kuni +100 \u00b0C.<\/li>\n<li>Liialt kuum v\u00f5i k\u00fclm pind v\u00f5ib p\u00f5hjustada materjali kahjustusi v\u00f5i selle kleepuvuse v\u00e4henemist.<\/li>\n<li>Kui soovite materjali testt\u00fckke, v\u00f5ite neid meie k\u00e4est k\u00fcsida.<\/li>\n<li>\u00d5ige liimitugevus avaldub 48\u201372 tunni jooksul. Kui pind v\u00f5i ruum on jahe, v\u00f5ib see protsess v\u00f5tta kauem aega, kuni pind soojeneb vajaliku temperatuurini.<\/li>\n<\/ul>\n","protected":false},"excerpt":{"rendered":"<p>Ohutusm\u00e4rkide valmistamiseks kasutatavad materjalid: p\u00fcsiliimiga kleebis, min paigaldustemperatuur +15\u00b0C eemaldatava liimiga kleebis agressiivsema (tugevama) liimiga kleebis Hit-tack, tehniline info vaata SIIT j\u00e4relhelenduv kleebis (fosforkleebis), min [&#8230;]<\/p>\n","protected":false},"author":2,"featured_media":0,"parent":0,"menu_order":0,"comment_status":"closed","ping_status":"closed","template":"","meta":{"footnotes":""},"class_list":["post-1942","page","type-page","status-publish","hentry"],"yoast_head":"<!-- This site is optimized with the Yoast SEO plugin v27.4 - https:\/\/yoast.com\/product\/yoast-seo-wordpress\/ -->\n<title>MATERJALID - Kolm L\u00f5vi Ohutus<\/title>\n<meta name=\"description\" content=\"MATERJALID Kolm L\u00f5vi Ohutus\" \/>\n<meta name=\"robots\" content=\"index, follow, max-snippet:-1, max-image-preview:large, max-video-preview:-1\" \/>\n<link rel=\"canonical\" href=\"https:\/\/www.klo.ee\/?page_id=1942\" \/>\n<meta property=\"og:locale\" content=\"et_EE\" \/>\n<meta property=\"og:type\" content=\"article\" \/>\n<meta property=\"og:title\" content=\"MATERJALID - Kolm L\u00f5vi Ohutus\" \/>\n<meta property=\"og:description\" content=\"MATERJALID Kolm L\u00f5vi Ohutus\" \/>\n<meta property=\"og:url\" content=\"https:\/\/www.klo.ee\/?page_id=1942\" \/>\n<meta property=\"og:site_name\" content=\"Kolm L\u00f5vi Ohutus\" \/>\n<meta property=\"article:publisher\" content=\"https:\/\/www.facebook.com\/kloprof\" \/>\n<meta property=\"article:modified_time\" content=\"2025-04-16T12:30:52+00:00\" \/>\n<meta property=\"og:image\" content=\"https:\/\/www.klo.ee\/wp-content\/uploads\/2024\/11\/mummud-helkur-fosfor.jpg\" \/>\n\t<meta property=\"og:image:width\" content=\"520\" \/>\n\t<meta property=\"og:image:height\" content=\"542\" \/>\n\t<meta property=\"og:image:type\" content=\"image\/jpeg\" \/>\n<meta name=\"twitter:card\" content=\"summary_large_image\" \/>\n<meta name=\"twitter:label1\" content=\"Est. reading time\" \/>\n\t<meta name=\"twitter:data1\" content=\"4 minutit\" \/>\n<script type=\"application\/ld+json\" class=\"yoast-schema-graph\">{\"@context\":\"https:\\\/\\\/schema.org\",\"@graph\":[{\"@type\":\"WebPage\",\"@id\":\"https:\\\/\\\/www.klo.ee\\\/?page_id=1942\",\"url\":\"https:\\\/\\\/www.klo.ee\\\/?page_id=1942\",\"name\":\"MATERJALID - Kolm L\u00f5vi Ohutus\",\"isPartOf\":{\"@id\":\"https:\\\/\\\/www.klo.ee\\\/#website\"},\"primaryImageOfPage\":{\"@id\":\"https:\\\/\\\/www.klo.ee\\\/?page_id=1942#primaryimage\"},\"image\":{\"@id\":\"https:\\\/\\\/www.klo.ee\\\/?page_id=1942#primaryimage\"},\"thumbnailUrl\":\"https:\\\/\\\/www.klo.ee\\\/wp-content\\\/uploads\\\/2024\\\/11\\\/mummud-helkur-fosfor.jpg\",\"datePublished\":\"2024-11-29T18:32:57+00:00\",\"dateModified\":\"2025-04-16T12:30:52+00:00\",\"description\":\"MATERJALID Kolm L\u00f5vi Ohutus\",\"breadcrumb\":{\"@id\":\"https:\\\/\\\/www.klo.ee\\\/?page_id=1942#breadcrumb\"},\"inLanguage\":\"et\",\"potentialAction\":[{\"@type\":\"ReadAction\",\"target\":[\"https:\\\/\\\/www.klo.ee\\\/?page_id=1942\"]}]},{\"@type\":\"ImageObject\",\"inLanguage\":\"et\",\"@id\":\"https:\\\/\\\/www.klo.ee\\\/?page_id=1942#primaryimage\",\"url\":\"https:\\\/\\\/www.klo.ee\\\/wp-content\\\/uploads\\\/2024\\\/11\\\/mummud-helkur-fosfor.jpg\",\"contentUrl\":\"https:\\\/\\\/www.klo.ee\\\/wp-content\\\/uploads\\\/2024\\\/11\\\/mummud-helkur-fosfor.jpg\",\"width\":520,\"height\":542},{\"@type\":\"BreadcrumbList\",\"@id\":\"https:\\\/\\\/www.klo.ee\\\/?page_id=1942#breadcrumb\",\"itemListElement\":[{\"@type\":\"ListItem\",\"position\":1,\"name\":\"Home\",\"item\":\"https:\\\/\\\/www.klo.ee\\\/\"},{\"@type\":\"ListItem\",\"position\":2,\"name\":\"MATERJALID\"}]},{\"@type\":\"WebSite\",\"@id\":\"https:\\\/\\\/www.klo.ee\\\/#website\",\"url\":\"https:\\\/\\\/www.klo.ee\\\/\",\"name\":\"Kolm L\u00f5vi Ohutus\",\"description\":\"Ohutusm\u00e4rkide leht\",\"publisher\":{\"@id\":\"https:\\\/\\\/www.klo.ee\\\/#organization\"},\"potentialAction\":[{\"@type\":\"SearchAction\",\"target\":{\"@type\":\"EntryPoint\",\"urlTemplate\":\"https:\\\/\\\/www.klo.ee\\\/?s={search_term_string}\"},\"query-input\":{\"@type\":\"PropertyValueSpecification\",\"valueRequired\":true,\"valueName\":\"search_term_string\"}}],\"inLanguage\":\"et\"},{\"@type\":\"Organization\",\"@id\":\"https:\\\/\\\/www.klo.ee\\\/#organization\",\"name\":\"Kolm L\u00f5vi Ohutus\",\"url\":\"https:\\\/\\\/www.klo.ee\\\/\",\"logo\":{\"@type\":\"ImageObject\",\"inLanguage\":\"et\",\"@id\":\"https:\\\/\\\/www.klo.ee\\\/#\\\/schema\\\/logo\\\/image\\\/\",\"url\":\"https:\\\/\\\/www.klo.ee\\\/wp-content\\\/uploads\\\/2024\\\/09\\\/ohutusmarkheader.jpg\",\"contentUrl\":\"https:\\\/\\\/www.klo.ee\\\/wp-content\\\/uploads\\\/2024\\\/09\\\/ohutusmarkheader.jpg\",\"width\":863,\"height\":162,\"caption\":\"Kolm L\u00f5vi Ohutus\"},\"image\":{\"@id\":\"https:\\\/\\\/www.klo.ee\\\/#\\\/schema\\\/logo\\\/image\\\/\"},\"sameAs\":[\"https:\\\/\\\/www.facebook.com\\\/kloprof\"]}]}<\/script>\n<!-- \/ Yoast SEO plugin. -->","yoast_head_json":{"title":"MATERJALID - Kolm L\u00f5vi Ohutus","description":"MATERJALID Kolm L\u00f5vi Ohutus","robots":{"index":"index","follow":"follow","max-snippet":"max-snippet:-1","max-image-preview":"max-image-preview:large","max-video-preview":"max-video-preview:-1"},"canonical":"https:\/\/www.klo.ee\/?page_id=1942","og_locale":"et_EE","og_type":"article","og_title":"MATERJALID - Kolm L\u00f5vi Ohutus","og_description":"MATERJALID Kolm L\u00f5vi Ohutus","og_url":"https:\/\/www.klo.ee\/?page_id=1942","og_site_name":"Kolm L\u00f5vi Ohutus","article_publisher":"https:\/\/www.facebook.com\/kloprof","article_modified_time":"2025-04-16T12:30:52+00:00","og_image":[{"width":520,"height":542,"url":"https:\/\/www.klo.ee\/wp-content\/uploads\/2024\/11\/mummud-helkur-fosfor.jpg","type":"image\/jpeg"}],"twitter_card":"summary_large_image","twitter_misc":{"Est. reading time":"4 minutit"},"schema":{"@context":"https:\/\/schema.org","@graph":[{"@type":"WebPage","@id":"https:\/\/www.klo.ee\/?page_id=1942","url":"https:\/\/www.klo.ee\/?page_id=1942","name":"MATERJALID - Kolm L\u00f5vi Ohutus","isPartOf":{"@id":"https:\/\/www.klo.ee\/#website"},"primaryImageOfPage":{"@id":"https:\/\/www.klo.ee\/?page_id=1942#primaryimage"},"image":{"@id":"https:\/\/www.klo.ee\/?page_id=1942#primaryimage"},"thumbnailUrl":"https:\/\/www.klo.ee\/wp-content\/uploads\/2024\/11\/mummud-helkur-fosfor.jpg","datePublished":"2024-11-29T18:32:57+00:00","dateModified":"2025-04-16T12:30:52+00:00","description":"MATERJALID Kolm L\u00f5vi Ohutus","breadcrumb":{"@id":"https:\/\/www.klo.ee\/?page_id=1942#breadcrumb"},"inLanguage":"et","potentialAction":[{"@type":"ReadAction","target":["https:\/\/www.klo.ee\/?page_id=1942"]}]},{"@type":"ImageObject","inLanguage":"et","@id":"https:\/\/www.klo.ee\/?page_id=1942#primaryimage","url":"https:\/\/www.klo.ee\/wp-content\/uploads\/2024\/11\/mummud-helkur-fosfor.jpg","contentUrl":"https:\/\/www.klo.ee\/wp-content\/uploads\/2024\/11\/mummud-helkur-fosfor.jpg","width":520,"height":542},{"@type":"BreadcrumbList","@id":"https:\/\/www.klo.ee\/?page_id=1942#breadcrumb","itemListElement":[{"@type":"ListItem","position":1,"name":"Home","item":"https:\/\/www.klo.ee\/"},{"@type":"ListItem","position":2,"name":"MATERJALID"}]},{"@type":"WebSite","@id":"https:\/\/www.klo.ee\/#website","url":"https:\/\/www.klo.ee\/","name":"Kolm L\u00f5vi Ohutus","description":"Ohutusm\u00e4rkide leht","publisher":{"@id":"https:\/\/www.klo.ee\/#organization"},"potentialAction":[{"@type":"SearchAction","target":{"@type":"EntryPoint","urlTemplate":"https:\/\/www.klo.ee\/?s={search_term_string}"},"query-input":{"@type":"PropertyValueSpecification","valueRequired":true,"valueName":"search_term_string"}}],"inLanguage":"et"},{"@type":"Organization","@id":"https:\/\/www.klo.ee\/#organization","name":"Kolm L\u00f5vi Ohutus","url":"https:\/\/www.klo.ee\/","logo":{"@type":"ImageObject","inLanguage":"et","@id":"https:\/\/www.klo.ee\/#\/schema\/logo\/image\/","url":"https:\/\/www.klo.ee\/wp-content\/uploads\/2024\/09\/ohutusmarkheader.jpg","contentUrl":"https:\/\/www.klo.ee\/wp-content\/uploads\/2024\/09\/ohutusmarkheader.jpg","width":863,"height":162,"caption":"Kolm L\u00f5vi Ohutus"},"image":{"@id":"https:\/\/www.klo.ee\/#\/schema\/logo\/image\/"},"sameAs":["https:\/\/www.facebook.com\/kloprof"]}]}},"_links":{"self":[{"href":"https:\/\/www.klo.ee\/index.php?rest_route=\/wp\/v2\/pages\/1942","targetHints":{"allow":["GET"]}}],"collection":[{"href":"https:\/\/www.klo.ee\/index.php?rest_route=\/wp\/v2\/pages"}],"about":[{"href":"https:\/\/www.klo.ee\/index.php?rest_route=\/wp\/v2\/types\/page"}],"author":[{"embeddable":true,"href":"https:\/\/www.klo.ee\/index.php?rest_route=\/wp\/v2\/users\/2"}],"replies":[{"embeddable":true,"href":"https:\/\/www.klo.ee\/index.php?rest_route=%2Fwp%2Fv2%2Fcomments&post=1942"}],"version-history":[{"count":10,"href":"https:\/\/www.klo.ee\/index.php?rest_route=\/wp\/v2\/pages\/1942\/revisions"}],"predecessor-version":[{"id":2964,"href":"https:\/\/www.klo.ee\/index.php?rest_route=\/wp\/v2\/pages\/1942\/revisions\/2964"}],"wp:attachment":[{"href":"https:\/\/www.klo.ee\/index.php?rest_route=%2Fwp%2Fv2%2Fmedia&parent=1942"}],"curies":[{"name":"wp","href":"https:\/\/api.w.org\/{rel}","templated":true}]}}