{"id":1951,"date":"2024-11-29T18:34:06","date_gmt":"2024-11-29T18:34:06","guid":{"rendered":"https:\/\/www.klo.ee\/?page_id=1951"},"modified":"2024-12-27T16:52:36","modified_gmt":"2024-12-27T16:52:36","slug":"tehniline","status":"publish","type":"page","link":"https:\/\/www.klo.ee\/?page_id=1951","title":{"rendered":"TEHNILINE"},"content":{"rendered":"<h1>Tehniline info. Failide koostamise juhend. P\u00f5hilised v\u00e4rvikombinatsioonid ohutusm\u00e4rgistel. Toonitud alumiiniumi v\u00e4rvid olmem\u00e4rgistele. Ohutusm\u00e4rkide kujundamisest.<\/h1>\n<h2>Standard formaadid:<\/h2>\n<p>A6: 105x148mm<br \/>\nA5: 148x210mm<br \/>\nA4: 210x297mm<br \/>\nA3: 297x420mm<br \/>\nA2: 420x594mm<br \/>\nA1: 594x841mm<\/p>\n<h2>Ohutusm\u00e4rkide standardm\u00f5\u00f5dud:<\/h2>\n<p>1) Tekstiga ohutusm\u00e4rgid 200x300mm, 300x450mm<a href=\"https:\/\/www.klo.ee\/?page_id=1120\" target=\"_blank\" rel=\"noopener\"> (vaata m\u00e4rke siit)<\/a><br \/>\n2) Tavalised ruudu ja ristk\u00fcliku kujulised ohutusm\u00e4rgid:<br \/>\n50x50mm, 100x100mm, 150x150mm, 200x200mm, 300x300mm, 500x500mm, 750x750mm, 1000x1000mm, 200x75mm, 300&#215;112, 400x150mm, 400x200mm,<br \/>\n3) Evakuatsiooni suunavad m\u00e4rgid: 300x150mm, 400x200mm<br \/>\nEvakuatsiooni v\u00e4ljap\u00e4\u00e4su m\u00e4rgid (s\u00f5naga V\u00c4LJAP\u00c4\u00c4S): 400x150mm, 200x<br \/>\n4) Tulet\u00f5rje veev\u00f5tukoht 600x200mm<a href=\"https:\/\/www.klo.ee\/?page_id=188\" target=\"_blank\" rel=\"noopener\"> (vaata siit t\u00e4psemalt)<\/a><\/p>\n<h2>Metallm\u00e4rkide alused<\/h2>\n<p>1) valmis Zn-plekk alused 200&#215;300, 300&#215;300, 400&#215;400, 600&#215;200, 400&#215;600, 600&#215;1000, 1000&#215;1200, 875x600mm<br \/>\n2) suuremate m\u00e4rkide moodulid 2000x400mm \u00fchendatavad suuremateks tahvliteks.<\/p>\n<p>Metallm\u00e4rkide kohta lisainfo materjalide rubriigi all <a href=\"https:\/\/www.klo.ee\/?page_id=1942\" target=\"_blank\" rel=\"noopener\">(siin).<\/a><\/p>\n<p><img loading=\"lazy\" decoding=\"async\" class=\"alignnone size-full wp-image-1958\" src=\"https:\/\/www.klo.ee\/wp-content\/uploads\/2024\/11\/ohutustahvel.jpg\" alt=\"\" width=\"657\" height=\"411\" srcset=\"https:\/\/www.klo.ee\/wp-content\/uploads\/2024\/11\/ohutustahvel.jpg 657w, https:\/\/www.klo.ee\/wp-content\/uploads\/2024\/11\/ohutustahvel-300x188.jpg 300w\" sizes=\"auto, (max-width: 657px) 100vw, 657px\" \/><br \/>\nmetallist ohutustahvel<\/p>\n<h2>Signaalpaelad<\/h2>\n<p>Riputusm\u00e4rkide ja siltide paremaks m\u00e4rkamiseks v\u00f5ib lisada neile erksav\u00e4rvilise signaalpaela.<\/p>\n<p><img loading=\"lazy\" decoding=\"async\" class=\"size-full wp-image-1959\" src=\"https:\/\/www.klo.ee\/wp-content\/uploads\/2024\/11\/signaalpaelad.jpg\" alt=\"\" width=\"657\" height=\"544\" srcset=\"https:\/\/www.klo.ee\/wp-content\/uploads\/2024\/11\/signaalpaelad.jpg 657w, https:\/\/www.klo.ee\/wp-content\/uploads\/2024\/11\/signaalpaelad-300x248.jpg 300w\" sizes=\"auto, (max-width: 657px) 100vw, 657px\" \/><\/p>\n<h2>Kaitsekilede p\u00f5hilised t\u00fc\u00fcbid<\/h2>\n<h3>Siseruumides kasutamiseks:<\/h3>\n<ul style=\"list-style-type: disc;\">\n<li>Materjalid: PP CDEL 40 \u00b5m 513134 ja PP 50 \u00b5m valatud pol\u00fcprop\u00fcleen<\/li>\n<li>Liim: P\u00fcsiv pol\u00fcakr\u00fclaadi dispersioon, UV-kiirguse ja niiskuse suhtes v\u00e4ga vastupidav<\/li>\n<li>Paigaldustemperatuur: +10\u2026+25 \u00b0C<\/li>\n<li>Kasutustemperatuur: \u221215\u2026+50 \u00b0C<\/li>\n<\/ul>\n<h3>V\u00e4listingimustes kasutamiseks:<\/h3>\n<ul style=\"list-style-type: disc;\">\n<li>Materjalid: PP CDEL 40 \u00b5m 513134 ja PVC 80 \u00b5m monomeerne UV-kaitsega<\/li>\n<li>Liim: P\u00fcsiv pol\u00fcakr\u00fclaadi dispersioon, UV-kiirguse ja niiskuse suhtes v\u00e4ga vastupidav<\/li>\n<li>Paigaldustemperatuur: +5\u2026+40 \u00b0C<\/li>\n<li>Kasutustemperatuur: \u221230\u2026+70 \u00b0C<\/li>\n<\/ul>\n<h2>Pol\u00fcmeerne PVC 75 \u00b5m:<\/h2>\n<ul style=\"list-style-type: disc;\">\n<li>Kaitseb mustuse, UV-kiirguse ja niiskuse eest<\/li>\n<li>Paigaldustemperatuur: alates +10 \u00b0C<\/li>\n<li>Kasutustemperatuur: \u221240\u2026+80 \u00b0C<\/li>\n<li>Kasutusaeg: 5\u20137 aastat<\/li>\n<\/ul>\n<h2>Valulaminaat 30 \u00b5m vin\u00fc\u00fcl:<\/h2>\n<ul style=\"list-style-type: disc;\">\n<li>Paigaldustemperatuur: minimaalselt +4 \u00b0C<\/li>\n<li>Kasutustemperatuur: \u221240\u2026+82 \u00b0C<\/li>\n<li>Dimensionaalne stabiilsus: 0,4 mm<\/li>\n<li>Kasutusaeg: kuni 4 aastat<\/li>\n<li>Kemikaalide vastupidavus: Enamikule kergematele happelistele, leeliselistele ja soolalahustele (sh merevesi).<\/li>\n<\/ul>\n<h2>P\u00f5randalaminaadid:<\/h2>\n<ul style=\"list-style-type: disc;\">\n<li>Mitte-libiseva struktuurse pinnaga:<\/li>\n<li>100 \u00b5m (R10 libisemisvastane sertifikaat, vastupidavus: 3 kuud)<\/li>\n<li>170 \u00b5m (R11 libisemisvastane sertifikaat, vastupidavus: 6 kuud)<\/li>\n<\/ul>\n<h2>Raskemates tingimustes kasutamiseks:<\/h2>\n<ul style=\"list-style-type: disc;\">\n<li>Arlon 3590 (305 \u00b5m):<br \/>\n&#8211; Sobib soojenevatele pindadele, l\u00f6\u00f6kidele ja mootorratastele<br \/>\n&#8211; Paigaldustemperatuur: +10\u2026+26 \u00b0C<br \/>\n&#8211; Kasutustemperatuur: \u221240\u2026+80 \u00b0C<br \/>\n&#8211; Dimensionaalne stabiilsus: 70 \u00b0C juures 48 h jooksul: 0,51 mm<\/li>\n<li>Arlon 3420 (75 \u00b5m): tavalised kleebised ja sildid (kasutusaeg: 5 aastat)<\/li>\n<li>Arlon 3210 (30 \u00b5m) ja 3220 (50 \u00b5m): seina- ja suurgraafika jaoks (kasutusaeg: 7 aastat)<\/li>\n<\/ul>\n<h2>Kivikaitseteibid ja -kiled:<\/h2>\n<ul style=\"list-style-type: disc;\">\n<li>Arlon 3590 (305 \u00b5m)<\/li>\n<li>Avery 7541 (150 \u00b5m, kasutusaeg: 5 aastat)<\/li>\n<li>Avery 7545 (365 \u00b5m, kasutusaeg: 5 aastat)<\/li>\n<\/ul>\n<h2>Anti-grafiti kaitsekile:<\/h2>\n<ul style=\"list-style-type: disc;\">\n<li>L\u00e4bipaistev 20 \u00b5m (kasutusaeg: 3 aastat)<\/li>\n<\/ul>\n<p><strong>P\u00fcsivalt kuumadele pindadele<\/strong> soovitame kasutada metallist m\u00e4rke, kuna kuumad pinnad kiirendavad kleebiste vananemist. Elastomeerid ja plastifikaatorid lenduvad materjalist ja liimist, p\u00f5hjustades omaduste halvenemist.<\/p>\n<p>Meil on pakkuda 1mm Zn plekk m\u00e4rke kui ka 0,5-0,7mm alumiiniumist m\u00e4rke mida saab kinnitada t\u00f5mbeneetidega, t\u00f5mmitsate, kruvidega, poltidega v\u00f5i ka kahepoolse teibiga. Lahenduseks v\u00f5ib ka valmistada kleebisele Zn-lekist aluse, mis paigaldatakse distantseritega korpusest eemale, et v\u00f5imaldada aluspinna kiiremat jahtumist.<\/p>\n<hr \/>\n<p>Kaelakaartide nimekirjade edastamine<br \/>\nEsitage andmed XLS-failina.<br \/>\nIga andmev\u00e4li eraldi veerus ja andmed j\u00e4rjestatud \u00fclevalt alla ridadesse.<\/p>\n<p><img loading=\"lazy\" decoding=\"async\" class=\"alignnone size-full wp-image-1957\" src=\"https:\/\/www.klo.ee\/wp-content\/uploads\/2024\/11\/nimekirja_-koostamine_kaelakaartidele.jpg\" alt=\"\" width=\"634\" height=\"199\" srcset=\"https:\/\/www.klo.ee\/wp-content\/uploads\/2024\/11\/nimekirja_-koostamine_kaelakaartidele.jpg 634w, https:\/\/www.klo.ee\/wp-content\/uploads\/2024\/11\/nimekirja_-koostamine_kaelakaartidele-300x94.jpg 300w\" sizes=\"auto, (max-width: 634px) 100vw, 634px\" \/><\/p>\n<p>Kui on fotod siis foto nimi m\u00e4rgi samuti eraldi veergu nimereale.<\/p>\n<p>Laoaadresside kleebiste magnetite nimekirja koostamise juhis.<br \/>\nLaoaadresside tellimuse palume saata XLS v\u00f5i ODS failina. Laoaadresside failide koostamise \u00fcldine juhend pildina.<\/p>\n<p><img loading=\"lazy\" decoding=\"async\" class=\"alignnone size-full wp-image-1956\" src=\"https:\/\/www.klo.ee\/wp-content\/uploads\/2024\/11\/laoaadressidefailijuhend.jpg\" alt=\"\" width=\"844\" height=\"176\" srcset=\"https:\/\/www.klo.ee\/wp-content\/uploads\/2024\/11\/laoaadressidefailijuhend.jpg 844w, https:\/\/www.klo.ee\/wp-content\/uploads\/2024\/11\/laoaadressidefailijuhend-300x63.jpg 300w, https:\/\/www.klo.ee\/wp-content\/uploads\/2024\/11\/laoaadressidefailijuhend-768x160.jpg 768w\" sizes=\"auto, (max-width: 844px) 100vw, 844px\" \/><\/p>\n<p>P\u00f5hilised v\u00e4rvikombinatsioonid ohutusm\u00e4rgistel.<\/p>\n<p>P\u00f5hilised v\u00e4rvikombinatsioonid ohutusm\u00e4rkidel<\/p>\n<p><img loading=\"lazy\" decoding=\"async\" class=\"alignnone size-full wp-image-1955\" src=\"https:\/\/www.klo.ee\/wp-content\/uploads\/2024\/11\/varvid_ohutuses.png\" alt=\"\" width=\"657\" height=\"228\" srcset=\"https:\/\/www.klo.ee\/wp-content\/uploads\/2024\/11\/varvid_ohutuses.png 657w, https:\/\/www.klo.ee\/wp-content\/uploads\/2024\/11\/varvid_ohutuses-300x104.png 300w\" sizes=\"auto, (max-width: 657px) 100vw, 657px\" \/><\/p>\n<p>Tuleohutus: punane &#8211; valge (PU-23)<\/p>\n<p>Keelum\u00e4rgid: punane &#8211; must &#8211; valge (PU-11)<\/p>\n<p>Kemikaalide piktogrammid pakenditel: puna &#8211; must &#8211; valge (PU-11)<\/p>\n<p>Ohtlik: kollane &#8211; must (KO-22)<\/p>\n<p>Kohustusm\u00e4rk: sinine &#8211; valge (SI-23)<\/p>\n<p>Evakuatsioon: roheline &#8211; valge (RO-23)<\/p>\n<p>Esmaabi: roheline &#8211; valge (RO-23)<\/p>\n<p>Informatiivne: must &#8211; valge (MU-11)<\/p>\n<p>K\u00f5ike muid kombinatsioone kasutatakse juhul kui p\u00f5hiv\u00e4rvi kombinatsioonide kasutamine ei ole p\u00f5hjendatud.<\/p>\n<p>Olmem\u00e4rkide valmistamisel kasutatavate toonitud alumiiniumi toonid (toote n\u00e4idispildi siin). K\u00f5ikides toonides k\u00f5iki suuruseid ei ole v\u00f5imalik saada. Erilahenduste puhul k\u00fcsi hinnapakkumist. Pildil olev toon v\u00f5ib tegelikkuses erineda, pilt on m\u00f5eldud ainult \u00fcldise visualiseeriva info jagamiseks.<\/p>\n<p><img loading=\"lazy\" decoding=\"async\" class=\"alignnone size-full wp-image-1954\" src=\"https:\/\/www.klo.ee\/wp-content\/uploads\/2024\/11\/subli-metallitoonid.jpg\" alt=\"\" width=\"500\" height=\"400\" srcset=\"https:\/\/www.klo.ee\/wp-content\/uploads\/2024\/11\/subli-metallitoonid.jpg 500w, https:\/\/www.klo.ee\/wp-content\/uploads\/2024\/11\/subli-metallitoonid-300x240.jpg 300w\" sizes=\"auto, (max-width: 500px) 100vw, 500px\" \/><\/p>\n<p>Nimetused n\u00e4idise:<br \/>\n51-harjatud h\u00f5be<br \/>\n52 l\u00e4ikiv h\u00f5be<br \/>\n53 harjatud kuld<br \/>\n54 matt kuld<br \/>\n55 hele harjatud kuld<br \/>\n56 harjatud vask<br \/>\n57 l\u00e4ikiv valge<br \/>\n58 matt h\u00f5be<\/p>\n<p>Kandilised ja kandilised erinevate nurkadega on v\u00f5imalikud paljud m\u00f5\u00f5dud ning neid saab valmistada ka kliendi soovide j\u00e4rgi.<br \/>\nErikujulisena on tootmises ovaalsed 76x47mm (51 &#8211; harjatud h\u00f5be, 57 -l\u00e4ikiv valge, 56 &#8211; harjatud vask). Ovaalid 60x20mm (57, 51, 52, 58, 54, 55, 56).<\/p>\n<p>Ohutusm\u00e4rkide kujundamisest.<\/p>\n<p>Samuti muutes teksti infost hoiatavaks siis muutub m\u00e4rgise t\u00e4hendusv\u00e4rv. Olenevalt ukse avamise suunast peab nool ka \u00f5igesti n\u00e4itama. Ristk\u00fcliku kujuline formaat v\u00f5imaldab paremini pikemat teksti paigutada. Ruudukujuline on kompaktne kuid teksti paigutamisel peab vaatama kas muuta tekst v\u00e4iksemaks v\u00f5i s\u00fcmbolkujund.<\/p>\n<p><img loading=\"lazy\" decoding=\"async\" class=\"alignnone size-full wp-image-1126\" src=\"https:\/\/www.klo.ee\/wp-content\/uploads\/2024\/11\/lykanduksavaneblahenemisel-info.png\" alt=\"\" width=\"655\" height=\"190\" srcset=\"https:\/\/www.klo.ee\/wp-content\/uploads\/2024\/11\/lykanduksavaneblahenemisel-info.png 655w, https:\/\/www.klo.ee\/wp-content\/uploads\/2024\/11\/lykanduksavaneblahenemisel-info-300x87.png 300w\" sizes=\"auto, (max-width: 655px) 100vw, 655px\" \/><\/p>\n<p>Must-valge lihtsalt informeerib inimest kuidas n\u00e4iteks uks t\u00f6\u00f6tab.<br \/>\nKollane-must v\u00e4rvi kasutus eeldab ohtlikumat olukorda, mida v\u00f5iks tekstis r\u00f5hutada ehk siis tekst annab edasi s\u00f5numi et inimene peab olema n\u00fc\u00fcd t\u00e4helepanelikum.<\/p>\n<p><img loading=\"lazy\" decoding=\"async\" class=\"alignnone size-full wp-image-1125\" src=\"https:\/\/www.klo.ee\/wp-content\/uploads\/2024\/11\/lykanduksavaneblahenemisel-hoiatus.png\" alt=\"\" width=\"655\" height=\"190\" srcset=\"https:\/\/www.klo.ee\/wp-content\/uploads\/2024\/11\/lykanduksavaneblahenemisel-hoiatus.png 655w, https:\/\/www.klo.ee\/wp-content\/uploads\/2024\/11\/lykanduksavaneblahenemisel-hoiatus-300x87.png 300w\" sizes=\"auto, (max-width: 655px) 100vw, 655px\" \/><\/p>\n<p>Keelava m\u00e4rgise puhul must-punane kujundus ning samuti peab tekst olema kirjutatud keelavas v\u00f5tmes, n\u00e4iteks &#8220;ISEAVANEVALE UKSELE KIIRUSTADES L\u00c4HENEMINE KEELATUD! Uks avaneb aeglaselt.&#8221; Siin on siis \u00f6eldud ka selgituseks miks on kiirustamine keelatud &#8211; ukse automaatika on aeglane.<\/p>\n","protected":false},"excerpt":{"rendered":"<p>Tehniline info. Failide koostamise juhend. P\u00f5hilised v\u00e4rvikombinatsioonid ohutusm\u00e4rgistel. Toonitud alumiiniumi v\u00e4rvid olmem\u00e4rgistele. Ohutusm\u00e4rkide kujundamisest. Standard formaadid: A6: 105x148mm A5: 148x210mm A4: 210x297mm A3: 297x420mm A2: [&#8230;]<\/p>\n","protected":false},"author":2,"featured_media":0,"parent":0,"menu_order":0,"comment_status":"closed","ping_status":"closed","template":"","meta":{"footnotes":""},"class_list":["post-1951","page","type-page","status-publish","hentry"],"yoast_head":"<!-- This site is optimized with the Yoast SEO plugin v27.4 - https:\/\/yoast.com\/product\/yoast-seo-wordpress\/ -->\n<title>TEHNILINE - Kolm L\u00f5vi Ohutus<\/title>\n<meta name=\"description\" content=\"TEHNILINE Kolm L\u00f5vi Ohutus\" \/>\n<meta name=\"robots\" content=\"index, follow, max-snippet:-1, max-image-preview:large, max-video-preview:-1\" \/>\n<link rel=\"canonical\" href=\"https:\/\/www.klo.ee\/?page_id=1951\" \/>\n<meta property=\"og:locale\" content=\"et_EE\" \/>\n<meta property=\"og:type\" content=\"article\" \/>\n<meta property=\"og:title\" content=\"TEHNILINE - Kolm L\u00f5vi Ohutus\" \/>\n<meta property=\"og:description\" content=\"TEHNILINE Kolm L\u00f5vi Ohutus\" \/>\n<meta property=\"og:url\" content=\"https:\/\/www.klo.ee\/?page_id=1951\" \/>\n<meta property=\"og:site_name\" content=\"Kolm L\u00f5vi Ohutus\" \/>\n<meta property=\"article:publisher\" content=\"https:\/\/www.facebook.com\/kloprof\" \/>\n<meta property=\"article:modified_time\" content=\"2024-12-27T16:52:36+00:00\" \/>\n<meta property=\"og:image\" content=\"https:\/\/www.klo.ee\/wp-content\/uploads\/2024\/11\/ohutustahvel.jpg\" \/>\n\t<meta property=\"og:image:width\" content=\"657\" \/>\n\t<meta property=\"og:image:height\" content=\"411\" \/>\n\t<meta property=\"og:image:type\" content=\"image\/jpeg\" \/>\n<meta name=\"twitter:card\" content=\"summary_large_image\" \/>\n<meta name=\"twitter:label1\" content=\"Est. reading time\" \/>\n\t<meta name=\"twitter:data1\" content=\"6 minutit\" \/>\n<script type=\"application\/ld+json\" class=\"yoast-schema-graph\">{\"@context\":\"https:\\\/\\\/schema.org\",\"@graph\":[{\"@type\":\"WebPage\",\"@id\":\"https:\\\/\\\/www.klo.ee\\\/?page_id=1951\",\"url\":\"https:\\\/\\\/www.klo.ee\\\/?page_id=1951\",\"name\":\"TEHNILINE - Kolm L\u00f5vi Ohutus\",\"isPartOf\":{\"@id\":\"https:\\\/\\\/www.klo.ee\\\/#website\"},\"primaryImageOfPage\":{\"@id\":\"https:\\\/\\\/www.klo.ee\\\/?page_id=1951#primaryimage\"},\"image\":{\"@id\":\"https:\\\/\\\/www.klo.ee\\\/?page_id=1951#primaryimage\"},\"thumbnailUrl\":\"https:\\\/\\\/www.klo.ee\\\/wp-content\\\/uploads\\\/2024\\\/11\\\/ohutustahvel.jpg\",\"datePublished\":\"2024-11-29T18:34:06+00:00\",\"dateModified\":\"2024-12-27T16:52:36+00:00\",\"description\":\"TEHNILINE Kolm L\u00f5vi Ohutus\",\"breadcrumb\":{\"@id\":\"https:\\\/\\\/www.klo.ee\\\/?page_id=1951#breadcrumb\"},\"inLanguage\":\"et\",\"potentialAction\":[{\"@type\":\"ReadAction\",\"target\":[\"https:\\\/\\\/www.klo.ee\\\/?page_id=1951\"]}]},{\"@type\":\"ImageObject\",\"inLanguage\":\"et\",\"@id\":\"https:\\\/\\\/www.klo.ee\\\/?page_id=1951#primaryimage\",\"url\":\"https:\\\/\\\/www.klo.ee\\\/wp-content\\\/uploads\\\/2024\\\/11\\\/ohutustahvel.jpg\",\"contentUrl\":\"https:\\\/\\\/www.klo.ee\\\/wp-content\\\/uploads\\\/2024\\\/11\\\/ohutustahvel.jpg\",\"width\":657,\"height\":411},{\"@type\":\"BreadcrumbList\",\"@id\":\"https:\\\/\\\/www.klo.ee\\\/?page_id=1951#breadcrumb\",\"itemListElement\":[{\"@type\":\"ListItem\",\"position\":1,\"name\":\"Home\",\"item\":\"https:\\\/\\\/www.klo.ee\\\/\"},{\"@type\":\"ListItem\",\"position\":2,\"name\":\"TEHNILINE\"}]},{\"@type\":\"WebSite\",\"@id\":\"https:\\\/\\\/www.klo.ee\\\/#website\",\"url\":\"https:\\\/\\\/www.klo.ee\\\/\",\"name\":\"Kolm L\u00f5vi Ohutus\",\"description\":\"Ohutusm\u00e4rkide leht\",\"publisher\":{\"@id\":\"https:\\\/\\\/www.klo.ee\\\/#organization\"},\"potentialAction\":[{\"@type\":\"SearchAction\",\"target\":{\"@type\":\"EntryPoint\",\"urlTemplate\":\"https:\\\/\\\/www.klo.ee\\\/?s={search_term_string}\"},\"query-input\":{\"@type\":\"PropertyValueSpecification\",\"valueRequired\":true,\"valueName\":\"search_term_string\"}}],\"inLanguage\":\"et\"},{\"@type\":\"Organization\",\"@id\":\"https:\\\/\\\/www.klo.ee\\\/#organization\",\"name\":\"Kolm L\u00f5vi Ohutus\",\"url\":\"https:\\\/\\\/www.klo.ee\\\/\",\"logo\":{\"@type\":\"ImageObject\",\"inLanguage\":\"et\",\"@id\":\"https:\\\/\\\/www.klo.ee\\\/#\\\/schema\\\/logo\\\/image\\\/\",\"url\":\"https:\\\/\\\/www.klo.ee\\\/wp-content\\\/uploads\\\/2024\\\/09\\\/ohutusmarkheader.jpg\",\"contentUrl\":\"https:\\\/\\\/www.klo.ee\\\/wp-content\\\/uploads\\\/2024\\\/09\\\/ohutusmarkheader.jpg\",\"width\":863,\"height\":162,\"caption\":\"Kolm L\u00f5vi Ohutus\"},\"image\":{\"@id\":\"https:\\\/\\\/www.klo.ee\\\/#\\\/schema\\\/logo\\\/image\\\/\"},\"sameAs\":[\"https:\\\/\\\/www.facebook.com\\\/kloprof\"]}]}<\/script>\n<!-- \/ Yoast SEO plugin. -->","yoast_head_json":{"title":"TEHNILINE - Kolm L\u00f5vi Ohutus","description":"TEHNILINE Kolm L\u00f5vi Ohutus","robots":{"index":"index","follow":"follow","max-snippet":"max-snippet:-1","max-image-preview":"max-image-preview:large","max-video-preview":"max-video-preview:-1"},"canonical":"https:\/\/www.klo.ee\/?page_id=1951","og_locale":"et_EE","og_type":"article","og_title":"TEHNILINE - Kolm L\u00f5vi Ohutus","og_description":"TEHNILINE Kolm L\u00f5vi Ohutus","og_url":"https:\/\/www.klo.ee\/?page_id=1951","og_site_name":"Kolm L\u00f5vi Ohutus","article_publisher":"https:\/\/www.facebook.com\/kloprof","article_modified_time":"2024-12-27T16:52:36+00:00","og_image":[{"width":657,"height":411,"url":"https:\/\/www.klo.ee\/wp-content\/uploads\/2024\/11\/ohutustahvel.jpg","type":"image\/jpeg"}],"twitter_card":"summary_large_image","twitter_misc":{"Est. reading time":"6 minutit"},"schema":{"@context":"https:\/\/schema.org","@graph":[{"@type":"WebPage","@id":"https:\/\/www.klo.ee\/?page_id=1951","url":"https:\/\/www.klo.ee\/?page_id=1951","name":"TEHNILINE - Kolm L\u00f5vi Ohutus","isPartOf":{"@id":"https:\/\/www.klo.ee\/#website"},"primaryImageOfPage":{"@id":"https:\/\/www.klo.ee\/?page_id=1951#primaryimage"},"image":{"@id":"https:\/\/www.klo.ee\/?page_id=1951#primaryimage"},"thumbnailUrl":"https:\/\/www.klo.ee\/wp-content\/uploads\/2024\/11\/ohutustahvel.jpg","datePublished":"2024-11-29T18:34:06+00:00","dateModified":"2024-12-27T16:52:36+00:00","description":"TEHNILINE Kolm L\u00f5vi Ohutus","breadcrumb":{"@id":"https:\/\/www.klo.ee\/?page_id=1951#breadcrumb"},"inLanguage":"et","potentialAction":[{"@type":"ReadAction","target":["https:\/\/www.klo.ee\/?page_id=1951"]}]},{"@type":"ImageObject","inLanguage":"et","@id":"https:\/\/www.klo.ee\/?page_id=1951#primaryimage","url":"https:\/\/www.klo.ee\/wp-content\/uploads\/2024\/11\/ohutustahvel.jpg","contentUrl":"https:\/\/www.klo.ee\/wp-content\/uploads\/2024\/11\/ohutustahvel.jpg","width":657,"height":411},{"@type":"BreadcrumbList","@id":"https:\/\/www.klo.ee\/?page_id=1951#breadcrumb","itemListElement":[{"@type":"ListItem","position":1,"name":"Home","item":"https:\/\/www.klo.ee\/"},{"@type":"ListItem","position":2,"name":"TEHNILINE"}]},{"@type":"WebSite","@id":"https:\/\/www.klo.ee\/#website","url":"https:\/\/www.klo.ee\/","name":"Kolm L\u00f5vi Ohutus","description":"Ohutusm\u00e4rkide leht","publisher":{"@id":"https:\/\/www.klo.ee\/#organization"},"potentialAction":[{"@type":"SearchAction","target":{"@type":"EntryPoint","urlTemplate":"https:\/\/www.klo.ee\/?s={search_term_string}"},"query-input":{"@type":"PropertyValueSpecification","valueRequired":true,"valueName":"search_term_string"}}],"inLanguage":"et"},{"@type":"Organization","@id":"https:\/\/www.klo.ee\/#organization","name":"Kolm L\u00f5vi Ohutus","url":"https:\/\/www.klo.ee\/","logo":{"@type":"ImageObject","inLanguage":"et","@id":"https:\/\/www.klo.ee\/#\/schema\/logo\/image\/","url":"https:\/\/www.klo.ee\/wp-content\/uploads\/2024\/09\/ohutusmarkheader.jpg","contentUrl":"https:\/\/www.klo.ee\/wp-content\/uploads\/2024\/09\/ohutusmarkheader.jpg","width":863,"height":162,"caption":"Kolm L\u00f5vi Ohutus"},"image":{"@id":"https:\/\/www.klo.ee\/#\/schema\/logo\/image\/"},"sameAs":["https:\/\/www.facebook.com\/kloprof"]}]}},"_links":{"self":[{"href":"https:\/\/www.klo.ee\/index.php?rest_route=\/wp\/v2\/pages\/1951","targetHints":{"allow":["GET"]}}],"collection":[{"href":"https:\/\/www.klo.ee\/index.php?rest_route=\/wp\/v2\/pages"}],"about":[{"href":"https:\/\/www.klo.ee\/index.php?rest_route=\/wp\/v2\/types\/page"}],"author":[{"embeddable":true,"href":"https:\/\/www.klo.ee\/index.php?rest_route=\/wp\/v2\/users\/2"}],"replies":[{"embeddable":true,"href":"https:\/\/www.klo.ee\/index.php?rest_route=%2Fwp%2Fv2%2Fcomments&post=1951"}],"version-history":[{"count":10,"href":"https:\/\/www.klo.ee\/index.php?rest_route=\/wp\/v2\/pages\/1951\/revisions"}],"predecessor-version":[{"id":2733,"href":"https:\/\/www.klo.ee\/index.php?rest_route=\/wp\/v2\/pages\/1951\/revisions\/2733"}],"wp:attachment":[{"href":"https:\/\/www.klo.ee\/index.php?rest_route=%2Fwp%2Fv2%2Fmedia&parent=1951"}],"curies":[{"name":"wp","href":"https:\/\/api.w.org\/{rel}","templated":true}]}}