{"id":1974,"date":"2024-11-29T18:49:31","date_gmt":"2024-11-29T18:49:31","guid":{"rendered":"https:\/\/www.klo.ee\/?page_id=1974"},"modified":"2025-04-30T06:42:15","modified_gmt":"2025-04-30T06:42:15","slug":"kontakt","status":"publish","type":"page","link":"https:\/\/www.klo.ee\/?page_id=1974","title":{"rendered":"Kontakt"},"content":{"rendered":"<h2><img loading=\"lazy\" decoding=\"async\" class=\"alignnone wp-image-2624\" style=\"font-size: 16px;\" src=\"https:\/\/www.klo.ee\/wp-content\/uploads\/2024\/12\/vana_kltk-majapilt-1.png\" alt=\"\" width=\"1024\" height=\"574\" srcset=\"https:\/\/www.klo.ee\/wp-content\/uploads\/2024\/12\/vana_kltk-majapilt-1.png 560w, https:\/\/www.klo.ee\/wp-content\/uploads\/2024\/12\/vana_kltk-majapilt-1-300x168.png 300w\" sizes=\"auto, (max-width: 1024px) 100vw, 1024px\" \/><img loading=\"lazy\" decoding=\"async\" class=\"alignnone size-full wp-image-2623\" src=\"https:\/\/www.klo.ee\/wp-content\/uploads\/2024\/12\/asukoha-kaart-Suurvalja-tee-5.png\" alt=\"\" width=\"1024\" height=\"497\" srcset=\"https:\/\/www.klo.ee\/wp-content\/uploads\/2024\/12\/asukoha-kaart-Suurvalja-tee-5.png 1024w, https:\/\/www.klo.ee\/wp-content\/uploads\/2024\/12\/asukoha-kaart-Suurvalja-tee-5-300x146.png 300w, https:\/\/www.klo.ee\/wp-content\/uploads\/2024\/12\/asukoha-kaart-Suurvalja-tee-5-768x373.png 768w\" sizes=\"auto, (max-width: 1024px) 100vw, 1024px\" \/><\/h2>\n<h2>Vaata videot kuidas meid leida <a href=\"https:\/\/www.youtube.com\/watch?v=hitQ8UCiqio\" target=\"_blank\" rel=\"noopener\">siit<\/a><\/h2>\n<p>&#8212;&#8212;&#8212;&#8212;&#8212;&#8212;&#8212;&#8212;&#8212;&#8212;&#8212;&#8212;&#8212;&#8212;&#8212;&#8212;&#8212;&#8212;&#8212;&#8212;&#8212;&#8212;&#8212;&#8212;&#8212;&#8212;&#8212;&#8212;&#8212;&#8212;&#8212;&#8212;&#8212;&#8212;&#8212;&#8212;&#8212;&#8212;&#8212;&#8212;&#8212;&#8212;&#8212;&#8212;&#8212;&#8212;&#8212;&#8212;&#8212;&#8212;&#8212;&#8212;&#8212;&#8212;&#8212;&#8212;&#8212;<\/p>\n<h2>ESITA M\u00c4RGISTAMIST PUUDUTAV K\u00dcSIMUS, SAAD PROFESSIONAALSE VASTUSE!<\/h2>\n<h3>KOLM L\u00d5VI TR\u00dcKIKESKUS O\u00dc<\/h3>\n<p>Suurv\u00e4lja tee 5, 75413 Vaela, Kiili vald, Harjumaa<br \/>\nKlienditeenindus kl 9-17<br \/>\nTel 658 0210, 658 0214<\/p>\n<p>E-mail ohutus(at)kolmlovi.ee<br \/>\nwww.ohutusmark.ee<\/p>\n<h3>TELLI OHUTUSM\u00c4RGID KIIRELT INTERNETIST <a href=\"https:\/\/kohver.com\/\" target=\"_blank\" rel=\"noopener\">www.kohver.com<\/a><\/h3>\n<p><a href=\"https:\/\/kohver.com\/\" target=\"_blank\" rel=\"noopener\"><img loading=\"lazy\" decoding=\"async\" class=\"alignnone wp-image-1757\" src=\"https:\/\/www.klo.ee\/wp-content\/uploads\/2024\/11\/ostasiit-375.jpg\" alt=\"\" width=\"443\" height=\"104\" srcset=\"https:\/\/www.klo.ee\/wp-content\/uploads\/2024\/11\/ostasiit-375.jpg 375w, https:\/\/www.klo.ee\/wp-content\/uploads\/2024\/11\/ostasiit-375-300x70.jpg 300w\" sizes=\"auto, (max-width: 443px) 100vw, 443px\" \/><\/a><\/p>\n","protected":false},"excerpt":{"rendered":"<p>Vaata videot kuidas meid leida siit &#8212;&#8212;&#8212;&#8212;&#8212;&#8212;&#8212;&#8212;&#8212;&#8212;&#8212;&#8212;&#8212;&#8212;&#8212;&#8212;&#8212;&#8212;&#8212;&#8212;&#8212;&#8212;&#8212;&#8212;&#8212;&#8212;&#8212;&#8212;&#8212;&#8212;&#8212;&#8212;&#8212;&#8212;&#8212;&#8212;&#8212;&#8212;&#8212;&#8212;&#8212;&#8212;&#8212;&#8212;&#8212;&#8212;&#8212;&#8212;&#8212;&#8212;&#8212;&#8212;&#8212;&#8212;&#8212;&#8212;&#8212; ESITA M\u00c4RGISTAMIST PUUDUTAV K\u00dcSIMUS, SAAD PROFESSIONAALSE VASTUSE! KOLM L\u00d5VI TR\u00dcKIKESKUS O\u00dc Suurv\u00e4lja tee 5, 75413 Vaela, Kiili vald, [&#8230;]<\/p>\n","protected":false},"author":2,"featured_media":0,"parent":0,"menu_order":0,"comment_status":"closed","ping_status":"closed","template":"","meta":{"footnotes":""},"class_list":["post-1974","page","type-page","status-publish","hentry"],"yoast_head":"<!-- This site is optimized with the Yoast SEO plugin v27.4 - https:\/\/yoast.com\/product\/yoast-seo-wordpress\/ -->\n<title>Kontakt - Kolm L\u00f5vi Ohutus<\/title>\n<meta name=\"description\" content=\"Kontakt Kolm L\u00f5vi Ohutus\" \/>\n<meta name=\"robots\" content=\"index, follow, max-snippet:-1, max-image-preview:large, max-video-preview:-1\" \/>\n<link rel=\"canonical\" href=\"https:\/\/www.klo.ee\/?page_id=1974\" \/>\n<meta property=\"og:locale\" content=\"et_EE\" \/>\n<meta property=\"og:type\" content=\"article\" \/>\n<meta property=\"og:title\" content=\"Kontakt - Kolm L\u00f5vi Ohutus\" \/>\n<meta property=\"og:description\" content=\"Kontakt Kolm L\u00f5vi Ohutus\" \/>\n<meta property=\"og:url\" content=\"https:\/\/www.klo.ee\/?page_id=1974\" \/>\n<meta property=\"og:site_name\" content=\"Kolm L\u00f5vi Ohutus\" \/>\n<meta property=\"article:publisher\" content=\"https:\/\/www.facebook.com\/kloprof\" \/>\n<meta property=\"article:modified_time\" content=\"2025-04-30T06:42:15+00:00\" \/>\n<meta property=\"og:image\" content=\"https:\/\/www.klo.ee\/wp-content\/uploads\/2024\/12\/vana_kltk-majapilt-1.png\" \/>\n\t<meta property=\"og:image:width\" content=\"560\" \/>\n\t<meta property=\"og:image:height\" content=\"314\" \/>\n\t<meta property=\"og:image:type\" content=\"image\/png\" \/>\n<meta name=\"twitter:card\" content=\"summary_large_image\" \/>\n<meta name=\"twitter:label1\" content=\"Est. reading time\" \/>\n\t<meta name=\"twitter:data1\" content=\"1 minut\" \/>\n<script type=\"application\/ld+json\" class=\"yoast-schema-graph\">{\"@context\":\"https:\\\/\\\/schema.org\",\"@graph\":[{\"@type\":\"WebPage\",\"@id\":\"https:\\\/\\\/www.klo.ee\\\/?page_id=1974\",\"url\":\"https:\\\/\\\/www.klo.ee\\\/?page_id=1974\",\"name\":\"Kontakt - Kolm L\u00f5vi Ohutus\",\"isPartOf\":{\"@id\":\"https:\\\/\\\/www.klo.ee\\\/#website\"},\"primaryImageOfPage\":{\"@id\":\"https:\\\/\\\/www.klo.ee\\\/?page_id=1974#primaryimage\"},\"image\":{\"@id\":\"https:\\\/\\\/www.klo.ee\\\/?page_id=1974#primaryimage\"},\"thumbnailUrl\":\"https:\\\/\\\/www.klo.ee\\\/wp-content\\\/uploads\\\/2024\\\/12\\\/vana_kltk-majapilt-1.png\",\"datePublished\":\"2024-11-29T18:49:31+00:00\",\"dateModified\":\"2025-04-30T06:42:15+00:00\",\"description\":\"Kontakt Kolm L\u00f5vi Ohutus\",\"breadcrumb\":{\"@id\":\"https:\\\/\\\/www.klo.ee\\\/?page_id=1974#breadcrumb\"},\"inLanguage\":\"et\",\"potentialAction\":[{\"@type\":\"ReadAction\",\"target\":[\"https:\\\/\\\/www.klo.ee\\\/?page_id=1974\"]}]},{\"@type\":\"ImageObject\",\"inLanguage\":\"et\",\"@id\":\"https:\\\/\\\/www.klo.ee\\\/?page_id=1974#primaryimage\",\"url\":\"https:\\\/\\\/www.klo.ee\\\/wp-content\\\/uploads\\\/2024\\\/12\\\/vana_kltk-majapilt-1.png\",\"contentUrl\":\"https:\\\/\\\/www.klo.ee\\\/wp-content\\\/uploads\\\/2024\\\/12\\\/vana_kltk-majapilt-1.png\",\"width\":560,\"height\":314},{\"@type\":\"BreadcrumbList\",\"@id\":\"https:\\\/\\\/www.klo.ee\\\/?page_id=1974#breadcrumb\",\"itemListElement\":[{\"@type\":\"ListItem\",\"position\":1,\"name\":\"Home\",\"item\":\"https:\\\/\\\/www.klo.ee\\\/\"},{\"@type\":\"ListItem\",\"position\":2,\"name\":\"Kontakt\"}]},{\"@type\":\"WebSite\",\"@id\":\"https:\\\/\\\/www.klo.ee\\\/#website\",\"url\":\"https:\\\/\\\/www.klo.ee\\\/\",\"name\":\"Kolm L\u00f5vi Ohutus\",\"description\":\"Ohutusm\u00e4rkide leht\",\"publisher\":{\"@id\":\"https:\\\/\\\/www.klo.ee\\\/#organization\"},\"potentialAction\":[{\"@type\":\"SearchAction\",\"target\":{\"@type\":\"EntryPoint\",\"urlTemplate\":\"https:\\\/\\\/www.klo.ee\\\/?s={search_term_string}\"},\"query-input\":{\"@type\":\"PropertyValueSpecification\",\"valueRequired\":true,\"valueName\":\"search_term_string\"}}],\"inLanguage\":\"et\"},{\"@type\":\"Organization\",\"@id\":\"https:\\\/\\\/www.klo.ee\\\/#organization\",\"name\":\"Kolm L\u00f5vi Ohutus\",\"url\":\"https:\\\/\\\/www.klo.ee\\\/\",\"logo\":{\"@type\":\"ImageObject\",\"inLanguage\":\"et\",\"@id\":\"https:\\\/\\\/www.klo.ee\\\/#\\\/schema\\\/logo\\\/image\\\/\",\"url\":\"https:\\\/\\\/www.klo.ee\\\/wp-content\\\/uploads\\\/2024\\\/09\\\/ohutusmarkheader.jpg\",\"contentUrl\":\"https:\\\/\\\/www.klo.ee\\\/wp-content\\\/uploads\\\/2024\\\/09\\\/ohutusmarkheader.jpg\",\"width\":863,\"height\":162,\"caption\":\"Kolm L\u00f5vi Ohutus\"},\"image\":{\"@id\":\"https:\\\/\\\/www.klo.ee\\\/#\\\/schema\\\/logo\\\/image\\\/\"},\"sameAs\":[\"https:\\\/\\\/www.facebook.com\\\/kloprof\"]}]}<\/script>\n<!-- \/ Yoast SEO plugin. -->","yoast_head_json":{"title":"Kontakt - Kolm L\u00f5vi Ohutus","description":"Kontakt Kolm L\u00f5vi Ohutus","robots":{"index":"index","follow":"follow","max-snippet":"max-snippet:-1","max-image-preview":"max-image-preview:large","max-video-preview":"max-video-preview:-1"},"canonical":"https:\/\/www.klo.ee\/?page_id=1974","og_locale":"et_EE","og_type":"article","og_title":"Kontakt - Kolm L\u00f5vi Ohutus","og_description":"Kontakt Kolm L\u00f5vi Ohutus","og_url":"https:\/\/www.klo.ee\/?page_id=1974","og_site_name":"Kolm L\u00f5vi Ohutus","article_publisher":"https:\/\/www.facebook.com\/kloprof","article_modified_time":"2025-04-30T06:42:15+00:00","og_image":[{"width":560,"height":314,"url":"https:\/\/www.klo.ee\/wp-content\/uploads\/2024\/12\/vana_kltk-majapilt-1.png","type":"image\/png"}],"twitter_card":"summary_large_image","twitter_misc":{"Est. reading time":"1 minut"},"schema":{"@context":"https:\/\/schema.org","@graph":[{"@type":"WebPage","@id":"https:\/\/www.klo.ee\/?page_id=1974","url":"https:\/\/www.klo.ee\/?page_id=1974","name":"Kontakt - Kolm L\u00f5vi Ohutus","isPartOf":{"@id":"https:\/\/www.klo.ee\/#website"},"primaryImageOfPage":{"@id":"https:\/\/www.klo.ee\/?page_id=1974#primaryimage"},"image":{"@id":"https:\/\/www.klo.ee\/?page_id=1974#primaryimage"},"thumbnailUrl":"https:\/\/www.klo.ee\/wp-content\/uploads\/2024\/12\/vana_kltk-majapilt-1.png","datePublished":"2024-11-29T18:49:31+00:00","dateModified":"2025-04-30T06:42:15+00:00","description":"Kontakt Kolm L\u00f5vi Ohutus","breadcrumb":{"@id":"https:\/\/www.klo.ee\/?page_id=1974#breadcrumb"},"inLanguage":"et","potentialAction":[{"@type":"ReadAction","target":["https:\/\/www.klo.ee\/?page_id=1974"]}]},{"@type":"ImageObject","inLanguage":"et","@id":"https:\/\/www.klo.ee\/?page_id=1974#primaryimage","url":"https:\/\/www.klo.ee\/wp-content\/uploads\/2024\/12\/vana_kltk-majapilt-1.png","contentUrl":"https:\/\/www.klo.ee\/wp-content\/uploads\/2024\/12\/vana_kltk-majapilt-1.png","width":560,"height":314},{"@type":"BreadcrumbList","@id":"https:\/\/www.klo.ee\/?page_id=1974#breadcrumb","itemListElement":[{"@type":"ListItem","position":1,"name":"Home","item":"https:\/\/www.klo.ee\/"},{"@type":"ListItem","position":2,"name":"Kontakt"}]},{"@type":"WebSite","@id":"https:\/\/www.klo.ee\/#website","url":"https:\/\/www.klo.ee\/","name":"Kolm L\u00f5vi Ohutus","description":"Ohutusm\u00e4rkide leht","publisher":{"@id":"https:\/\/www.klo.ee\/#organization"},"potentialAction":[{"@type":"SearchAction","target":{"@type":"EntryPoint","urlTemplate":"https:\/\/www.klo.ee\/?s={search_term_string}"},"query-input":{"@type":"PropertyValueSpecification","valueRequired":true,"valueName":"search_term_string"}}],"inLanguage":"et"},{"@type":"Organization","@id":"https:\/\/www.klo.ee\/#organization","name":"Kolm L\u00f5vi Ohutus","url":"https:\/\/www.klo.ee\/","logo":{"@type":"ImageObject","inLanguage":"et","@id":"https:\/\/www.klo.ee\/#\/schema\/logo\/image\/","url":"https:\/\/www.klo.ee\/wp-content\/uploads\/2024\/09\/ohutusmarkheader.jpg","contentUrl":"https:\/\/www.klo.ee\/wp-content\/uploads\/2024\/09\/ohutusmarkheader.jpg","width":863,"height":162,"caption":"Kolm L\u00f5vi Ohutus"},"image":{"@id":"https:\/\/www.klo.ee\/#\/schema\/logo\/image\/"},"sameAs":["https:\/\/www.facebook.com\/kloprof"]}]}},"_links":{"self":[{"href":"https:\/\/www.klo.ee\/index.php?rest_route=\/wp\/v2\/pages\/1974","targetHints":{"allow":["GET"]}}],"collection":[{"href":"https:\/\/www.klo.ee\/index.php?rest_route=\/wp\/v2\/pages"}],"about":[{"href":"https:\/\/www.klo.ee\/index.php?rest_route=\/wp\/v2\/types\/page"}],"author":[{"embeddable":true,"href":"https:\/\/www.klo.ee\/index.php?rest_route=\/wp\/v2\/users\/2"}],"replies":[{"embeddable":true,"href":"https:\/\/www.klo.ee\/index.php?rest_route=%2Fwp%2Fv2%2Fcomments&post=1974"}],"version-history":[{"count":12,"href":"https:\/\/www.klo.ee\/index.php?rest_route=\/wp\/v2\/pages\/1974\/revisions"}],"predecessor-version":[{"id":2969,"href":"https:\/\/www.klo.ee\/index.php?rest_route=\/wp\/v2\/pages\/1974\/revisions\/2969"}],"wp:attachment":[{"href":"https:\/\/www.klo.ee\/index.php?rest_route=%2Fwp%2Fv2%2Fmedia&parent=1974"}],"curies":[{"name":"wp","href":"https:\/\/api.w.org\/{rel}","templated":true}]}}