{"id":2949,"date":"2025-04-01T09:38:37","date_gmt":"2025-04-01T09:38:37","guid":{"rendered":"https:\/\/www.klo.ee\/?page_id=2949"},"modified":"2025-04-01T09:41:42","modified_gmt":"2025-04-01T09:41:42","slug":"jalgrattad-toukerattad-kergliikurid","status":"publish","type":"page","link":"https:\/\/www.klo.ee\/?page_id=2949","title":{"rendered":"Jalgrattad, t\u00f5ukerattad, kergliikurid"},"content":{"rendered":"<p><img loading=\"lazy\" decoding=\"async\" class=\"alignnone size-full wp-image-2950\" src=\"https:\/\/www.klo.ee\/wp-content\/uploads\/2025\/04\/rattapakimine-ja-parkimise-keeld.png\" alt=\"\" width=\"1200\" height=\"640\" srcset=\"https:\/\/www.klo.ee\/wp-content\/uploads\/2025\/04\/rattapakimine-ja-parkimise-keeld.png 1200w, https:\/\/www.klo.ee\/wp-content\/uploads\/2025\/04\/rattapakimine-ja-parkimise-keeld-300x160.png 300w, https:\/\/www.klo.ee\/wp-content\/uploads\/2025\/04\/rattapakimine-ja-parkimise-keeld-1024x546.png 1024w, https:\/\/www.klo.ee\/wp-content\/uploads\/2025\/04\/rattapakimine-ja-parkimise-keeld-768x410.png 768w\" sizes=\"auto, (max-width: 1200px) 100vw, 1200px\" \/><\/p>\n<p>M\u00e4rgid saadaval kleebisena, plastikul, metallil, alumiiniumkomposiitplaadil.\u00a0 Tellimiseks kirjuta info@trykikeskus.ee<\/p>\n<p><span style=\"color: #ffffff;\">Jalgrataste parkimine elektriliste t\u00f5ukerataste parkimine jalgrataste kergliikurite parkla jalgrattad kergliikurid pargi siia parkimiskohad parkla \u00c4ra j\u00e4ta oma kergliikurit siia seisma kergliikurite parkimine keelatud jalgrataste kergliikurite parkimine keelatud<\/span><\/p>\n","protected":false},"excerpt":{"rendered":"<p>M\u00e4rgid saadaval kleebisena, plastikul, metallil, alumiiniumkomposiitplaadil.\u00a0 Tellimiseks kirjuta info@trykikeskus.ee Jalgrataste parkimine elektriliste t\u00f5ukerataste parkimine jalgrataste kergliikurite parkla jalgrattad kergliikurid pargi siia parkimiskohad parkla \u00c4ra j\u00e4ta [&#8230;]<\/p>\n","protected":false},"author":2,"featured_media":0,"parent":0,"menu_order":0,"comment_status":"closed","ping_status":"closed","template":"","meta":{"footnotes":""},"class_list":["post-2949","page","type-page","status-publish","hentry"],"yoast_head":"<!-- This site is optimized with the Yoast SEO plugin v27.4 - https:\/\/yoast.com\/product\/yoast-seo-wordpress\/ -->\n<title>Jalgrattad, t\u00f5ukerattad, kergliikurid - Kolm L\u00f5vi Ohutus<\/title>\n<meta name=\"description\" content=\"Jalgrattad, t\u00f5ukerattad, kergliikurid Kolm L\u00f5vi Ohutus\" \/>\n<meta name=\"robots\" content=\"index, follow, max-snippet:-1, max-image-preview:large, max-video-preview:-1\" \/>\n<link rel=\"canonical\" href=\"https:\/\/www.klo.ee\/?page_id=2949\" \/>\n<meta property=\"og:locale\" content=\"et_EE\" \/>\n<meta property=\"og:type\" content=\"article\" \/>\n<meta property=\"og:title\" content=\"Jalgrattad, t\u00f5ukerattad, kergliikurid - Kolm L\u00f5vi Ohutus\" \/>\n<meta property=\"og:description\" content=\"Jalgrattad, t\u00f5ukerattad, kergliikurid Kolm L\u00f5vi Ohutus\" \/>\n<meta property=\"og:url\" content=\"https:\/\/www.klo.ee\/?page_id=2949\" \/>\n<meta property=\"og:site_name\" content=\"Kolm L\u00f5vi Ohutus\" \/>\n<meta property=\"article:publisher\" content=\"https:\/\/www.facebook.com\/kloprof\" \/>\n<meta property=\"article:modified_time\" content=\"2025-04-01T09:41:42+00:00\" \/>\n<meta property=\"og:image\" content=\"https:\/\/www.klo.ee\/wp-content\/uploads\/2025\/04\/rattapakimine-ja-parkimise-keeld.png\" \/>\n\t<meta property=\"og:image:width\" content=\"1200\" \/>\n\t<meta property=\"og:image:height\" content=\"640\" \/>\n\t<meta property=\"og:image:type\" content=\"image\/png\" \/>\n<meta name=\"twitter:card\" content=\"summary_large_image\" \/>\n<meta name=\"twitter:label1\" content=\"Est. reading time\" \/>\n\t<meta name=\"twitter:data1\" content=\"1 minut\" \/>\n<script type=\"application\/ld+json\" class=\"yoast-schema-graph\">{\"@context\":\"https:\\\/\\\/schema.org\",\"@graph\":[{\"@type\":\"WebPage\",\"@id\":\"https:\\\/\\\/www.klo.ee\\\/?page_id=2949\",\"url\":\"https:\\\/\\\/www.klo.ee\\\/?page_id=2949\",\"name\":\"Jalgrattad, t\u00f5ukerattad, kergliikurid - Kolm L\u00f5vi Ohutus\",\"isPartOf\":{\"@id\":\"https:\\\/\\\/www.klo.ee\\\/#website\"},\"primaryImageOfPage\":{\"@id\":\"https:\\\/\\\/www.klo.ee\\\/?page_id=2949#primaryimage\"},\"image\":{\"@id\":\"https:\\\/\\\/www.klo.ee\\\/?page_id=2949#primaryimage\"},\"thumbnailUrl\":\"https:\\\/\\\/www.klo.ee\\\/wp-content\\\/uploads\\\/2025\\\/04\\\/rattapakimine-ja-parkimise-keeld.png\",\"datePublished\":\"2025-04-01T09:38:37+00:00\",\"dateModified\":\"2025-04-01T09:41:42+00:00\",\"description\":\"Jalgrattad, t\u00f5ukerattad, kergliikurid Kolm L\u00f5vi Ohutus\",\"breadcrumb\":{\"@id\":\"https:\\\/\\\/www.klo.ee\\\/?page_id=2949#breadcrumb\"},\"inLanguage\":\"et\",\"potentialAction\":[{\"@type\":\"ReadAction\",\"target\":[\"https:\\\/\\\/www.klo.ee\\\/?page_id=2949\"]}]},{\"@type\":\"ImageObject\",\"inLanguage\":\"et\",\"@id\":\"https:\\\/\\\/www.klo.ee\\\/?page_id=2949#primaryimage\",\"url\":\"https:\\\/\\\/www.klo.ee\\\/wp-content\\\/uploads\\\/2025\\\/04\\\/rattapakimine-ja-parkimise-keeld.png\",\"contentUrl\":\"https:\\\/\\\/www.klo.ee\\\/wp-content\\\/uploads\\\/2025\\\/04\\\/rattapakimine-ja-parkimise-keeld.png\",\"width\":1200,\"height\":640},{\"@type\":\"BreadcrumbList\",\"@id\":\"https:\\\/\\\/www.klo.ee\\\/?page_id=2949#breadcrumb\",\"itemListElement\":[{\"@type\":\"ListItem\",\"position\":1,\"name\":\"Home\",\"item\":\"https:\\\/\\\/www.klo.ee\\\/\"},{\"@type\":\"ListItem\",\"position\":2,\"name\":\"Jalgrattad, t\u00f5ukerattad, kergliikurid\"}]},{\"@type\":\"WebSite\",\"@id\":\"https:\\\/\\\/www.klo.ee\\\/#website\",\"url\":\"https:\\\/\\\/www.klo.ee\\\/\",\"name\":\"Kolm L\u00f5vi Ohutus\",\"description\":\"Ohutusm\u00e4rkide leht\",\"publisher\":{\"@id\":\"https:\\\/\\\/www.klo.ee\\\/#organization\"},\"potentialAction\":[{\"@type\":\"SearchAction\",\"target\":{\"@type\":\"EntryPoint\",\"urlTemplate\":\"https:\\\/\\\/www.klo.ee\\\/?s={search_term_string}\"},\"query-input\":{\"@type\":\"PropertyValueSpecification\",\"valueRequired\":true,\"valueName\":\"search_term_string\"}}],\"inLanguage\":\"et\"},{\"@type\":\"Organization\",\"@id\":\"https:\\\/\\\/www.klo.ee\\\/#organization\",\"name\":\"Kolm L\u00f5vi Ohutus\",\"url\":\"https:\\\/\\\/www.klo.ee\\\/\",\"logo\":{\"@type\":\"ImageObject\",\"inLanguage\":\"et\",\"@id\":\"https:\\\/\\\/www.klo.ee\\\/#\\\/schema\\\/logo\\\/image\\\/\",\"url\":\"https:\\\/\\\/www.klo.ee\\\/wp-content\\\/uploads\\\/2024\\\/09\\\/ohutusmarkheader.jpg\",\"contentUrl\":\"https:\\\/\\\/www.klo.ee\\\/wp-content\\\/uploads\\\/2024\\\/09\\\/ohutusmarkheader.jpg\",\"width\":863,\"height\":162,\"caption\":\"Kolm L\u00f5vi Ohutus\"},\"image\":{\"@id\":\"https:\\\/\\\/www.klo.ee\\\/#\\\/schema\\\/logo\\\/image\\\/\"},\"sameAs\":[\"https:\\\/\\\/www.facebook.com\\\/kloprof\"]}]}<\/script>\n<!-- \/ Yoast SEO plugin. -->","yoast_head_json":{"title":"Jalgrattad, t\u00f5ukerattad, kergliikurid - Kolm L\u00f5vi Ohutus","description":"Jalgrattad, t\u00f5ukerattad, kergliikurid Kolm L\u00f5vi Ohutus","robots":{"index":"index","follow":"follow","max-snippet":"max-snippet:-1","max-image-preview":"max-image-preview:large","max-video-preview":"max-video-preview:-1"},"canonical":"https:\/\/www.klo.ee\/?page_id=2949","og_locale":"et_EE","og_type":"article","og_title":"Jalgrattad, t\u00f5ukerattad, kergliikurid - Kolm L\u00f5vi Ohutus","og_description":"Jalgrattad, t\u00f5ukerattad, kergliikurid Kolm L\u00f5vi Ohutus","og_url":"https:\/\/www.klo.ee\/?page_id=2949","og_site_name":"Kolm L\u00f5vi Ohutus","article_publisher":"https:\/\/www.facebook.com\/kloprof","article_modified_time":"2025-04-01T09:41:42+00:00","og_image":[{"width":1200,"height":640,"url":"https:\/\/www.klo.ee\/wp-content\/uploads\/2025\/04\/rattapakimine-ja-parkimise-keeld.png","type":"image\/png"}],"twitter_card":"summary_large_image","twitter_misc":{"Est. reading time":"1 minut"},"schema":{"@context":"https:\/\/schema.org","@graph":[{"@type":"WebPage","@id":"https:\/\/www.klo.ee\/?page_id=2949","url":"https:\/\/www.klo.ee\/?page_id=2949","name":"Jalgrattad, t\u00f5ukerattad, kergliikurid - Kolm L\u00f5vi Ohutus","isPartOf":{"@id":"https:\/\/www.klo.ee\/#website"},"primaryImageOfPage":{"@id":"https:\/\/www.klo.ee\/?page_id=2949#primaryimage"},"image":{"@id":"https:\/\/www.klo.ee\/?page_id=2949#primaryimage"},"thumbnailUrl":"https:\/\/www.klo.ee\/wp-content\/uploads\/2025\/04\/rattapakimine-ja-parkimise-keeld.png","datePublished":"2025-04-01T09:38:37+00:00","dateModified":"2025-04-01T09:41:42+00:00","description":"Jalgrattad, t\u00f5ukerattad, kergliikurid Kolm L\u00f5vi Ohutus","breadcrumb":{"@id":"https:\/\/www.klo.ee\/?page_id=2949#breadcrumb"},"inLanguage":"et","potentialAction":[{"@type":"ReadAction","target":["https:\/\/www.klo.ee\/?page_id=2949"]}]},{"@type":"ImageObject","inLanguage":"et","@id":"https:\/\/www.klo.ee\/?page_id=2949#primaryimage","url":"https:\/\/www.klo.ee\/wp-content\/uploads\/2025\/04\/rattapakimine-ja-parkimise-keeld.png","contentUrl":"https:\/\/www.klo.ee\/wp-content\/uploads\/2025\/04\/rattapakimine-ja-parkimise-keeld.png","width":1200,"height":640},{"@type":"BreadcrumbList","@id":"https:\/\/www.klo.ee\/?page_id=2949#breadcrumb","itemListElement":[{"@type":"ListItem","position":1,"name":"Home","item":"https:\/\/www.klo.ee\/"},{"@type":"ListItem","position":2,"name":"Jalgrattad, t\u00f5ukerattad, kergliikurid"}]},{"@type":"WebSite","@id":"https:\/\/www.klo.ee\/#website","url":"https:\/\/www.klo.ee\/","name":"Kolm L\u00f5vi Ohutus","description":"Ohutusm\u00e4rkide leht","publisher":{"@id":"https:\/\/www.klo.ee\/#organization"},"potentialAction":[{"@type":"SearchAction","target":{"@type":"EntryPoint","urlTemplate":"https:\/\/www.klo.ee\/?s={search_term_string}"},"query-input":{"@type":"PropertyValueSpecification","valueRequired":true,"valueName":"search_term_string"}}],"inLanguage":"et"},{"@type":"Organization","@id":"https:\/\/www.klo.ee\/#organization","name":"Kolm L\u00f5vi Ohutus","url":"https:\/\/www.klo.ee\/","logo":{"@type":"ImageObject","inLanguage":"et","@id":"https:\/\/www.klo.ee\/#\/schema\/logo\/image\/","url":"https:\/\/www.klo.ee\/wp-content\/uploads\/2024\/09\/ohutusmarkheader.jpg","contentUrl":"https:\/\/www.klo.ee\/wp-content\/uploads\/2024\/09\/ohutusmarkheader.jpg","width":863,"height":162,"caption":"Kolm L\u00f5vi Ohutus"},"image":{"@id":"https:\/\/www.klo.ee\/#\/schema\/logo\/image\/"},"sameAs":["https:\/\/www.facebook.com\/kloprof"]}]}},"_links":{"self":[{"href":"https:\/\/www.klo.ee\/index.php?rest_route=\/wp\/v2\/pages\/2949","targetHints":{"allow":["GET"]}}],"collection":[{"href":"https:\/\/www.klo.ee\/index.php?rest_route=\/wp\/v2\/pages"}],"about":[{"href":"https:\/\/www.klo.ee\/index.php?rest_route=\/wp\/v2\/types\/page"}],"author":[{"embeddable":true,"href":"https:\/\/www.klo.ee\/index.php?rest_route=\/wp\/v2\/users\/2"}],"replies":[{"embeddable":true,"href":"https:\/\/www.klo.ee\/index.php?rest_route=%2Fwp%2Fv2%2Fcomments&post=2949"}],"version-history":[{"count":4,"href":"https:\/\/www.klo.ee\/index.php?rest_route=\/wp\/v2\/pages\/2949\/revisions"}],"predecessor-version":[{"id":2955,"href":"https:\/\/www.klo.ee\/index.php?rest_route=\/wp\/v2\/pages\/2949\/revisions\/2955"}],"wp:attachment":[{"href":"https:\/\/www.klo.ee\/index.php?rest_route=%2Fwp%2Fv2%2Fmedia&parent=2949"}],"curies":[{"name":"wp","href":"https:\/\/api.w.org\/{rel}","templated":true}]}}