{"id":535,"date":"2024-10-30T16:25:06","date_gmt":"2024-10-30T16:25:06","guid":{"rendered":"https:\/\/www.klo.ee\/?page_id=535"},"modified":"2025-03-14T13:44:18","modified_gmt":"2025-03-14T13:44:18","slug":"meditsiiniliste-jaatmete-kleebised","status":"publish","type":"page","link":"https:\/\/www.klo.ee\/?page_id=535","title":{"rendered":"Meditsiiniliste j\u00e4\u00e4tmete kleebised"},"content":{"rendered":"<h1>Meditsiiniliste j\u00e4\u00e4tmete kleebised (sobivad kleepimiseks j\u00e4\u00e4tmekottidele\/ konteineritele)<\/h1>\n<p>Meditsiinilisteks j\u00e4\u00e4tmeteks nimetatakse j\u00e4\u00e4tmeid, mis tekivad inimeste v\u00f5i loomade haiguste diagnoosimise, ravi, immuniseerimise, vastavasisulise uurimist\u00f6\u00f6, bioloogiliste preparaatide testimise v\u00f5i tootmise k\u00e4igus.<\/p>\n<figure id=\"attachment_536\" aria-describedby=\"caption-attachment-536\" style=\"width: 1024px\" class=\"wp-caption alignnone\"><img loading=\"lazy\" decoding=\"async\" class=\"wp-image-536\" src=\"https:\/\/www.klo.ee\/wp-content\/uploads\/2024\/10\/teravadjatorkivad.jpg\" alt=\"\" width=\"1024\" height=\"773\" srcset=\"https:\/\/www.klo.ee\/wp-content\/uploads\/2024\/10\/teravadjatorkivad.jpg 657w, https:\/\/www.klo.ee\/wp-content\/uploads\/2024\/10\/teravadjatorkivad-300x226.jpg 300w\" sizes=\"auto, (max-width: 1024px) 100vw, 1024px\" \/><figcaption id=\"caption-attachment-536\" class=\"wp-caption-text\">teravad ja torkivad j\u00e4\u00e4tmed. meditsiinilised j\u00e4\u00e4tmed<\/figcaption><\/figure>\n<p>Suurem kleebis on 105x50mm ja teised 50x50mm. Kleebised on kollasel paberkleebisel.<br \/>\nTagapaber on murdes kergesti avanev. M\u00fc\u00fcgipakendites on 100 kleebist.<\/p>\n<p>Laotoodetena 105x50mm tekstiga &#8220;Teravad ja torkivad j\u00e4\u00e4tmed&#8230;&#8221;<br \/>\nja kleebised 50x50mm: ART118 Bioloogiline oht, ART120 \u00c4rritav, ART106 M\u00fcrgine jm ohtlike ainete t\u00e4histused.<\/p>\n<p>105x50mm kleebised pakis 100tk &#8211;<a href=\"https:\/\/kohver.com\/product_details.php?item_id=1020\" target=\"_blank\" rel=\"noopener\"> (telli siit)<\/a><br \/>\n50x50mm kleebised pakis 100tk &#8211; <a href=\"https:\/\/kohver.com\/product_details.php?item_id=1114\" target=\"_blank\" rel=\"noopener\">(telli siit)<\/a><\/p>\n<hr \/>\n<p>Muud ohtlike ainete \/ kemikaalide kleebised leiate<a href=\"https:\/\/www.klo.ee\/?page_id=799\" target=\"_blank\" rel=\"noopener\"><span style=\"background-color: #ffffff;\"> SIIT.<\/span><\/a><\/p>\n<h1>Telli vajalikud ohutusm\u00e4rgid h\u00f5lpsasti 24\/7: <a href=\"https:\/\/kohver.com\/\" target=\"_blank\" rel=\"noopener\">www.kohver.com<\/a><\/h1>\n","protected":false},"excerpt":{"rendered":"<p>Meditsiiniliste j\u00e4\u00e4tmete kleebised (sobivad kleepimiseks j\u00e4\u00e4tmekottidele\/ konteineritele) Meditsiinilisteks j\u00e4\u00e4tmeteks nimetatakse j\u00e4\u00e4tmeid, mis tekivad inimeste v\u00f5i loomade haiguste diagnoosimise, ravi, immuniseerimise, vastavasisulise uurimist\u00f6\u00f6, bioloogiliste preparaatide testimise [&#8230;]<\/p>\n","protected":false},"author":2,"featured_media":0,"parent":0,"menu_order":0,"comment_status":"closed","ping_status":"closed","template":"","meta":{"footnotes":""},"class_list":["post-535","page","type-page","status-publish","hentry"],"yoast_head":"<!-- This site is optimized with the Yoast SEO plugin v27.5 - https:\/\/yoast.com\/product\/yoast-seo-wordpress\/ -->\n<title>Meditsiiniliste j\u00e4\u00e4tmete kleebised - Kolm L\u00f5vi Ohutus<\/title>\n<meta name=\"description\" content=\"Meditsiiniliste j\u00e4\u00e4tmete kleebised Kolm L\u00f5vi Ohutus\" \/>\n<meta name=\"robots\" content=\"index, follow, max-snippet:-1, max-image-preview:large, max-video-preview:-1\" \/>\n<link rel=\"canonical\" href=\"https:\/\/www.klo.ee\/?page_id=535\" \/>\n<meta property=\"og:locale\" content=\"et_EE\" \/>\n<meta property=\"og:type\" content=\"article\" \/>\n<meta property=\"og:title\" content=\"Meditsiiniliste j\u00e4\u00e4tmete kleebised - Kolm L\u00f5vi Ohutus\" \/>\n<meta property=\"og:description\" content=\"Meditsiiniliste j\u00e4\u00e4tmete kleebised Kolm L\u00f5vi Ohutus\" \/>\n<meta property=\"og:url\" content=\"https:\/\/www.klo.ee\/?page_id=535\" \/>\n<meta property=\"og:site_name\" content=\"Kolm L\u00f5vi Ohutus\" \/>\n<meta property=\"article:publisher\" content=\"https:\/\/www.facebook.com\/kloprof\" \/>\n<meta property=\"article:modified_time\" content=\"2025-03-14T13:44:18+00:00\" \/>\n<meta property=\"og:image\" content=\"https:\/\/www.klo.ee\/wp-content\/uploads\/2024\/10\/teravadjatorkivad.jpg\" \/>\n\t<meta property=\"og:image:width\" content=\"657\" \/>\n\t<meta property=\"og:image:height\" content=\"496\" \/>\n\t<meta property=\"og:image:type\" content=\"image\/jpeg\" \/>\n<meta name=\"twitter:card\" content=\"summary_large_image\" \/>\n<meta name=\"twitter:label1\" content=\"Est. reading time\" \/>\n\t<meta name=\"twitter:data1\" content=\"1 minut\" \/>\n<script type=\"application\/ld+json\" class=\"yoast-schema-graph\">{\"@context\":\"https:\\\/\\\/schema.org\",\"@graph\":[{\"@type\":\"WebPage\",\"@id\":\"https:\\\/\\\/www.klo.ee\\\/?page_id=535\",\"url\":\"https:\\\/\\\/www.klo.ee\\\/?page_id=535\",\"name\":\"Meditsiiniliste j\u00e4\u00e4tmete kleebised - Kolm L\u00f5vi Ohutus\",\"isPartOf\":{\"@id\":\"https:\\\/\\\/www.klo.ee\\\/#website\"},\"primaryImageOfPage\":{\"@id\":\"https:\\\/\\\/www.klo.ee\\\/?page_id=535#primaryimage\"},\"image\":{\"@id\":\"https:\\\/\\\/www.klo.ee\\\/?page_id=535#primaryimage\"},\"thumbnailUrl\":\"https:\\\/\\\/www.klo.ee\\\/wp-content\\\/uploads\\\/2024\\\/10\\\/teravadjatorkivad.jpg\",\"datePublished\":\"2024-10-30T16:25:06+00:00\",\"dateModified\":\"2025-03-14T13:44:18+00:00\",\"description\":\"Meditsiiniliste j\u00e4\u00e4tmete kleebised Kolm L\u00f5vi Ohutus\",\"breadcrumb\":{\"@id\":\"https:\\\/\\\/www.klo.ee\\\/?page_id=535#breadcrumb\"},\"inLanguage\":\"et\",\"potentialAction\":[{\"@type\":\"ReadAction\",\"target\":[\"https:\\\/\\\/www.klo.ee\\\/?page_id=535\"]}]},{\"@type\":\"ImageObject\",\"inLanguage\":\"et\",\"@id\":\"https:\\\/\\\/www.klo.ee\\\/?page_id=535#primaryimage\",\"url\":\"https:\\\/\\\/www.klo.ee\\\/wp-content\\\/uploads\\\/2024\\\/10\\\/teravadjatorkivad.jpg\",\"contentUrl\":\"https:\\\/\\\/www.klo.ee\\\/wp-content\\\/uploads\\\/2024\\\/10\\\/teravadjatorkivad.jpg\",\"width\":657,\"height\":496},{\"@type\":\"BreadcrumbList\",\"@id\":\"https:\\\/\\\/www.klo.ee\\\/?page_id=535#breadcrumb\",\"itemListElement\":[{\"@type\":\"ListItem\",\"position\":1,\"name\":\"Home\",\"item\":\"https:\\\/\\\/www.klo.ee\\\/\"},{\"@type\":\"ListItem\",\"position\":2,\"name\":\"Meditsiiniliste j\u00e4\u00e4tmete kleebised\"}]},{\"@type\":\"WebSite\",\"@id\":\"https:\\\/\\\/www.klo.ee\\\/#website\",\"url\":\"https:\\\/\\\/www.klo.ee\\\/\",\"name\":\"Kolm L\u00f5vi Ohutus\",\"description\":\"Ohutusm\u00e4rkide leht\",\"publisher\":{\"@id\":\"https:\\\/\\\/www.klo.ee\\\/#organization\"},\"potentialAction\":[{\"@type\":\"SearchAction\",\"target\":{\"@type\":\"EntryPoint\",\"urlTemplate\":\"https:\\\/\\\/www.klo.ee\\\/?s={search_term_string}\"},\"query-input\":{\"@type\":\"PropertyValueSpecification\",\"valueRequired\":true,\"valueName\":\"search_term_string\"}}],\"inLanguage\":\"et\"},{\"@type\":\"Organization\",\"@id\":\"https:\\\/\\\/www.klo.ee\\\/#organization\",\"name\":\"Kolm L\u00f5vi Ohutus\",\"url\":\"https:\\\/\\\/www.klo.ee\\\/\",\"logo\":{\"@type\":\"ImageObject\",\"inLanguage\":\"et\",\"@id\":\"https:\\\/\\\/www.klo.ee\\\/#\\\/schema\\\/logo\\\/image\\\/\",\"url\":\"https:\\\/\\\/www.klo.ee\\\/wp-content\\\/uploads\\\/2024\\\/09\\\/ohutusmarkheader.jpg\",\"contentUrl\":\"https:\\\/\\\/www.klo.ee\\\/wp-content\\\/uploads\\\/2024\\\/09\\\/ohutusmarkheader.jpg\",\"width\":863,\"height\":162,\"caption\":\"Kolm L\u00f5vi Ohutus\"},\"image\":{\"@id\":\"https:\\\/\\\/www.klo.ee\\\/#\\\/schema\\\/logo\\\/image\\\/\"},\"sameAs\":[\"https:\\\/\\\/www.facebook.com\\\/kloprof\"]}]}<\/script>\n<!-- \/ Yoast SEO plugin. -->","yoast_head_json":{"title":"Meditsiiniliste j\u00e4\u00e4tmete kleebised - Kolm L\u00f5vi Ohutus","description":"Meditsiiniliste j\u00e4\u00e4tmete kleebised Kolm L\u00f5vi Ohutus","robots":{"index":"index","follow":"follow","max-snippet":"max-snippet:-1","max-image-preview":"max-image-preview:large","max-video-preview":"max-video-preview:-1"},"canonical":"https:\/\/www.klo.ee\/?page_id=535","og_locale":"et_EE","og_type":"article","og_title":"Meditsiiniliste j\u00e4\u00e4tmete kleebised - Kolm L\u00f5vi Ohutus","og_description":"Meditsiiniliste j\u00e4\u00e4tmete kleebised Kolm L\u00f5vi Ohutus","og_url":"https:\/\/www.klo.ee\/?page_id=535","og_site_name":"Kolm L\u00f5vi Ohutus","article_publisher":"https:\/\/www.facebook.com\/kloprof","article_modified_time":"2025-03-14T13:44:18+00:00","og_image":[{"width":657,"height":496,"url":"https:\/\/www.klo.ee\/wp-content\/uploads\/2024\/10\/teravadjatorkivad.jpg","type":"image\/jpeg"}],"twitter_card":"summary_large_image","twitter_misc":{"Est. reading time":"1 minut"},"schema":{"@context":"https:\/\/schema.org","@graph":[{"@type":"WebPage","@id":"https:\/\/www.klo.ee\/?page_id=535","url":"https:\/\/www.klo.ee\/?page_id=535","name":"Meditsiiniliste j\u00e4\u00e4tmete kleebised - Kolm L\u00f5vi Ohutus","isPartOf":{"@id":"https:\/\/www.klo.ee\/#website"},"primaryImageOfPage":{"@id":"https:\/\/www.klo.ee\/?page_id=535#primaryimage"},"image":{"@id":"https:\/\/www.klo.ee\/?page_id=535#primaryimage"},"thumbnailUrl":"https:\/\/www.klo.ee\/wp-content\/uploads\/2024\/10\/teravadjatorkivad.jpg","datePublished":"2024-10-30T16:25:06+00:00","dateModified":"2025-03-14T13:44:18+00:00","description":"Meditsiiniliste j\u00e4\u00e4tmete kleebised Kolm L\u00f5vi Ohutus","breadcrumb":{"@id":"https:\/\/www.klo.ee\/?page_id=535#breadcrumb"},"inLanguage":"et","potentialAction":[{"@type":"ReadAction","target":["https:\/\/www.klo.ee\/?page_id=535"]}]},{"@type":"ImageObject","inLanguage":"et","@id":"https:\/\/www.klo.ee\/?page_id=535#primaryimage","url":"https:\/\/www.klo.ee\/wp-content\/uploads\/2024\/10\/teravadjatorkivad.jpg","contentUrl":"https:\/\/www.klo.ee\/wp-content\/uploads\/2024\/10\/teravadjatorkivad.jpg","width":657,"height":496},{"@type":"BreadcrumbList","@id":"https:\/\/www.klo.ee\/?page_id=535#breadcrumb","itemListElement":[{"@type":"ListItem","position":1,"name":"Home","item":"https:\/\/www.klo.ee\/"},{"@type":"ListItem","position":2,"name":"Meditsiiniliste j\u00e4\u00e4tmete kleebised"}]},{"@type":"WebSite","@id":"https:\/\/www.klo.ee\/#website","url":"https:\/\/www.klo.ee\/","name":"Kolm L\u00f5vi Ohutus","description":"Ohutusm\u00e4rkide leht","publisher":{"@id":"https:\/\/www.klo.ee\/#organization"},"potentialAction":[{"@type":"SearchAction","target":{"@type":"EntryPoint","urlTemplate":"https:\/\/www.klo.ee\/?s={search_term_string}"},"query-input":{"@type":"PropertyValueSpecification","valueRequired":true,"valueName":"search_term_string"}}],"inLanguage":"et"},{"@type":"Organization","@id":"https:\/\/www.klo.ee\/#organization","name":"Kolm L\u00f5vi Ohutus","url":"https:\/\/www.klo.ee\/","logo":{"@type":"ImageObject","inLanguage":"et","@id":"https:\/\/www.klo.ee\/#\/schema\/logo\/image\/","url":"https:\/\/www.klo.ee\/wp-content\/uploads\/2024\/09\/ohutusmarkheader.jpg","contentUrl":"https:\/\/www.klo.ee\/wp-content\/uploads\/2024\/09\/ohutusmarkheader.jpg","width":863,"height":162,"caption":"Kolm L\u00f5vi Ohutus"},"image":{"@id":"https:\/\/www.klo.ee\/#\/schema\/logo\/image\/"},"sameAs":["https:\/\/www.facebook.com\/kloprof"]}]}},"_links":{"self":[{"href":"https:\/\/www.klo.ee\/index.php?rest_route=\/wp\/v2\/pages\/535","targetHints":{"allow":["GET"]}}],"collection":[{"href":"https:\/\/www.klo.ee\/index.php?rest_route=\/wp\/v2\/pages"}],"about":[{"href":"https:\/\/www.klo.ee\/index.php?rest_route=\/wp\/v2\/types\/page"}],"author":[{"embeddable":true,"href":"https:\/\/www.klo.ee\/index.php?rest_route=\/wp\/v2\/users\/2"}],"replies":[{"embeddable":true,"href":"https:\/\/www.klo.ee\/index.php?rest_route=%2Fwp%2Fv2%2Fcomments&post=535"}],"version-history":[{"count":9,"href":"https:\/\/www.klo.ee\/index.php?rest_route=\/wp\/v2\/pages\/535\/revisions"}],"predecessor-version":[{"id":2930,"href":"https:\/\/www.klo.ee\/index.php?rest_route=\/wp\/v2\/pages\/535\/revisions\/2930"}],"wp:attachment":[{"href":"https:\/\/www.klo.ee\/index.php?rest_route=%2Fwp%2Fv2%2Fmedia&parent=535"}],"curies":[{"name":"wp","href":"https:\/\/api.w.org\/{rel}","templated":true}]}}