{"id":810,"date":"2024-11-03T13:57:13","date_gmt":"2024-11-03T13:57:13","guid":{"rendered":"https:\/\/www.klo.ee\/?page_id=810"},"modified":"2025-05-27T11:58:58","modified_gmt":"2025-05-27T11:58:58","slug":"clp-suurused","status":"publish","type":"page","link":"https:\/\/www.klo.ee\/?page_id=810","title":{"rendered":"CLP suurused"},"content":{"rendered":"<h1>M\u00e4rgise m\u00f5\u00f5tmed ja n\u00e4idised<\/h1>\n<p><img loading=\"lazy\" decoding=\"async\" class=\"alignnone wp-image-813 \" src=\"https:\/\/www.klo.ee\/wp-content\/uploads\/2024\/11\/ohupiktogrammid.jpg\" alt=\"\" width=\"911\" height=\"115\" srcset=\"https:\/\/www.klo.ee\/wp-content\/uploads\/2024\/11\/ohupiktogrammid.jpg 657w, https:\/\/www.klo.ee\/wp-content\/uploads\/2024\/11\/ohupiktogrammid-300x38.jpg 300w\" sizes=\"auto, (max-width: 911px) 100vw, 911px\" \/><\/p>\n<p>(m\u00e4rkide juurde tagasi<a href=\"https:\/\/www.klo.ee\/?page_id=799\" target=\"_blank\" rel=\"noopener\"><span style=\"background-color: #ffffff;\"> siit).<\/span><\/a> GHS, CLP m\u00e4\u00e4ruse terviktekst eestikeeles &#8211; PDF faili saab vaadata<a href=\"https:\/\/www.ohutusmark.ee\/media\/ohtlikudained\/CLP-maarus-konsoliteeritud-tekst.pdf\" target=\"_blank\" rel=\"noopener\"><span style=\"background-color: #ffffff;\"> siit.<\/span><\/a><\/p>\n<p>Ohupiktogramm peab katma v\u00e4hemalt \u00fche viieteistk\u00fcmmnendiku \u00fchtlustatud m\u00e4rgise pinnast, kuid minimaalne pind ei tohi olla v\u00e4iksem kui 1cm.<\/p>\n<h3>Pakendi maht \/ m\u00f5\u00f5tmed millimeetrites<\/h3>\n<table style=\"border-collapse: collapse; width: 100.216%; height: 120px;\">\n<tbody>\n<tr style=\"height: 24px;\">\n<td style=\"width: 33.3333%; height: 24px; text-align: center;\"><strong>Pakendi maht <\/strong><\/td>\n<td style=\"width: 33.3333%; height: 24px; text-align: center;\"><strong>M\u00e4rgistuse m\u00f5\u00f5tmed<\/strong><\/td>\n<td style=\"width: 33.3333%; height: 24px; text-align: center;\"><strong>Piktogrammi m\u00f5\u00f5tmed (mm)<\/strong><\/td>\n<\/tr>\n<tr style=\"height: 24px;\">\n<td style=\"width: 33.3333%; height: 24px; text-align: center;\">\u22643 liitrit<\/td>\n<td style=\"width: 33.3333%; height: 24px; text-align: center;\">v\u00f5imalusel v\u00e4hemalt 52&#215;74<\/td>\n<td style=\"width: 33.3333%; height: 24px; text-align: center;\">mitte v\u00e4iksem kui 10&#215;10,<br \/>\nv\u00f5imalusel v\u00e4hemalt 16&#215;16<\/td>\n<\/tr>\n<tr style=\"height: 24px;\">\n<td style=\"width: 33.3333%; height: 24px; text-align: center;\">&gt;3 liitrit, kuid \u2264 50 liitrit<\/td>\n<td style=\"width: 33.3333%; height: 24px; text-align: center;\">v\u00e4hemalt 74&#215;105<\/td>\n<td style=\"width: 33.3333%; height: 24px; text-align: center;\">v\u00e4hemalt 23&#215;23<\/td>\n<\/tr>\n<tr style=\"height: 24px;\">\n<td style=\"width: 33.3333%; height: 24px; text-align: center;\">&gt;50 liitrit, kuid \u2264 500 liitrit<\/td>\n<td style=\"width: 33.3333%; height: 24px; text-align: center;\">v\u00e4hemalt 105&#215;148<\/td>\n<td style=\"width: 33.3333%; height: 24px; text-align: center;\">v\u00e4hemalt 32&#215;32<\/td>\n<\/tr>\n<tr style=\"height: 24px;\">\n<td style=\"width: 33.3333%; height: 24px; text-align: center;\">&gt;500 liitrit<\/td>\n<td style=\"width: 33.3333%; height: 24px; text-align: center;\">v\u00e4hemalt 148&#215;210<\/td>\n<td style=\"width: 33.3333%; height: 24px; text-align: center;\">\u00a0v\u00e4hemalt 46&#215;46<\/td>\n<\/tr>\n<\/tbody>\n<\/table>\n<p>&nbsp;<\/p>\n<hr \/>\n<h4>Tekstiga m\u00e4rgised<\/h4>\n<p><img loading=\"lazy\" decoding=\"async\" class=\"alignnone wp-image-812\" src=\"https:\/\/www.klo.ee\/wp-content\/uploads\/2024\/11\/clp-tekstiga.jpg\" alt=\"\" width=\"900\" height=\"621\" srcset=\"https:\/\/www.klo.ee\/wp-content\/uploads\/2024\/11\/clp-tekstiga.jpg 675w, https:\/\/www.klo.ee\/wp-content\/uploads\/2024\/11\/clp-tekstiga-300x207.jpg 300w\" sizes=\"auto, (max-width: 900px) 100vw, 900px\" \/><\/p>\n<hr \/>\n<h4>Ilma tekstita piktogrammid<\/h4>\n<p><img loading=\"lazy\" decoding=\"async\" class=\"alignnone wp-image-811\" src=\"https:\/\/www.klo.ee\/wp-content\/uploads\/2024\/11\/clp-hoiatus.jpg\" alt=\"\" width=\"900\" height=\"645\" srcset=\"https:\/\/www.klo.ee\/wp-content\/uploads\/2024\/11\/clp-hoiatus.jpg 675w, https:\/\/www.klo.ee\/wp-content\/uploads\/2024\/11\/clp-hoiatus-300x215.jpg 300w\" sizes=\"auto, (max-width: 900px) 100vw, 900px\" \/><\/p>\n<p>Kemikaaliohutus piktogrammid on saadaval laotoodetena ilma riski- ja ohulauseteta j\u00e4rgmistes suurustes:<br \/>\n(k\u00fcljem\u00f5\u00f5t millimeetrites) 50mm &#8211; 6tk lehel koos. \u00dcksikult ja komplektidena 100mm, 150mm, 250mm, 300mm.<\/p>\n<p><strong>TELLI <a href=\"https:\/\/kohver.com\/products_list.php?category_id=85\" target=\"_blank\" rel=\"noopener\">KOHVER.com<\/a> ostukeskkonnast<\/strong><\/p>\n<p>V\u00e4iksemad m\u00f5\u00f5dud ja tekstidega kleebised telli info@trykikeskus.ee<\/p>\n","protected":false},"excerpt":{"rendered":"<p>M\u00e4rgise m\u00f5\u00f5tmed ja n\u00e4idised (m\u00e4rkide juurde tagasi siit). GHS, CLP m\u00e4\u00e4ruse terviktekst eestikeeles &#8211; PDF faili saab vaadata siit. Ohupiktogramm peab katma v\u00e4hemalt \u00fche viieteistk\u00fcmmnendiku [&#8230;]<\/p>\n","protected":false},"author":2,"featured_media":0,"parent":0,"menu_order":0,"comment_status":"closed","ping_status":"closed","template":"","meta":{"footnotes":""},"class_list":["post-810","page","type-page","status-publish","hentry"],"yoast_head":"<!-- This site is optimized with the Yoast SEO plugin v27.5 - https:\/\/yoast.com\/product\/yoast-seo-wordpress\/ -->\n<title>CLP suurused - Kolm L\u00f5vi Ohutus<\/title>\n<meta name=\"description\" content=\"CLP suurused Kolm L\u00f5vi Ohutus\" \/>\n<meta name=\"robots\" content=\"index, follow, max-snippet:-1, max-image-preview:large, max-video-preview:-1\" \/>\n<link rel=\"canonical\" href=\"https:\/\/www.klo.ee\/?page_id=810\" \/>\n<meta property=\"og:locale\" content=\"et_EE\" \/>\n<meta property=\"og:type\" content=\"article\" \/>\n<meta property=\"og:title\" content=\"CLP suurused - Kolm L\u00f5vi Ohutus\" \/>\n<meta property=\"og:description\" content=\"CLP suurused Kolm L\u00f5vi Ohutus\" \/>\n<meta property=\"og:url\" content=\"https:\/\/www.klo.ee\/?page_id=810\" \/>\n<meta property=\"og:site_name\" content=\"Kolm L\u00f5vi Ohutus\" \/>\n<meta property=\"article:publisher\" content=\"https:\/\/www.facebook.com\/kloprof\" \/>\n<meta property=\"article:modified_time\" content=\"2025-05-27T11:58:58+00:00\" \/>\n<meta property=\"og:image\" content=\"https:\/\/www.klo.ee\/wp-content\/uploads\/2024\/11\/ohupiktogrammid.jpg\" \/>\n\t<meta property=\"og:image:width\" content=\"657\" \/>\n\t<meta property=\"og:image:height\" content=\"83\" \/>\n\t<meta property=\"og:image:type\" content=\"image\/jpeg\" \/>\n<meta name=\"twitter:card\" content=\"summary_large_image\" \/>\n<meta name=\"twitter:label1\" content=\"Est. reading time\" \/>\n\t<meta name=\"twitter:data1\" content=\"2 minutit\" \/>\n<script type=\"application\/ld+json\" class=\"yoast-schema-graph\">{\"@context\":\"https:\\\/\\\/schema.org\",\"@graph\":[{\"@type\":\"WebPage\",\"@id\":\"https:\\\/\\\/www.klo.ee\\\/?page_id=810\",\"url\":\"https:\\\/\\\/www.klo.ee\\\/?page_id=810\",\"name\":\"CLP suurused - Kolm L\u00f5vi Ohutus\",\"isPartOf\":{\"@id\":\"https:\\\/\\\/www.klo.ee\\\/#website\"},\"primaryImageOfPage\":{\"@id\":\"https:\\\/\\\/www.klo.ee\\\/?page_id=810#primaryimage\"},\"image\":{\"@id\":\"https:\\\/\\\/www.klo.ee\\\/?page_id=810#primaryimage\"},\"thumbnailUrl\":\"https:\\\/\\\/www.klo.ee\\\/wp-content\\\/uploads\\\/2024\\\/11\\\/ohupiktogrammid.jpg\",\"datePublished\":\"2024-11-03T13:57:13+00:00\",\"dateModified\":\"2025-05-27T11:58:58+00:00\",\"description\":\"CLP suurused Kolm L\u00f5vi Ohutus\",\"breadcrumb\":{\"@id\":\"https:\\\/\\\/www.klo.ee\\\/?page_id=810#breadcrumb\"},\"inLanguage\":\"et\",\"potentialAction\":[{\"@type\":\"ReadAction\",\"target\":[\"https:\\\/\\\/www.klo.ee\\\/?page_id=810\"]}]},{\"@type\":\"ImageObject\",\"inLanguage\":\"et\",\"@id\":\"https:\\\/\\\/www.klo.ee\\\/?page_id=810#primaryimage\",\"url\":\"https:\\\/\\\/www.klo.ee\\\/wp-content\\\/uploads\\\/2024\\\/11\\\/ohupiktogrammid.jpg\",\"contentUrl\":\"https:\\\/\\\/www.klo.ee\\\/wp-content\\\/uploads\\\/2024\\\/11\\\/ohupiktogrammid.jpg\",\"width\":657,\"height\":83},{\"@type\":\"BreadcrumbList\",\"@id\":\"https:\\\/\\\/www.klo.ee\\\/?page_id=810#breadcrumb\",\"itemListElement\":[{\"@type\":\"ListItem\",\"position\":1,\"name\":\"Home\",\"item\":\"https:\\\/\\\/www.klo.ee\\\/\"},{\"@type\":\"ListItem\",\"position\":2,\"name\":\"CLP suurused\"}]},{\"@type\":\"WebSite\",\"@id\":\"https:\\\/\\\/www.klo.ee\\\/#website\",\"url\":\"https:\\\/\\\/www.klo.ee\\\/\",\"name\":\"Kolm L\u00f5vi Ohutus\",\"description\":\"Ohutusm\u00e4rkide leht\",\"publisher\":{\"@id\":\"https:\\\/\\\/www.klo.ee\\\/#organization\"},\"potentialAction\":[{\"@type\":\"SearchAction\",\"target\":{\"@type\":\"EntryPoint\",\"urlTemplate\":\"https:\\\/\\\/www.klo.ee\\\/?s={search_term_string}\"},\"query-input\":{\"@type\":\"PropertyValueSpecification\",\"valueRequired\":true,\"valueName\":\"search_term_string\"}}],\"inLanguage\":\"et\"},{\"@type\":\"Organization\",\"@id\":\"https:\\\/\\\/www.klo.ee\\\/#organization\",\"name\":\"Kolm L\u00f5vi Ohutus\",\"url\":\"https:\\\/\\\/www.klo.ee\\\/\",\"logo\":{\"@type\":\"ImageObject\",\"inLanguage\":\"et\",\"@id\":\"https:\\\/\\\/www.klo.ee\\\/#\\\/schema\\\/logo\\\/image\\\/\",\"url\":\"https:\\\/\\\/www.klo.ee\\\/wp-content\\\/uploads\\\/2024\\\/09\\\/ohutusmarkheader.jpg\",\"contentUrl\":\"https:\\\/\\\/www.klo.ee\\\/wp-content\\\/uploads\\\/2024\\\/09\\\/ohutusmarkheader.jpg\",\"width\":863,\"height\":162,\"caption\":\"Kolm L\u00f5vi Ohutus\"},\"image\":{\"@id\":\"https:\\\/\\\/www.klo.ee\\\/#\\\/schema\\\/logo\\\/image\\\/\"},\"sameAs\":[\"https:\\\/\\\/www.facebook.com\\\/kloprof\"]}]}<\/script>\n<!-- \/ Yoast SEO plugin. -->","yoast_head_json":{"title":"CLP suurused - Kolm L\u00f5vi Ohutus","description":"CLP suurused Kolm L\u00f5vi Ohutus","robots":{"index":"index","follow":"follow","max-snippet":"max-snippet:-1","max-image-preview":"max-image-preview:large","max-video-preview":"max-video-preview:-1"},"canonical":"https:\/\/www.klo.ee\/?page_id=810","og_locale":"et_EE","og_type":"article","og_title":"CLP suurused - Kolm L\u00f5vi Ohutus","og_description":"CLP suurused Kolm L\u00f5vi Ohutus","og_url":"https:\/\/www.klo.ee\/?page_id=810","og_site_name":"Kolm L\u00f5vi Ohutus","article_publisher":"https:\/\/www.facebook.com\/kloprof","article_modified_time":"2025-05-27T11:58:58+00:00","og_image":[{"width":657,"height":83,"url":"https:\/\/www.klo.ee\/wp-content\/uploads\/2024\/11\/ohupiktogrammid.jpg","type":"image\/jpeg"}],"twitter_card":"summary_large_image","twitter_misc":{"Est. reading time":"2 minutit"},"schema":{"@context":"https:\/\/schema.org","@graph":[{"@type":"WebPage","@id":"https:\/\/www.klo.ee\/?page_id=810","url":"https:\/\/www.klo.ee\/?page_id=810","name":"CLP suurused - Kolm L\u00f5vi Ohutus","isPartOf":{"@id":"https:\/\/www.klo.ee\/#website"},"primaryImageOfPage":{"@id":"https:\/\/www.klo.ee\/?page_id=810#primaryimage"},"image":{"@id":"https:\/\/www.klo.ee\/?page_id=810#primaryimage"},"thumbnailUrl":"https:\/\/www.klo.ee\/wp-content\/uploads\/2024\/11\/ohupiktogrammid.jpg","datePublished":"2024-11-03T13:57:13+00:00","dateModified":"2025-05-27T11:58:58+00:00","description":"CLP suurused Kolm L\u00f5vi Ohutus","breadcrumb":{"@id":"https:\/\/www.klo.ee\/?page_id=810#breadcrumb"},"inLanguage":"et","potentialAction":[{"@type":"ReadAction","target":["https:\/\/www.klo.ee\/?page_id=810"]}]},{"@type":"ImageObject","inLanguage":"et","@id":"https:\/\/www.klo.ee\/?page_id=810#primaryimage","url":"https:\/\/www.klo.ee\/wp-content\/uploads\/2024\/11\/ohupiktogrammid.jpg","contentUrl":"https:\/\/www.klo.ee\/wp-content\/uploads\/2024\/11\/ohupiktogrammid.jpg","width":657,"height":83},{"@type":"BreadcrumbList","@id":"https:\/\/www.klo.ee\/?page_id=810#breadcrumb","itemListElement":[{"@type":"ListItem","position":1,"name":"Home","item":"https:\/\/www.klo.ee\/"},{"@type":"ListItem","position":2,"name":"CLP suurused"}]},{"@type":"WebSite","@id":"https:\/\/www.klo.ee\/#website","url":"https:\/\/www.klo.ee\/","name":"Kolm L\u00f5vi Ohutus","description":"Ohutusm\u00e4rkide leht","publisher":{"@id":"https:\/\/www.klo.ee\/#organization"},"potentialAction":[{"@type":"SearchAction","target":{"@type":"EntryPoint","urlTemplate":"https:\/\/www.klo.ee\/?s={search_term_string}"},"query-input":{"@type":"PropertyValueSpecification","valueRequired":true,"valueName":"search_term_string"}}],"inLanguage":"et"},{"@type":"Organization","@id":"https:\/\/www.klo.ee\/#organization","name":"Kolm L\u00f5vi Ohutus","url":"https:\/\/www.klo.ee\/","logo":{"@type":"ImageObject","inLanguage":"et","@id":"https:\/\/www.klo.ee\/#\/schema\/logo\/image\/","url":"https:\/\/www.klo.ee\/wp-content\/uploads\/2024\/09\/ohutusmarkheader.jpg","contentUrl":"https:\/\/www.klo.ee\/wp-content\/uploads\/2024\/09\/ohutusmarkheader.jpg","width":863,"height":162,"caption":"Kolm L\u00f5vi Ohutus"},"image":{"@id":"https:\/\/www.klo.ee\/#\/schema\/logo\/image\/"},"sameAs":["https:\/\/www.facebook.com\/kloprof"]}]}},"_links":{"self":[{"href":"https:\/\/www.klo.ee\/index.php?rest_route=\/wp\/v2\/pages\/810","targetHints":{"allow":["GET"]}}],"collection":[{"href":"https:\/\/www.klo.ee\/index.php?rest_route=\/wp\/v2\/pages"}],"about":[{"href":"https:\/\/www.klo.ee\/index.php?rest_route=\/wp\/v2\/types\/page"}],"author":[{"embeddable":true,"href":"https:\/\/www.klo.ee\/index.php?rest_route=\/wp\/v2\/users\/2"}],"replies":[{"embeddable":true,"href":"https:\/\/www.klo.ee\/index.php?rest_route=%2Fwp%2Fv2%2Fcomments&post=810"}],"version-history":[{"count":9,"href":"https:\/\/www.klo.ee\/index.php?rest_route=\/wp\/v2\/pages\/810\/revisions"}],"predecessor-version":[{"id":2994,"href":"https:\/\/www.klo.ee\/index.php?rest_route=\/wp\/v2\/pages\/810\/revisions\/2994"}],"wp:attachment":[{"href":"https:\/\/www.klo.ee\/index.php?rest_route=%2Fwp%2Fv2%2Fmedia&parent=810"}],"curies":[{"name":"wp","href":"https:\/\/api.w.org\/{rel}","templated":true}]}}